{"id":57646,"date":"2019-07-18T09:43:34","date_gmt":"2019-07-18T13:43:34","guid":{"rendered":"http:\/\/acnudh.org\/biblioteca\/relatorios-tematicos\/"},"modified":"2019-07-18T09:43:35","modified_gmt":"2019-07-18T13:43:35","slug":"relatorios-tematicos","status":"publish","type":"page","link":"https:\/\/acnudh.org\/pt-br\/biblioteca\/relatorios-tematicos\/","title":{"rendered":"Relat\u00f3rios tem\u00e1ticos"},"content":{"rendered":"\t\t<div data-elementor-type=\"wp-post\" data-elementor-id=\"57646\" class=\"elementor elementor-57646 elementor-57425\" data-elementor-settings=\"[]\">\n\t\t\t<div class=\"elementor-inner\">\n\t\t\t\t<div class=\"elementor-section-wrap\">\n\t\t\t\t\t\t\t<section class=\"elementor-element elementor-element-7a16466 elementor-section-full_width elementor-section-height-default elementor-section-height-default elementor-section elementor-top-section\" data-id=\"7a16466\" data-element_type=\"section\">\n\t\t\t\t\t\t<div class=\"elementor-container elementor-column-gap-default\">\n\t\t\t\t<div class=\"elementor-row\">\n\t\t\t\t<div class=\"elementor-element elementor-element-0538e19 elementor-column elementor-col-100 elementor-top-column\" data-id=\"0538e19\" data-element_type=\"column\">\n\t\t\t<div class=\"elementor-column-wrap  elementor-element-populated\">\n\t\t\t\t\t<div class=\"elementor-widget-wrap\">\n\t\t\t\t<div class=\"elementor-element elementor-element-5a9fbc1 uael-stack-desktop-no uael-heading-stack-none elementor-widget elementor-widget-uael-dual-color-heading\" data-id=\"5a9fbc1\" data-element_type=\"widget\" data-widget_type=\"uael-dual-color-heading.default\">\n\t\t\t\t<div class=\"elementor-widget-container\">\n\t\t\t\t\t\t\t<div class=\"uael-module-content uael-dual-color-heading\">\r\n\t\t\t<h1>\r\n\t\t\t\t\t\t\t\t\t\t\t\t\t\t\t\t<span class=\"uael-before-heading\"><span class=\"elementor-inline-editing uael-dual-heading-text uael-first-text\" data-elementor-setting-key=\"before_heading_text\" data-elementor-inline-editing-toolbar=\"basic\">Relat\u00f3rios<\/span><\/span><span class=\"uael-adv-heading-stack\"><span class=\"elementor-inline-editing uael-dual-heading-text uael-highlight-text\" data-elementor-setting-key=\"second_heading_text\" data-elementor-inline-editing-toolbar=\"basic\"> Tem\u00e1ticos<\/span><\/span><span class=\"uael-after-heading\"><span class=\"elementor-inline-editing uael-dual-heading-text uael-third-text\" data-elementor-setting-key=\"after_heading_text\" data-elementor-inline-editing-toolbar=\"basic\"> <\/span><\/span>\t\t\t\t\t\t\t\t\t\t\t\t\t<\/h1>\r\n\t\t<\/div>\r\n\t\t\t\t<\/div>\n\t\t\t\t<\/div>\n\t\t\t\t<div class=\"elementor-element elementor-element-fc5211d elementor-widget elementor-widget-text-editor\" data-id=\"fc5211d\" data-element_type=\"widget\" data-widget_type=\"text-editor.default\">\n\t\t\t\t<div class=\"elementor-widget-container\">\n\t\t\t\t\t<div class=\"elementor-text-editor elementor-clearfix\"><p><em>Clique nos t\u00edtulos para acessar os documentos digitais<\/em><\/p>\n<\/div>\n\t\t\t\t<\/div>\n\t\t\t\t<\/div>\n\t\t\t\t<section class=\"elementor-element elementor-element-c5e6912 elementor-section-full_width elementor-section-height-default elementor-section-height-default elementor-section elementor-inner-section\" data-id=\"c5e6912\" data-element_type=\"section\">\n\t\t\t\t\t\t<div class=\"elementor-container elementor-column-gap-default\">\n\t\t\t\t<div class=\"elementor-row\">\n\t\t\t\t<div class=\"elementor-element elementor-element-c01ff36 elementor-column elementor-col-100 elementor-inner-column\" data-id=\"c01ff36\" data-element_type=\"column\">\n\t\t\t<div class=\"elementor-column-wrap  elementor-element-populated\">\n\t\t\t\t\t<div class=\"elementor-widget-wrap\">\n\t\t\t\t<div class=\"elementor-element elementor-element-8cddd03 elementor-widget elementor-widget-heading\" data-id=\"8cddd03\" data-element_type=\"widget\" data-settings=\"{&quot;sticky&quot;:&quot;top&quot;,&quot;sticky_on&quot;:[&quot;desktop&quot;],&quot;sticky_offset&quot;:105,&quot;sticky_effects_offset&quot;:0}\" data-widget_type=\"heading.default\">\n\t\t\t\t<div class=\"elementor-widget-container\">\n\t\t\t<h4 class=\"elementor-heading-title elementor-size-default\">Relat\u00f3rios no arquivo<\/h4>\t\t<\/div>\n\t\t\t\t<\/div>\n\t\t\t\t<div class=\"elementor-element elementor-element-2d00f3c elementor-widget elementor-widget-shortcode\" data-id=\"2d00f3c\" data-element_type=\"widget\" data-widget_type=\"shortcode.default\">\n\t\t\t\t<div class=\"elementor-widget-container\">\n\t\t\t\t\t<div class=\"elementor-shortcode\">\n<table id=\"tablepress-56\" class=\"tablepress tablepress-id-56\">\n<thead>\n<tr class=\"row-1\">\n\t<th class=\"column-1\">Documento<\/th><th class=\"column-2\">A\u00f1o<\/th>\n<\/tr>\n<\/thead>\n<tbody class=\"row-striping row-hover\">\n<tr class=\"row-2\">\n\t<td class=\"column-1\"><a href=\"https:\/\/undocs.org\/es\/A\/HRC\/41\/20\" rel=\"noopener\" target=\"_blank\">Prevenci\u00f3n y lucha contra la corrupci\u00f3n, con especial atenci\u00f3n en los derechos humanos (A\/HRC\/41\/20)<\/a><\/td><td class=\"column-2\">2019<\/td>\n<\/tr>\n<tr class=\"row-3\">\n\t<td class=\"column-1\"><a href=\"https:\/\/undocs.org\/es\/A\/HRC\/41\/26\" rel=\"noopener\" target=\"_blank\">Estudio anal\u00edtico sobre una acci\u00f3n clim\u00e1tica que responda a las cuestiones de g\u00e9nero (A\/HRC\/41\/26)<\/a><\/td><td class=\"column-2\">2019<\/td>\n<\/tr>\n<tr class=\"row-4\">\n\t<td class=\"column-1\"><a href=\"https:\/\/undocs.org\/es\/A\/HRC\/41\/27\" rel=\"noopener\" target=\"_blank\">Los derechos humanos en la respuesta al VIH (A\/HRC\/41\/27)<\/a><\/td><td class=\"column-2\">2019<\/td>\n<\/tr>\n<tr class=\"row-5\">\n\t<td class=\"column-1\"><a href=\"https:\/\/undocs.org\/es\/A\/HRC\/41\/30\" rel=\"noopener\" target=\"_blank\">Experiencias y pr\u00e1cticas de las instituciones nacionales de derechos humanos en apoyo de la aplicaci\u00f3n de la Agenda 2030 para el Desarrollo Sostenible (A\/HRC\/41\/30)<\/a><\/td><td class=\"column-2\">2019<\/td>\n<\/tr>\n<tr class=\"row-6\">\n\t<td class=\"column-1\"><a href=\"https:\/\/undocs.org\/es\/A\/HRC\/40\/32\" rel=\"noopener\" target=\"_blank\">La habilitaci\u00f3n y la rehabilitaci\u00f3n en el sentido del art\u00edculo 26 de la Convenci\u00f3n sobre los Derechos de las Personas con Discapacidad (A\/HRC\/40\/32)<\/a><\/td><td class=\"column-2\">2018<\/td>\n<\/tr>\n<tr class=\"row-7\">\n\t<td class=\"column-1\"><a href=\"https:\/\/undocs.org\/es\/A\/HRC\/40\/31\" rel=\"noopener\" target=\"_blank\">La efectividad del derecho al trabajo (A\/HRC\/40\/31)<\/a><\/td><td class=\"column-2\">2018<\/td>\n<\/tr>\n<tr class=\"row-8\">\n\t<td class=\"column-1\"><a href=\"https:\/\/undocs.org\/es\/A\/HRC\/40\/28\" rel=\"noopener\" target=\"_blank\">Derechos humanos y las libertades fundamentales en la lucha contra el terrorismo (A\/HRC\/40\/28)<\/a><\/td><td class=\"column-2\">2019<\/td>\n<\/tr>\n<tr class=\"row-9\">\n\t<td class=\"column-1\"><a href=\"https:\/\/undocs.org\/es\/A\/HRC\/40\/27\" rel=\"noopener\" target=\"_blank\">Empoderar a los ni\u00f1os con discapacidad para el disfrute de sus derechos humanos (A\/HRC\/40\/27)<\/a><\/td><td class=\"column-2\">2019<\/td>\n<\/tr>\n<tr class=\"row-10\">\n\t<td class=\"column-1\"><a href=\"https:\/\/undocs.org\/es\/A\/HRC\/40\/3\" rel=\"noopener\" target=\"_blank\">Informe anual ACNUDH (A\/HRC\/40\/3)<\/a><\/td><td class=\"column-2\">2019<\/td>\n<\/tr>\n<tr class=\"row-11\">\n\t<td class=\"column-1\"><a href=\"https:\/\/undocs.org\/es\/A\/HRC\/39\/39\" rel=\"noopener\" target=\"_blank\">Abordar y contrarrestar el problema mundial de las drogas en relaci\u00f3n con los derechos humanos (A\/HRC\/39\/39)<\/a><\/td><td class=\"column-2\">2018<\/td>\n<\/tr>\n<tr class=\"row-12\">\n\t<td class=\"column-1\"><a href=\"https:\/\/undocs.org\/es\/A\/HRC\/39\/37\" rel=\"noopener\" target=\"_blank\">Los derechos de los pueblos ind\u00edgenas (A\/HRC\/39\/37)<\/a><\/td><td class=\"column-2\">2018<\/td>\n<\/tr>\n<tr class=\"row-13\">\n\t<td class=\"column-1\"><a href=\"https:\/\/undocs.org\/es\/A\/HRC\/39\/36\" rel=\"noopener\" target=\"_blank\">Salud mental y derechos humanos (A\/HRC\/39\/36)<\/a><\/td><td class=\"column-2\">2018<\/td>\n<\/tr>\n<tr class=\"row-14\">\n\t<td class=\"column-1\"><a href=\"https:\/\/undocs.org\/es\/A\/HRC\/39\/33\" rel=\"noopener\" target=\"_blank\">La juventud y los derechos humanos (A\/HRC\/39\/33)<\/a><\/td><td class=\"column-2\">2018<\/td>\n<\/tr>\n<tr class=\"row-15\">\n\t<td class=\"column-1\"><a href=\"https:\/\/undocs.org\/es\/A\/HRC\/39\/29\" rel=\"noopener\" target=\"_blank\">El derecho a la privacidad en la era digital (A\/HRC\/39\/29)<\/a><\/td><td class=\"column-2\">2018<\/td>\n<\/tr>\n<tr class=\"row-16\">\n\t<td class=\"column-1\"><a href=\"https:\/\/undocs.org\/es\/A\/HRC\/39\/23\" rel=\"noopener\" target=\"_blank\">Seguridad de los periodistas (A\/HRC\/39\/23)<\/a><\/td><td class=\"column-2\">2018<\/td>\n<\/tr>\n<tr class=\"row-17\">\n\t<td class=\"column-1\"><a href=\"https:\/\/undocs.org\/es\/A\/HRC\/38\/21\" rel=\"noopener\" target=\"_blank\">Derechos humanos en el contexto de la migraci\u00f3n a ra\u00edz de los efectos adversos del cambio clim\u00e1tico (A\/HRC\/38\/21)<\/a><\/td><td class=\"column-2\">2018<\/td>\n<\/tr>\n<tr class=\"row-18\">\n\t<td class=\"column-1\"><a href=\"https:\/\/undocs.org\/es\/A\/HRC\/29\/23\" rel=\"noopener\" target=\"_blank\">Discriminaci\u00f3n y violencia contra las personas por motivos de orientaci\u00f3n sexual e identidad de g\u00e9nero (A\/HRC\/29\/23)<\/a><\/td><td class=\"column-2\">2015<\/td>\n<\/tr>\n<\/tbody>\n<\/table>\n<\/div>\n\t\t\t\t<\/div>\n\t\t\t\t<\/div>\n\t\t\t\t\t\t<\/div>\n\t\t\t<\/div>\n\t\t<\/div>\n\t\t\t\t\t\t<\/div>\n\t\t\t<\/div>\n\t\t<\/section>\n\t\t\t\t\t\t<\/div>\n\t\t\t<\/div>\n\t\t<\/div>\n\t\t\t\t\t\t<\/div>\n\t\t\t<\/div>\n\t\t<\/section>\n\t\t\t\t\t\t<\/div>\n\t\t\t<\/div>\n\t\t<\/div>\n\t\t","protected":false},"excerpt":{"rendered":"<p>Relat\u00f3rios Tem\u00e1ticos Clique nos t\u00edtulos para acessar os documentos digitais Relat\u00f3rios no arquivo<\/p>\n","protected":false},"author":1,"featured_media":0,"parent":49592,"menu_order":0,"comment_status":"closed","ping_status":"closed","template":"","meta":{"_uag_custom_page_level_css":"","site-sidebar-layout":"no-sidebar","site-content-layout":"page-builder","ast-site-content-layout":"","site-content-style":"default","site-sidebar-style":"default","ast-global-header-display":"","ast-banner-title-visibility":"","ast-main-header-display":"","ast-hfb-above-header-display":"","ast-hfb-below-header-display":"","ast-hfb-mobile-header-display":"","site-post-title":"disabled","ast-breadcrumbs-content":"","ast-featured-img":"disabled","footer-sml-layout":"","theme-transparent-header-meta":"","adv-header-id-meta":"","stick-header-meta":"","header-above-stick-meta":"","header-main-stick-meta":"","header-below-stick-meta":"","astra-migrate-meta-layouts":"default","ast-page-background-enabled":"default","ast-page-background-meta":{"desktop":{"background-color":"","background-image":"","background-repeat":"repeat","background-position":"center center","background-size":"auto","background-attachment":"scroll","background-type":"","background-media":"","overlay-type":"","overlay-color":"","overlay-opacity":"","overlay-gradient":""},"tablet":{"background-color":"","background-image":"","background-repeat":"repeat","background-position":"center center","background-size":"auto","background-attachment":"scroll","background-type":"","background-media":"","overlay-type":"","overlay-color":"","overlay-opacity":"","overlay-gradient":""},"mobile":{"background-color":"","background-image":"","background-repeat":"repeat","background-position":"center center","background-size":"auto","background-attachment":"scroll","background-type":"","background-media":"","overlay-type":"","overlay-color":"","overlay-opacity":"","overlay-gradient":""}},"ast-content-background-meta":{"desktop":{"background-color":"var(--ast-global-color-5)","background-image":"","background-repeat":"repeat","background-position":"center center","background-size":"auto","background-attachment":"scroll","background-type":"","background-media":"","overlay-type":"","overlay-color":"","overlay-opacity":"","overlay-gradient":""},"tablet":{"background-color":"var(--ast-global-color-5)","background-image":"","background-repeat":"repeat","background-position":"center center","background-size":"auto","background-attachment":"scroll","background-type":"","background-media":"","overlay-type":"","overlay-color":"","overlay-opacity":"","overlay-gradient":""},"mobile":{"background-color":"var(--ast-global-color-5)","background-image":"","background-repeat":"repeat","background-position":"center center","background-size":"auto","background-attachment":"scroll","background-type":"","background-media":"","overlay-type":"","overlay-color":"","overlay-opacity":"","overlay-gradient":""}},"footnotes":""},"class_list":["post-57646","page","type-page","status-publish","hentry"],"uagb_featured_image_src":{"full":false,"thumbnail":false,"medium":false,"medium_large":false,"large":false,"1536x1536":false,"2048x2048":false},"uagb_author_info":{"display_name":"acnudh","author_link":"https:\/\/acnudh.org\/pt-br\/author\/acnudh\/"},"uagb_comment_info":0,"uagb_excerpt":"Relat\u00f3rios Tem\u00e1ticos Clique nos t\u00edtulos para acessar os documentos digitais Relat\u00f3rios no arquivo","_links":{"self":[{"href":"https:\/\/acnudh.org\/pt-br\/wp-json\/wp\/v2\/pages\/57646","targetHints":{"allow":["GET"]}}],"collection":[{"href":"https:\/\/acnudh.org\/pt-br\/wp-json\/wp\/v2\/pages"}],"about":[{"href":"https:\/\/acnudh.org\/pt-br\/wp-json\/wp\/v2\/types\/page"}],"author":[{"embeddable":true,"href":"https:\/\/acnudh.org\/pt-br\/wp-json\/wp\/v2\/users\/1"}],"replies":[{"embeddable":true,"href":"https:\/\/acnudh.org\/pt-br\/wp-json\/wp\/v2\/comments?post=57646"}],"version-history":[{"count":1,"href":"https:\/\/acnudh.org\/pt-br\/wp-json\/wp\/v2\/pages\/57646\/revisions"}],"predecessor-version":[{"id":57647,"href":"https:\/\/acnudh.org\/pt-br\/wp-json\/wp\/v2\/pages\/57646\/revisions\/57647"}],"up":[{"embeddable":true,"href":"https:\/\/acnudh.org\/pt-br\/wp-json\/wp\/v2\/pages\/49592"}],"wp:attachment":[{"href":"https:\/\/acnudh.org\/pt-br\/wp-json\/wp\/v2\/media?parent=57646"}],"curies":[{"name":"wp","href":"https:\/\/api.w.org\/{rel}","templated":true}]}}