{"id":56089,"date":"2019-04-04T13:13:01","date_gmt":"2019-04-04T16:13:01","guid":{"rendered":"http:\/\/acnudh.org\/oportunidades-de-trabalho\/"},"modified":"2022-10-13T23:21:20","modified_gmt":"2022-10-14T02:21:20","slug":"oportunidades-de-trabalho","status":"publish","type":"page","link":"https:\/\/acnudh.org\/pt-br\/oportunidades-de-trabalho\/","title":{"rendered":"Oportunidades de Trabalho"},"content":{"rendered":"\t\t<div data-elementor-type=\"wp-post\" data-elementor-id=\"56089\" class=\"elementor elementor-56089 elementor-37337\" data-elementor-settings=\"[]\">\n\t\t\t<div class=\"elementor-inner\">\n\t\t\t\t<div class=\"elementor-section-wrap\">\n\t\t\t\t\t\t\t<section class=\"elementor-element elementor-element-483fea82 elementor-section-boxed elementor-section-height-default elementor-section-height-default elementor-section elementor-top-section\" data-id=\"483fea82\" data-element_type=\"section\" data-settings=\"{&quot;background_background&quot;:&quot;classic&quot;}\">\n\t\t\t\t\t\t<div class=\"elementor-container elementor-column-gap-default\">\n\t\t\t\t<div class=\"elementor-row\">\n\t\t\t\t<div class=\"elementor-element elementor-element-2428bc60 elementor-column elementor-col-100 elementor-top-column\" data-id=\"2428bc60\" data-element_type=\"column\">\n\t\t\t<div class=\"elementor-column-wrap  elementor-element-populated\">\n\t\t\t\t\t<div class=\"elementor-widget-wrap\">\n\t\t\t\t<div class=\"elementor-element elementor-element-581f531e elementor-widget elementor-widget-theme-post-title elementor-page-title elementor-widget-heading\" data-id=\"581f531e\" data-element_type=\"widget\" data-widget_type=\"theme-post-title.default\">\n\t\t\t\t<div class=\"elementor-widget-container\">\n\t\t\t<h1 class=\"elementor-heading-title elementor-size-default\">Oportunidades de Trabalho<\/h1>\t\t<\/div>\n\t\t\t\t<\/div>\n\t\t\t\t<div class=\"elementor-element elementor-element-70eef72e elementor-share-buttons--view-icon elementor-share-buttons--color-custom elementor-share-buttons--align-center elementor-share-buttons--skin-gradient elementor-share-buttons--shape-square elementor-grid-0 elementor-widget elementor-widget-share-buttons\" data-id=\"70eef72e\" data-element_type=\"widget\" data-widget_type=\"share-buttons.default\">\n\t\t\t\t<div class=\"elementor-widget-container\">\n\t\t\t\t\t<div class=\"elementor-grid\">\n\t\t\t\t\t\t\t<div class=\"elementor-grid-item\">\n\t\t\t\t\t<div class=\"elementor-share-btn elementor-share-btn_facebook\">\n\t\t\t\t\t\t\t\t\t\t\t\t\t<span class=\"elementor-share-btn__icon\">\n\t\t\t\t\t\t\t\t<i class=\"fa fa-facebook\" aria-hidden=\"true\"><\/i>\n\t\t\t\t\t\t\t\t<span class=\"elementor-screen-only\">Compartilhar no facebook<\/span>\n\t\t\t\t\t\t\t<\/span>\n\t\t\t\t\t\t\t\t\t\t\t\t\t\t\t\t\t<\/div>\n\t\t\t\t<\/div>\n\t\t\t\t\t\t\t\t<div class=\"elementor-grid-item\">\n\t\t\t\t\t<div class=\"elementor-share-btn elementor-share-btn_google\">\n\t\t\t\t\t\t\t\t\t\t\t\t\t<span class=\"elementor-share-btn__icon\">\n\t\t\t\t\t\t\t\t<i class=\"fa fa-google-plus\" aria-hidden=\"true\"><\/i>\n\t\t\t\t\t\t\t\t<span class=\"elementor-screen-only\">Compartilhar no google<\/span>\n\t\t\t\t\t\t\t<\/span>\n\t\t\t\t\t\t\t\t\t\t\t\t\t\t\t\t\t<\/div>\n\t\t\t\t<\/div>\n\t\t\t\t\t\t\t\t<div class=\"elementor-grid-item\">\n\t\t\t\t\t<div class=\"elementor-share-btn elementor-share-btn_twitter\">\n\t\t\t\t\t\t\t\t\t\t\t\t\t<span class=\"elementor-share-btn__icon\">\n\t\t\t\t\t\t\t\t<i class=\"fa fa-twitter\" aria-hidden=\"true\"><\/i>\n\t\t\t\t\t\t\t\t<span class=\"elementor-screen-only\">Compartilhar no twitter<\/span>\n\t\t\t\t\t\t\t<\/span>\n\t\t\t\t\t\t\t\t\t\t\t\t\t\t\t\t\t<\/div>\n\t\t\t\t<\/div>\n\t\t\t\t\t\t\t\t<div class=\"elementor-grid-item\">\n\t\t\t\t\t<div class=\"elementor-share-btn elementor-share-btn_linkedin\">\n\t\t\t\t\t\t\t\t\t\t\t\t\t<span class=\"elementor-share-btn__icon\">\n\t\t\t\t\t\t\t\t<i class=\"fa fa-linkedin\" aria-hidden=\"true\"><\/i>\n\t\t\t\t\t\t\t\t<span class=\"elementor-screen-only\">Compartilhar no linkedin<\/span>\n\t\t\t\t\t\t\t<\/span>\n\t\t\t\t\t\t\t\t\t\t\t\t\t\t\t\t\t<\/div>\n\t\t\t\t<\/div>\n\t\t\t\t\t\t<\/div>\n\t\t\t\t<\/div>\n\t\t\t\t<\/div>\n\t\t\t\t\t\t<\/div>\n\t\t\t<\/div>\n\t\t<\/div>\n\t\t\t\t\t\t<\/div>\n\t\t\t<\/div>\n\t\t<\/section>\n\t\t\t\t<section class=\"elementor-element elementor-element-b7862b6 elementor-section-boxed elementor-section-height-default elementor-section-height-default elementor-section elementor-top-section\" data-id=\"b7862b6\" data-element_type=\"section\">\n\t\t\t\t\t\t<div class=\"elementor-container elementor-column-gap-default\">\n\t\t\t\t<div class=\"elementor-row\">\n\t\t\t\t<div class=\"elementor-element elementor-element-c4a8a9a elementor-column elementor-col-100 elementor-top-column\" data-id=\"c4a8a9a\" data-element_type=\"column\">\n\t\t\t<div class=\"elementor-column-wrap  elementor-element-populated\">\n\t\t\t\t\t<div class=\"elementor-widget-wrap\">\n\t\t\t\t<div class=\"elementor-element elementor-element-f0c01b3 elementor-widget elementor-widget-uael-posts\" data-id=\"f0c01b3\" data-element_type=\"widget\" data-widget_type=\"uael-posts.classic\">\n\t\t\t\t<div class=\"elementor-widget-container\">\n\t\t\t\t\t<div class=\"uael-post__header\">\r\n\t\t\t\t\t<\/div>\r\n\t\t<div class=\"uael-post__body\">\r\n\t\t\t\r\n\t\t\r\n\t\t<div class=\"uael-blog-terms-position- uael-post-image-none uael-post-grid uael-posts\" data-query-type=\"custom\" data-structure=\"normal\" data-layout=\"\" data-page=\"56089\" data-skin=\"classic\" >\r\n\r\n\t\t\t\t\t\t\t<div class=\"uael-post-grid__inner uael-post__columns-1 uael-post__columns-tablet-2 uael-post__columns-mobile-1 uael-post-infinite-scroll uael-post-infinite__event-scroll\">\r\n\t\t\t\n\n<div class=\"uael-post-wrapper  \">\n\t<div class=\"uael-post__bg-wrap\">\n\n\t\t\t\t\n\t\t<div class=\"uael-post__inner-wrap\">\n\n\t\t\n\t\t\t\n\t\t\t<div class=\"uael-post__content-wrap\">\n\t\t\t\t\t<h3 class=\"uael-post__title\">\r\n\r\n\t\t\r\n\t\t\t\t\t\t<a href=\"https:\/\/acnudh.org\/pt-br\/vaga-consultor-para-gestao-de-dados\/\" target=\"_self\">\r\n\t\t\t\tNovo prazo | VAGA: consultor para gest\u00e3o de dados\t\t\t<\/a>\r\n\r\n\t\t\t\t<\/h3>\r\n\t\t\t\t\t<div class=\"uael-post__meta-data\">\r\n\t\t\t\t\t<span class=\"uael-post__date\">\r\n\t\t\t\t\t\t<i class=\"fa fa-calendar\"><\/i>\r\n\t\t\t\t\t\t14 de outubro de 2022\t\t<\/span>\r\n\t\t\t\t<\/div>\r\n\t\t\t\t\t<\/div>\n\t\t\t\n\t\t<\/div>\n\t\t\n\t<\/div>\n\n<\/div>\n\n\n<div class=\"uael-post-wrapper  \">\n\t<div class=\"uael-post__bg-wrap\">\n\n\t\t\t\t\n\t\t<div class=\"uael-post__inner-wrap\">\n\n\t\t\n\t\t\t\n\t\t\t<div class=\"uael-post__content-wrap\">\n\t\t\t\t\t<h3 class=\"uael-post__title\">\r\n\r\n\t\t\r\n\t\t\t\t\t\t<a href=\"https:\/\/acnudh.org\/pt-br\/%f0%9f%86%95-oficial-asistente-de-derechos-humanos-no-a\/\" target=\"_self\">\r\n\t\t\t\tOficial asistente de derechos humanos (NO-A)\t\t\t<\/a>\r\n\r\n\t\t\t\t<\/h3>\r\n\t\t\t\t\t<div class=\"uael-post__meta-data\">\r\n\t\t\t\t\t<span class=\"uael-post__date\">\r\n\t\t\t\t\t\t<i class=\"fa fa-calendar\"><\/i>\r\n\t\t\t\t\t\t15 de abril de 2022\t\t<\/span>\r\n\t\t\t\t<\/div>\r\n\t\t\t\t\t<\/div>\n\t\t\t\n\t\t<\/div>\n\t\t\n\t<\/div>\n\n<\/div>\n\n\n<div class=\"uael-post-wrapper  \">\n\t<div class=\"uael-post__bg-wrap\">\n\n\t\t\t\t\n\t\t<div class=\"uael-post__inner-wrap\">\n\n\t\t\n\t\t\t\n\t\t\t<div class=\"uael-post__content-wrap\">\n\t\t\t\t\t<h3 class=\"uael-post__title\">\r\n\r\n\t\t\r\n\t\t\t\t\t\t<a href=\"https:\/\/acnudh.org\/pt-br\/%f0%9f%86%95-oficial-de-gestion-de-la-informacion-p-3\/\" target=\"_self\">\r\n\t\t\t\tOficial de gesti\u00f3n de la informaci\u00f3n (P-3)\t\t\t<\/a>\r\n\r\n\t\t\t\t<\/h3>\r\n\t\t\t\t\t<div class=\"uael-post__meta-data\">\r\n\t\t\t\t\t<span class=\"uael-post__date\">\r\n\t\t\t\t\t\t<i class=\"fa fa-calendar\"><\/i>\r\n\t\t\t\t\t\t8 de mar\u00e7o de 2021\t\t<\/span>\r\n\t\t\t\t<\/div>\r\n\t\t\t\t\t<\/div>\n\t\t\t\n\t\t<\/div>\n\t\t\n\t<\/div>\n\n<\/div>\n\n\n<div class=\"uael-post-wrapper  \">\n\t<div class=\"uael-post__bg-wrap\">\n\n\t\t\t\t\n\t\t<div class=\"uael-post__inner-wrap\">\n\n\t\t\n\t\t\t\n\t\t\t<div class=\"uael-post__content-wrap\">\n\t\t\t\t\t<h3 class=\"uael-post__title\">\r\n\r\n\t\t\r\n\t\t\t\t\t\t<a href=\"https:\/\/acnudh.org\/pt-br\/%f0%9f%86%95-oficial-de-derechos-humanos-no-c\/\" target=\"_self\">\r\n\t\t\t\tOficial de derechos humanos (NO-C)\t\t\t<\/a>\r\n\r\n\t\t\t\t<\/h3>\r\n\t\t\t\t\t<div class=\"uael-post__meta-data\">\r\n\t\t\t\t\t<span class=\"uael-post__date\">\r\n\t\t\t\t\t\t<i class=\"fa fa-calendar\"><\/i>\r\n\t\t\t\t\t\t28 de fevereiro de 2021\t\t<\/span>\r\n\t\t\t\t<\/div>\r\n\t\t\t\t\t<\/div>\n\t\t\t\n\t\t<\/div>\n\t\t\n\t<\/div>\n\n<\/div>\n\n\n<div class=\"uael-post-wrapper  \">\n\t<div class=\"uael-post__bg-wrap\">\n\n\t\t\t\t\n\t\t<div class=\"uael-post__inner-wrap\">\n\n\t\t\n\t\t\t\n\t\t\t<div class=\"uael-post__content-wrap\">\n\t\t\t\t\t<h3 class=\"uael-post__title\">\r\n\r\n\t\t\r\n\t\t\t\t\t\t<a href=\"https:\/\/acnudh.org\/pt-br\/estagios\/\" target=\"_self\">\r\n\t\t\t\tEst\u00e1gios\t\t\t<\/a>\r\n\r\n\t\t\t\t<\/h3>\r\n\t\t\t\t\t<div class=\"uael-post__meta-data\">\r\n\t\t\t\t\t<span class=\"uael-post__date\">\r\n\t\t\t\t\t\t<i class=\"fa fa-calendar\"><\/i>\r\n\t\t\t\t\t\t14 de janeiro de 2011\t\t<\/span>\r\n\t\t\t\t<\/div>\r\n\t\t\t\t\t<\/div>\n\t\t\t\n\t\t<\/div>\n\t\t\n\t<\/div>\n\n<\/div>\n\t\t\t\t<\/div>\r\n\t\t\t\t\t\t<div class=\"uael-post-inf-loader\">\r\n\t\t\t\t<div class=\"uael-post-loader-1\"><\/div>\r\n\t\t\t\t<div class=\"uael-post-loader-2\"><\/div>\r\n\t\t\t\t<div class=\"uael-post-loader-3\"><\/div>\r\n\t\t\t<\/div>\r\n\t\t\t\t\t\t\r\n\t\t<\/div>\r\n\r\n\t\t\t\t\t\t<\/div>\r\n\t\t<div class=\"uael-post__footer\">\r\n\t\t\t\t\t<\/div>\r\n\t\t\t\t<\/div>\n\t\t\t\t<\/div>\n\t\t\t\t\t\t<\/div>\n\t\t\t<\/div>\n\t\t<\/div>\n\t\t\t\t\t\t<\/div>\n\t\t\t<\/div>\n\t\t<\/section>\n\t\t\t\t<section class=\"elementor-element elementor-element-1a038a7c elementor-section-boxed elementor-section-height-default elementor-section-height-default elementor-section elementor-top-section\" data-id=\"1a038a7c\" data-element_type=\"section\" data-settings=\"{&quot;background_background&quot;:&quot;classic&quot;}\">\n\t\t\t\t\t\t<div class=\"elementor-container elementor-column-gap-default\">\n\t\t\t\t<div class=\"elementor-row\">\n\t\t\t\t<div class=\"elementor-element elementor-element-5b813c3e elementor-column elementor-col-100 elementor-top-column\" data-id=\"5b813c3e\" data-element_type=\"column\">\n\t\t\t<div class=\"elementor-column-wrap  elementor-element-populated\">\n\t\t\t\t\t<div class=\"elementor-widget-wrap\">\n\t\t\t\t<div class=\"elementor-element elementor-element-63d4ccd4 elementor-widget elementor-widget-heading\" data-id=\"63d4ccd4\" data-element_type=\"widget\" data-widget_type=\"heading.default\">\n\t\t\t\t<div class=\"elementor-widget-container\">\n\t\t\t<h2 class=\"elementor-heading-title elementor-size-default\">Para outras oportunidades de emprego<br> dentro das Na\u00e7\u00f5es Unidas<\/h2>\t\t<\/div>\n\t\t\t\t<\/div>\n\t\t\t\t<div class=\"elementor-element elementor-element-5098cc72 elementor-widget__width-initial elementor-widget elementor-widget-text-editor\" data-id=\"5098cc72\" data-element_type=\"widget\" data-widget_type=\"text-editor.default\">\n\t\t\t\t<div class=\"elementor-widget-container\">\n\t\t\t\t\t<div class=\"elementor-text-editor elementor-clearfix\"><p>Visite a p\u00e1gina da UN Careers clicando no bot\u00e3o \u00e0 direita.<\/p>\n<\/div>\n\t\t\t\t<\/div>\n\t\t\t\t<\/div>\n\t\t\t\t<div class=\"elementor-element elementor-element-3cf8b3c elementor-align-center elementor-widget__width-initial elementor-widget elementor-widget-button\" data-id=\"3cf8b3c\" data-element_type=\"widget\" data-widget_type=\"button.default\">\n\t\t\t\t<div class=\"elementor-widget-container\">\n\t\t\t\t\t<div class=\"elementor-button-wrapper\">\n\t\t\t<a href=\"https:\/\/careers.un.org\/\" target=\"_blank\" class=\"elementor-button-link elementor-button elementor-size-lg elementor-animation-grow\" role=\"button\">\n\t\t\t\t\t\t<span class=\"elementor-button-content-wrapper\">\n\t\t\t\t\t\t<span class=\"elementor-button-text\">UN Careers<\/span>\n\t\t<\/span>\n\t\t\t\t\t<\/a>\n\t\t<\/div>\n\t\t\t\t<\/div>\n\t\t\t\t<\/div>\n\t\t\t\t\t\t<\/div>\n\t\t\t<\/div>\n\t\t<\/div>\n\t\t\t\t\t\t<\/div>\n\t\t\t<\/div>\n\t\t<\/section>\n\t\t\t\t\t\t<\/div>\n\t\t\t<\/div>\n\t\t<\/div>\n\t\t","protected":false},"excerpt":{"rendered":"<p>Share on facebook Share on google Share on twitter Share on linkedin Pr\u00e1cticas de comunicaciones con la Oficinal Regional para Am\u00e9rica del Sur del ACNUDH 20 April, 2018 Oportunidades de trabajo: profesional senior en Derechos Humanos, \u00e1rea DESC y No Discriminaci\u00f3n (postulaciones cerradas) 20 January, 2017 Oportunidades de trabajo: consultor\/a legal senior-Asesor\/a en Derechos Humanos [&hellip;]<\/p>\n","protected":false},"author":1,"featured_media":0,"parent":0,"menu_order":0,"comment_status":"closed","ping_status":"closed","template":"","meta":{"_uag_custom_page_level_css":"","site-sidebar-layout":"no-sidebar","site-content-layout":"page-builder","ast-site-content-layout":"","site-content-style":"default","site-sidebar-style":"default","ast-global-header-display":"","ast-banner-title-visibility":"","ast-main-header-display":"","ast-hfb-above-header-display":"","ast-hfb-below-header-display":"","ast-hfb-mobile-header-display":"","site-post-title":"disabled","ast-breadcrumbs-content":"","ast-featured-img":"disabled","footer-sml-layout":"","theme-transparent-header-meta":"default","adv-header-id-meta":"","stick-header-meta":"default","header-above-stick-meta":"","header-main-stick-meta":"","header-below-stick-meta":"","astra-migrate-meta-layouts":"default","ast-page-background-enabled":"default","ast-page-background-meta":{"desktop":{"background-color":"","background-image":"","background-repeat":"repeat","background-position":"center center","background-size":"auto","background-attachment":"scroll","background-type":"","background-media":"","overlay-type":"","overlay-color":"","overlay-opacity":"","overlay-gradient":""},"tablet":{"background-color":"","background-image":"","background-repeat":"repeat","background-position":"center center","background-size":"auto","background-attachment":"scroll","background-type":"","background-media":"","overlay-type":"","overlay-color":"","overlay-opacity":"","overlay-gradient":""},"mobile":{"background-color":"","background-image":"","background-repeat":"repeat","background-position":"center center","background-size":"auto","background-attachment":"scroll","background-type":"","background-media":"","overlay-type":"","overlay-color":"","overlay-opacity":"","overlay-gradient":""}},"ast-content-background-meta":{"desktop":{"background-color":"var(--ast-global-color-5)","background-image":"","background-repeat":"repeat","background-position":"center center","background-size":"auto","background-attachment":"scroll","background-type":"","background-media":"","overlay-type":"","overlay-color":"","overlay-opacity":"","overlay-gradient":""},"tablet":{"background-color":"var(--ast-global-color-5)","background-image":"","background-repeat":"repeat","background-position":"center center","background-size":"auto","background-attachment":"scroll","background-type":"","background-media":"","overlay-type":"","overlay-color":"","overlay-opacity":"","overlay-gradient":""},"mobile":{"background-color":"var(--ast-global-color-5)","background-image":"","background-repeat":"repeat","background-position":"center center","background-size":"auto","background-attachment":"scroll","background-type":"","background-media":"","overlay-type":"","overlay-color":"","overlay-opacity":"","overlay-gradient":""}},"footnotes":""},"class_list":["post-56089","page","type-page","status-publish","hentry"],"uagb_featured_image_src":{"full":false,"thumbnail":false,"medium":false,"medium_large":false,"large":false,"1536x1536":false,"2048x2048":false},"uagb_author_info":{"display_name":"acnudh","author_link":"https:\/\/acnudh.org\/pt-br\/author\/acnudh\/"},"uagb_comment_info":0,"uagb_excerpt":"Share on facebook Share on google Share on twitter Share on linkedin Pr\u00e1cticas de comunicaciones con la Oficinal Regional para Am\u00e9rica del Sur del ACNUDH 20 April, 2018 Oportunidades de trabajo: profesional senior en Derechos Humanos, \u00e1rea DESC y No Discriminaci\u00f3n (postulaciones cerradas) 20 January, 2017 Oportunidades de trabajo: consultor\/a legal senior-Asesor\/a en Derechos Humanos&hellip;","_links":{"self":[{"href":"https:\/\/acnudh.org\/pt-br\/wp-json\/wp\/v2\/pages\/56089","targetHints":{"allow":["GET"]}}],"collection":[{"href":"https:\/\/acnudh.org\/pt-br\/wp-json\/wp\/v2\/pages"}],"about":[{"href":"https:\/\/acnudh.org\/pt-br\/wp-json\/wp\/v2\/types\/page"}],"author":[{"embeddable":true,"href":"https:\/\/acnudh.org\/pt-br\/wp-json\/wp\/v2\/users\/1"}],"replies":[{"embeddable":true,"href":"https:\/\/acnudh.org\/pt-br\/wp-json\/wp\/v2\/comments?post=56089"}],"version-history":[{"count":2,"href":"https:\/\/acnudh.org\/pt-br\/wp-json\/wp\/v2\/pages\/56089\/revisions"}],"predecessor-version":[{"id":70774,"href":"https:\/\/acnudh.org\/pt-br\/wp-json\/wp\/v2\/pages\/56089\/revisions\/70774"}],"wp:attachment":[{"href":"https:\/\/acnudh.org\/pt-br\/wp-json\/wp\/v2\/media?parent=56089"}],"curies":[{"name":"wp","href":"https:\/\/api.w.org\/{rel}","templated":true}]}}