{"id":55999,"date":"2019-06-13T15:54:19","date_gmt":"2019-06-13T19:54:19","guid":{"rendered":"http:\/\/acnudh.org\/tratados-internacionais-sobre-direitos-humanos\/"},"modified":"2019-06-13T15:54:20","modified_gmt":"2019-06-13T19:54:20","slug":"tratados-internacionais-sobre-direitos-humanos","status":"publish","type":"page","link":"https:\/\/acnudh.org\/pt-br\/tratados-internacionais-sobre-direitos-humanos\/","title":{"rendered":"Tratados Internacionais sobre Direitos Humanos"},"content":{"rendered":"\t\t<div data-elementor-type=\"wp-post\" data-elementor-id=\"55999\" class=\"elementor elementor-55999 elementor-37355\" data-elementor-settings=\"[]\">\n\t\t\t<div class=\"elementor-inner\">\n\t\t\t\t<div class=\"elementor-section-wrap\">\n\t\t\t\t\t\t\t<section class=\"elementor-element elementor-element-3c13801 elementor-section-boxed elementor-section-height-default elementor-section-height-default elementor-section elementor-top-section\" data-id=\"3c13801\" data-element_type=\"section\">\n\t\t\t\t\t\t<div class=\"elementor-container elementor-column-gap-default\">\n\t\t\t\t<div class=\"elementor-row\">\n\t\t\t\t<div class=\"elementor-element elementor-element-41c830e elementor-column elementor-col-100 elementor-top-column\" data-id=\"41c830e\" data-element_type=\"column\">\n\t\t\t<div class=\"elementor-column-wrap  elementor-element-populated\">\n\t\t\t\t\t<div class=\"elementor-widget-wrap\">\n\t\t\t\t<div class=\"elementor-element elementor-element-b33ebc5 elementor-widget elementor-widget-heading\" data-id=\"b33ebc5\" data-element_type=\"widget\" data-settings=\"{&quot;sticky&quot;:&quot;top&quot;,&quot;sticky_on&quot;:[&quot;desktop&quot;],&quot;sticky_offset&quot;:105,&quot;sticky_effects_offset&quot;:0}\" data-widget_type=\"heading.default\">\n\t\t\t\t<div class=\"elementor-widget-container\">\n\t\t\t<h4 class=\"elementor-heading-title elementor-size-default\">Tratados Internacionais sobre Direitos Humanos<\/h4>\t\t<\/div>\n\t\t\t\t<\/div>\n\t\t\t\t<div class=\"elementor-element elementor-element-dc5a014 elementor-widget elementor-widget-shortcode\" data-id=\"dc5a014\" data-element_type=\"widget\" data-widget_type=\"shortcode.default\">\n\t\t\t\t<div class=\"elementor-widget-container\">\n\t\t\t\t\t<div class=\"elementor-shortcode\">\n<table id=\"tablepress-tr-DDHH\" class=\"tablepress tablepress-id-tr-DDHH\">\n<thead>\n<tr class=\"row-1\">\n\t<th class=\"column-1\">T\u00edtulo<\/th><th class=\"column-2\">Fecha<\/th>\n<\/tr>\n<\/thead>\n<tbody class=\"row-striping\">\n<tr class=\"row-2\">\n\t<td class=\"column-1\"><a href=\"http:\/\/acnudh.org\/wp-content\/uploads\/2014\/10\/CoreTreatiessp.65-80.pdf\">Convenci\u00f3n Internacional sobre la Eliminaci\u00f3n de todas las Formas de Discriminaci\u00f3n Racial<\/a><br \/>\n<\/td><td class=\"column-2\">21 de diciembre de 1965 <\/td>\n<\/tr>\n<tr class=\"row-3\">\n\t<td class=\"column-1\"><a href=\"http:\/\/acnudh.org\/wp-content\/uploads\/2014\/10\/CoreTreatiessp.31-54.pdf\">Pacto Internacional de Derechos Civiles y Pol\u00edticos<\/a><\/td><td class=\"column-2\">16 de diciembre de 1966 <\/td>\n<\/tr>\n<tr class=\"row-4\">\n\t<td class=\"column-1\"><a href=\"http:\/\/acnudh.org\/wp-content\/uploads\/2014\/10\/CoreTreatiessp.17-29.pdf\">Pacto Internacional de Derechos Econ\u00f3micos, Sociales y Culturales<\/a><\/td><td class=\"column-2\">16 de diciembre de 1966 <\/td>\n<\/tr>\n<tr class=\"row-5\">\n\t<td class=\"column-1\"><a href=\"http:\/\/acnudh.org\/wp-content\/uploads\/2014\/10\/CoreTreatiessp.81-97.pdf\">Convenci\u00f3n sobre la eliminaci\u00f3n de todas las formas de discriminaci\u00f3n contra la mujer<\/a><\/td><td class=\"column-2\">18 de diciembre de  1979 <\/td>\n<\/tr>\n<tr class=\"row-6\">\n\t<td class=\"column-1\"><a href=\"http:\/\/acnudh.org\/wp-content\/uploads\/2014\/10\/CAT.1-18.pdf\">Convenci\u00f3n contra la Tortura y Otros Tratos o Penas Crueles, Inhumanos o Degradantes<\/a><\/td><td class=\"column-2\">10 de diciembre de 1984 <\/td>\n<\/tr>\n<tr class=\"row-7\">\n\t<td class=\"column-1\"><a href=\"http:\/\/acnudh.org\/wp-content\/uploads\/2014\/10\/CoreTreatiessp.107-132.pdf\">Convenci\u00f3n sobre los Derechos del Ni\u00f1o<\/a><\/td><td class=\"column-2\">20 de noviembre de 1989 <\/td>\n<\/tr>\n<tr class=\"row-8\">\n\t<td class=\"column-1\"><a href=\"http:\/\/acnudh.org\/wp-content\/uploads\/2014\/10\/CoreTreatiessp.187-233.pdf\">Convenci\u00f3n internacional sobre la protecci\u00f3n de los derechos de todos los trabajadores migratorios y de sus familiares<\/a><\/td><td class=\"column-2\">18 de diciembre de  1990 <\/td>\n<\/tr>\n<tr class=\"row-9\">\n\t<td class=\"column-1\"><a href=\"http:\/\/acnudh.org\/wp-content\/uploads\/2014\/10\/newCoreTreatiessp-1-nuevos.53-76.pdf\">Convenci\u00f3n Internacional para la protecci\u00f3n de todas las personas contra las desapariciones forzadas<\/a><\/td><td class=\"column-2\">20 de diciembre de 2006<\/td>\n<\/tr>\n<tr class=\"row-10\">\n\t<td class=\"column-1\"><a href=\"http:\/\/acnudh.org\/wp-content\/uploads\/2014\/10\/newCoreTreatiessp-1-nuevos.7-46.pdf\">Convenci\u00f3n sobre los derechos de las personas con discapacidad<\/a><\/td><td class=\"column-2\">13 de diciembre de 2006 <\/td>\n<\/tr>\n<tr class=\"row-11\">\n\t<td class=\"column-1\"><a href=\"http:\/\/acnudh.org\/wp-content\/uploads\/2014\/10\/CoreTreatiessp.55-59.pdf\">Protocolo Facultativo del Pacto Internacional de Derechos Civiles y Pol\u00edticos<\/a><\/td><td class=\"column-2\">16 de diciembre de 1966 <\/td>\n<\/tr>\n<tr class=\"row-12\">\n\t<td class=\"column-1\"><a href=\"http:\/\/acnudh.org\/wp-content\/uploads\/2014\/10\/CoreTreatiessp.61-64.pdf\">Segundo Protocolo Facultativo del Pacto Internacional de Derechos Civiles y Pol\u00edticos,  destinado a abolir la pena de muerte<\/a><\/td><td class=\"column-2\">15 de diciembre de 1989 <\/td>\n<\/tr>\n<tr class=\"row-13\">\n\t<td class=\"column-1\"><a href=\"http:\/\/acnudh.org\/wp-content\/uploads\/2014\/10\/CoreTreatiessp.99-106.pdf\">Protocolo Facultativo de la Convenci\u00f3n sobre la eliminaci\u00f3n de todas las formas de discriminaci\u00f3n contra la mujer<\/a><\/td><td class=\"column-2\">10 de diciembre de 1999 <\/td>\n<\/tr>\n<tr class=\"row-14\">\n\t<td class=\"column-1\"><a href=\"http:\/\/acnudh.org\/wp-content\/uploads\/2014\/10\/CoreTreatiessp.145-152.pdf\">Protocolo facultativo de la Convenci\u00f3n sobre los Derechos del Ni\u00f1o relativo a la participaci\u00f3n de ni\u00f1os en los conflictos armados<\/a><\/td><td class=\"column-2\">25 de mayo de 2000 <\/td>\n<\/tr>\n<tr class=\"row-15\">\n\t<td class=\"column-1\"><a href=\"http:\/\/acnudh.org\/wp-content\/uploads\/2014\/10\/CoreTreatiessp.133-143.pdf\">Protocolo facultativo de la Convenci\u00f3n sobre los Derechos del Ni\u00f1o relativo a la venta de ni\u00f1os, la prostituci\u00f3n infantil y la utilizaci\u00f3n de ni\u00f1os en la pornograf\u00eda <\/a><\/td><td class=\"column-2\">25 de mayo de 2000 <\/td>\n<\/tr>\n<tr class=\"row-16\">\n\t<td class=\"column-1\"><a href=\"http:\/\/acnudh.org\/wp-content\/uploads\/2014\/10\/OPCAT.19-34.pdf\">Protocolo facultativo de la Convenci\u00f3n contra la Tortura y Otros Tratos o Penas Crueles, Inhumanos o Degradantes<\/a><\/td><td class=\"column-2\">18 de diciembre de 2002 <\/td>\n<\/tr>\n<tr class=\"row-17\">\n\t<td class=\"column-1\"><a href=\"http:\/\/acnudh.org\/wp-content\/uploads\/2014\/10\/newCoreTreatiessp-1-nuevos.47-52.pdf\">Protocolo facultativo de la Convenci\u00f3n sobre los derechos de las personas con discapacidad <\/a><\/td><td class=\"column-2\">12 de diciembre de 2006 <\/td>\n<\/tr>\n<tr class=\"row-18\">\n\t<td class=\"column-1\"><a href=\"http:\/\/acnudh.org\/wp-content\/uploads\/2014\/10\/PF-PIDESC.pdf\">Protocolo Facultativo del Pacto Internacional de Derechos Econ\u00f3micos, Sociales y Culturales<\/a><\/td><td class=\"column-2\">10 de diciembre de 2008 <\/td>\n<\/tr>\n<tr class=\"row-19\">\n\t<td class=\"column-1\"><a href=\"http:\/\/acnudh.org\/wp-content\/uploads\/2014\/10\/Protocolo-facultativo-de-la-Convenci%C3%B3n-sobre-los-Derechos-del-ni%C3%B1o-3.pdf\">Protocolo facultativo de la Convenci\u00f3n sobre los Derechos del Ni\u00f1o relativo a un procedimiento de comunicaciones<\/a><\/td><td class=\"column-2\">19 de diciembre de 2011 <\/td>\n<\/tr>\n<\/tbody>\n<\/table>\n<!-- #tablepress-tr-DDHH from cache --><\/div>\n\t\t\t\t<\/div>\n\t\t\t\t<\/div>\n\t\t\t\t\t\t<\/div>\n\t\t\t<\/div>\n\t\t<\/div>\n\t\t\t\t\t\t<\/div>\n\t\t\t<\/div>\n\t\t<\/section>\n\t\t\t\t\t\t<\/div>\n\t\t\t<\/div>\n\t\t<\/div>\n\t\t","protected":false},"excerpt":{"rendered":"<p>Tratados Internacionais sobre Direitos Humanos<\/p>\n","protected":false},"author":1,"featured_media":0,"parent":0,"menu_order":0,"comment_status":"closed","ping_status":"closed","template":"","meta":{"_uag_custom_page_level_css":"","site-sidebar-layout":"no-sidebar","site-content-layout":"page-builder","ast-site-content-layout":"","site-content-style":"default","site-sidebar-style":"default","ast-global-header-display":"","ast-banner-title-visibility":"","ast-main-header-display":"","ast-hfb-above-header-display":"","ast-hfb-below-header-display":"","ast-hfb-mobile-header-display":"","site-post-title":"disabled","ast-breadcrumbs-content":"","ast-featured-img":"disabled","footer-sml-layout":"","theme-transparent-header-meta":"","adv-header-id-meta":"","stick-header-meta":"","header-above-stick-meta":"","header-main-stick-meta":"","header-below-stick-meta":"","astra-migrate-meta-layouts":"default","ast-page-background-enabled":"default","ast-page-background-meta":{"desktop":{"background-color":"","background-image":"","background-repeat":"repeat","background-position":"center center","background-size":"auto","background-attachment":"scroll","background-type":"","background-media":"","overlay-type":"","overlay-color":"","overlay-opacity":"","overlay-gradient":""},"tablet":{"background-color":"","background-image":"","background-repeat":"repeat","background-position":"center center","background-size":"auto","background-attachment":"scroll","background-type":"","background-media":"","overlay-type":"","overlay-color":"","overlay-opacity":"","overlay-gradient":""},"mobile":{"background-color":"","background-image":"","background-repeat":"repeat","background-position":"center center","background-size":"auto","background-attachment":"scroll","background-type":"","background-media":"","overlay-type":"","overlay-color":"","overlay-opacity":"","overlay-gradient":""}},"ast-content-background-meta":{"desktop":{"background-color":"var(--ast-global-color-5)","background-image":"","background-repeat":"repeat","background-position":"center center","background-size":"auto","background-attachment":"scroll","background-type":"","background-media":"","overlay-type":"","overlay-color":"","overlay-opacity":"","overlay-gradient":""},"tablet":{"background-color":"var(--ast-global-color-5)","background-image":"","background-repeat":"repeat","background-position":"center center","background-size":"auto","background-attachment":"scroll","background-type":"","background-media":"","overlay-type":"","overlay-color":"","overlay-opacity":"","overlay-gradient":""},"mobile":{"background-color":"var(--ast-global-color-5)","background-image":"","background-repeat":"repeat","background-position":"center center","background-size":"auto","background-attachment":"scroll","background-type":"","background-media":"","overlay-type":"","overlay-color":"","overlay-opacity":"","overlay-gradient":""}},"footnotes":""},"class_list":["post-55999","page","type-page","status-publish","hentry"],"uagb_featured_image_src":{"full":false,"thumbnail":false,"medium":false,"medium_large":false,"large":false,"1536x1536":false,"2048x2048":false},"uagb_author_info":{"display_name":"acnudh","author_link":"https:\/\/acnudh.org\/pt-br\/author\/acnudh\/"},"uagb_comment_info":0,"uagb_excerpt":"Tratados Internacionais sobre Direitos Humanos","_links":{"self":[{"href":"https:\/\/acnudh.org\/pt-br\/wp-json\/wp\/v2\/pages\/55999","targetHints":{"allow":["GET"]}}],"collection":[{"href":"https:\/\/acnudh.org\/pt-br\/wp-json\/wp\/v2\/pages"}],"about":[{"href":"https:\/\/acnudh.org\/pt-br\/wp-json\/wp\/v2\/types\/page"}],"author":[{"embeddable":true,"href":"https:\/\/acnudh.org\/pt-br\/wp-json\/wp\/v2\/users\/1"}],"replies":[{"embeddable":true,"href":"https:\/\/acnudh.org\/pt-br\/wp-json\/wp\/v2\/comments?post=55999"}],"version-history":[{"count":1,"href":"https:\/\/acnudh.org\/pt-br\/wp-json\/wp\/v2\/pages\/55999\/revisions"}],"predecessor-version":[{"id":56000,"href":"https:\/\/acnudh.org\/pt-br\/wp-json\/wp\/v2\/pages\/55999\/revisions\/56000"}],"wp:attachment":[{"href":"https:\/\/acnudh.org\/pt-br\/wp-json\/wp\/v2\/media?parent=55999"}],"curies":[{"name":"wp","href":"https:\/\/api.w.org\/{rel}","templated":true}]}}