{"id":55995,"date":"2019-04-16T19:04:11","date_gmt":"2019-04-16T22:04:11","guid":{"rendered":"http:\/\/acnudh.org\/storytelling\/"},"modified":"2019-07-26T11:20:02","modified_gmt":"2019-07-26T15:20:02","slug":"storytelling","status":"publish","type":"page","link":"https:\/\/acnudh.org\/pt-br\/storytelling\/","title":{"rendered":"Nossas Hist\u00f3rias"},"content":{"rendered":"\t\t<div data-elementor-type=\"wp-post\" data-elementor-id=\"55995\" class=\"elementor elementor-55995 elementor-37812\" data-elementor-settings=\"[]\">\n\t\t\t<div class=\"elementor-inner\">\n\t\t\t\t<div class=\"elementor-section-wrap\">\n\t\t\t\t\t\t\t<section class=\"elementor-element elementor-element-c490661 elementor-section-height-min-height elementor-section-boxed elementor-section-height-default elementor-section-items-middle elementor-section elementor-top-section\" data-id=\"c490661\" data-element_type=\"section\">\n\t\t\t\t\t\t<div class=\"elementor-container elementor-column-gap-default\">\n\t\t\t\t<div class=\"elementor-row\">\n\t\t\t\t<div class=\"elementor-element elementor-element-fc2345d elementor-column elementor-col-100 elementor-top-column\" data-id=\"fc2345d\" data-element_type=\"column\">\n\t\t\t<div class=\"elementor-column-wrap  elementor-element-populated\">\n\t\t\t\t\t<div class=\"elementor-widget-wrap\">\n\t\t\t\t<div class=\"elementor-element elementor-element-a2dbb53 elementor-widget elementor-widget-heading\" data-id=\"a2dbb53\" data-element_type=\"widget\" data-widget_type=\"heading.default\">\n\t\t\t\t<div class=\"elementor-widget-container\">\n\t\t\t<h1 class=\"elementor-heading-title elementor-size-default\">Nossas Hist\u00f3rias<\/h1>\t\t<\/div>\n\t\t\t\t<\/div>\n\t\t\t\t<div class=\"elementor-element elementor-element-c265879 elementor-widget elementor-widget-heading\" data-id=\"c265879\" data-element_type=\"widget\" data-widget_type=\"heading.default\">\n\t\t\t\t<div class=\"elementor-widget-container\">\n\t\t\t<h5 class=\"elementor-heading-title elementor-size-default\">Hist\u00f3rias de experi\u00eancias colaborativas e trabalho conjunto sobre direitos humanos entre o Escrit\u00f3rio do ACNUDH para a Am\u00e9rica do Sul e v\u00e1rias organiza\u00e7\u00f5es da sociedade civil, institui\u00e7\u00f5es e estados da regi\u00e3o.<\/h5>\t\t<\/div>\n\t\t\t\t<\/div>\n\t\t\t\t\t\t<\/div>\n\t\t\t<\/div>\n\t\t<\/div>\n\t\t\t\t\t\t<\/div>\n\t\t\t<\/div>\n\t\t<\/section>\n\t\t\t\t<section class=\"elementor-element elementor-element-3ca7aed elementor-section-boxed elementor-section-height-default elementor-section-height-default elementor-section elementor-top-section\" data-id=\"3ca7aed\" data-element_type=\"section\">\n\t\t\t\t\t\t<div class=\"elementor-container elementor-column-gap-default\">\n\t\t\t\t<div class=\"elementor-row\">\n\t\t\t\t<div class=\"elementor-element elementor-element-6327ed5 elementor-column elementor-col-100 elementor-top-column\" data-id=\"6327ed5\" data-element_type=\"column\">\n\t\t\t<div class=\"elementor-column-wrap  elementor-element-populated\">\n\t\t\t\t\t<div class=\"elementor-widget-wrap\">\n\t\t\t\t<div class=\"elementor-element elementor-element-d90e1ef uael-post__link-complete-yes uael-equal__height-yes elementor-widget elementor-widget-uael-posts\" data-id=\"d90e1ef\" data-element_type=\"widget\" data-widget_type=\"uael-posts.classic\">\n\t\t\t\t<div class=\"elementor-widget-container\">\n\t\t\t\t\t<div class=\"uael-post__header\">\r\n\t\t\t\t\t<\/div>\r\n\t\t<div class=\"uael-post__body\">\r\n\t\t\t\r\n\t\t\r\n\t\t<div class=\"uael-blog-terms-position- uael-post-image-background uael-post-grid uael-posts\" data-query-type=\"custom\" data-structure=\"normal\" data-layout=\"\" data-page=\"55995\" data-skin=\"classic\" >\r\n\r\n\t\t\t\t\t\t\t<div class=\"uael-post-grid__inner uael-post__columns-3 uael-post__columns-tablet-2 uael-post__columns-mobile-1 uael-post-infinite-scroll uael-post-infinite__event-scroll\">\r\n\t\t\t\n\n<div class=\"uael-post-wrapper  \">\n\t<div class=\"uael-post__bg-wrap\">\n\n\t\t\t\t\t<a href=\"https:\/\/acnudh.org\/pt-br\/story\/70502\/\" target=\"_self\" class=\"uael-post__complete-box-overlay\"><\/a>\n\t\t\t\t\n\t\t<div class=\"uael-post__inner-wrap\">\n\n\t\t\t\t<div class=\"uael-post__thumbnail\">\r\n\t\t\t<a href=\"javascript:void(0);\" title=\"\u201cLa defensa de los derechos humanos es una tarea sin fin\u201d, afirma Michelle Bachelet\"><img loading=\"lazy\" decoding=\"async\" width=\"971\" height=\"503\" src=\"https:\/\/acnudh.org\/wp-content\/uploads\/2022\/09\/Hero-journey-defend-HR-never-ends-Main-Story-Photo-e1662043453387.jpeg\" class=\"attachment-full size-full\" alt=\"\" srcset=\"https:\/\/acnudh.org\/wp-content\/uploads\/2022\/09\/Hero-journey-defend-HR-never-ends-Main-Story-Photo-e1662043453387.jpeg 971w, https:\/\/acnudh.org\/wp-content\/uploads\/2022\/09\/Hero-journey-defend-HR-never-ends-Main-Story-Photo-e1662043453387-400x207.jpeg 400w, https:\/\/acnudh.org\/wp-content\/uploads\/2022\/09\/Hero-journey-defend-HR-never-ends-Main-Story-Photo-e1662043453387-580x300.jpeg 580w\" sizes=\"auto, (max-width: 971px) 100vw, 971px\" \/><\/a>\r\n\t\t\t\t\t<\/div>\r\n\t\t\n\t\t\t\n\t\t\t<div class=\"uael-post__content-wrap\">\n\t\t\t\t\t<h3 class=\"uael-post__title\">\r\n\r\n\t\t\r\n\t\t\t\t\t\t<a href=\"https:\/\/acnudh.org\/pt-br\/story\/70502\/\" target=\"_self\">\r\n\t\t\t\t\u201cLa defensa de los derechos humanos es una tarea sin fin\u201d, afirma Michelle Bachelet\t\t\t<\/a>\r\n\r\n\t\t\t\t<\/h3>\r\n\t\t\t\t\t<div class=\"uael-post__meta-data\">\r\n\t\t\t\t\t<span class=\"uael-post__date\">\r\n\t\t\t\t\t\t31 de agosto de 2022\t\t<\/span>\r\n\t\t\t\t<\/div>\r\n\t\t\r\n\t\t<div class=\"uael-post__excerpt\">\r\n\t\t\t<p>31 de agosto de 2022 &#8211; \u201cEl mundo ha cambiado en varios aspectos esenciales durante &#8230;<\/p>\n\t\t<\/div>\r\n\r\n\t\t\t\t\t<\/div>\n\t\t\t\n\t\t<\/div>\n\t\t\n\t<\/div>\n\n<\/div>\n\n\n<div class=\"uael-post-wrapper  \">\n\t<div class=\"uael-post__bg-wrap\">\n\n\t\t\t\t\t<a href=\"https:\/\/acnudh.org\/pt-br\/story\/el-proceso-constitucional-en-chile-una-oportunidad-historica-para-consolidar-los-derechos-humanos\/\" target=\"_self\" class=\"uael-post__complete-box-overlay\"><\/a>\n\t\t\t\t\n\t\t<div class=\"uael-post__inner-wrap\">\n\n\t\t\t\t<div class=\"uael-post__thumbnail\">\r\n\t\t\t<a href=\"javascript:void(0);\" title=\"El proceso constitucional en Chile: una oportunidad hist\u00f3rica para consolidar los derechos humanos\"><img loading=\"lazy\" decoding=\"async\" width=\"2560\" height=\"1707\" src=\"https:\/\/acnudh.org\/wp-content\/uploads\/2022\/06\/2020-10-26T012645Z_7440873_RC21QJ95Y5IU_RTRMADP_3_CHILE-CONSTITUTION-scaled.jpg\" class=\"attachment-full size-full\" alt=\"\" srcset=\"https:\/\/acnudh.org\/wp-content\/uploads\/2022\/06\/2020-10-26T012645Z_7440873_RC21QJ95Y5IU_RTRMADP_3_CHILE-CONSTITUTION-scaled.jpg 2560w, https:\/\/acnudh.org\/wp-content\/uploads\/2022\/06\/2020-10-26T012645Z_7440873_RC21QJ95Y5IU_RTRMADP_3_CHILE-CONSTITUTION-400x267.jpg 400w, https:\/\/acnudh.org\/wp-content\/uploads\/2022\/06\/2020-10-26T012645Z_7440873_RC21QJ95Y5IU_RTRMADP_3_CHILE-CONSTITUTION-580x387.jpg 580w, https:\/\/acnudh.org\/wp-content\/uploads\/2022\/06\/2020-10-26T012645Z_7440873_RC21QJ95Y5IU_RTRMADP_3_CHILE-CONSTITUTION-1536x1024.jpg 1536w, https:\/\/acnudh.org\/wp-content\/uploads\/2022\/06\/2020-10-26T012645Z_7440873_RC21QJ95Y5IU_RTRMADP_3_CHILE-CONSTITUTION-2048x1365.jpg 2048w\" sizes=\"auto, (max-width: 2560px) 100vw, 2560px\" \/><\/a>\r\n\t\t\t\t\t<\/div>\r\n\t\t\n\t\t\t\n\t\t\t<div class=\"uael-post__content-wrap\">\n\t\t\t\t\t<h3 class=\"uael-post__title\">\r\n\r\n\t\t\r\n\t\t\t\t\t\t<a href=\"https:\/\/acnudh.org\/pt-br\/story\/el-proceso-constitucional-en-chile-una-oportunidad-historica-para-consolidar-los-derechos-humanos\/\" target=\"_self\">\r\n\t\t\t\tEl proceso constitucional en Chile: una oportunidad hist\u00f3rica para consolidar los derechos humanos\t\t\t<\/a>\r\n\r\n\t\t\t\t<\/h3>\r\n\t\t\t\t\t<div class=\"uael-post__meta-data\">\r\n\t\t\t\t\t<span class=\"uael-post__date\">\r\n\t\t\t\t\t\t13 de junho de 2022\t\t<\/span>\r\n\t\t\t\t<\/div>\r\n\t\t\r\n\t\t<div class=\"uael-post__excerpt\">\r\n\t\t\t<p>8 de junio de 2022 &#8211; Cuando era una ni\u00f1a de 10 a\u00f1os en la &#8230;<\/p>\n\t\t<\/div>\r\n\r\n\t\t\t\t\t<\/div>\n\t\t\t\n\t\t<\/div>\n\t\t\n\t<\/div>\n\n<\/div>\n\n\n<div class=\"uael-post-wrapper  \">\n\t<div class=\"uael-post__bg-wrap\">\n\n\t\t\t\t\t<a href=\"https:\/\/acnudh.org\/pt-br\/story\/roberto-garreton-merino-una-vida-al-servicio-de-los-derechos-humanos\/\" target=\"_self\" class=\"uael-post__complete-box-overlay\"><\/a>\n\t\t\t\t\n\t\t<div class=\"uael-post__inner-wrap\">\n\n\t\t\t\t<div class=\"uael-post__thumbnail\">\r\n\t\t\t<a href=\"javascript:void(0);\" title=\"Roberto Garret\u00f3n Merino: Una vida al servicio de los derechos humanos\"><img loading=\"lazy\" decoding=\"async\" width=\"1794\" height=\"1207\" src=\"https:\/\/acnudh.org\/wp-content\/uploads\/2022\/01\/12-1-1.jpg\" class=\"attachment-full size-full\" alt=\"Roberto Garret\u00f3n\" srcset=\"https:\/\/acnudh.org\/wp-content\/uploads\/2022\/01\/12-1-1.jpg 1794w, https:\/\/acnudh.org\/wp-content\/uploads\/2022\/01\/12-1-1-400x269.jpg 400w, https:\/\/acnudh.org\/wp-content\/uploads\/2022\/01\/12-1-1-580x390.jpg 580w\" sizes=\"auto, (max-width: 1794px) 100vw, 1794px\" \/><\/a>\r\n\t\t\t\t\t<\/div>\r\n\t\t\n\t\t\t\n\t\t\t<div class=\"uael-post__content-wrap\">\n\t\t\t\t\t<h3 class=\"uael-post__title\">\r\n\r\n\t\t\r\n\t\t\t\t\t\t<a href=\"https:\/\/acnudh.org\/pt-br\/story\/roberto-garreton-merino-una-vida-al-servicio-de-los-derechos-humanos\/\" target=\"_self\">\r\n\t\t\t\tRoberto Garret\u00f3n Merino: Una vida al servicio de los derechos humanos\t\t\t<\/a>\r\n\r\n\t\t\t\t<\/h3>\r\n\t\t\t\t\t<div class=\"uael-post__meta-data\">\r\n\t\t\t\t\t<span class=\"uael-post__date\">\r\n\t\t\t\t\t\t26 de janeiro de 2022\t\t<\/span>\r\n\t\t\t\t<\/div>\r\n\t\t\r\n\t\t<div class=\"uael-post__excerpt\">\r\n\t\t\t<p>La Alta Comisionada de las Naciones Unidas para los Derechos Humanos, Michelle Bachelet, colegas y amigos rinden tributo al abogado chileno y gran defensor de los derechos humanos, a un mes de su partida.<\/p>\n\t\t<\/div>\r\n\r\n\t\t\t\t\t<\/div>\n\t\t\t\n\t\t<\/div>\n\t\t\n\t<\/div>\n\n<\/div>\n\n\n<div class=\"uael-post-wrapper  \">\n\t<div class=\"uael-post__bg-wrap\">\n\n\t\t\t\t\t<a href=\"https:\/\/acnudh.org\/pt-br\/story\/victimas-de-tortura-sexual-buscan-justicia-en-uruguay\/\" target=\"_self\" class=\"uael-post__complete-box-overlay\"><\/a>\n\t\t\t\t\n\t\t<div class=\"uael-post__inner-wrap\">\n\n\t\t\t\t<div class=\"uael-post__thumbnail\">\r\n\t\t\t<a href=\"javascript:void(0);\" title=\"V\u00edctimas de tortura sexual buscan justicia en Uruguay\"><img loading=\"lazy\" decoding=\"async\" width=\"920\" height=\"500\" src=\"https:\/\/acnudh.org\/wp-content\/uploads\/2021\/10\/SeekingJusticeUruguay_920x500.jpeg\" class=\"attachment-full size-full\" alt=\"\" srcset=\"https:\/\/acnudh.org\/wp-content\/uploads\/2021\/10\/SeekingJusticeUruguay_920x500.jpeg 920w, https:\/\/acnudh.org\/wp-content\/uploads\/2021\/10\/SeekingJusticeUruguay_920x500-400x217.jpeg 400w, https:\/\/acnudh.org\/wp-content\/uploads\/2021\/10\/SeekingJusticeUruguay_920x500-580x315.jpeg 580w\" sizes=\"auto, (max-width: 920px) 100vw, 920px\" \/><\/a>\r\n\t\t\t\t\t<\/div>\r\n\t\t\n\t\t\t\n\t\t\t<div class=\"uael-post__content-wrap\">\n\t\t\t\t\t<h3 class=\"uael-post__title\">\r\n\r\n\t\t\r\n\t\t\t\t\t\t<a href=\"https:\/\/acnudh.org\/pt-br\/story\/victimas-de-tortura-sexual-buscan-justicia-en-uruguay\/\" target=\"_self\">\r\n\t\t\t\tV\u00edctimas de tortura sexual buscan justicia en Uruguay\t\t\t<\/a>\r\n\r\n\t\t\t\t<\/h3>\r\n\t\t\t\t\t<div class=\"uael-post__meta-data\">\r\n\t\t\t\t\t<span class=\"uael-post__date\">\r\n\t\t\t\t\t\t28 de outubro de 2021\t\t<\/span>\r\n\t\t\t\t<\/div>\r\n\t\t\r\n\t\t<div class=\"uael-post__excerpt\">\r\n\t\t\t<p>Un grupo de 28 mujeres se ha puesto de pie para responsabilizar a m\u00e1s de 100 personas por torturas y agresiones sexuales cometidas por el r\u00e9gimen militar que gobern\u00f3 el pa\u00eds entre 1973 y 1985.<\/p>\n\t\t<\/div>\r\n\r\n\t\t\t\t\t<\/div>\n\t\t\t\n\t\t<\/div>\n\t\t\n\t<\/div>\n\n<\/div>\n\n\n<div class=\"uael-post-wrapper  \">\n\t<div class=\"uael-post__bg-wrap\">\n\n\t\t\t\t\t<a href=\"https:\/\/acnudh.org\/pt-br\/story\/es-preciso-reforzar-la-proteccion-social-antes-de-la-proxima-crisis\/\" target=\"_self\" class=\"uael-post__complete-box-overlay\"><\/a>\n\t\t\t\t\n\t\t<div class=\"uael-post__inner-wrap\">\n\n\t\t\t\t<div class=\"uael-post__thumbnail\">\r\n\t\t\t<a href=\"javascript:void(0);\" title=\"Es preciso reforzar la protecci\u00f3n social antes de la pr\u00f3xima crisis\"><img loading=\"lazy\" decoding=\"async\" width=\"920\" height=\"500\" src=\"https:\/\/acnudh.org\/wp-content\/uploads\/2021\/08\/011_ExtremePoverty_hp.jpg\" class=\"attachment-full size-full\" alt=\"\" srcset=\"https:\/\/acnudh.org\/wp-content\/uploads\/2021\/08\/011_ExtremePoverty_hp.jpg 920w, https:\/\/acnudh.org\/wp-content\/uploads\/2021\/08\/011_ExtremePoverty_hp-400x217.jpg 400w, https:\/\/acnudh.org\/wp-content\/uploads\/2021\/08\/011_ExtremePoverty_hp-580x315.jpg 580w\" sizes=\"auto, (max-width: 920px) 100vw, 920px\" \/><\/a>\r\n\t\t\t\t\t<\/div>\r\n\t\t\n\t\t\t\n\t\t\t<div class=\"uael-post__content-wrap\">\n\t\t\t\t\t<h3 class=\"uael-post__title\">\r\n\r\n\t\t\r\n\t\t\t\t\t\t<a href=\"https:\/\/acnudh.org\/pt-br\/story\/es-preciso-reforzar-la-proteccion-social-antes-de-la-proxima-crisis\/\" target=\"_self\">\r\n\t\t\t\tEs preciso reforzar la protecci\u00f3n social antes de la pr\u00f3xima crisis\t\t\t<\/a>\r\n\r\n\t\t\t\t<\/h3>\r\n\t\t\t\t\t<div class=\"uael-post__meta-data\">\r\n\t\t\t\t\t<span class=\"uael-post__date\">\r\n\t\t\t\t\t\t29 de julho de 2021\t\t<\/span>\r\n\t\t\t\t<\/div>\r\n\t\t\r\n\t\t<div class=\"uael-post__excerpt\">\r\n\t\t\t<p>En su \u00faltimo informe, el experto ONU Olivier de Schutter afirma que los millones de personas sumidos en la pobreza extrema a causa de la pandemia de COVID-19 deber\u00edan representar una severa advertencia.  <\/p>\n\t\t<\/div>\r\n\r\n\t\t\t\t\t<\/div>\n\t\t\t\n\t\t<\/div>\n\t\t\n\t<\/div>\n\n<\/div>\n\n\n<div class=\"uael-post-wrapper  \">\n\t<div class=\"uael-post__bg-wrap\">\n\n\t\t\t\t\t<a href=\"https:\/\/acnudh.org\/pt-br\/story\/mujeres-afrodescendientes-y-latinoamericanas-voces-por-los-derechos-en-todo-un-continente\/\" target=\"_self\" class=\"uael-post__complete-box-overlay\"><\/a>\n\t\t\t\t\n\t\t<div class=\"uael-post__inner-wrap\">\n\n\t\t\t\t<div class=\"uael-post__thumbnail\">\r\n\t\t\t<a href=\"javascript:void(0);\" title=\"Mulheres, negras e latino-americanas: vozes que ecoam por direitos em todo um continente\"><img loading=\"lazy\" decoding=\"async\" width=\"2880\" height=\"1528\" src=\"https:\/\/acnudh.org\/wp-content\/uploads\/2021\/07\/cover-webstory.jpg\" class=\"attachment-full size-full\" alt=\"\" srcset=\"https:\/\/acnudh.org\/wp-content\/uploads\/2021\/07\/cover-webstory.jpg 2880w, https:\/\/acnudh.org\/wp-content\/uploads\/2021\/07\/cover-webstory-400x212.jpg 400w, https:\/\/acnudh.org\/wp-content\/uploads\/2021\/07\/cover-webstory-580x308.jpg 580w\" sizes=\"auto, (max-width: 2880px) 100vw, 2880px\" \/><\/a>\r\n\t\t\t\t\t<\/div>\r\n\t\t\n\t\t\t\n\t\t\t<div class=\"uael-post__content-wrap\">\n\t\t\t\t\t<h3 class=\"uael-post__title\">\r\n\r\n\t\t\r\n\t\t\t\t\t\t<a href=\"https:\/\/acnudh.org\/pt-br\/story\/mujeres-afrodescendientes-y-latinoamericanas-voces-por-los-derechos-en-todo-un-continente\/\" target=\"_self\">\r\n\t\t\t\tMulheres, negras e latino-americanas: vozes que ecoam por direitos em todo um continente\t\t\t<\/a>\r\n\r\n\t\t\t\t<\/h3>\r\n\t\t\t\t\t<div class=\"uael-post__meta-data\">\r\n\t\t\t\t\t<span class=\"uael-post__date\">\r\n\t\t\t\t\t\t25 de julho de 2021\t\t<\/span>\r\n\t\t\t\t<\/div>\r\n\t\t\r\n\t\t<div class=\"uael-post__excerpt\">\r\n\t\t\t<p>Na data-s\u00edmbolo de sua for\u00e7a e luta, conhe\u00e7a quatro mulheres negras lideran\u00e7as do ativismo pelos seus direitos na nossa regi\u00e3o<\/p>\n\t\t<\/div>\r\n\r\n\t\t\t\t\t<\/div>\n\t\t\t\n\t\t<\/div>\n\t\t\n\t<\/div>\n\n<\/div>\n\t\t\t\t<\/div>\r\n\t\t\t\t\t\t<div class=\"uael-post-inf-loader\">\r\n\t\t\t\t<div class=\"uael-post-loader-1\"><\/div>\r\n\t\t\t\t<div class=\"uael-post-loader-2\"><\/div>\r\n\t\t\t\t<div class=\"uael-post-loader-3\"><\/div>\r\n\t\t\t<\/div>\r\n\t\t\t\t\t\t\r\n\t\t<\/div>\r\n\r\n\t\t\t\t\t\t<\/div>\r\n\t\t<div class=\"uael-post__footer\">\r\n\t\t\t\t\t\t<nav class=\"uael-grid-pagination\" style=\"display:none;\" role=\"navigation\" aria-label=\"Pagination\" data-total=\"5\">\r\n\t\t\t\t<span aria-current=\"page\" class=\"page-numbers current\">1<\/span>\n<a class=\"page-numbers\" href=\"https:\/\/acnudh.org\/pt-br\/wp-json\/wp\/v2\/pages\/55995\/page\/2\/\">2<\/a>\n<a class=\"page-numbers\" href=\"https:\/\/acnudh.org\/pt-br\/wp-json\/wp\/v2\/pages\/55995\/page\/3\/\">3<\/a>\n<span class=\"page-numbers dots\">&hellip;<\/span>\n<a class=\"page-numbers\" href=\"https:\/\/acnudh.org\/pt-br\/wp-json\/wp\/v2\/pages\/55995\/page\/5\/\">5<\/a>\n<a class=\"next page-numbers\" href=\"https:\/\/acnudh.org\/pt-br\/wp-json\/wp\/v2\/pages\/55995\/page\/2\/\">Pr\u00f3ximo &raquo;<\/a>\t\t\t<\/nav>\r\n\t\t\t\t\t<\/div>\r\n\t\t\t\t<\/div>\n\t\t\t\t<\/div>\n\t\t\t\t\t\t<\/div>\n\t\t\t<\/div>\n\t\t<\/div>\n\t\t\t\t\t\t<\/div>\n\t\t\t<\/div>\n\t\t<\/section>\n\t\t\t\t\t\t<\/div>\n\t\t\t<\/div>\n\t\t<\/div>\n\t\t","protected":false},"excerpt":{"rendered":"<p>Nossas Hist\u00f3rias Hist\u00f3rias de experi\u00eancias colaborativas e trabalho conjunto sobre direitos humanos entre o Escrit\u00f3rio do ACNUDH para a Am\u00e9rica do Sul e v\u00e1rias organiza\u00e7\u00f5es da sociedade civil, institui\u00e7\u00f5es e estados da regi\u00e3o. Maratones en Wikipedia: editando por los derechos humanos en Argentina 19 julio, 2019 19 de julio de 2019 &#8211; Gianluca es un [&hellip;]<\/p>\n","protected":false},"author":1,"featured_media":0,"parent":0,"menu_order":0,"comment_status":"closed","ping_status":"closed","template":"elementor_header_footer","meta":{"_uag_custom_page_level_css":"","site-sidebar-layout":"no-sidebar","site-content-layout":"page-builder","ast-site-content-layout":"","site-content-style":"default","site-sidebar-style":"default","ast-global-header-display":"","ast-banner-title-visibility":"","ast-main-header-display":"disabled","ast-hfb-above-header-display":"","ast-hfb-below-header-display":"","ast-hfb-mobile-header-display":"","site-post-title":"disabled","ast-breadcrumbs-content":"","ast-featured-img":"disabled","footer-sml-layout":"disabled","theme-transparent-header-meta":"default","adv-header-id-meta":"","stick-header-meta":"default","header-above-stick-meta":"","header-main-stick-meta":"","header-below-stick-meta":"","astra-migrate-meta-layouts":"default","ast-page-background-enabled":"default","ast-page-background-meta":{"desktop":{"background-color":"","background-image":"","background-repeat":"repeat","background-position":"center center","background-size":"auto","background-attachment":"scroll","background-type":"","background-media":"","overlay-type":"","overlay-color":"","overlay-opacity":"","overlay-gradient":""},"tablet":{"background-color":"","background-image":"","background-repeat":"repeat","background-position":"center center","background-size":"auto","background-attachment":"scroll","background-type":"","background-media":"","overlay-type":"","overlay-color":"","overlay-opacity":"","overlay-gradient":""},"mobile":{"background-color":"","background-image":"","background-repeat":"repeat","background-position":"center center","background-size":"auto","background-attachment":"scroll","background-type":"","background-media":"","overlay-type":"","overlay-color":"","overlay-opacity":"","overlay-gradient":""}},"ast-content-background-meta":{"desktop":{"background-color":"var(--ast-global-color-5)","background-image":"","background-repeat":"repeat","background-position":"center center","background-size":"auto","background-attachment":"scroll","background-type":"","background-media":"","overlay-type":"","overlay-color":"","overlay-opacity":"","overlay-gradient":""},"tablet":{"background-color":"var(--ast-global-color-5)","background-image":"","background-repeat":"repeat","background-position":"center center","background-size":"auto","background-attachment":"scroll","background-type":"","background-media":"","overlay-type":"","overlay-color":"","overlay-opacity":"","overlay-gradient":""},"mobile":{"background-color":"var(--ast-global-color-5)","background-image":"","background-repeat":"repeat","background-position":"center center","background-size":"auto","background-attachment":"scroll","background-type":"","background-media":"","overlay-type":"","overlay-color":"","overlay-opacity":"","overlay-gradient":""}},"footnotes":""},"class_list":["post-55995","page","type-page","status-publish","hentry"],"uagb_featured_image_src":{"full":false,"thumbnail":false,"medium":false,"medium_large":false,"large":false,"1536x1536":false,"2048x2048":false},"uagb_author_info":{"display_name":"acnudh","author_link":"https:\/\/acnudh.org\/pt-br\/author\/acnudh\/"},"uagb_comment_info":0,"uagb_excerpt":"Nossas Hist\u00f3rias Hist\u00f3rias de experi\u00eancias colaborativas e trabalho conjunto sobre direitos humanos entre o Escrit\u00f3rio do ACNUDH para a Am\u00e9rica do Sul e v\u00e1rias organiza\u00e7\u00f5es da sociedade civil, institui\u00e7\u00f5es e estados da regi\u00e3o. Maratones en Wikipedia: editando por los derechos humanos en Argentina 19 julio, 2019 19 de julio de 2019 &#8211; Gianluca es un&hellip;","_links":{"self":[{"href":"https:\/\/acnudh.org\/pt-br\/wp-json\/wp\/v2\/pages\/55995","targetHints":{"allow":["GET"]}}],"collection":[{"href":"https:\/\/acnudh.org\/pt-br\/wp-json\/wp\/v2\/pages"}],"about":[{"href":"https:\/\/acnudh.org\/pt-br\/wp-json\/wp\/v2\/types\/page"}],"author":[{"embeddable":true,"href":"https:\/\/acnudh.org\/pt-br\/wp-json\/wp\/v2\/users\/1"}],"replies":[{"embeddable":true,"href":"https:\/\/acnudh.org\/pt-br\/wp-json\/wp\/v2\/comments?post=55995"}],"version-history":[{"count":6,"href":"https:\/\/acnudh.org\/pt-br\/wp-json\/wp\/v2\/pages\/55995\/revisions"}],"predecessor-version":[{"id":59079,"href":"https:\/\/acnudh.org\/pt-br\/wp-json\/wp\/v2\/pages\/55995\/revisions\/59079"}],"wp:attachment":[{"href":"https:\/\/acnudh.org\/pt-br\/wp-json\/wp\/v2\/media?parent=55995"}],"curies":[{"name":"wp","href":"https:\/\/api.w.org\/{rel}","templated":true}]}}