{"id":55972,"date":"2019-04-04T13:13:01","date_gmt":"2019-04-04T16:13:01","guid":{"rendered":"http:\/\/acnudh.org\/noticias-2\/"},"modified":"2019-07-24T15:01:09","modified_gmt":"2019-07-24T19:01:09","slug":"noticias-2","status":"publish","type":"page","link":"https:\/\/acnudh.org\/pt-br\/noticias-2\/","title":{"rendered":"Not\u00edcias"},"content":{"rendered":"\t\t<div data-elementor-type=\"wp-post\" data-elementor-id=\"55972\" class=\"elementor elementor-55972 elementor-37345\" data-elementor-settings=\"[]\">\n\t\t\t<div class=\"elementor-inner\">\n\t\t\t\t<div class=\"elementor-section-wrap\">\n\t\t\t\t\t\t\t<section class=\"elementor-element elementor-element-d11b728 elementor-section-height-min-height elementor-section-boxed elementor-section-height-default elementor-section-items-middle elementor-section elementor-top-section\" data-id=\"d11b728\" data-element_type=\"section\" data-settings=\"{&quot;background_background&quot;:&quot;video&quot;,&quot;background_video_link&quot;:&quot;https:\\\/\\\/youtu.be\\\/69fiIZJTJ_U&quot;}\">\n\t\t\t\t\t\t\t\t<div class=\"elementor-background-video-container elementor-hidden-phone\">\n\t\t\t\t\t\t\t\t\t\t\t\t\t<div class=\"elementor-background-video-embed\"><\/div>\n\t\t\t\t\t\t\t\t\t\t\t\t<\/div>\n\t\t\t\t\t\t\t\t\t<div class=\"elementor-background-overlay\"><\/div>\n\t\t\t\t\t\t\t<div class=\"elementor-container elementor-column-gap-default\">\n\t\t\t\t<div class=\"elementor-row\">\n\t\t\t\t<div class=\"elementor-element elementor-element-95c6f06 elementor-column elementor-col-100 elementor-top-column\" data-id=\"95c6f06\" data-element_type=\"column\">\n\t\t\t<div class=\"elementor-column-wrap  elementor-element-populated\">\n\t\t\t\t\t<div class=\"elementor-widget-wrap\">\n\t\t\t\t<div class=\"elementor-element elementor-element-6bde19c elementor-widget elementor-widget-heading\" data-id=\"6bde19c\" data-element_type=\"widget\" data-widget_type=\"heading.default\">\n\t\t\t\t<div class=\"elementor-widget-container\">\n\t\t\t<h3 class=\"elementor-heading-title elementor-size-large\">Not\u00edcias<\/h3>\t\t<\/div>\n\t\t\t\t<\/div>\n\t\t\t\t<div class=\"elementor-element elementor-element-1634671 elementor-view-default elementor-widget elementor-widget-icon\" data-id=\"1634671\" data-element_type=\"widget\" data-widget_type=\"icon.default\">\n\t\t\t\t<div class=\"elementor-widget-container\">\n\t\t\t\t\t<div class=\"elementor-icon-wrapper\">\n\t\t\t<div class=\"elementor-icon\">\n\t\t\t\t\t\t\t<i class=\"fa fa-arrow-down\" aria-hidden=\"true\"><\/i>\n\t\t\t\t\t\t<\/div>\n\t\t<\/div>\n\t\t\t\t<\/div>\n\t\t\t\t<\/div>\n\t\t\t\t\t\t<\/div>\n\t\t\t<\/div>\n\t\t<\/div>\n\t\t\t\t\t\t<\/div>\n\t\t\t<\/div>\n\t\t<\/section>\n\t\t\t\t<section class=\"elementor-element elementor-element-d87b4a3 elementor-section-boxed elementor-section-height-default elementor-section-height-default elementor-section elementor-top-section\" data-id=\"d87b4a3\" data-element_type=\"section\">\n\t\t\t\t\t\t<div class=\"elementor-container elementor-column-gap-default\">\n\t\t\t\t<div class=\"elementor-row\">\n\t\t\t\t<div class=\"elementor-element elementor-element-1fde900 elementor-column elementor-col-100 elementor-top-column\" data-id=\"1fde900\" data-element_type=\"column\">\n\t\t\t<div class=\"elementor-column-wrap  elementor-element-populated\">\n\t\t\t\t\t<div class=\"elementor-widget-wrap\">\n\t\t\t\t<div class=\"elementor-element elementor-element-e06af95 uael-post__link-complete-yes uael-equal__height-yes uael-post__filter-align-center elementor-widget elementor-widget-uael-posts\" data-id=\"e06af95\" data-element_type=\"widget\" data-widget_type=\"uael-posts.classic\">\n\t\t\t\t<div class=\"elementor-widget-container\">\n\t\t\t\t\t<div class=\"uael-post__header\">\r\n\t\t\t\t\t<div class=\"uael-post__header-filters-wrap uael-posts-tabs-dropdown\">\r\n\t\t\t<ul class=\"uael-post__header-filters\">\r\n\t\t\t\t<li class=\"uael-post__header-filter uael-filter__current\" data-filter=\"*\">Todas<\/li>\r\n\t\t\t\t\t\t\t<\/ul>\r\n\r\n\t\t\t\t\t\t\t<div class=\"uael-filters-dropdown\">\r\n\t\t\t\t\t<div class=\"uael-filters-dropdown-button\">Todas<i class=\"fa fa-angle-down\"><\/i><\/div>\r\n\r\n\t\t\t\t\t<ul class=\"uael-filters-dropdown-list uael-post__header-filters\">\r\n\t\t\t\t\t\t<li class=\"uael-filters-dropdown-item uael-post__header-filter uael-filter__current\" data-filter=\"*\">Todas<\/li>\r\n\t\t\t\t\t\t\t\t\t\t\t<\/ul>\r\n\t\t\t\t<\/div>\r\n\t\t\t\t\t<\/div>\r\n\t\t\t\t<\/div>\r\n\t\t<div class=\"uael-post__body\">\r\n\t\t\t\r\n\t\t\r\n\t\t<div class=\"uael-blog-terms-position- uael-post-image-top uael-post-grid uael-posts\" data-query-type=\"custom\" data-structure=\"normal\" data-layout=\"\" data-page=\"55972\" data-skin=\"classic\" >\r\n\r\n\t\t\t\t\t\t\t<div class=\"uael-post-grid__inner uael-post__columns-4 uael-post__columns-tablet-2 uael-post__columns-mobile-1 uael-post-infinite-scroll uael-post-infinite__event-scroll\">\r\n\t\t\t\n\n<div class=\"uael-post-wrapper brasil-pt-br \">\n\t<div class=\"uael-post__bg-wrap\">\n\n\t\t\t\t\t<a href=\"https:\/\/acnudh.org\/pt-br\/brasil-especialista-da-onu-sauda-o-forte-marco-legal-para-migracao-porem-aponta-para-a-necessidade-de-uma-implementacao-mais-sustentavel-e-baseada-em-direitos\/\" target=\"_self\" class=\"uael-post__complete-box-overlay\"><\/a>\n\t\t\t\t\n\t\t<div class=\"uael-post__inner-wrap\">\n\n\t\t\t\t<div class=\"uael-post__thumbnail\">\r\n\t\t\t<a target=\"_self\" href=\"https:\/\/acnudh.org\/pt-br\/brasil-especialista-da-onu-sauda-o-forte-marco-legal-para-migracao-porem-aponta-para-a-necessidade-de-uma-implementacao-mais-sustentavel-e-baseada-em-direitos\/\" title=\"Especialista da ONU sa\u00fada marco legal para migra\u00e7\u00e3o, mas aponta necessidades de implementa\u00e7\u00e3o\"><img loading=\"lazy\" decoding=\"async\" width=\"1600\" height=\"900\" src=\"https:\/\/acnudh.org\/wp-content\/uploads\/2026\/03\/HErEI7kakAAEMu2-migrantes.jpg\" class=\"attachment-full size-full\" alt=\"\" srcset=\"https:\/\/acnudh.org\/wp-content\/uploads\/2026\/03\/HErEI7kakAAEMu2-migrantes.jpg 1600w, https:\/\/acnudh.org\/wp-content\/uploads\/2026\/03\/HErEI7kakAAEMu2-migrantes-400x225.jpg 400w, https:\/\/acnudh.org\/wp-content\/uploads\/2026\/03\/HErEI7kakAAEMu2-migrantes-580x326.jpg 580w, https:\/\/acnudh.org\/wp-content\/uploads\/2026\/03\/HErEI7kakAAEMu2-migrantes-1536x864.jpg 1536w\" sizes=\"auto, (max-width: 1600px) 100vw, 1600px\" \/><\/a>\r\n\t\t\t\t\t<\/div>\r\n\t\t\n\t\t\t\n\t\t\t<div class=\"uael-post__content-wrap\">\n\t\t\t\t\t<h3 class=\"uael-post__title\">\r\n\r\n\t\t\r\n\t\t\t\t\t\t<a href=\"https:\/\/acnudh.org\/pt-br\/brasil-especialista-da-onu-sauda-o-forte-marco-legal-para-migracao-porem-aponta-para-a-necessidade-de-uma-implementacao-mais-sustentavel-e-baseada-em-direitos\/\" target=\"_self\">\r\n\t\t\t\tEspecialista da ONU sa\u00fada marco legal para migra\u00e7\u00e3o, mas aponta necessidades de implementa\u00e7\u00e3o\t\t\t<\/a>\r\n\r\n\t\t\t\t<\/h3>\r\n\t\t\t\t\t<div class=\"uael-post__meta-data\">\r\n\t\t\t\t\t<span class=\"uael-post__date\">\r\n\t\t\t\t\t\t27 de mar\u00e7o de 2026\t\t<\/span>\r\n\t\t\t\t<\/div>\r\n\t\t\t\t\t<\/div>\n\t\t\t\n\t\t<\/div>\n\t\t\n\t<\/div>\n\n<\/div>\n\n\n<div class=\"uael-post-wrapper brasil-pt-br \">\n\t<div class=\"uael-post__bg-wrap\">\n\n\t\t\t\t\t<a href=\"https:\/\/acnudh.org\/pt-br\/brasil-sobre-revogacao-de-decreto-para-concessoes-na-amazonia\/\" target=\"_self\" class=\"uael-post__complete-box-overlay\"><\/a>\n\t\t\t\t\n\t\t<div class=\"uael-post__inner-wrap\">\n\n\t\t\t\t<div class=\"uael-post__thumbnail\">\r\n\t\t\t<a target=\"_self\" href=\"https:\/\/acnudh.org\/pt-br\/brasil-sobre-revogacao-de-decreto-para-concessoes-na-amazonia\/\" title=\"Brasil: sobre revoga\u00e7\u00e3o de decreto para concess\u00f5es na Amaz\u00f4nia\"><img loading=\"lazy\" decoding=\"async\" width=\"1197\" height=\"620\" src=\"https:\/\/acnudh.org\/wp-content\/uploads\/2020\/09\/Cards-Jan-3.png\" class=\"attachment-full size-full\" alt=\"JJ\" srcset=\"https:\/\/acnudh.org\/wp-content\/uploads\/2020\/09\/Cards-Jan-3.png 1197w, https:\/\/acnudh.org\/wp-content\/uploads\/2020\/09\/Cards-Jan-3-400x207.png 400w, https:\/\/acnudh.org\/wp-content\/uploads\/2020\/09\/Cards-Jan-3-580x300.png 580w\" sizes=\"auto, (max-width: 1197px) 100vw, 1197px\" \/><\/a>\r\n\t\t\t\t\t<\/div>\r\n\t\t\n\t\t\t\n\t\t\t<div class=\"uael-post__content-wrap\">\n\t\t\t\t\t<h3 class=\"uael-post__title\">\r\n\r\n\t\t\r\n\t\t\t\t\t\t<a href=\"https:\/\/acnudh.org\/pt-br\/brasil-sobre-revogacao-de-decreto-para-concessoes-na-amazonia\/\" target=\"_self\">\r\n\t\t\t\tBrasil: sobre revoga\u00e7\u00e3o de decreto para concess\u00f5es na Amaz\u00f4nia\t\t\t<\/a>\r\n\r\n\t\t\t\t<\/h3>\r\n\t\t\t\t\t<div class=\"uael-post__meta-data\">\r\n\t\t\t\t\t<span class=\"uael-post__date\">\r\n\t\t\t\t\t\t24 de fevereiro de 2026\t\t<\/span>\r\n\t\t\t\t<\/div>\r\n\t\t\t\t\t<\/div>\n\t\t\t\n\t\t<\/div>\n\t\t\n\t<\/div>\n\n<\/div>\n\n\n<div class=\"uael-post-wrapper brasil-pt-br \">\n\t<div class=\"uael-post__bg-wrap\">\n\n\t\t\t\t\t<a href=\"https:\/\/acnudh.org\/pt-br\/brasil-especialistas-da-onu-pedem-justica-e-responsabilizacao-diante-do-julgamento-dos-assassinatos-de-franco-e-gomes\/\" target=\"_self\" class=\"uael-post__complete-box-overlay\"><\/a>\n\t\t\t\t\n\t\t<div class=\"uael-post__inner-wrap\">\n\n\t\t\t\t<div class=\"uael-post__thumbnail\">\r\n\t\t\t<a target=\"_self\" href=\"https:\/\/acnudh.org\/pt-br\/brasil-especialistas-da-onu-pedem-justica-e-responsabilizacao-diante-do-julgamento-dos-assassinatos-de-franco-e-gomes\/\" title=\"Especialistas da ONU pedem justi\u00e7a e responsabiliza\u00e7\u00e3o diante do julgamento dos assassinatos de Marielle Franco e Anderson Gomes\"><img loading=\"lazy\" decoding=\"async\" width=\"1178\" height=\"530\" src=\"https:\/\/acnudh.org\/wp-content\/uploads\/2026\/02\/image1170x530cropped-7-marielle-franco.jpg\" class=\"attachment-full size-full\" alt=\"\" srcset=\"https:\/\/acnudh.org\/wp-content\/uploads\/2026\/02\/image1170x530cropped-7-marielle-franco.jpg 1178w, https:\/\/acnudh.org\/wp-content\/uploads\/2026\/02\/image1170x530cropped-7-marielle-franco-400x180.jpg 400w, https:\/\/acnudh.org\/wp-content\/uploads\/2026\/02\/image1170x530cropped-7-marielle-franco-580x261.jpg 580w\" sizes=\"auto, (max-width: 1178px) 100vw, 1178px\" \/><\/a>\r\n\t\t\t\t\t<\/div>\r\n\t\t\n\t\t\t\n\t\t\t<div class=\"uael-post__content-wrap\">\n\t\t\t\t\t<h3 class=\"uael-post__title\">\r\n\r\n\t\t\r\n\t\t\t\t\t\t<a href=\"https:\/\/acnudh.org\/pt-br\/brasil-especialistas-da-onu-pedem-justica-e-responsabilizacao-diante-do-julgamento-dos-assassinatos-de-franco-e-gomes\/\" target=\"_self\">\r\n\t\t\t\tEspecialistas da ONU pedem justi\u00e7a e responsabiliza\u00e7\u00e3o diante do julgamento dos assassinatos de Marielle Franco e Anderson Gomes\t\t\t<\/a>\r\n\r\n\t\t\t\t<\/h3>\r\n\t\t\t\t\t<div class=\"uael-post__meta-data\">\r\n\t\t\t\t\t<span class=\"uael-post__date\">\r\n\t\t\t\t\t\t23 de fevereiro de 2026\t\t<\/span>\r\n\t\t\t\t<\/div>\r\n\t\t\t\t\t<\/div>\n\t\t\t\n\t\t<\/div>\n\t\t\n\t<\/div>\n\n<\/div>\n\n\n<div class=\"uael-post-wrapper brasil-pt-br \">\n\t<div class=\"uael-post__bg-wrap\">\n\n\t\t\t\t\t<a href=\"https:\/\/acnudh.org\/pt-br\/chamada-para-contribuicoes-para-a-visita-do-relator-especial-sobre-os-direitos-humanos-dos-migrantes-ao-brasil\/\" target=\"_self\" class=\"uael-post__complete-box-overlay\"><\/a>\n\t\t\t\t\n\t\t<div class=\"uael-post__inner-wrap\">\n\n\t\t\t\t<div class=\"uael-post__thumbnail\">\r\n\t\t\t<a target=\"_self\" href=\"https:\/\/acnudh.org\/pt-br\/chamada-para-contribuicoes-para-a-visita-do-relator-especial-sobre-os-direitos-humanos-dos-migrantes-ao-brasil\/\" title=\"Chamada para contribui\u00e7\u00f5es para a visita do Relator Especial sobre os direitos humanos dos migrantes ao Brasil\"><img loading=\"lazy\" decoding=\"async\" width=\"1600\" height=\"900\" src=\"https:\/\/acnudh.org\/wp-content\/uploads\/2026\/02\/HAaGuIBXwAMXlf_-brasil-migrantes.jpg\" class=\"attachment-full size-full\" alt=\"\" srcset=\"https:\/\/acnudh.org\/wp-content\/uploads\/2026\/02\/HAaGuIBXwAMXlf_-brasil-migrantes.jpg 1600w, https:\/\/acnudh.org\/wp-content\/uploads\/2026\/02\/HAaGuIBXwAMXlf_-brasil-migrantes-400x225.jpg 400w, https:\/\/acnudh.org\/wp-content\/uploads\/2026\/02\/HAaGuIBXwAMXlf_-brasil-migrantes-580x326.jpg 580w, https:\/\/acnudh.org\/wp-content\/uploads\/2026\/02\/HAaGuIBXwAMXlf_-brasil-migrantes-1536x864.jpg 1536w\" sizes=\"auto, (max-width: 1600px) 100vw, 1600px\" \/><\/a>\r\n\t\t\t\t\t<\/div>\r\n\t\t\n\t\t\t\n\t\t\t<div class=\"uael-post__content-wrap\">\n\t\t\t\t\t<h3 class=\"uael-post__title\">\r\n\r\n\t\t\r\n\t\t\t\t\t\t<a href=\"https:\/\/acnudh.org\/pt-br\/chamada-para-contribuicoes-para-a-visita-do-relator-especial-sobre-os-direitos-humanos-dos-migrantes-ao-brasil\/\" target=\"_self\">\r\n\t\t\t\tChamada para contribui\u00e7\u00f5es para a visita do Relator Especial sobre os direitos humanos dos migrantes ao Brasil\t\t\t<\/a>\r\n\r\n\t\t\t\t<\/h3>\r\n\t\t\t\t\t<div class=\"uael-post__meta-data\">\r\n\t\t\t\t\t<span class=\"uael-post__date\">\r\n\t\t\t\t\t\t11 de fevereiro de 2026\t\t<\/span>\r\n\t\t\t\t<\/div>\r\n\t\t\t\t\t<\/div>\n\t\t\t\n\t\t<\/div>\n\t\t\n\t<\/div>\n\n<\/div>\n\n\n<div class=\"uael-post-wrapper brasil-pt-br \">\n\t<div class=\"uael-post__bg-wrap\">\n\n\t\t\t\t\t<a href=\"https:\/\/acnudh.org\/pt-br\/tecendo-direitos-exposicao-de-bordados-retrata-declaracao-universal-de-direitos-humanos\/\" target=\"_self\" class=\"uael-post__complete-box-overlay\"><\/a>\n\t\t\t\t\n\t\t<div class=\"uael-post__inner-wrap\">\n\n\t\t\t\t<div class=\"uael-post__thumbnail\">\r\n\t\t\t<a target=\"_self\" href=\"https:\/\/acnudh.org\/pt-br\/tecendo-direitos-exposicao-de-bordados-retrata-declaracao-universal-de-direitos-humanos\/\" title=\"\u201cTecendo direitos\u201d: exposi\u00e7\u00e3o de bordados retrata Declara\u00e7\u00e3o Universal de Direitos Humanos\"><img loading=\"lazy\" decoding=\"async\" width=\"1574\" height=\"797\" src=\"https:\/\/acnudh.org\/wp-content\/uploads\/2025\/12\/tecidos-bsb-4-e1766149440958.jpeg\" class=\"attachment-full size-full\" alt=\"\" srcset=\"https:\/\/acnudh.org\/wp-content\/uploads\/2025\/12\/tecidos-bsb-4-e1766149440958.jpeg 1574w, https:\/\/acnudh.org\/wp-content\/uploads\/2025\/12\/tecidos-bsb-4-e1766149440958-400x203.jpeg 400w, https:\/\/acnudh.org\/wp-content\/uploads\/2025\/12\/tecidos-bsb-4-e1766149440958-580x294.jpeg 580w, https:\/\/acnudh.org\/wp-content\/uploads\/2025\/12\/tecidos-bsb-4-e1766149440958-1536x778.jpeg 1536w\" sizes=\"auto, (max-width: 1574px) 100vw, 1574px\" \/><\/a>\r\n\t\t\t\t\t<\/div>\r\n\t\t\n\t\t\t\n\t\t\t<div class=\"uael-post__content-wrap\">\n\t\t\t\t\t<h3 class=\"uael-post__title\">\r\n\r\n\t\t\r\n\t\t\t\t\t\t<a href=\"https:\/\/acnudh.org\/pt-br\/tecendo-direitos-exposicao-de-bordados-retrata-declaracao-universal-de-direitos-humanos\/\" target=\"_self\">\r\n\t\t\t\t\u201cTecendo direitos\u201d: exposi\u00e7\u00e3o de bordados retrata Declara\u00e7\u00e3o Universal de Direitos Humanos\t\t\t<\/a>\r\n\r\n\t\t\t\t<\/h3>\r\n\t\t\t\t\t<div class=\"uael-post__meta-data\">\r\n\t\t\t\t\t<span class=\"uael-post__date\">\r\n\t\t\t\t\t\t16 de dezembro de 2025\t\t<\/span>\r\n\t\t\t\t<\/div>\r\n\t\t\t\t\t<\/div>\n\t\t\t\n\t\t<\/div>\n\t\t\n\t<\/div>\n\n<\/div>\n\n\n<div class=\"uael-post-wrapper mundo-pt-br \">\n\t<div class=\"uael-post__bg-wrap\">\n\n\t\t\t\t\t<a href=\"https:\/\/acnudh.org\/pt-br\/o-essencial-do-dia-a-dia-tratamento-sem-tortura\/\" target=\"_self\" class=\"uael-post__complete-box-overlay\"><\/a>\n\t\t\t\t\n\t\t<div class=\"uael-post__inner-wrap\">\n\n\t\t\t\t<div class=\"uael-post__thumbnail\">\r\n\t\t\t<a target=\"_self\" href=\"https:\/\/acnudh.org\/pt-br\/o-essencial-do-dia-a-dia-tratamento-sem-tortura\/\" title=\"O essencial do dia a dia: tratamento sem tortura\"><img loading=\"lazy\" decoding=\"async\" width=\"972\" height=\"700\" src=\"https:\/\/acnudh.org\/wp-content\/uploads\/2025\/11\/story-free-from-torture-972x700-2.jpg\" class=\"attachment-full size-full\" alt=\"\" srcset=\"https:\/\/acnudh.org\/wp-content\/uploads\/2025\/11\/story-free-from-torture-972x700-2.jpg 972w, https:\/\/acnudh.org\/wp-content\/uploads\/2025\/11\/story-free-from-torture-972x700-2-400x288.jpg 400w, https:\/\/acnudh.org\/wp-content\/uploads\/2025\/11\/story-free-from-torture-972x700-2-580x418.jpg 580w\" sizes=\"auto, (max-width: 972px) 100vw, 972px\" \/><\/a>\r\n\t\t\t\t\t<\/div>\r\n\t\t\n\t\t\t\n\t\t\t<div class=\"uael-post__content-wrap\">\n\t\t\t\t\t<h3 class=\"uael-post__title\">\r\n\r\n\t\t\r\n\t\t\t\t\t\t<a href=\"https:\/\/acnudh.org\/pt-br\/o-essencial-do-dia-a-dia-tratamento-sem-tortura\/\" target=\"_self\">\r\n\t\t\t\tO essencial do dia a dia: tratamento sem tortura\t\t\t<\/a>\r\n\r\n\t\t\t\t<\/h3>\r\n\t\t\t\t\t<div class=\"uael-post__meta-data\">\r\n\t\t\t\t\t<span class=\"uael-post__date\">\r\n\t\t\t\t\t\t10 de dezembro de 2025\t\t<\/span>\r\n\t\t\t\t<\/div>\r\n\t\t\t\t\t<\/div>\n\t\t\t\n\t\t<\/div>\n\t\t\n\t<\/div>\n\n<\/div>\n\n\n<div class=\"uael-post-wrapper regiao \">\n\t<div class=\"uael-post__bg-wrap\">\n\n\t\t\t\t\t<a href=\"https:\/\/acnudh.org\/pt-br\/mensagem-de-jan-jarab-no-dia-internacional-dos-direitos-humanos\/\" target=\"_self\" class=\"uael-post__complete-box-overlay\"><\/a>\n\t\t\t\t\n\t\t<div class=\"uael-post__inner-wrap\">\n\n\t\t\t\t<div class=\"uael-post__thumbnail\">\r\n\t\t\t<a target=\"_self\" href=\"https:\/\/acnudh.org\/pt-br\/mensagem-de-jan-jarab-no-dia-internacional-dos-direitos-humanos\/\" title=\"Mensagem de Jan Jarab no Dia Internacional dos Direitos Humanos\"><img loading=\"lazy\" decoding=\"async\" width=\"1408\" height=\"792\" src=\"https:\/\/acnudh.org\/wp-content\/uploads\/2025\/12\/GH6bW16W8AAXNU8.jpg\" class=\"attachment-full size-full\" alt=\"\" srcset=\"https:\/\/acnudh.org\/wp-content\/uploads\/2025\/12\/GH6bW16W8AAXNU8.jpg 1408w, https:\/\/acnudh.org\/wp-content\/uploads\/2025\/12\/GH6bW16W8AAXNU8-400x225.jpg 400w, https:\/\/acnudh.org\/wp-content\/uploads\/2025\/12\/GH6bW16W8AAXNU8-580x326.jpg 580w\" sizes=\"auto, (max-width: 1408px) 100vw, 1408px\" \/><\/a>\r\n\t\t\t\t\t<\/div>\r\n\t\t\n\t\t\t\n\t\t\t<div class=\"uael-post__content-wrap\">\n\t\t\t\t\t<h3 class=\"uael-post__title\">\r\n\r\n\t\t\r\n\t\t\t\t\t\t<a href=\"https:\/\/acnudh.org\/pt-br\/mensagem-de-jan-jarab-no-dia-internacional-dos-direitos-humanos\/\" target=\"_self\">\r\n\t\t\t\tMensagem de Jan Jarab no Dia Internacional dos Direitos Humanos\t\t\t<\/a>\r\n\r\n\t\t\t\t<\/h3>\r\n\t\t\t\t\t<div class=\"uael-post__meta-data\">\r\n\t\t\t\t\t<span class=\"uael-post__date\">\r\n\t\t\t\t\t\t10 de dezembro de 2025\t\t<\/span>\r\n\t\t\t\t<\/div>\r\n\t\t\t\t\t<\/div>\n\t\t\t\n\t\t<\/div>\n\t\t\n\t<\/div>\n\n<\/div>\n\n\n<div class=\"uael-post-wrapper mundo-pt-br \">\n\t<div class=\"uael-post__bg-wrap\">\n\n\t\t\t\t\t<a href=\"https:\/\/acnudh.org\/pt-br\/direitos-humanos-o-essencial-de-cada-dia\/\" target=\"_self\" class=\"uael-post__complete-box-overlay\"><\/a>\n\t\t\t\t\n\t\t<div class=\"uael-post__inner-wrap\">\n\n\t\t\t\t<div class=\"uael-post__thumbnail\">\r\n\t\t\t<a target=\"_self\" href=\"https:\/\/acnudh.org\/pt-br\/direitos-humanos-o-essencial-de-cada-dia\/\" title=\"Direitos humanos: o essencial de cada dia\"><img loading=\"lazy\" decoding=\"async\" width=\"972\" height=\"700\" src=\"https:\/\/acnudh.org\/wp-content\/uploads\/2025\/11\/2025-11-13-story-everydayessentials-main.jpg\" class=\"attachment-full size-full\" alt=\"\" srcset=\"https:\/\/acnudh.org\/wp-content\/uploads\/2025\/11\/2025-11-13-story-everydayessentials-main.jpg 972w, https:\/\/acnudh.org\/wp-content\/uploads\/2025\/11\/2025-11-13-story-everydayessentials-main-400x288.jpg 400w, https:\/\/acnudh.org\/wp-content\/uploads\/2025\/11\/2025-11-13-story-everydayessentials-main-580x418.jpg 580w\" sizes=\"auto, (max-width: 972px) 100vw, 972px\" \/><\/a>\r\n\t\t\t\t\t<\/div>\r\n\t\t\n\t\t\t\n\t\t\t<div class=\"uael-post__content-wrap\">\n\t\t\t\t\t<h3 class=\"uael-post__title\">\r\n\r\n\t\t\r\n\t\t\t\t\t\t<a href=\"https:\/\/acnudh.org\/pt-br\/direitos-humanos-o-essencial-de-cada-dia\/\" target=\"_self\">\r\n\t\t\t\tDireitos humanos: o essencial de cada dia\t\t\t<\/a>\r\n\r\n\t\t\t\t<\/h3>\r\n\t\t\t\t\t<div class=\"uael-post__meta-data\">\r\n\t\t\t\t\t<span class=\"uael-post__date\">\r\n\t\t\t\t\t\t8 de dezembro de 2025\t\t<\/span>\r\n\t\t\t\t<\/div>\r\n\t\t\t\t\t<\/div>\n\t\t\t\n\t\t<\/div>\n\t\t\n\t<\/div>\n\n<\/div>\n\t\t\t\t<\/div>\r\n\t\t\t\t\t\t<div class=\"uael-post-inf-loader\">\r\n\t\t\t\t<div class=\"uael-post-loader-1\"><\/div>\r\n\t\t\t\t<div class=\"uael-post-loader-2\"><\/div>\r\n\t\t\t\t<div class=\"uael-post-loader-3\"><\/div>\r\n\t\t\t<\/div>\r\n\t\t\t\t\t\t\r\n\t\t<\/div>\r\n\r\n\t\t\t\t\t\t<\/div>\r\n\t\t<div class=\"uael-post__footer\">\r\n\t\t\t\t\t\t<nav class=\"uael-grid-pagination\" style=\"display:none;\" role=\"navigation\" aria-label=\"Pagination\" data-total=\"40\">\r\n\t\t\t\t<span aria-current=\"page\" class=\"page-numbers current\">1<\/span>\n<a class=\"page-numbers\" href=\"https:\/\/acnudh.org\/pt-br\/wp-json\/wp\/v2\/pages\/55972\/page\/2\/\">2<\/a>\n<a class=\"page-numbers\" href=\"https:\/\/acnudh.org\/pt-br\/wp-json\/wp\/v2\/pages\/55972\/page\/3\/\">3<\/a>\n<span class=\"page-numbers dots\">&hellip;<\/span>\n<a class=\"page-numbers\" href=\"https:\/\/acnudh.org\/pt-br\/wp-json\/wp\/v2\/pages\/55972\/page\/40\/\">40<\/a>\n<a class=\"next page-numbers\" href=\"https:\/\/acnudh.org\/pt-br\/wp-json\/wp\/v2\/pages\/55972\/page\/2\/\">Pr\u00f3ximo &raquo;<\/a>\t\t\t<\/nav>\r\n\t\t\t\t\t<\/div>\r\n\t\t\t\t<\/div>\n\t\t\t\t<\/div>\n\t\t\t\t\t\t<\/div>\n\t\t\t<\/div>\n\t\t<\/div>\n\t\t\t\t\t\t<\/div>\n\t\t\t<\/div>\n\t\t<\/section>\n\t\t\t\t\t\t<\/div>\n\t\t\t<\/div>\n\t\t<\/div>\n\t\t","protected":false},"excerpt":{"rendered":"<p>Not\u00edcias Todas &#8211; Mundo &#8211; &#8211; Regi\u00f3n &#8211; . Argentina . . Bolivia . . Brasil . . Chile . . Ecuador . . Paraguay . . Per\u00fa . . Uruguay . . Venezuela . Todas Todas &#8211; Mundo &#8211; &#8211; Regi\u00f3n &#8211; . Argentina . . Bolivia . . Brasil . . Chile . [&hellip;]<\/p>\n","protected":false},"author":1,"featured_media":0,"parent":0,"menu_order":0,"comment_status":"closed","ping_status":"closed","template":"","meta":{"_uag_custom_page_level_css":"","site-sidebar-layout":"no-sidebar","site-content-layout":"page-builder","ast-site-content-layout":"","site-content-style":"default","site-sidebar-style":"default","ast-global-header-display":"","ast-banner-title-visibility":"","ast-main-header-display":"","ast-hfb-above-header-display":"","ast-hfb-below-header-display":"","ast-hfb-mobile-header-display":"","site-post-title":"disabled","ast-breadcrumbs-content":"","ast-featured-img":"disabled","footer-sml-layout":"","theme-transparent-header-meta":"default","adv-header-id-meta":"","stick-header-meta":"default","header-above-stick-meta":"","header-main-stick-meta":"","header-below-stick-meta":"","astra-migrate-meta-layouts":"default","ast-page-background-enabled":"default","ast-page-background-meta":{"desktop":{"background-color":"","background-image":"","background-repeat":"repeat","background-position":"center center","background-size":"auto","background-attachment":"scroll","background-type":"","background-media":"","overlay-type":"","overlay-color":"","overlay-opacity":"","overlay-gradient":""},"tablet":{"background-color":"","background-image":"","background-repeat":"repeat","background-position":"center center","background-size":"auto","background-attachment":"scroll","background-type":"","background-media":"","overlay-type":"","overlay-color":"","overlay-opacity":"","overlay-gradient":""},"mobile":{"background-color":"","background-image":"","background-repeat":"repeat","background-position":"center center","background-size":"auto","background-attachment":"scroll","background-type":"","background-media":"","overlay-type":"","overlay-color":"","overlay-opacity":"","overlay-gradient":""}},"ast-content-background-meta":{"desktop":{"background-color":"var(--ast-global-color-5)","background-image":"","background-repeat":"repeat","background-position":"center center","background-size":"auto","background-attachment":"scroll","background-type":"","background-media":"","overlay-type":"","overlay-color":"","overlay-opacity":"","overlay-gradient":""},"tablet":{"background-color":"var(--ast-global-color-5)","background-image":"","background-repeat":"repeat","background-position":"center center","background-size":"auto","background-attachment":"scroll","background-type":"","background-media":"","overlay-type":"","overlay-color":"","overlay-opacity":"","overlay-gradient":""},"mobile":{"background-color":"var(--ast-global-color-5)","background-image":"","background-repeat":"repeat","background-position":"center center","background-size":"auto","background-attachment":"scroll","background-type":"","background-media":"","overlay-type":"","overlay-color":"","overlay-opacity":"","overlay-gradient":""}},"footnotes":""},"class_list":["post-55972","page","type-page","status-publish","hentry"],"uagb_featured_image_src":{"full":false,"thumbnail":false,"medium":false,"medium_large":false,"large":false,"1536x1536":false,"2048x2048":false},"uagb_author_info":{"display_name":"acnudh","author_link":"https:\/\/acnudh.org\/pt-br\/author\/acnudh\/"},"uagb_comment_info":0,"uagb_excerpt":"Not\u00edcias Todas &#8211; Mundo &#8211; &#8211; Regi\u00f3n &#8211; . Argentina . . Bolivia . . Brasil . . Chile . . Ecuador . . Paraguay . . Per\u00fa . . Uruguay . . Venezuela . Todas Todas &#8211; Mundo &#8211; &#8211; Regi\u00f3n &#8211; . Argentina . . Bolivia . . Brasil . . Chile .&hellip;","_links":{"self":[{"href":"https:\/\/acnudh.org\/pt-br\/wp-json\/wp\/v2\/pages\/55972","targetHints":{"allow":["GET"]}}],"collection":[{"href":"https:\/\/acnudh.org\/pt-br\/wp-json\/wp\/v2\/pages"}],"about":[{"href":"https:\/\/acnudh.org\/pt-br\/wp-json\/wp\/v2\/types\/page"}],"author":[{"embeddable":true,"href":"https:\/\/acnudh.org\/pt-br\/wp-json\/wp\/v2\/users\/1"}],"replies":[{"embeddable":true,"href":"https:\/\/acnudh.org\/pt-br\/wp-json\/wp\/v2\/comments?post=55972"}],"version-history":[{"count":6,"href":"https:\/\/acnudh.org\/pt-br\/wp-json\/wp\/v2\/pages\/55972\/revisions"}],"predecessor-version":[{"id":58815,"href":"https:\/\/acnudh.org\/pt-br\/wp-json\/wp\/v2\/pages\/55972\/revisions\/58815"}],"wp:attachment":[{"href":"https:\/\/acnudh.org\/pt-br\/wp-json\/wp\/v2\/media?parent=55972"}],"curies":[{"name":"wp","href":"https:\/\/api.w.org\/{rel}","templated":true}]}}