{"id":55965,"date":"2019-04-04T13:13:01","date_gmt":"2019-04-04T16:13:01","guid":{"rendered":"http:\/\/acnudh.org\/o-escritorio-na-midia\/"},"modified":"2019-07-26T10:39:15","modified_gmt":"2019-07-26T14:39:15","slug":"o-escritorio-na-midia","status":"publish","type":"page","link":"https:\/\/acnudh.org\/pt-br\/o-escritorio-na-midia\/","title":{"rendered":"O Escrit\u00f3rio na m\u00eddia"},"content":{"rendered":"\t\t<div data-elementor-type=\"wp-post\" data-elementor-id=\"55965\" class=\"elementor elementor-55965 elementor-37347\" data-elementor-settings=\"[]\">\n\t\t\t<div class=\"elementor-inner\">\n\t\t\t\t<div class=\"elementor-section-wrap\">\n\t\t\t\t\t\t\t<section class=\"elementor-element elementor-element-0418565 elementor-section-height-min-height elementor-section-boxed elementor-section-height-default elementor-section-items-middle elementor-section elementor-top-section\" data-id=\"0418565\" data-element_type=\"section\" data-settings=\"{&quot;background_background&quot;:&quot;video&quot;,&quot;background_video_link&quot;:&quot;https:\\\/\\\/youtu.be\\\/fa2SdsXsQ34&quot;}\">\n\t\t\t\t\t\t\t\t<div class=\"elementor-background-video-container elementor-hidden-phone\">\n\t\t\t\t\t\t\t\t\t\t\t\t\t<div class=\"elementor-background-video-embed\"><\/div>\n\t\t\t\t\t\t\t\t\t\t\t\t<\/div>\n\t\t\t\t\t\t\t\t\t<div class=\"elementor-background-overlay\"><\/div>\n\t\t\t\t\t\t\t<div class=\"elementor-container elementor-column-gap-default\">\n\t\t\t\t<div class=\"elementor-row\">\n\t\t\t\t<div class=\"elementor-element elementor-element-b9fdd20 elementor-column elementor-col-100 elementor-top-column\" data-id=\"b9fdd20\" data-element_type=\"column\">\n\t\t\t<div class=\"elementor-column-wrap  elementor-element-populated\">\n\t\t\t\t\t<div class=\"elementor-widget-wrap\">\n\t\t\t\t<div class=\"elementor-element elementor-element-4d3a19e elementor-widget elementor-widget-heading\" data-id=\"4d3a19e\" data-element_type=\"widget\" data-widget_type=\"heading.default\">\n\t\t\t\t<div class=\"elementor-widget-container\">\n\t\t\t<h3 class=\"elementor-heading-title elementor-size-large\">O Escrit\u00f3rio na m\u00eddia<\/h3>\t\t<\/div>\n\t\t\t\t<\/div>\n\t\t\t\t<div class=\"elementor-element elementor-element-b4013a8 elementor-view-default elementor-widget elementor-widget-icon\" data-id=\"b4013a8\" data-element_type=\"widget\" data-widget_type=\"icon.default\">\n\t\t\t\t<div class=\"elementor-widget-container\">\n\t\t\t\t\t<div class=\"elementor-icon-wrapper\">\n\t\t\t<div class=\"elementor-icon\">\n\t\t\t\t\t\t\t<i class=\"fa fa-arrow-down\" aria-hidden=\"true\"><\/i>\n\t\t\t\t\t\t<\/div>\n\t\t<\/div>\n\t\t\t\t<\/div>\n\t\t\t\t<\/div>\n\t\t\t\t\t\t<\/div>\n\t\t\t<\/div>\n\t\t<\/div>\n\t\t\t\t\t\t<\/div>\n\t\t\t<\/div>\n\t\t<\/section>\n\t\t\t\t<section class=\"elementor-element elementor-element-94ac2da elementor-section-boxed elementor-section-height-default elementor-section-height-default elementor-section elementor-top-section\" data-id=\"94ac2da\" data-element_type=\"section\">\n\t\t\t\t\t\t<div class=\"elementor-container elementor-column-gap-default\">\n\t\t\t\t<div class=\"elementor-row\">\n\t\t\t\t<div class=\"elementor-element elementor-element-a3c4b89 elementor-column elementor-col-100 elementor-top-column\" data-id=\"a3c4b89\" data-element_type=\"column\">\n\t\t\t<div class=\"elementor-column-wrap  elementor-element-populated\">\n\t\t\t\t\t<div class=\"elementor-widget-wrap\">\n\t\t\t\t<div class=\"elementor-element elementor-element-de17503 uael-post__link-complete-yes uael-equal__height-yes uael-post__filter-align-center elementor-widget elementor-widget-uael-posts\" data-id=\"de17503\" data-element_type=\"widget\" data-widget_type=\"uael-posts.classic\">\n\t\t\t\t<div class=\"elementor-widget-container\">\n\t\t\t\t\t<div class=\"uael-post__header\">\r\n\t\t\t\t\t<div class=\"uael-post__header-filters-wrap uael-posts-tabs-dropdown\">\r\n\t\t\t<ul class=\"uael-post__header-filters\">\r\n\t\t\t\t<li class=\"uael-post__header-filter uael-filter__current\" data-filter=\"*\">Todas<\/li>\r\n\t\t\t\t\t\t\t<\/ul>\r\n\r\n\t\t\t\t\t\t\t<div class=\"uael-filters-dropdown\">\r\n\t\t\t\t\t<div class=\"uael-filters-dropdown-button\">Todas<i class=\"fa fa-angle-down\"><\/i><\/div>\r\n\r\n\t\t\t\t\t<ul class=\"uael-filters-dropdown-list uael-post__header-filters\">\r\n\t\t\t\t\t\t<li class=\"uael-filters-dropdown-item uael-post__header-filter uael-filter__current\" data-filter=\"*\">Todas<\/li>\r\n\t\t\t\t\t\t\t\t\t\t\t<\/ul>\r\n\t\t\t\t<\/div>\r\n\t\t\t\t\t<\/div>\r\n\t\t\t\t<\/div>\r\n\t\t<div class=\"uael-post__body\">\r\n\t\t\t\r\n\t\t\r\n\t\t<div class=\"uael-blog-terms-position- uael-post-image-top uael-post-grid uael-posts\" data-query-type=\"custom\" data-structure=\"normal\" data-layout=\"\" data-page=\"55965\" data-skin=\"classic\" >\r\n\r\n\t\t\t\t\t\t\t<div class=\"uael-post-grid__inner uael-post__columns-4 uael-post__columns-tablet-2 uael-post__columns-mobile-1 uael-post-infinite-scroll uael-post-infinite__event-scroll\">\r\n\t\t\t\n\n<div class=\"uael-post-wrapper brasil-pt-br ods-10-pt-br ods-16-pt-br \">\n\t<div class=\"uael-post__bg-wrap\">\n\n\t\t\t\t\t<a href=\"https:\/\/acnudh.org\/pt-br\/entrevista-jan-jarab-falou-com-o-jornal-o-globo-sobre-direitos-humanos-no-brasil\/\" target=\"_self\" class=\"uael-post__complete-box-overlay\"><\/a>\n\t\t\t\t\n\t\t<div class=\"uael-post__inner-wrap\">\n\n\t\t\t\t<div class=\"uael-post__thumbnail\">\r\n\t\t\t<a target=\"_self\" href=\"https:\/\/acnudh.org\/pt-br\/entrevista-jan-jarab-falou-com-o-jornal-o-globo-sobre-direitos-humanos-no-brasil\/\" title=\"ENTREVISTA | Jan Jarab falou com o Jornal O Globo sobre direitos humanos no Brasil\"><img loading=\"lazy\" decoding=\"async\" width=\"1020\" height=\"604\" src=\"https:\/\/acnudh.org\/wp-content\/uploads\/2025\/06\/download.jpg\" class=\"attachment-full size-full\" alt=\"\" srcset=\"https:\/\/acnudh.org\/wp-content\/uploads\/2025\/06\/download.jpg 1020w, https:\/\/acnudh.org\/wp-content\/uploads\/2025\/06\/download-400x237.jpg 400w, https:\/\/acnudh.org\/wp-content\/uploads\/2025\/06\/download-580x343.jpg 580w\" sizes=\"auto, (max-width: 1020px) 100vw, 1020px\" \/><\/a>\r\n\t\t\t\t\t<\/div>\r\n\t\t\n\t\t\t\n\t\t\t<div class=\"uael-post__content-wrap\">\n\t\t\t\t\t<h3 class=\"uael-post__title\">\r\n\r\n\t\t\r\n\t\t\t\t\t\t<a href=\"https:\/\/acnudh.org\/pt-br\/entrevista-jan-jarab-falou-com-o-jornal-o-globo-sobre-direitos-humanos-no-brasil\/\" target=\"_self\">\r\n\t\t\t\tENTREVISTA | Jan Jarab falou com o Jornal O Globo sobre direitos humanos no Brasil\t\t\t<\/a>\r\n\r\n\t\t\t\t<\/h3>\r\n\t\t\t\t\t<div class=\"uael-post__meta-data\">\r\n\t\t\t\t\t<span class=\"uael-post__date\">\r\n\t\t\t\t\t\t3 de junho de 2025\t\t<\/span>\r\n\t\t\t\t<\/div>\r\n\t\t\t\t\t<\/div>\n\t\t\t\n\t\t<\/div>\n\t\t\n\t<\/div>\n\n<\/div>\n\n\n<div class=\"uael-post-wrapper brasil-pt-br ods-16-pt-br \">\n\t<div class=\"uael-post__bg-wrap\">\n\n\t\t\t\t\t<a href=\"https:\/\/acnudh.org\/pt-br\/entrevista-em-dialogo-com-a-bbc-news-brasil-representante-comentou-sobre-a-grave-situacao-humanitaria-enfrentada-pelo-povo-yanomami\/\" target=\"_self\" class=\"uael-post__complete-box-overlay\"><\/a>\n\t\t\t\t\n\t\t<div class=\"uael-post__inner-wrap\">\n\n\t\t\t\t<div class=\"uael-post__thumbnail\">\r\n\t\t\t<a target=\"_self\" href=\"https:\/\/acnudh.org\/pt-br\/entrevista-em-dialogo-com-a-bbc-news-brasil-representante-comentou-sobre-a-grave-situacao-humanitaria-enfrentada-pelo-povo-yanomami\/\" title=\"ENTREVISTA | Representante comentou sobre a grave situa\u00e7\u00e3o humanit\u00e1ria enfrentada pelo povo Yanomami\"><img loading=\"lazy\" decoding=\"async\" width=\"1280\" height=\"720\" src=\"https:\/\/acnudh.org\/wp-content\/uploads\/2023\/02\/JJ10.jpg\" class=\"attachment-full size-full\" alt=\"\" srcset=\"https:\/\/acnudh.org\/wp-content\/uploads\/2023\/02\/JJ10.jpg 1280w, https:\/\/acnudh.org\/wp-content\/uploads\/2023\/02\/JJ10-400x225.jpg 400w, https:\/\/acnudh.org\/wp-content\/uploads\/2023\/02\/JJ10-580x326.jpg 580w\" sizes=\"auto, (max-width: 1280px) 100vw, 1280px\" \/><\/a>\r\n\t\t\t\t\t<\/div>\r\n\t\t\n\t\t\t\n\t\t\t<div class=\"uael-post__content-wrap\">\n\t\t\t\t\t<h3 class=\"uael-post__title\">\r\n\r\n\t\t\r\n\t\t\t\t\t\t<a href=\"https:\/\/acnudh.org\/pt-br\/entrevista-em-dialogo-com-a-bbc-news-brasil-representante-comentou-sobre-a-grave-situacao-humanitaria-enfrentada-pelo-povo-yanomami\/\" target=\"_self\">\r\n\t\t\t\tENTREVISTA | Representante comentou sobre a grave situa\u00e7\u00e3o humanit\u00e1ria enfrentada pelo povo Yanomami\t\t\t<\/a>\r\n\r\n\t\t\t\t<\/h3>\r\n\t\t\t\t\t<div class=\"uael-post__meta-data\">\r\n\t\t\t\t\t<span class=\"uael-post__date\">\r\n\t\t\t\t\t\t3 de fevereiro de 2023\t\t<\/span>\r\n\t\t\t\t<\/div>\r\n\t\t\t\t\t<\/div>\n\t\t\t\n\t\t<\/div>\n\t\t\n\t<\/div>\n\n<\/div>\n\n\n<div class=\"uael-post-wrapper brasil-pt-br ods-16-pt-br \">\n\t<div class=\"uael-post__bg-wrap\">\n\n\t\t\t\t\t<a href=\"https:\/\/acnudh.org\/pt-br\/opiniao-a-revisao-periodica-universal-e-oportunidade-para-fortalecimento-dos-direitos-humanos-no-brasil\/\" target=\"_self\" class=\"uael-post__complete-box-overlay\"><\/a>\n\t\t\t\t\n\t\t<div class=\"uael-post__inner-wrap\">\n\n\t\t\t\t<div class=\"uael-post__thumbnail\">\r\n\t\t\t<a target=\"_self\" href=\"https:\/\/acnudh.org\/pt-br\/opiniao-a-revisao-periodica-universal-e-oportunidade-para-fortalecimento-dos-direitos-humanos-no-brasil\/\" title=\"OPINI\u00c3O | A Revis\u00e3o Peri\u00f3dica Universal \u00e9 oportunidade para fortalecimento dos direitos humanos no Brasil\"><img loading=\"lazy\" decoding=\"async\" width=\"1200\" height=\"942\" src=\"https:\/\/acnudh.org\/wp-content\/uploads\/2022\/12\/Eleanor_Roosevelt_UDHR.jpeg\" class=\"attachment-full size-full\" alt=\"\" srcset=\"https:\/\/acnudh.org\/wp-content\/uploads\/2022\/12\/Eleanor_Roosevelt_UDHR.jpeg 1200w, https:\/\/acnudh.org\/wp-content\/uploads\/2022\/12\/Eleanor_Roosevelt_UDHR-400x314.jpeg 400w, https:\/\/acnudh.org\/wp-content\/uploads\/2022\/12\/Eleanor_Roosevelt_UDHR-580x455.jpeg 580w\" sizes=\"auto, (max-width: 1200px) 100vw, 1200px\" \/><\/a>\r\n\t\t\t\t\t<\/div>\r\n\t\t\n\t\t\t\n\t\t\t<div class=\"uael-post__content-wrap\">\n\t\t\t\t\t<h3 class=\"uael-post__title\">\r\n\r\n\t\t\r\n\t\t\t\t\t\t<a href=\"https:\/\/acnudh.org\/pt-br\/opiniao-a-revisao-periodica-universal-e-oportunidade-para-fortalecimento-dos-direitos-humanos-no-brasil\/\" target=\"_self\">\r\n\t\t\t\tOPINI\u00c3O | A Revis\u00e3o Peri\u00f3dica Universal \u00e9 oportunidade para fortalecimento dos direitos humanos no Brasil\t\t\t<\/a>\r\n\r\n\t\t\t\t<\/h3>\r\n\t\t\t\t\t<div class=\"uael-post__meta-data\">\r\n\t\t\t\t\t<span class=\"uael-post__date\">\r\n\t\t\t\t\t\t12 de dezembro de 2022\t\t<\/span>\r\n\t\t\t\t<\/div>\r\n\t\t\t\t\t<\/div>\n\t\t\t\n\t\t<\/div>\n\t\t\n\t<\/div>\n\n<\/div>\n\n\n<div class=\"uael-post-wrapper regiao ods-10-reduccion-de-las-desigualdades ods-16-pt-br \">\n\t<div class=\"uael-post__bg-wrap\">\n\n\t\t\t\t\t<a href=\"https:\/\/acnudh.org\/pt-br\/opinion-afrodescendientes-en-america-del-sur-reconocimiento-justicia-y-desarrollo\/\" target=\"_self\" class=\"uael-post__complete-box-overlay\"><\/a>\n\t\t\t\t\n\t\t<div class=\"uael-post__inner-wrap\">\n\n\t\t\t\t<div class=\"uael-post__thumbnail\">\r\n\t\t\t<a target=\"_self\" href=\"https:\/\/acnudh.org\/pt-br\/opinion-afrodescendientes-en-america-del-sur-reconocimiento-justicia-y-desarrollo\/\" title=\"OPINI\u00c3O | Afrodescendentes na Am\u00e9rica do Sul: reconhecimento, justi\u00e7a e desenvolvimento\"><img loading=\"lazy\" decoding=\"async\" width=\"1600\" height=\"1063\" src=\"https:\/\/acnudh.org\/wp-content\/uploads\/2020\/12\/children_cuba.jpg\" class=\"attachment-full size-full\" alt=\"Crian\u00e7as de fam\u00edlias Gang\u00e1 Longob\u00e1 pr\u00f3ximas a seu local sagrado, Cuba. \u00a9 Sergio Leyva Seiglie, They Are We Project\" srcset=\"https:\/\/acnudh.org\/wp-content\/uploads\/2020\/12\/children_cuba.jpg 1600w, https:\/\/acnudh.org\/wp-content\/uploads\/2020\/12\/children_cuba-400x266.jpg 400w, https:\/\/acnudh.org\/wp-content\/uploads\/2020\/12\/children_cuba-580x385.jpg 580w\" sizes=\"auto, (max-width: 1600px) 100vw, 1600px\" \/><\/a>\r\n\t\t\t\t\t<\/div>\r\n\t\t\n\t\t\t\n\t\t\t<div class=\"uael-post__content-wrap\">\n\t\t\t\t\t<h3 class=\"uael-post__title\">\r\n\r\n\t\t\r\n\t\t\t\t\t\t<a href=\"https:\/\/acnudh.org\/pt-br\/opinion-afrodescendientes-en-america-del-sur-reconocimiento-justicia-y-desarrollo\/\" target=\"_self\">\r\n\t\t\t\tOPINI\u00c3O | Afrodescendentes na Am\u00e9rica do Sul: reconhecimento, justi\u00e7a e desenvolvimento\t\t\t<\/a>\r\n\r\n\t\t\t\t<\/h3>\r\n\t\t\t\t\t<div class=\"uael-post__meta-data\">\r\n\t\t\t\t\t<span class=\"uael-post__date\">\r\n\t\t\t\t\t\t9 de setembro de 2021\t\t<\/span>\r\n\t\t\t\t<\/div>\r\n\t\t\t\t\t<\/div>\n\t\t\t\n\t\t<\/div>\n\t\t\n\t<\/div>\n\n<\/div>\n\n\n<div class=\"uael-post-wrapper brasil-pt-br brasil ods-03-salud-y-bienestar ods-10-reduccion-de-las-desigualdades \">\n\t<div class=\"uael-post__bg-wrap\">\n\n\t\t\t\t\t<a href=\"https:\/\/acnudh.org\/pt-br\/opinion-un-dia-de-los-derechos-humanos-diferente-con-onu-brasil\/\" target=\"_self\" class=\"uael-post__complete-box-overlay\"><\/a>\n\t\t\t\t\n\t\t<div class=\"uael-post__inner-wrap\">\n\n\t\t\t\t<div class=\"uael-post__thumbnail\">\r\n\t\t\t<a target=\"_self\" href=\"https:\/\/acnudh.org\/pt-br\/opinion-un-dia-de-los-derechos-humanos-diferente-con-onu-brasil\/\" title=\"Opini\u00e3o | &#8220;Um Dia dos Direitos Humanos diferente&#8221; &#8211; Com a ONU Brasil\"><img loading=\"lazy\" decoding=\"async\" width=\"1178\" height=\"530\" src=\"https:\/\/acnudh.org\/wp-content\/uploads\/2020\/07\/image1170x530cropped.jpg\" class=\"attachment-full size-full\" alt=\"\u00a9 UNICEF\/Roger LeMoyne\" srcset=\"https:\/\/acnudh.org\/wp-content\/uploads\/2020\/07\/image1170x530cropped.jpg 1178w, https:\/\/acnudh.org\/wp-content\/uploads\/2020\/07\/image1170x530cropped-400x180.jpg 400w, https:\/\/acnudh.org\/wp-content\/uploads\/2020\/07\/image1170x530cropped-580x261.jpg 580w\" sizes=\"auto, (max-width: 1178px) 100vw, 1178px\" \/><\/a>\r\n\t\t\t\t\t<\/div>\r\n\t\t\n\t\t\t\n\t\t\t<div class=\"uael-post__content-wrap\">\n\t\t\t\t\t<h3 class=\"uael-post__title\">\r\n\r\n\t\t\r\n\t\t\t\t\t\t<a href=\"https:\/\/acnudh.org\/pt-br\/opinion-un-dia-de-los-derechos-humanos-diferente-con-onu-brasil\/\" target=\"_self\">\r\n\t\t\t\tOpini\u00e3o | &#8220;Um Dia dos Direitos Humanos diferente&#8221; &#8211; Com a ONU Brasil\t\t\t<\/a>\r\n\r\n\t\t\t\t<\/h3>\r\n\t\t\t\t\t<div class=\"uael-post__meta-data\">\r\n\t\t\t\t\t<span class=\"uael-post__date\">\r\n\t\t\t\t\t\t10 de dezembro de 2020\t\t<\/span>\r\n\t\t\t\t<\/div>\r\n\t\t\t\t\t<\/div>\n\t\t\t\n\t\t<\/div>\n\t\t\n\t<\/div>\n\n<\/div>\n\n\n<div class=\"uael-post-wrapper argentina argentina-pt-br ods-13-accion-por-el-clima \">\n\t<div class=\"uael-post__bg-wrap\">\n\n\t\t\t\t\t<a href=\"https:\/\/acnudh.org\/pt-br\/articulo-de-opinion-jovenes-por-los-derechos-humanos\/\" target=\"_self\" class=\"uael-post__complete-box-overlay\"><\/a>\n\t\t\t\t\n\t\t<div class=\"uael-post__inner-wrap\">\n\n\t\t\t\t<div class=\"uael-post__thumbnail\">\r\n\t\t\t<a target=\"_self\" href=\"https:\/\/acnudh.org\/pt-br\/articulo-de-opinion-jovenes-por-los-derechos-humanos\/\" title=\"Artigo &#8211; &#8220;Juventude pelos direitos humanos&#8221;\"><img loading=\"lazy\" decoding=\"async\" width=\"772\" height=\"569\" src=\"https:\/\/acnudh.org\/wp-content\/uploads\/2019\/12\/Screen-Shot-2019-12-10-at-12.55.29-PM.png\" class=\"attachment-full size-full\" alt=\"Foto: ONU\" srcset=\"https:\/\/acnudh.org\/wp-content\/uploads\/2019\/12\/Screen-Shot-2019-12-10-at-12.55.29-PM.png 772w, https:\/\/acnudh.org\/wp-content\/uploads\/2019\/12\/Screen-Shot-2019-12-10-at-12.55.29-PM-400x295.png 400w, https:\/\/acnudh.org\/wp-content\/uploads\/2019\/12\/Screen-Shot-2019-12-10-at-12.55.29-PM-580x427.png 580w\" sizes=\"auto, (max-width: 772px) 100vw, 772px\" \/><\/a>\r\n\t\t\t\t\t<\/div>\r\n\t\t\n\t\t\t\n\t\t\t<div class=\"uael-post__content-wrap\">\n\t\t\t\t\t<h3 class=\"uael-post__title\">\r\n\r\n\t\t\r\n\t\t\t\t\t\t<a href=\"https:\/\/acnudh.org\/pt-br\/articulo-de-opinion-jovenes-por-los-derechos-humanos\/\" target=\"_self\">\r\n\t\t\t\tArtigo &#8211; &#8220;Juventude pelos direitos humanos&#8221;\t\t\t<\/a>\r\n\r\n\t\t\t\t<\/h3>\r\n\t\t\t\t\t<div class=\"uael-post__meta-data\">\r\n\t\t\t\t\t<span class=\"uael-post__date\">\r\n\t\t\t\t\t\t10 de dezembro de 2019\t\t<\/span>\r\n\t\t\t\t<\/div>\r\n\t\t\t\t\t<\/div>\n\t\t\t\n\t\t<\/div>\n\t\t\n\t<\/div>\n\n<\/div>\n\n\n<div class=\"uael-post-wrapper brasil-pt-br justicia-e-instituciones-solidas-pt-br ods-01-fin-de-la-pobreza ods-16-paz-pt-br ods-16-paz-pt-br-2 \">\n\t<div class=\"uael-post__bg-wrap\">\n\n\t\t\t\t\t<a href=\"https:\/\/acnudh.org\/pt-br\/artigo-prisoes-e-inseguranca-no-brasil-efeito-domino\/\" target=\"_self\" class=\"uael-post__complete-box-overlay\"><\/a>\n\t\t\t\t\n\t\t<div class=\"uael-post__inner-wrap\">\n\n\t\t\t\t<div class=\"uael-post__thumbnail\">\r\n\t\t\t<a target=\"_self\" href=\"https:\/\/acnudh.org\/pt-br\/artigo-prisoes-e-inseguranca-no-brasil-efeito-domino\/\" title=\"Artigo &#8211; &#8220;Pris\u00f5es e inseguran\u00e7a no Brasil: efeito domin\u00f3&#8221;\"><img loading=\"lazy\" decoding=\"async\" width=\"840\" height=\"472\" src=\"https:\/\/acnudh.org\/wp-content\/uploads\/2019\/08\/photo5089337247496513590.jpg\" class=\"attachment-full size-full\" alt=\"\" srcset=\"https:\/\/acnudh.org\/wp-content\/uploads\/2019\/08\/photo5089337247496513590.jpg 840w, https:\/\/acnudh.org\/wp-content\/uploads\/2019\/08\/photo5089337247496513590-400x225.jpg 400w, https:\/\/acnudh.org\/wp-content\/uploads\/2019\/08\/photo5089337247496513590-580x326.jpg 580w\" sizes=\"auto, (max-width: 840px) 100vw, 840px\" \/><\/a>\r\n\t\t\t\t\t<\/div>\r\n\t\t\n\t\t\t\n\t\t\t<div class=\"uael-post__content-wrap\">\n\t\t\t\t\t<h3 class=\"uael-post__title\">\r\n\r\n\t\t\r\n\t\t\t\t\t\t<a href=\"https:\/\/acnudh.org\/pt-br\/artigo-prisoes-e-inseguranca-no-brasil-efeito-domino\/\" target=\"_self\">\r\n\t\t\t\tArtigo &#8211; &#8220;Pris\u00f5es e inseguran\u00e7a no Brasil: efeito domin\u00f3&#8221;\t\t\t<\/a>\r\n\r\n\t\t\t\t<\/h3>\r\n\t\t\t\t\t<div class=\"uael-post__meta-data\">\r\n\t\t\t\t\t<span class=\"uael-post__date\">\r\n\t\t\t\t\t\t15 de agosto de 2019\t\t<\/span>\r\n\t\t\t\t<\/div>\r\n\t\t\t\t\t<\/div>\n\t\t\t\n\t\t<\/div>\n\t\t\n\t<\/div>\n\n<\/div>\n\n\n<div class=\"uael-post-wrapper brasil-pt-br ods-16-pt-br \">\n\t<div class=\"uael-post__bg-wrap\">\n\n\t\t\t\t\t<a href=\"https:\/\/acnudh.org\/pt-br\/em-dialogo-com-deutsche-welle-representante-comentou-importancia-de-mecanismo-brasileiro-contra-a-tortura\/\" target=\"_self\" class=\"uael-post__complete-box-overlay\"><\/a>\n\t\t\t\t\n\t\t<div class=\"uael-post__inner-wrap\">\n\n\t\t\t\t<div class=\"uael-post__thumbnail\">\r\n\t\t\t<a target=\"_self\" href=\"https:\/\/acnudh.org\/pt-br\/em-dialogo-com-deutsche-welle-representante-comentou-importancia-de-mecanismo-brasileiro-contra-a-tortura\/\" title=\"Em di\u00e1logo com Deutsche Welle, Representante comentou import\u00e2ncia de mecanismo brasileiro contra a tortura\"><img loading=\"lazy\" decoding=\"async\" width=\"400\" height=\"233\" src=\"https:\/\/acnudh.org\/wp-content\/uploads\/2019\/06\/tortura-400x233-1.png\" class=\"attachment-full size-full\" alt=\"\" \/><\/a>\r\n\t\t\t\t\t<\/div>\r\n\t\t\n\t\t\t\n\t\t\t<div class=\"uael-post__content-wrap\">\n\t\t\t\t\t<h3 class=\"uael-post__title\">\r\n\r\n\t\t\r\n\t\t\t\t\t\t<a href=\"https:\/\/acnudh.org\/pt-br\/em-dialogo-com-deutsche-welle-representante-comentou-importancia-de-mecanismo-brasileiro-contra-a-tortura\/\" target=\"_self\">\r\n\t\t\t\tEm di\u00e1logo com Deutsche Welle, Representante comentou import\u00e2ncia de mecanismo brasileiro contra a tortura\t\t\t<\/a>\r\n\r\n\t\t\t\t<\/h3>\r\n\t\t\t\t\t<div class=\"uael-post__meta-data\">\r\n\t\t\t\t\t<span class=\"uael-post__date\">\r\n\t\t\t\t\t\t17 de junho de 2019\t\t<\/span>\r\n\t\t\t\t<\/div>\r\n\t\t\t\t\t<\/div>\n\t\t\t\n\t\t<\/div>\n\t\t\n\t<\/div>\n\n<\/div>\n\t\t\t\t<\/div>\r\n\t\t\t\t\t\t<div class=\"uael-post-inf-loader\">\r\n\t\t\t\t<div class=\"uael-post-loader-1\"><\/div>\r\n\t\t\t\t<div class=\"uael-post-loader-2\"><\/div>\r\n\t\t\t\t<div class=\"uael-post-loader-3\"><\/div>\r\n\t\t\t<\/div>\r\n\t\t\t\t\t\t\r\n\t\t<\/div>\r\n\r\n\t\t\t\t\t\t<\/div>\r\n\t\t<div class=\"uael-post__footer\">\r\n\t\t\t\t\t\t<nav class=\"uael-grid-pagination\" style=\"display:none;\" role=\"navigation\" aria-label=\"Pagination\" data-total=\"3\">\r\n\t\t\t\t<span aria-current=\"page\" class=\"page-numbers current\">1<\/span>\n<a class=\"page-numbers\" href=\"https:\/\/acnudh.org\/pt-br\/wp-json\/wp\/v2\/pages\/55965\/page\/2\/\">2<\/a>\n<a class=\"page-numbers\" href=\"https:\/\/acnudh.org\/pt-br\/wp-json\/wp\/v2\/pages\/55965\/page\/3\/\">3<\/a>\n<a class=\"next page-numbers\" href=\"https:\/\/acnudh.org\/pt-br\/wp-json\/wp\/v2\/pages\/55965\/page\/2\/\">Pr\u00f3ximo &raquo;<\/a>\t\t\t<\/nav>\r\n\t\t\t\t\t<\/div>\r\n\t\t\t\t<\/div>\n\t\t\t\t<\/div>\n\t\t\t\t\t\t<\/div>\n\t\t\t<\/div>\n\t\t<\/div>\n\t\t\t\t\t\t<\/div>\n\t\t\t<\/div>\n\t\t<\/section>\n\t\t\t\t\t\t<\/div>\n\t\t\t<\/div>\n\t\t<\/div>\n\t\t","protected":false},"excerpt":{"rendered":"<p>O Escrit\u00f3rio na m\u00eddia Todas &#8211; Mundo &#8211; &#8211; Regi\u00f3n &#8211; . Argentina . . Bolivia . . Brasil . . Chile . . Ecuador . . Paraguay . . Per\u00fa . . Uruguay . . Venezuela . Todas Todas &#8211; Mundo &#8211; &#8211; Regi\u00f3n &#8211; . Argentina . . Bolivia . . Brasil . [&hellip;]<\/p>\n","protected":false},"author":1,"featured_media":0,"parent":0,"menu_order":0,"comment_status":"closed","ping_status":"closed","template":"","meta":{"_uag_custom_page_level_css":"","site-sidebar-layout":"no-sidebar","site-content-layout":"page-builder","ast-site-content-layout":"","site-content-style":"default","site-sidebar-style":"default","ast-global-header-display":"","ast-banner-title-visibility":"","ast-main-header-display":"","ast-hfb-above-header-display":"","ast-hfb-below-header-display":"","ast-hfb-mobile-header-display":"","site-post-title":"disabled","ast-breadcrumbs-content":"","ast-featured-img":"disabled","footer-sml-layout":"","theme-transparent-header-meta":"default","adv-header-id-meta":"","stick-header-meta":"default","header-above-stick-meta":"","header-main-stick-meta":"","header-below-stick-meta":"","astra-migrate-meta-layouts":"default","ast-page-background-enabled":"default","ast-page-background-meta":{"desktop":{"background-color":"","background-image":"","background-repeat":"repeat","background-position":"center center","background-size":"auto","background-attachment":"scroll","background-type":"","background-media":"","overlay-type":"","overlay-color":"","overlay-opacity":"","overlay-gradient":""},"tablet":{"background-color":"","background-image":"","background-repeat":"repeat","background-position":"center center","background-size":"auto","background-attachment":"scroll","background-type":"","background-media":"","overlay-type":"","overlay-color":"","overlay-opacity":"","overlay-gradient":""},"mobile":{"background-color":"","background-image":"","background-repeat":"repeat","background-position":"center center","background-size":"auto","background-attachment":"scroll","background-type":"","background-media":"","overlay-type":"","overlay-color":"","overlay-opacity":"","overlay-gradient":""}},"ast-content-background-meta":{"desktop":{"background-color":"var(--ast-global-color-5)","background-image":"","background-repeat":"repeat","background-position":"center center","background-size":"auto","background-attachment":"scroll","background-type":"","background-media":"","overlay-type":"","overlay-color":"","overlay-opacity":"","overlay-gradient":""},"tablet":{"background-color":"var(--ast-global-color-5)","background-image":"","background-repeat":"repeat","background-position":"center center","background-size":"auto","background-attachment":"scroll","background-type":"","background-media":"","overlay-type":"","overlay-color":"","overlay-opacity":"","overlay-gradient":""},"mobile":{"background-color":"var(--ast-global-color-5)","background-image":"","background-repeat":"repeat","background-position":"center center","background-size":"auto","background-attachment":"scroll","background-type":"","background-media":"","overlay-type":"","overlay-color":"","overlay-opacity":"","overlay-gradient":""}},"footnotes":""},"class_list":["post-55965","page","type-page","status-publish","hentry"],"uagb_featured_image_src":{"full":false,"thumbnail":false,"medium":false,"medium_large":false,"large":false,"1536x1536":false,"2048x2048":false},"uagb_author_info":{"display_name":"acnudh","author_link":"https:\/\/acnudh.org\/pt-br\/author\/acnudh\/"},"uagb_comment_info":0,"uagb_excerpt":"O Escrit\u00f3rio na m\u00eddia Todas &#8211; Mundo &#8211; &#8211; Regi\u00f3n &#8211; . Argentina . . Bolivia . . Brasil . . Chile . . Ecuador . . Paraguay . . Per\u00fa . . Uruguay . . Venezuela . Todas Todas &#8211; Mundo &#8211; &#8211; Regi\u00f3n &#8211; . Argentina . . Bolivia . . Brasil .&hellip;","_links":{"self":[{"href":"https:\/\/acnudh.org\/pt-br\/wp-json\/wp\/v2\/pages\/55965","targetHints":{"allow":["GET"]}}],"collection":[{"href":"https:\/\/acnudh.org\/pt-br\/wp-json\/wp\/v2\/pages"}],"about":[{"href":"https:\/\/acnudh.org\/pt-br\/wp-json\/wp\/v2\/types\/page"}],"author":[{"embeddable":true,"href":"https:\/\/acnudh.org\/pt-br\/wp-json\/wp\/v2\/users\/1"}],"replies":[{"embeddable":true,"href":"https:\/\/acnudh.org\/pt-br\/wp-json\/wp\/v2\/comments?post=55965"}],"version-history":[{"count":6,"href":"https:\/\/acnudh.org\/pt-br\/wp-json\/wp\/v2\/pages\/55965\/revisions"}],"predecessor-version":[{"id":59062,"href":"https:\/\/acnudh.org\/pt-br\/wp-json\/wp\/v2\/pages\/55965\/revisions\/59062"}],"wp:attachment":[{"href":"https:\/\/acnudh.org\/pt-br\/wp-json\/wp\/v2\/media?parent=55965"}],"curies":[{"name":"wp","href":"https:\/\/api.w.org\/{rel}","templated":true}]}}