{"id":55922,"date":"2019-04-04T13:13:02","date_gmt":"2019-04-04T16:13:02","guid":{"rendered":"http:\/\/acnudh.org\/argentina\/"},"modified":"2019-07-24T13:47:25","modified_gmt":"2019-07-24T17:47:25","slug":"argentina","status":"publish","type":"page","link":"https:\/\/acnudh.org\/pt-br\/argentina\/","title":{"rendered":"Argentina"},"content":{"rendered":"\t\t<div data-elementor-type=\"wp-post\" data-elementor-id=\"55922\" class=\"elementor elementor-55922 elementor-37358\" data-elementor-settings=\"[]\">\n\t\t\t<div class=\"elementor-inner\">\n\t\t\t\t<div class=\"elementor-section-wrap\">\n\t\t\t\t\t\t\t<section class=\"elementor-element elementor-element-fe52ce2 elementor-section-boxed elementor-section-height-default elementor-section-height-default elementor-section elementor-top-section\" data-id=\"fe52ce2\" data-element_type=\"section\">\n\t\t\t\t\t\t<div class=\"elementor-container elementor-column-gap-default\">\n\t\t\t\t<div class=\"elementor-row\">\n\t\t\t\t<div class=\"elementor-element elementor-element-df9a082 elementor-column elementor-col-100 elementor-top-column\" data-id=\"df9a082\" data-element_type=\"column\">\n\t\t\t<div class=\"elementor-column-wrap  elementor-element-populated\">\n\t\t\t\t\t<div class=\"elementor-widget-wrap\">\n\t\t\t\t<div class=\"elementor-element elementor-element-4bd07ad elementor-widget elementor-widget-spacer\" data-id=\"4bd07ad\" data-element_type=\"widget\" data-widget_type=\"spacer.default\">\n\t\t\t\t<div class=\"elementor-widget-container\">\n\t\t\t\t\t<div class=\"elementor-spacer\">\n\t\t\t<div class=\"elementor-spacer-inner\"><\/div>\n\t\t<\/div>\n\t\t\t\t<\/div>\n\t\t\t\t<\/div>\n\t\t\t\t\t\t<\/div>\n\t\t\t<\/div>\n\t\t<\/div>\n\t\t\t\t\t\t<\/div>\n\t\t\t<\/div>\n\t\t<\/section>\n\t\t\t\t<section class=\"elementor-element elementor-element-e771bdb elementor-section-boxed elementor-section-height-default elementor-section-height-default elementor-section elementor-top-section\" data-id=\"e771bdb\" data-element_type=\"section\">\n\t\t\t\t\t\t<div class=\"elementor-container elementor-column-gap-default\">\n\t\t\t\t<div class=\"elementor-row\">\n\t\t\t\t<div class=\"elementor-element elementor-element-887c294 elementor-column elementor-col-50 elementor-top-column\" data-id=\"887c294\" data-element_type=\"column\">\n\t\t\t<div class=\"elementor-column-wrap  elementor-element-populated\">\n\t\t\t\t\t<div class=\"elementor-widget-wrap\">\n\t\t\t\t<div class=\"elementor-element elementor-element-13afbef uael-stack-desktop-no uael-heading-stack-none elementor-widget elementor-widget-uael-dual-color-heading\" data-id=\"13afbef\" data-element_type=\"widget\" data-widget_type=\"uael-dual-color-heading.default\">\n\t\t\t\t<div class=\"elementor-widget-container\">\n\t\t\t\t\t\t\t<div class=\"uael-module-content uael-dual-color-heading\">\r\n\t\t\t<h2>\r\n\t\t\t\t\t\t\t\t\t\t\t\t\t\t\t\t<span class=\"uael-before-heading\"><span class=\"elementor-inline-editing uael-dual-heading-text uael-first-text\" data-elementor-setting-key=\"before_heading_text\" data-elementor-inline-editing-toolbar=\"basic\">ACNUDH em <\/span><\/span><span class=\"uael-adv-heading-stack\"><span class=\"elementor-inline-editing uael-dual-heading-text uael-highlight-text\" data-elementor-setting-key=\"second_heading_text\" data-elementor-inline-editing-toolbar=\"basic\"><\/span><\/span>\t\t\t\t\t\t\t\t\t\t\t\t\t<\/h2>\r\n\t\t<\/div>\r\n\t\t\t\t<\/div>\n\t\t\t\t<\/div>\n\t\t\t\t\t\t<\/div>\n\t\t\t<\/div>\n\t\t<\/div>\n\t\t\t\t<div class=\"elementor-element elementor-element-932b3a1 elementor-column elementor-col-50 elementor-top-column\" data-id=\"932b3a1\" data-element_type=\"column\">\n\t\t\t<div class=\"elementor-column-wrap  elementor-element-populated\">\n\t\t\t\t\t<div class=\"elementor-widget-wrap\">\n\t\t\t\t<div class=\"elementor-element elementor-element-52f3bda animated-slow uael-ins-normal elementor-invisible elementor-widget elementor-widget-global elementor-global-55979 elementor-global-55904 elementor-widget-uael-image-gallery\" data-id=\"52f3bda\" data-element_type=\"widget\" data-settings=\"{&quot;_animation&quot;:&quot;fadeIn&quot;,&quot;_animation_delay&quot;:2000}\" data-widget_type=\"uael-image-gallery.default\">\n\t\t\t\t<div class=\"elementor-widget-container\">\n\t\t\t<div class=\"uael-gallery-parent uael-caption- \"><div class=\"uael-img-gallery-wrap uael-img-justified-wrap uael-img-grid-masonry-wrap\" data-rowheight=\"50\" data-lastrow=\"nojustify\"><div class=\"uael-grid-item \"><div class=\"uael-grid-item-content\"><a class=\"uael-grid-img uael-grid-gallery-img uael-ins-hover elementor-clickable\" data-elementor-open-lightbox=\"no\" data-elementor-lightbox-slideshow=\"52f3bda\" data-elementor-lightbox-index=\"0\" target=\"_self\" href=\"http:\/\/acnudh.org\/argentina\/\"><div class=\"uael-grid-img-thumbnail uael-ins-target\"><img loading=\"lazy\" decoding=\"async\" width=\"1\" height=\"1\" src=\"https:\/\/acnudh.org\/wp-content\/uploads\/2019\/04\/iconfinder_16_Ensign_Flag_Nation_Argentina_2634348.svg\" class=\"attachment-thumbnail size-thumbnail\" alt=\"\" \/><\/div><div class=\"uael-grid-img-overlay\"><\/div><\/a><\/div><\/div><div class=\"uael-grid-item \"><div class=\"uael-grid-item-content\"><a class=\"uael-grid-img uael-grid-gallery-img uael-ins-hover elementor-clickable\" data-elementor-open-lightbox=\"no\" data-elementor-lightbox-slideshow=\"52f3bda\" data-elementor-lightbox-index=\"1\" target=\"_self\" href=\"http:\/\/acnudh.org\/bolivia\/\"><div class=\"uael-grid-img-thumbnail uael-ins-target\"><img loading=\"lazy\" decoding=\"async\" width=\"1\" height=\"1\" src=\"https:\/\/acnudh.org\/wp-content\/uploads\/2019\/04\/iconfinder_34_Ensign_Flag_Nation_Bolivia_2634286.svg\" class=\"attachment-thumbnail size-thumbnail\" alt=\"\" \/><\/div><div class=\"uael-grid-img-overlay\"><\/div><\/a><\/div><\/div><div class=\"uael-grid-item \"><div class=\"uael-grid-item-content\"><a class=\"uael-grid-img uael-grid-gallery-img uael-ins-hover elementor-clickable\" data-elementor-open-lightbox=\"no\" data-elementor-lightbox-slideshow=\"52f3bda\" data-elementor-lightbox-index=\"2\" target=\"_self\" href=\"http:\/\/acnudh.org\/brasil\/\"><div class=\"uael-grid-img-thumbnail uael-ins-target\"><img loading=\"lazy\" decoding=\"async\" width=\"1\" height=\"1\" src=\"https:\/\/acnudh.org\/wp-content\/uploads\/2019\/04\/iconfinder_38_Ensign_Flag_Nation_brazil_2634471.svg\" class=\"attachment-thumbnail size-thumbnail\" alt=\"\" \/><\/div><div class=\"uael-grid-img-overlay\"><\/div><\/a><\/div><\/div><div class=\"uael-grid-item \"><div class=\"uael-grid-item-content\"><a class=\"uael-grid-img uael-grid-gallery-img uael-ins-hover elementor-clickable\" data-elementor-open-lightbox=\"no\" data-elementor-lightbox-slideshow=\"52f3bda\" data-elementor-lightbox-index=\"3\" target=\"_self\" href=\"http:\/\/acnudh.org\/chile\/\"><div class=\"uael-grid-img-thumbnail uael-ins-target\"><img loading=\"lazy\" decoding=\"async\" width=\"1\" height=\"1\" src=\"https:\/\/acnudh.org\/wp-content\/uploads\/2019\/04\/iconfinder_56_Ensign_Flag_Nation_chile_2634486.svg\" class=\"attachment-thumbnail size-thumbnail\" alt=\"\" \/><\/div><div class=\"uael-grid-img-overlay\"><\/div><\/a><\/div><\/div><div class=\"uael-grid-item \"><div class=\"uael-grid-item-content\"><a class=\"uael-grid-img uael-grid-gallery-img uael-ins-hover elementor-clickable\" data-elementor-open-lightbox=\"no\" data-elementor-lightbox-slideshow=\"52f3bda\" data-elementor-lightbox-index=\"4\" target=\"_self\" href=\"http:\/\/acnudh.org\/ecuador\/\"><div class=\"uael-grid-img-thumbnail uael-ins-target\"><img loading=\"lazy\" decoding=\"async\" width=\"1\" height=\"1\" src=\"https:\/\/acnudh.org\/wp-content\/uploads\/2019\/04\/iconfinder_79_Ensign_Flag_Nation_ecuador_2634505.svg\" class=\"attachment-thumbnail size-thumbnail\" alt=\"\" \/><\/div><div class=\"uael-grid-img-overlay\"><\/div><\/a><\/div><\/div><div class=\"uael-grid-item \"><div class=\"uael-grid-item-content\"><a class=\"uael-grid-img uael-grid-gallery-img uael-ins-hover elementor-clickable\" data-elementor-open-lightbox=\"no\" data-elementor-lightbox-slideshow=\"52f3bda\" data-elementor-lightbox-index=\"5\" target=\"_self\" href=\"http:\/\/acnudh.org\/paraguay\/\"><div class=\"uael-grid-img-thumbnail uael-ins-target\"><img loading=\"lazy\" decoding=\"async\" width=\"1\" height=\"1\" src=\"https:\/\/acnudh.org\/wp-content\/uploads\/2019\/04\/iconfinder_200_Ensign_Flag_Nation_paraguay_2634388.svg\" class=\"attachment-thumbnail size-thumbnail\" alt=\"\" \/><\/div><div class=\"uael-grid-img-overlay\"><\/div><\/a><\/div><\/div><div class=\"uael-grid-item \"><div class=\"uael-grid-item-content\"><a class=\"uael-grid-img uael-grid-gallery-img uael-ins-hover elementor-clickable\" data-elementor-open-lightbox=\"no\" data-elementor-lightbox-slideshow=\"52f3bda\" data-elementor-lightbox-index=\"6\" target=\"_self\" href=\"http:\/\/acnudh.org\/peru\/\"><div class=\"uael-grid-img-thumbnail uael-ins-target\"><img loading=\"lazy\" decoding=\"async\" width=\"1\" height=\"1\" src=\"https:\/\/acnudh.org\/wp-content\/uploads\/2019\/04\/iconfinder_201_Ensign_Flag_Nation_peru_2634389.svg\" class=\"attachment-thumbnail size-thumbnail\" alt=\"\" \/><\/div><div class=\"uael-grid-img-overlay\"><\/div><\/a><\/div><\/div><div class=\"uael-grid-item \"><div class=\"uael-grid-item-content\"><a class=\"uael-grid-img uael-grid-gallery-img uael-ins-hover elementor-clickable\" data-elementor-open-lightbox=\"no\" data-elementor-lightbox-slideshow=\"52f3bda\" data-elementor-lightbox-index=\"7\" target=\"_self\" href=\"http:\/\/acnudh.org\/uruguay\/\"><div class=\"uael-grid-img-thumbnail uael-ins-target\"><img loading=\"lazy\" decoding=\"async\" width=\"1\" height=\"1\" src=\"https:\/\/acnudh.org\/wp-content\/uploads\/2019\/04\/iconfinder_275_Ensign_Flag_Nation_uruguay_2634452.svg\" class=\"attachment-thumbnail size-thumbnail\" alt=\"\" \/><\/div><div class=\"uael-grid-img-overlay\"><\/div><\/a><\/div><\/div><div class=\"uael-grid-item \"><div class=\"uael-grid-item-content\"><a class=\"uael-grid-img uael-grid-gallery-img uael-ins-hover elementor-clickable\" data-elementor-open-lightbox=\"no\" data-elementor-lightbox-slideshow=\"52f3bda\" data-elementor-lightbox-index=\"8\" target=\"_self\" href=\"http:\/\/acnudh.org\/venezuela\/\"><div class=\"uael-grid-img-thumbnail uael-ins-target\"><img loading=\"lazy\" decoding=\"async\" width=\"1\" height=\"1\" src=\"https:\/\/acnudh.org\/wp-content\/uploads\/2019\/04\/iconfinder_279_Ensign_Flag_Nation_venezuela_2634456.svg\" class=\"attachment-thumbnail size-thumbnail\" alt=\"\" \/><\/div><div class=\"uael-grid-img-overlay\"><\/div><\/a><\/div><\/div><\/div><\/div>\t\t<\/div>\n\t\t\t\t<\/div>\n\t\t\t\t\t\t<\/div>\n\t\t\t<\/div>\n\t\t<\/div>\n\t\t\t\t\t\t<\/div>\n\t\t\t<\/div>\n\t\t<\/section>\n\t\t\t\t<section class=\"elementor-element elementor-element-b5389ae elementor-section-boxed elementor-section-height-default elementor-section-height-default elementor-section elementor-top-section\" data-id=\"b5389ae\" data-element_type=\"section\">\n\t\t\t\t\t\t<div class=\"elementor-container elementor-column-gap-default\">\n\t\t\t\t<div class=\"elementor-row\">\n\t\t\t\t<div class=\"elementor-element elementor-element-dd5ff53 elementor-column elementor-col-33 elementor-top-column\" data-id=\"dd5ff53\" data-element_type=\"column\">\n\t\t\t<div class=\"elementor-column-wrap  elementor-element-populated\">\n\t\t\t\t\t<div class=\"elementor-widget-wrap\">\n\t\t\t\t<div class=\"elementor-element elementor-element-5a2d76e elementor-align-left elementor-icon-list--layout-traditional elementor-widget elementor-widget-icon-list\" data-id=\"5a2d76e\" data-element_type=\"widget\" data-widget_type=\"icon-list.default\">\n\t\t\t\t<div class=\"elementor-widget-container\">\n\t\t\t\t\t<ul class=\"elementor-icon-list-items\">\n\t\t\t\t\t\t\t<li class=\"elementor-icon-list-item\" >\n\t\t\t\t\t<a href=\"https:\/\/tbinternet.ohchr.org\/_layouts\/TreatyBodyExternal\/Treaty.aspx?CountryID=7&amp;Lang=SP\" target=\"_blank\">\t\t\t\t\t\t<span class=\"elementor-icon-list-icon\">\n\t\t\t\t\t\t\t<i aria-hidden=\"true\" class=\"fas fa-users\"><\/i>\t\t\t\t\t\t<\/span>\n\t\t\t\t\t\t\t\t\t\t<span class=\"elementor-icon-list-text\">Ratifica\u00e7\u00e3o dos Tratados<\/span>\n\t\t\t\t\t\t\t\t\t\t\t<\/a>\n\t\t\t\t\t\t\t\t\t<\/li>\n\t\t\t\t\t\t\t\t<li class=\"elementor-icon-list-item\" >\n\t\t\t\t\t<a href=\"http:\/\/acnudh.org\/pt-br\/argentina\/estado-dos-relatorios-aos-mecanismos-de-direitos-humanos-argentina\/\">\t\t\t\t\t\t<span class=\"elementor-icon-list-icon\">\n\t\t\t\t\t\t\t<i aria-hidden=\"true\" class=\"far fa-clock\"><\/i>\t\t\t\t\t\t<\/span>\n\t\t\t\t\t\t\t\t\t\t<span class=\"elementor-icon-list-text\">Estado dos Relat\u00f3rios aos Mecanismos<\/span>\n\t\t\t\t\t\t\t\t\t\t\t<\/a>\n\t\t\t\t\t\t\t\t\t<\/li>\n\t\t\t\t\t\t\t\t<li class=\"elementor-icon-list-item\" >\n\t\t\t\t\t<a href=\"http:\/\/acnudh.org\/pt-br\/proxima-revisao-e-visitas-argentina\/\">\t\t\t\t\t\t<span class=\"elementor-icon-list-icon\">\n\t\t\t\t\t\t\t<i aria-hidden=\"true\" class=\"fas fa-plane\"><\/i>\t\t\t\t\t\t<\/span>\n\t\t\t\t\t\t\t\t\t\t<span class=\"elementor-icon-list-text\">Pr\u00f3ximas revis\u00f5es e visitas<\/span>\n\t\t\t\t\t\t\t\t\t\t\t<\/a>\n\t\t\t\t\t\t\t\t\t<\/li>\n\t\t\t\t\t\t<\/ul>\n\t\t\t\t<\/div>\n\t\t\t\t<\/div>\n\t\t\t\t\t\t<\/div>\n\t\t\t<\/div>\n\t\t<\/div>\n\t\t\t\t<div class=\"elementor-element elementor-element-738ee62 elementor-hidden-phone elementor-column elementor-col-33 elementor-top-column\" data-id=\"738ee62\" data-element_type=\"column\">\n\t\t\t<div class=\"elementor-column-wrap  elementor-element-populated\">\n\t\t\t\t\t<div class=\"elementor-widget-wrap\">\n\t\t\t\t<div class=\"elementor-element elementor-element-0080018 elementor-hidden-phone elementor-widget elementor-widget-uael-hotspot\" data-id=\"0080018\" data-element_type=\"widget\" data-widget_type=\"uael-hotspot.default\">\n\t\t\t\t<div class=\"elementor-widget-container\">\n\t\t\t\r\n\t\t<div class=\"uael-hotspot   \">\r\n\t\t\t<img decoding=\"async\" src=\"http:\/\/acnudh.org\/load\/2019\/04\/Southamerica-map.png\" title=\"\" alt=\"\" \/>\t\t\r\n\t\t\t\r\n\t\t\t<div class=\"uael-hotspot-container\" data-side=\"\" data-hotspottrigger=\"\" data-arrow=\"\" data-distance=\"6\" data-delay=\"300\" data-animation=\"\" data-animduration=\"350\" data-zindex=\"99\" data-length=\"1\" data-autoplay=\"\" data-repeat=\"\" data-tourinterval=\"4000\" data-overlay=\"\" data-autoaction=\"\" data-hotspotviewport=\"90\" >\r\n\r\n\t\t\t\t\t\t\t\t\t\t\t\t\t\t<span class=\"uael-tooltip elementor-repeater-item-8bd502a\">\r\n\t\t\t\t\t\t<span class=\"uael-hotspot-main-0080018 uael-hotspot-content uael-hotspot-anim \" id=\"uael-tooltip-id-0080018-1\" data-uaeltour=\"1\" data-tooltip-content=\"#uael-tooltip-content-0080018-8bd502a\">\r\n\t\t\t\t\t\t\t\t\t\t\t\t\t\t\t<i class=\"fa fa-dot-circle-o\"><\/i>\r\n\t\t\t\t\t\t\t\t\t\t\t\t\t\t\t\t\t\t<\/span>\r\n\t\t\t\t\t<\/span>\r\n\t\t\t\t\t\r\n\t\t\t\t\t\t\t\t\t\t\t\t\t\t\t\t\t\t\t<\/div>\r\n\t\t\t\r\n\t\t\t\t\t<\/div>\r\n\t\t\t\t<\/div>\n\t\t\t\t<\/div>\n\t\t\t\t\t\t<\/div>\n\t\t\t<\/div>\n\t\t<\/div>\n\t\t\t\t<div class=\"elementor-element elementor-element-419b0e3 elementor-column elementor-col-33 elementor-top-column\" data-id=\"419b0e3\" data-element_type=\"column\">\n\t\t\t<div class=\"elementor-column-wrap  elementor-element-populated\">\n\t\t\t\t\t<div class=\"elementor-widget-wrap\">\n\t\t\t\t<div class=\"elementor-element elementor-element-d2a1661 elementor-widget elementor-widget-heading\" data-id=\"d2a1661\" data-element_type=\"widget\" data-widget_type=\"heading.default\">\n\t\t\t\t<div class=\"elementor-widget-container\">\n\t\t\t<h3 class=\"elementor-heading-title elementor-size-default\">Not\u00edcias Relacionadas<\/h3>\t\t<\/div>\n\t\t\t\t<\/div>\n\t\t\t\t<div class=\"elementor-element elementor-element-b48ef44 uael-post__link-complete-yes elementor-widget elementor-widget-uael-posts\" data-id=\"b48ef44\" data-element_type=\"widget\" data-widget_type=\"uael-posts.classic\">\n\t\t\t\t<div class=\"elementor-widget-container\">\n\t\t\t\t\t<div class=\"uael-post__header\">\r\n\t\t\t\t\t<\/div>\r\n\t\t<div class=\"uael-post__body\">\r\n\t\t\t\r\n\t\t\r\n\t\t<div class=\"uael-blog-terms-position- uael-post-image-none uael-post-grid uael-posts\" data-query-type=\"custom\" data-structure=\"normal\" data-layout=\"\" data-page=\"55922\" data-skin=\"classic\" >\r\n\r\n\t\t\t\t\t\t\t<div class=\"uael-post-grid__inner uael-post__columns-1 uael-post__columns-tablet-1 uael-post__columns-mobile-1\">\r\n\t\t\t\n\n<div class=\"uael-post-wrapper  \">\n\t<div class=\"uael-post__bg-wrap\">\n\n\t\t\t\t\t<a href=\"https:\/\/acnudh.org\/pt-br\/sobre-a-identificacao-de-francisco-tenorio-cerqueira-junior-na-argentina\/\" target=\"_blank\" class=\"uael-post__complete-box-overlay\"><\/a>\n\t\t\t\t\n\t\t<div class=\"uael-post__inner-wrap\">\n\n\t\t\n\t\t\t\n\t\t\t<div class=\"uael-post__content-wrap\">\n\t\t\t\t\t<h3 class=\"uael-post__title\">\r\n\r\n\t\t\r\n\t\t\t\t\t\t<a href=\"https:\/\/acnudh.org\/pt-br\/sobre-a-identificacao-de-francisco-tenorio-cerqueira-junior-na-argentina\/\" target=\"_self\">\r\n\t\t\t\tSobre a identifica\u00e7\u00e3o de Francisco Ten\u00f3rio Cerqueira J\u00fanior na Argentina\t\t\t<\/a>\r\n\r\n\t\t\t\t<\/h3>\r\n\t\t\t\t\t<div class=\"uael-post__meta-data\">\r\n\t\t\t\t\t<span class=\"uael-post__date\">\r\n\t\t\t\t\t\t<i class=\"fa fa-calendar\"><\/i>\r\n\t\t\t\t\t\t15 de setembro de 2025\t\t<\/span>\r\n\t\t\t\t<\/div>\r\n\t\t\t\t\t<\/div>\n\t\t\t\n\t\t<\/div>\n\t\t\n\t<\/div>\n\n<\/div>\n\n\n<div class=\"uael-post-wrapper  \">\n\t<div class=\"uael-post__bg-wrap\">\n\n\t\t\t\t\t<a href=\"https:\/\/acnudh.org\/pt-br\/representante-regional-realizo-visita-a-argentina\/\" target=\"_blank\" class=\"uael-post__complete-box-overlay\"><\/a>\n\t\t\t\t\n\t\t<div class=\"uael-post__inner-wrap\">\n\n\t\t\n\t\t\t\n\t\t\t<div class=\"uael-post__content-wrap\">\n\t\t\t\t\t<h3 class=\"uael-post__title\">\r\n\r\n\t\t\r\n\t\t\t\t\t\t<a href=\"https:\/\/acnudh.org\/pt-br\/representante-regional-realizo-visita-a-argentina\/\" target=\"_self\">\r\n\t\t\t\tRepresentante Regional visitou a Argentina\t\t\t<\/a>\r\n\r\n\t\t\t\t<\/h3>\r\n\t\t\t\t\t<div class=\"uael-post__meta-data\">\r\n\t\t\t\t\t<span class=\"uael-post__date\">\r\n\t\t\t\t\t\t<i class=\"fa fa-calendar\"><\/i>\r\n\t\t\t\t\t\t12 de dezembro de 2019\t\t<\/span>\r\n\t\t\t\t<\/div>\r\n\t\t\t\t\t<\/div>\n\t\t\t\n\t\t<\/div>\n\t\t\n\t<\/div>\n\n<\/div>\n\n\n<div class=\"uael-post-wrapper  \">\n\t<div class=\"uael-post__bg-wrap\">\n\n\t\t\t\t\t<a href=\"https:\/\/acnudh.org\/pt-br\/articulo-de-opinion-jovenes-por-los-derechos-humanos\/\" target=\"_blank\" class=\"uael-post__complete-box-overlay\"><\/a>\n\t\t\t\t\n\t\t<div class=\"uael-post__inner-wrap\">\n\n\t\t\n\t\t\t\n\t\t\t<div class=\"uael-post__content-wrap\">\n\t\t\t\t\t<h3 class=\"uael-post__title\">\r\n\r\n\t\t\r\n\t\t\t\t\t\t<a href=\"https:\/\/acnudh.org\/pt-br\/articulo-de-opinion-jovenes-por-los-derechos-humanos\/\" target=\"_self\">\r\n\t\t\t\tArtigo &#8211; &#8220;Juventude pelos direitos humanos&#8221;\t\t\t<\/a>\r\n\r\n\t\t\t\t<\/h3>\r\n\t\t\t\t\t<div class=\"uael-post__meta-data\">\r\n\t\t\t\t\t<span class=\"uael-post__date\">\r\n\t\t\t\t\t\t<i class=\"fa fa-calendar\"><\/i>\r\n\t\t\t\t\t\t10 de dezembro de 2019\t\t<\/span>\r\n\t\t\t\t<\/div>\r\n\t\t\t\t\t<\/div>\n\t\t\t\n\t\t<\/div>\n\t\t\n\t<\/div>\n\n<\/div>\n\t\t\t\t<\/div>\r\n\t\t\t\t\t\t\r\n\t\t<\/div>\r\n\r\n\t\t\t\t\t\t<\/div>\r\n\t\t<div class=\"uael-post__footer\">\r\n\t\t\t\t\t\t<nav class=\"uael-grid-pagination\"  role=\"navigation\" aria-label=\"Pagination\" data-total=\"3\">\r\n\t\t\t\t<span aria-current=\"page\" class=\"page-numbers current\">1<\/span>\n<a class=\"page-numbers\" href=\"https:\/\/acnudh.org\/pt-br\/wp-json\/wp\/v2\/pages\/55922\/page\/2\/\">2<\/a>\n<a class=\"page-numbers\" href=\"https:\/\/acnudh.org\/pt-br\/wp-json\/wp\/v2\/pages\/55922\/page\/3\/\">3<\/a>\n<a class=\"next page-numbers\" href=\"https:\/\/acnudh.org\/pt-br\/wp-json\/wp\/v2\/pages\/55922\/page\/2\/\">Pr\u00f3ximo &raquo;<\/a>\t\t\t<\/nav>\r\n\t\t\t\t\t<\/div>\r\n\t\t\t\t<\/div>\n\t\t\t\t<\/div>\n\t\t\t\t\t\t<\/div>\n\t\t\t<\/div>\n\t\t<\/div>\n\t\t\t\t\t\t<\/div>\n\t\t\t<\/div>\n\t\t<\/section>\n\t\t\t\t<section class=\"elementor-element elementor-element-b27b1f4 elementor-section-boxed elementor-section-height-default elementor-section-height-default elementor-section elementor-top-section\" data-id=\"b27b1f4\" data-element_type=\"section\">\n\t\t\t\t\t\t<div class=\"elementor-container elementor-column-gap-default\">\n\t\t\t\t<div class=\"elementor-row\">\n\t\t\t\t<div class=\"elementor-element elementor-element-dd32561 elementor-column elementor-col-100 elementor-top-column\" data-id=\"dd32561\" data-element_type=\"column\">\n\t\t\t<div class=\"elementor-column-wrap  elementor-element-populated\">\n\t\t\t\t\t<div class=\"elementor-widget-wrap\">\n\t\t\t\t<div class=\"elementor-element elementor-element-c11a2b3 elementor-widget elementor-widget-spacer\" data-id=\"c11a2b3\" data-element_type=\"widget\" data-widget_type=\"spacer.default\">\n\t\t\t\t<div class=\"elementor-widget-container\">\n\t\t\t\t\t<div class=\"elementor-spacer\">\n\t\t\t<div class=\"elementor-spacer-inner\"><\/div>\n\t\t<\/div>\n\t\t\t\t<\/div>\n\t\t\t\t<\/div>\n\t\t\t\t\t\t<\/div>\n\t\t\t<\/div>\n\t\t<\/div>\n\t\t\t\t\t\t<\/div>\n\t\t\t<\/div>\n\t\t<\/section>\n\t\t\t\t\t\t<\/div>\n\t\t\t<\/div>\n\t\t<\/div>\n\t\t","protected":false},"excerpt":{"rendered":"<p>ACNUDH em Ratifica\u00e7\u00e3o dos Tratados Estado dos Relat\u00f3rios aos Mecanismos Pr\u00f3ximas revis\u00f5es e visitas Not\u00edcias Relacionadas Argentina: marat\u00f3n de edici\u00f3n sobre derechos humanos en Wikipedia 16 julio, 2019 Argentina: experto encuentra avances significativos en la protecci\u00f3n de la privacidad 23 mayo, 2019 Inscr\u00edbete en el Primer Foro Regional de Planes Nacionales de Acci\u00f3n y Pol\u00edticas [&hellip;]<\/p>\n","protected":false},"author":1,"featured_media":0,"parent":0,"menu_order":0,"comment_status":"closed","ping_status":"closed","template":"","meta":{"_uag_custom_page_level_css":"","site-sidebar-layout":"no-sidebar","site-content-layout":"page-builder","ast-site-content-layout":"full-width-container","site-content-style":"unboxed","site-sidebar-style":"unboxed","ast-global-header-display":"","ast-banner-title-visibility":"","ast-main-header-display":"","ast-hfb-above-header-display":"","ast-hfb-below-header-display":"","ast-hfb-mobile-header-display":"","site-post-title":"disabled","ast-breadcrumbs-content":"","ast-featured-img":"disabled","footer-sml-layout":"","theme-transparent-header-meta":"default","adv-header-id-meta":"","stick-header-meta":"default","header-above-stick-meta":"","header-main-stick-meta":"","header-below-stick-meta":"","astra-migrate-meta-layouts":"default","ast-page-background-enabled":"default","ast-page-background-meta":{"desktop":{"background-color":"","background-image":"","background-repeat":"repeat","background-position":"center center","background-size":"auto","background-attachment":"scroll","background-type":"","background-media":"","overlay-type":"","overlay-color":"","overlay-opacity":"","overlay-gradient":""},"tablet":{"background-color":"","background-image":"","background-repeat":"repeat","background-position":"center center","background-size":"auto","background-attachment":"scroll","background-type":"","background-media":"","overlay-type":"","overlay-color":"","overlay-opacity":"","overlay-gradient":""},"mobile":{"background-color":"","background-image":"","background-repeat":"repeat","background-position":"center center","background-size":"auto","background-attachment":"scroll","background-type":"","background-media":"","overlay-type":"","overlay-color":"","overlay-opacity":"","overlay-gradient":""}},"ast-content-background-meta":{"desktop":{"background-color":"var(--ast-global-color-5)","background-image":"","background-repeat":"repeat","background-position":"center center","background-size":"auto","background-attachment":"scroll","background-type":"","background-media":"","overlay-type":"","overlay-color":"","overlay-opacity":"","overlay-gradient":""},"tablet":{"background-color":"var(--ast-global-color-5)","background-image":"","background-repeat":"repeat","background-position":"center center","background-size":"auto","background-attachment":"scroll","background-type":"","background-media":"","overlay-type":"","overlay-color":"","overlay-opacity":"","overlay-gradient":""},"mobile":{"background-color":"var(--ast-global-color-5)","background-image":"","background-repeat":"repeat","background-position":"center center","background-size":"auto","background-attachment":"scroll","background-type":"","background-media":"","overlay-type":"","overlay-color":"","overlay-opacity":"","overlay-gradient":""}},"footnotes":""},"class_list":["post-55922","page","type-page","status-publish","hentry"],"uagb_featured_image_src":{"full":false,"thumbnail":false,"medium":false,"medium_large":false,"large":false,"1536x1536":false,"2048x2048":false},"uagb_author_info":{"display_name":"acnudh","author_link":"https:\/\/acnudh.org\/pt-br\/author\/acnudh\/"},"uagb_comment_info":0,"uagb_excerpt":"ACNUDH em Ratifica\u00e7\u00e3o dos Tratados Estado dos Relat\u00f3rios aos Mecanismos Pr\u00f3ximas revis\u00f5es e visitas Not\u00edcias Relacionadas Argentina: marat\u00f3n de edici\u00f3n sobre derechos humanos en Wikipedia 16 julio, 2019 Argentina: experto encuentra avances significativos en la protecci\u00f3n de la privacidad 23 mayo, 2019 Inscr\u00edbete en el Primer Foro Regional de Planes Nacionales de Acci\u00f3n y Pol\u00edticas&hellip;","_links":{"self":[{"href":"https:\/\/acnudh.org\/pt-br\/wp-json\/wp\/v2\/pages\/55922","targetHints":{"allow":["GET"]}}],"collection":[{"href":"https:\/\/acnudh.org\/pt-br\/wp-json\/wp\/v2\/pages"}],"about":[{"href":"https:\/\/acnudh.org\/pt-br\/wp-json\/wp\/v2\/types\/page"}],"author":[{"embeddable":true,"href":"https:\/\/acnudh.org\/pt-br\/wp-json\/wp\/v2\/users\/1"}],"replies":[{"embeddable":true,"href":"https:\/\/acnudh.org\/pt-br\/wp-json\/wp\/v2\/comments?post=55922"}],"version-history":[{"count":11,"href":"https:\/\/acnudh.org\/pt-br\/wp-json\/wp\/v2\/pages\/55922\/revisions"}],"predecessor-version":[{"id":58783,"href":"https:\/\/acnudh.org\/pt-br\/wp-json\/wp\/v2\/pages\/55922\/revisions\/58783"}],"wp:attachment":[{"href":"https:\/\/acnudh.org\/pt-br\/wp-json\/wp\/v2\/media?parent=55922"}],"curies":[{"name":"wp","href":"https:\/\/api.w.org\/{rel}","templated":true}]}}