{"id":55899,"date":"2019-06-12T11:47:06","date_gmt":"2019-06-12T15:47:06","guid":{"rendered":"http:\/\/acnudh.org\/estado-dos-relatorios-aos-mecanismos-de-direitos-humanos-venezuela\/"},"modified":"2019-06-12T11:47:07","modified_gmt":"2019-06-12T15:47:07","slug":"estado-dos-relatorios-aos-mecanismos-de-direitos-humanos-venezuela","status":"publish","type":"page","link":"https:\/\/acnudh.org\/pt-br\/venezuela\/estado-dos-relatorios-aos-mecanismos-de-direitos-humanos-venezuela\/","title":{"rendered":"Estado dos Relat\u00f3rios aos Mecanismos de Direitos Humanos &#8211; Venezuela"},"content":{"rendered":"\t\t<div data-elementor-type=\"wp-post\" data-elementor-id=\"55899\" class=\"elementor elementor-55899 elementor-38382\" data-elementor-settings=\"[]\">\n\t\t\t<div class=\"elementor-inner\">\n\t\t\t\t<div class=\"elementor-section-wrap\">\n\t\t\t\t\t\t\t<section class=\"elementor-element elementor-element-a8342cf elementor-section-full_width elementor-section-height-default elementor-section-height-default elementor-section elementor-top-section\" data-id=\"a8342cf\" data-element_type=\"section\">\n\t\t\t\t\t\t<div class=\"elementor-container elementor-column-gap-default\">\n\t\t\t\t<div class=\"elementor-row\">\n\t\t\t\t<div class=\"elementor-element elementor-element-3fbad5b4 elementor-column elementor-col-100 elementor-top-column\" data-id=\"3fbad5b4\" data-element_type=\"column\">\n\t\t\t<div class=\"elementor-column-wrap  elementor-element-populated\">\n\t\t\t\t\t<div class=\"elementor-widget-wrap\">\n\t\t\t\t<div class=\"elementor-element elementor-element-3a962794 uael-stack-desktop-no uael-heading-stack-none elementor-widget elementor-widget-uael-dual-color-heading\" data-id=\"3a962794\" data-element_type=\"widget\" data-widget_type=\"uael-dual-color-heading.default\">\n\t\t\t\t<div class=\"elementor-widget-container\">\n\t\t\t\t\t\t\t<div class=\"uael-module-content uael-dual-color-heading\">\r\n\t\t\t<h3>\r\n\t\t\t\t\t\t\t\t\t\t\t\t\t\t\t\t<span class=\"uael-before-heading\"><span class=\"elementor-inline-editing uael-dual-heading-text uael-first-text\" data-elementor-setting-key=\"before_heading_text\" data-elementor-inline-editing-toolbar=\"basic\">Mecanismo de Direitos Humanos: Estados de Relat\u00f3rios<\/span><\/span><span class=\"uael-adv-heading-stack\"><span class=\"elementor-inline-editing uael-dual-heading-text uael-highlight-text\" data-elementor-setting-key=\"second_heading_text\" data-elementor-inline-editing-toolbar=\"basic\">Venezuela<\/span><\/span>\t\t\t\t\t\t\t\t\t\t\t\t\t<\/h3>\r\n\t\t<\/div>\r\n\t\t\t\t<\/div>\n\t\t\t\t<\/div>\n\t\t\t\t<div class=\"elementor-element elementor-element-5d54ff24 elementor-widget elementor-widget-text-editor\" data-id=\"5d54ff24\" data-element_type=\"widget\" data-widget_type=\"text-editor.default\">\n\t\t\t\t<div class=\"elementor-widget-container\">\n\t\t\t\t\t<div class=\"elementor-text-editor elementor-clearfix\"><p><em>Clique nos t\u00edtulos para acessar os documentos digitais<\/em><\/p>\n<\/div>\n\t\t\t\t<\/div>\n\t\t\t\t<\/div>\n\t\t\t\t<section class=\"elementor-element elementor-element-7eed9831 elementor-section-full_width elementor-section-height-default elementor-section-height-default elementor-section elementor-inner-section\" data-id=\"7eed9831\" data-element_type=\"section\">\n\t\t\t\t\t\t<div class=\"elementor-container elementor-column-gap-default\">\n\t\t\t\t<div class=\"elementor-row\">\n\t\t\t\t<div class=\"elementor-element elementor-element-139714c9 elementor-column elementor-col-33 elementor-inner-column\" data-id=\"139714c9\" data-element_type=\"column\">\n\t\t\t<div class=\"elementor-column-wrap  elementor-element-populated\">\n\t\t\t\t\t<div class=\"elementor-widget-wrap\">\n\t\t\t\t<div class=\"elementor-element elementor-element-35126141 elementor-widget elementor-widget-heading\" data-id=\"35126141\" data-element_type=\"widget\" data-settings=\"{&quot;sticky&quot;:&quot;top&quot;,&quot;sticky_on&quot;:[&quot;desktop&quot;],&quot;sticky_offset&quot;:105,&quot;sticky_effects_offset&quot;:0}\" data-widget_type=\"heading.default\">\n\t\t\t\t<div class=\"elementor-widget-container\">\n\t\t\t<h4 class=\"elementor-heading-title elementor-size-default\">\u00d3rg\u00e3os de Tratados<\/h4>\t\t<\/div>\n\t\t\t\t<\/div>\n\t\t\t\t<div class=\"elementor-element elementor-element-373afb81 elementor-widget elementor-widget-shortcode\" data-id=\"373afb81\" data-element_type=\"widget\" data-widget_type=\"shortcode.default\">\n\t\t\t\t<div class=\"elementor-widget-container\">\n\t\t\t\t\t<div class=\"elementor-shortcode\">\n<table id=\"tablepress-ven-org\" class=\"tablepress tablepress-id-ven-org\">\n<thead>\n<tr class=\"row-1\">\n\t<th class=\"column-1\">Documento<\/th><th class=\"column-2\">A\u00f1o<\/th>\n<\/tr>\n<\/thead>\n<tbody class=\"row-striping row-hover\">\n<tr class=\"row-2\">\n\t<td class=\"column-1\"><a href=\"http:\/\/acnudh.org\/wp-content\/uploads\/2015\/07\/CCPR_C_VEN_CO_4_21193_S.pdf\" target=\"_blank\">Comit\u00e9 de Derechos Civiles y Pol\u00edticos (CCPR)<\/a><\/td><td class=\"column-2\">2015<\/td>\n<\/tr>\n<tr class=\"row-3\">\n\t<td class=\"column-1\"><a href=\"http:\/\/acnudh.org\/wp-content\/uploads\/2015\/06\/INT_CESCR_COC_VEN-.pdf\" target=\"_blank\">Comit\u00e9 de Derechos Econ\u00f3micos, Sociales y Culturales (CESCR)<\/a><\/td><td class=\"column-2\">2015<\/td>\n<\/tr>\n<tr class=\"row-4\">\n\t<td class=\"column-1\"><a href=\"http:\/\/acnudh.org\/wp-content\/uploads\/2015\/01\/CAT-Venezuela.pdf\" target=\"_blank\">Comit\u00e9 contra la Tortura (CAT) \u2013 Venezuela (2014)<\/a><\/td><td class=\"column-2\">2014<\/td>\n<\/tr>\n<tr class=\"row-5\">\n\t<td class=\"column-1\"><a href=\"http:\/\/acnudh.org\/wp-content\/uploads\/2015\/01\/N1462775.pdf\" target=\"_blank\">Comit\u00e9 para la Eliminaci\u00f3n de la Discriminaci\u00f3n contra la Mujer (CEDAW) \u2013 Venezuela (2014)<\/a><\/td><td class=\"column-2\">2014<\/td>\n<\/tr>\n<tr class=\"row-6\">\n\t<td class=\"column-1\"><a href=\"http:\/\/acnudh.org\/wp-content\/uploads\/2015\/01\/CRC-Venezuela.pdf\" target=\"_blank\">Comit\u00e9 de los Derechos del Ni\u00f1o (CRC) \u2013 Venezuela (2014)<\/a><\/td><td class=\"column-2\">2014<\/td>\n<\/tr>\n<tr class=\"row-7\">\n\t<td class=\"column-1\"><a href=\"http:\/\/acnudh.org\/wp-content\/uploads\/2013\/10\/VENEZUELA-Observaciones-finales-Comit%C3%A9-CERD-2013.pdf\" target=\"_blank\">Comit\u00e9 para la Eliminaci\u00f3n de la Discriminaci\u00f3n Racial (CERD)<\/a><\/td><td class=\"column-2\">2013<\/td>\n<\/tr>\n<tr class=\"row-8\">\n\t<td class=\"column-1\"><a href=\"http:\/\/acnudh.org\/wp-content\/uploads\/2010\/12\/CRC-Venezuela-2007.pdf\" target=\"_blank\">Comit\u00e9 de Derechos del Ni\u00f1o (CRC)<\/a><\/td><td class=\"column-2\">2007<\/td>\n<\/tr>\n<tr class=\"row-9\">\n\t<td class=\"column-1\"><a href=\"http:\/\/acnudh.org\/wp-content\/uploads\/2006\/01\/CEDAW-VENEZUELA-2006.pdf\" target=\"_blank\">Comit\u00e9 para la Eliminaci\u00f3n de la Discriminaci\u00f3n contra la Mujer (CEDAW)<\/a><\/td><td class=\"column-2\">2006<\/td>\n<\/tr>\n<tr class=\"row-10\">\n\t<td class=\"column-1\"><a href=\"http:\/\/acnudh.org\/wp-content\/uploads\/2010\/12\/G0741024.pdf\" target=\"_blank\">Comit\u00e9 para la Eliminaci\u00f3n de la Discriminaci\u00f3n Racial (CERD)<\/a><\/td><td class=\"column-2\">2005<\/td>\n<\/tr>\n<tr class=\"row-11\">\n\t<td class=\"column-1\"><a href=\"http:\/\/www.unhchr.ch\/tbs\/doc.nsf\/(Symbol)\/CAT.C.CR.29.2.Sp?Opendocument\" target=\"_blank\">Comit\u00e9 contra la Tortura (CAT)<\/a><\/td><td class=\"column-2\">2002<\/td>\n<\/tr>\n<tr class=\"row-12\">\n\t<td class=\"column-1\"><a href=\"http:\/\/www.unhchr.ch\/tbs\/doc.nsf\/(Symbol)\/CCPR.CO.71.VEN.Sp?Opendocument\" target=\"_blank\">Comit\u00e9 de Derechos Humanos (CCPR)<\/a><\/td><td class=\"column-2\">2001<\/td>\n<\/tr>\n<tr class=\"row-13\">\n\t<td class=\"column-1\"><a href=\"http:\/\/www.unhchr.ch\/tbs\/doc.nsf\/(Symbol)\/E.C.12.1.Add.56.Sp?Opendocument\" target=\"_blank\">Comit\u00e9 de Derechos Econ\u00f3micos, Sociales y Culturales (CESCR)<\/a><\/td><td class=\"column-2\">2001<\/td>\n<\/tr>\n<\/tbody>\n<\/table>\n<!-- #tablepress-ven-org from cache --><\/div>\n\t\t\t\t<\/div>\n\t\t\t\t<\/div>\n\t\t\t\t\t\t<\/div>\n\t\t\t<\/div>\n\t\t<\/div>\n\t\t\t\t<div class=\"elementor-element elementor-element-42300130 elementor-column elementor-col-33 elementor-inner-column\" data-id=\"42300130\" data-element_type=\"column\">\n\t\t\t<div class=\"elementor-column-wrap  elementor-element-populated\">\n\t\t\t\t\t<div class=\"elementor-widget-wrap\">\n\t\t\t\t<div class=\"elementor-element elementor-element-4dd931f4 elementor-widget elementor-widget-heading\" data-id=\"4dd931f4\" data-element_type=\"widget\" data-settings=\"{&quot;sticky&quot;:&quot;top&quot;,&quot;sticky_on&quot;:[&quot;desktop&quot;],&quot;sticky_offset&quot;:105,&quot;sticky_effects_offset&quot;:0}\" data-widget_type=\"heading.default\">\n\t\t\t\t<div class=\"elementor-widget-container\">\n\t\t\t<h4 class=\"elementor-heading-title elementor-size-default\">Procedimientos Especiais<\/h4>\t\t<\/div>\n\t\t\t\t<\/div>\n\t\t\t\t<div class=\"elementor-element elementor-element-30345fbd elementor-widget elementor-widget-shortcode\" data-id=\"30345fbd\" data-element_type=\"widget\" data-widget_type=\"shortcode.default\">\n\t\t\t\t<div class=\"elementor-widget-container\">\n\t\t\t\t\t<div class=\"elementor-shortcode\">\n<table id=\"tablepress-ven-rel\" class=\"tablepress tablepress-id-ven-rel\">\n<thead>\n<tr class=\"row-1\">\n\t<th class=\"column-1\">Documento<\/th><th class=\"column-2\">A\u00f1o<\/th>\n<\/tr>\n<\/thead>\n<tbody class=\"row-striping row-hover\">\n<tr class=\"row-2\">\n\t<td class=\"column-1\"><a href=\"http:\/\/www2.ohchr.org\/english\/bodies\/hrcouncil\/docs\/15session\/A.HRC.15.37.Add.1.pdf\">Informe del Relator Especial sobre la situaci\u00f3n de los pueblos ind\u00edgenas, James Anaya. Comunicaciones y casos examinados<\/a><\/td><td class=\"column-2\">2010<\/td>\n<\/tr>\n<tr class=\"row-3\">\n\t<td class=\"column-1\"><a href=\"http:\/\/acnudh.org\/wp-content\/uploads\/2010\/12\/G0711915.pdf\">Informe de seguimiento a las recomendaciones del relator de tortura a Venezuela <\/a><\/td><td class=\"column-2\">2007<\/td>\n<\/tr>\n<tr class=\"row-4\">\n\t<td class=\"column-1\"><a href=\"http:\/\/acnudh.org\/wp-content\/uploads\/2010\/12\/G0611912.pdf\">Informe del Relator sobre la Tortura Seguimiento de recomendaciones - Visita a Venezuela<\/a><\/td><td class=\"column-2\">2006<\/td>\n<\/tr>\n<\/tbody>\n<\/table>\n<!-- #tablepress-ven-rel from cache --><\/div>\n\t\t\t\t<\/div>\n\t\t\t\t<\/div>\n\t\t\t\t\t\t<\/div>\n\t\t\t<\/div>\n\t\t<\/div>\n\t\t\t\t<div class=\"elementor-element elementor-element-11ee484b elementor-column elementor-col-33 elementor-inner-column\" data-id=\"11ee484b\" data-element_type=\"column\">\n\t\t\t<div class=\"elementor-column-wrap  elementor-element-populated\">\n\t\t\t\t\t<div class=\"elementor-widget-wrap\">\n\t\t\t\t<div class=\"elementor-element elementor-element-51027c80 elementor-widget elementor-widget-heading\" data-id=\"51027c80\" data-element_type=\"widget\" data-settings=\"{&quot;sticky&quot;:&quot;top&quot;,&quot;sticky_on&quot;:[&quot;desktop&quot;],&quot;sticky_offset&quot;:105,&quot;sticky_effects_offset&quot;:0}\" data-widget_type=\"heading.default\">\n\t\t\t\t<div class=\"elementor-widget-container\">\n\t\t\t<h4 class=\"elementor-heading-title elementor-size-default\">Revis\u00e3o Peri\u00f3dica Universal<\/h4>\t\t<\/div>\n\t\t\t\t<\/div>\n\t\t\t\t<div class=\"elementor-element elementor-element-473d84c1 elementor-widget elementor-widget-shortcode\" data-id=\"473d84c1\" data-element_type=\"widget\" data-widget_type=\"shortcode.default\">\n\t\t\t\t<div class=\"elementor-widget-container\">\n\t\t\t\t\t<div class=\"elementor-shortcode\">\n<table id=\"tablepress-ven-epu\" class=\"tablepress tablepress-id-ven-epu\">\n<thead>\n<tr class=\"row-1\">\n\t<th class=\"column-1\">Documento<\/th><th class=\"column-2\">A\u00f1o<\/th>\n<\/tr>\n<\/thead>\n<tbody class=\"row-striping row-hover\">\n<tr class=\"row-2\">\n\t<td class=\"column-1\"><a href=\"http:\/\/acnudh.org\/wp-content\/uploads\/2018\/03\/G1644147.pdf\" rel=\"noopener\" target=\"_blank\">EPU (2do Ciclo)<\/a><\/td><td class=\"column-2\">2016<\/td>\n<\/tr>\n<tr class=\"row-3\">\n\t<td class=\"column-1\"><a href=\"http:\/\/acnudh.org\/wp-content\/uploads\/2011\/12\/EPU-Venezuela-2011.pdf\" rel=\"noopener\" target=\"_blank\">EPU (1er Ciclo)<\/a><\/td><td class=\"column-2\">2011<\/td>\n<\/tr>\n<\/tbody>\n<\/table>\n<!-- #tablepress-ven-epu from cache --><\/div>\n\t\t\t\t<\/div>\n\t\t\t\t<\/div>\n\t\t\t\t<div class=\"elementor-element elementor-element-9c76b88 elementor-widget elementor-widget-text-editor\" data-id=\"9c76b88\" data-element_type=\"widget\" data-widget_type=\"text-editor.default\">\n\t\t\t\t<div class=\"elementor-widget-container\">\n\t\t\t\t\t<div class=\"elementor-text-editor elementor-clearfix\"><p><em><strong>Informa\u00e7\u00f5es sobre a Venezuela no site oficial da UPR: <a href=\"http:\/\/www.ohchr.org\/en\/HRBodies\/UPR\/Pages\/VEindex.aspx\">http:\/\/www.ohchr.org\/en\/HRBodies\/UPR\/Pages\/VEindex.aspx<\/a><\/strong><\/em><\/p>\n<\/div>\n\t\t\t\t<\/div>\n\t\t\t\t<\/div>\n\t\t\t\t\t\t<\/div>\n\t\t\t<\/div>\n\t\t<\/div>\n\t\t\t\t\t\t<\/div>\n\t\t\t<\/div>\n\t\t<\/section>\n\t\t\t\t\t\t<\/div>\n\t\t\t<\/div>\n\t\t<\/div>\n\t\t\t\t\t\t<\/div>\n\t\t\t<\/div>\n\t\t<\/section>\n\t\t\t\t\t\t<\/div>\n\t\t\t<\/div>\n\t\t<\/div>\n\t\t","protected":false},"excerpt":{"rendered":"<p>Mecanismo de Direitos Humanos: Estados de Relat\u00f3riosVenezuela Clique nos t\u00edtulos para acessar os documentos digitais \u00d3rg\u00e3os de Tratados Procedimientos Especiais Revis\u00e3o Peri\u00f3dica Universal Informa\u00e7\u00f5es sobre a Venezuela no site oficial da UPR: http:\/\/www.ohchr.org\/en\/HRBodies\/UPR\/Pages\/VEindex.aspx<\/p>\n","protected":false},"author":1,"featured_media":0,"parent":55997,"menu_order":0,"comment_status":"closed","ping_status":"closed","template":"","meta":{"_uag_custom_page_level_css":"","site-sidebar-layout":"no-sidebar","site-content-layout":"page-builder","ast-site-content-layout":"","site-content-style":"default","site-sidebar-style":"default","ast-global-header-display":"","ast-banner-title-visibility":"","ast-main-header-display":"","ast-hfb-above-header-display":"","ast-hfb-below-header-display":"","ast-hfb-mobile-header-display":"","site-post-title":"","ast-breadcrumbs-content":"","ast-featured-img":"disabled","footer-sml-layout":"","theme-transparent-header-meta":"","adv-header-id-meta":"","stick-header-meta":"","header-above-stick-meta":"","header-main-stick-meta":"","header-below-stick-meta":"","astra-migrate-meta-layouts":"default","ast-page-background-enabled":"default","ast-page-background-meta":{"desktop":{"background-color":"","background-image":"","background-repeat":"repeat","background-position":"center center","background-size":"auto","background-attachment":"scroll","background-type":"","background-media":"","overlay-type":"","overlay-color":"","overlay-opacity":"","overlay-gradient":""},"tablet":{"background-color":"","background-image":"","background-repeat":"repeat","background-position":"center center","background-size":"auto","background-attachment":"scroll","background-type":"","background-media":"","overlay-type":"","overlay-color":"","overlay-opacity":"","overlay-gradient":""},"mobile":{"background-color":"","background-image":"","background-repeat":"repeat","background-position":"center center","background-size":"auto","background-attachment":"scroll","background-type":"","background-media":"","overlay-type":"","overlay-color":"","overlay-opacity":"","overlay-gradient":""}},"ast-content-background-meta":{"desktop":{"background-color":"var(--ast-global-color-5)","background-image":"","background-repeat":"repeat","background-position":"center center","background-size":"auto","background-attachment":"scroll","background-type":"","background-media":"","overlay-type":"","overlay-color":"","overlay-opacity":"","overlay-gradient":""},"tablet":{"background-color":"var(--ast-global-color-5)","background-image":"","background-repeat":"repeat","background-position":"center center","background-size":"auto","background-attachment":"scroll","background-type":"","background-media":"","overlay-type":"","overlay-color":"","overlay-opacity":"","overlay-gradient":""},"mobile":{"background-color":"var(--ast-global-color-5)","background-image":"","background-repeat":"repeat","background-position":"center center","background-size":"auto","background-attachment":"scroll","background-type":"","background-media":"","overlay-type":"","overlay-color":"","overlay-opacity":"","overlay-gradient":""}},"footnotes":""},"class_list":["post-55899","page","type-page","status-publish","hentry"],"uagb_featured_image_src":{"full":false,"thumbnail":false,"medium":false,"medium_large":false,"large":false,"1536x1536":false,"2048x2048":false},"uagb_author_info":{"display_name":"acnudh","author_link":"https:\/\/acnudh.org\/pt-br\/author\/acnudh\/"},"uagb_comment_info":0,"uagb_excerpt":"Mecanismo de Direitos Humanos: Estados de Relat\u00f3riosVenezuela Clique nos t\u00edtulos para acessar os documentos digitais \u00d3rg\u00e3os de Tratados Procedimientos Especiais Revis\u00e3o Peri\u00f3dica Universal Informa\u00e7\u00f5es sobre a Venezuela no site oficial da UPR: http:\/\/www.ohchr.org\/en\/HRBodies\/UPR\/Pages\/VEindex.aspx","_links":{"self":[{"href":"https:\/\/acnudh.org\/pt-br\/wp-json\/wp\/v2\/pages\/55899","targetHints":{"allow":["GET"]}}],"collection":[{"href":"https:\/\/acnudh.org\/pt-br\/wp-json\/wp\/v2\/pages"}],"about":[{"href":"https:\/\/acnudh.org\/pt-br\/wp-json\/wp\/v2\/types\/page"}],"author":[{"embeddable":true,"href":"https:\/\/acnudh.org\/pt-br\/wp-json\/wp\/v2\/users\/1"}],"replies":[{"embeddable":true,"href":"https:\/\/acnudh.org\/pt-br\/wp-json\/wp\/v2\/comments?post=55899"}],"version-history":[{"count":1,"href":"https:\/\/acnudh.org\/pt-br\/wp-json\/wp\/v2\/pages\/55899\/revisions"}],"predecessor-version":[{"id":55900,"href":"https:\/\/acnudh.org\/pt-br\/wp-json\/wp\/v2\/pages\/55899\/revisions\/55900"}],"up":[{"embeddable":true,"href":"https:\/\/acnudh.org\/pt-br\/wp-json\/wp\/v2\/pages\/55997"}],"wp:attachment":[{"href":"https:\/\/acnudh.org\/pt-br\/wp-json\/wp\/v2\/media?parent=55899"}],"curies":[{"name":"wp","href":"https:\/\/api.w.org\/{rel}","templated":true}]}}