{"id":55895,"date":"2019-06-12T11:44:33","date_gmt":"2019-06-12T15:44:33","guid":{"rendered":"http:\/\/acnudh.org\/estado-dos-relatorios-aos-mecanismos-de-direitos-humanos-peru\/"},"modified":"2019-06-12T11:44:34","modified_gmt":"2019-06-12T15:44:34","slug":"estado-dos-relatorios-aos-mecanismos-de-direitos-humanos-peru","status":"publish","type":"page","link":"https:\/\/acnudh.org\/pt-br\/peru\/estado-dos-relatorios-aos-mecanismos-de-direitos-humanos-peru\/","title":{"rendered":"Estado dos Relat\u00f3rios aos Mecanismos de Direitos Humanos &#8211; Peru"},"content":{"rendered":"\t\t<div data-elementor-type=\"wp-post\" data-elementor-id=\"55895\" class=\"elementor elementor-55895 elementor-38376\" data-elementor-settings=\"[]\">\n\t\t\t<div class=\"elementor-inner\">\n\t\t\t\t<div class=\"elementor-section-wrap\">\n\t\t\t\t\t\t\t<section class=\"elementor-element elementor-element-2ad62e0d elementor-section-full_width elementor-section-height-default elementor-section-height-default elementor-section elementor-top-section\" data-id=\"2ad62e0d\" data-element_type=\"section\">\n\t\t\t\t\t\t<div class=\"elementor-container elementor-column-gap-default\">\n\t\t\t\t<div class=\"elementor-row\">\n\t\t\t\t<div class=\"elementor-element elementor-element-deac729 elementor-column elementor-col-100 elementor-top-column\" data-id=\"deac729\" data-element_type=\"column\">\n\t\t\t<div class=\"elementor-column-wrap  elementor-element-populated\">\n\t\t\t\t\t<div class=\"elementor-widget-wrap\">\n\t\t\t\t<div class=\"elementor-element elementor-element-e2fce5 uael-stack-desktop-no uael-heading-stack-none elementor-widget elementor-widget-uael-dual-color-heading\" data-id=\"e2fce5\" data-element_type=\"widget\" data-widget_type=\"uael-dual-color-heading.default\">\n\t\t\t\t<div class=\"elementor-widget-container\">\n\t\t\t\t\t\t\t<div class=\"uael-module-content uael-dual-color-heading\">\r\n\t\t\t<h3>\r\n\t\t\t\t\t\t\t\t\t\t\t\t\t\t\t\t<span class=\"uael-before-heading\"><span class=\"elementor-inline-editing uael-dual-heading-text uael-first-text\" data-elementor-setting-key=\"before_heading_text\" data-elementor-inline-editing-toolbar=\"basic\">Mecanismo de Direitos Humanos: Estados de Relat\u00f3rios<\/span><\/span><span class=\"uael-adv-heading-stack\"><span class=\"elementor-inline-editing uael-dual-heading-text uael-highlight-text\" data-elementor-setting-key=\"second_heading_text\" data-elementor-inline-editing-toolbar=\"basic\">Peru<\/span><\/span>\t\t\t\t\t\t\t\t\t\t\t\t\t<\/h3>\r\n\t\t<\/div>\r\n\t\t\t\t<\/div>\n\t\t\t\t<\/div>\n\t\t\t\t<div class=\"elementor-element elementor-element-a7d6a84 elementor-widget elementor-widget-text-editor\" data-id=\"a7d6a84\" data-element_type=\"widget\" data-widget_type=\"text-editor.default\">\n\t\t\t\t<div class=\"elementor-widget-container\">\n\t\t\t\t\t<div class=\"elementor-text-editor elementor-clearfix\"><p><em>Clique nos t\u00edtulos para acessar os documentos digitais<\/em><\/p>\n<\/div>\n\t\t\t\t<\/div>\n\t\t\t\t<\/div>\n\t\t\t\t<section class=\"elementor-element elementor-element-197e04f2 elementor-section-full_width elementor-section-height-default elementor-section-height-default elementor-section elementor-inner-section\" data-id=\"197e04f2\" data-element_type=\"section\">\n\t\t\t\t\t\t<div class=\"elementor-container elementor-column-gap-default\">\n\t\t\t\t<div class=\"elementor-row\">\n\t\t\t\t<div class=\"elementor-element elementor-element-6fba80fd elementor-column elementor-col-33 elementor-inner-column\" data-id=\"6fba80fd\" data-element_type=\"column\">\n\t\t\t<div class=\"elementor-column-wrap  elementor-element-populated\">\n\t\t\t\t\t<div class=\"elementor-widget-wrap\">\n\t\t\t\t<div class=\"elementor-element elementor-element-2b289b50 elementor-widget elementor-widget-heading\" data-id=\"2b289b50\" data-element_type=\"widget\" data-settings=\"{&quot;sticky&quot;:&quot;top&quot;,&quot;sticky_on&quot;:[&quot;desktop&quot;],&quot;sticky_offset&quot;:105,&quot;sticky_effects_offset&quot;:0}\" data-widget_type=\"heading.default\">\n\t\t\t\t<div class=\"elementor-widget-container\">\n\t\t\t<h4 class=\"elementor-heading-title elementor-size-default\">\u00d3rg\u00e3os de Tratados<\/h4>\t\t<\/div>\n\t\t\t\t<\/div>\n\t\t\t\t<div class=\"elementor-element elementor-element-18e2123c elementor-widget elementor-widget-shortcode\" data-id=\"18e2123c\" data-element_type=\"widget\" data-widget_type=\"shortcode.default\">\n\t\t\t\t<div class=\"elementor-widget-container\">\n\t\t\t\t\t<div class=\"elementor-shortcode\">\n<table id=\"tablepress-per-org\" class=\"tablepress tablepress-id-per-org\">\n<thead>\n<tr class=\"row-1\">\n\t<th class=\"column-1\">Documento<\/th><th class=\"column-2\">A\u00f1o<\/th>\n<\/tr>\n<\/thead>\n<tbody class=\"row-striping row-hover\">\n<tr class=\"row-2\">\n\t<td class=\"column-1\"><a href=\"http:\/\/docstore.ohchr.org\/SelfServices\/FilesHandler.ashx?enc=6QkG1d%2fPPRiCAqhKb7yhsh9uw1pXxaYAoAoSynAhvKGyg7KDpXME8l5RvP52YWgNmLNl132c41pSCeGUdW0rFTGqhnIKOSfXHsC%2fx3eBv%2bs%2bk2RxZbrrRzBBZSx8llwH\" target=\"_blank\">Comit\u00e9 contra la Desaparici\u00f3n Forzada (CED)<\/a><\/td><td class=\"column-2\">2019<\/td>\n<\/tr>\n<tr class=\"row-3\">\n\t<td class=\"column-1\"><a href=\"http:\/\/docstore.ohchr.org\/SelfServices\/FilesHandler.ashx?enc=6QkG1d%2fPPRiCAqhKb7yhssJrd7rZNLV8OI3mftd5zeEd4wJiy6f%2bBa9btd2XqR9Sm1rKFJof9aQ7Niz%2ffAh7Phkd0soCwGXyH65u%2f%2bQcoq6jJzxUNOKyPCs27d61KOJ4\" target=\"_blank\">Comit\u00e9 contra la Tortura (CAT)<\/a><\/td><td class=\"column-2\">2018<\/td>\n<\/tr>\n<tr class=\"row-4\">\n\t<td class=\"column-1\"><a href=\"http:\/\/acnudh.org\/wp-content\/uploads\/2018\/08\/INT_CERD_COC_PER_31205_S.pdf\" target=\"_blank\">Comit\u00e9 para la Eliminaci\u00f3n de la Discriminaci\u00f3n Racial (CERD)<\/a><\/td><td class=\"column-2\">2018<\/td>\n<\/tr>\n<tr class=\"row-5\">\n\t<td class=\"column-1\"><a href=\"http:\/\/acnudh.org\/wp-content\/uploads\/2016\/05\/G1604059.pdf\" target=\"_blank\">Comit\u00e9 sobre los Derechos del Ni\u00f1o (CRC)<\/a><\/td><td class=\"column-2\">2016<\/td>\n<\/tr>\n<tr class=\"row-6\">\n\t<td class=\"column-1\"><a href=\"http:\/\/acnudh.org\/wp-content\/uploads\/2015\/04\/CMW_C_PER_CO_1_20317_S.pdf\" target=\"_blank\">Comit\u00e9 sobre los derechos de todos los trabajadores migratorios y de sus familiares (CMW) \u2013 Per\u00fa (2015)<\/a><\/td><td class=\"column-2\">2015<\/td>\n<\/tr>\n<tr class=\"row-7\">\n\t<td class=\"column-1\"><a href=\"http:\/\/acnudh.org\/wp-content\/uploads\/2015\/01\/CERD-Peru.pdf\" target=\"_blank\">Comit\u00e9 para la Eliminaci\u00f3n de la Discriminaci\u00f3n Racial (CERD) \u2013 Per\u00fa (2014)<\/a><\/td><td class=\"column-2\">2014<\/td>\n<\/tr>\n<tr class=\"row-8\">\n\t<td class=\"column-1\"><a href=\"http:\/\/acnudh.org\/wp-content\/uploads\/2015\/01\/CEDAW-Peru1.pdf\" target=\"_blank\">Comit\u00e9 para la Eliminaci\u00f3n de la Discriminaci\u00f3n contra la Mujer (CEDAW) \u2013 Per\u00fa (2014)<\/a><\/td><td class=\"column-2\">2014<\/td>\n<\/tr>\n<tr class=\"row-9\">\n\t<td class=\"column-1\"><a href=\"http:\/\/acnudh.org\/wp-content\/uploads\/2013\/10\/PER%C3%9A-Observaciones-finales-Comit%C3%A9-de-Derechos-Humanos-2013.pdf\" target=\"_blank\">Comit\u00e9 de Derechos Humanos (CCPR)<\/a><\/td><td class=\"column-2\">2013<\/td>\n<\/tr>\n<tr class=\"row-10\">\n\t<td class=\"column-1\"><a href=\"http:\/\/acnudh.org\/wp-content\/uploads\/2016\/05\/G1340425.pdf\" target=\"_blank\">Comit\u00e9 contra la Tortura (CAT)<\/a><\/td><td class=\"column-2\">2013<\/td>\n<\/tr>\n<tr class=\"row-11\">\n\t<td class=\"column-1\"><a href=\"http:\/\/acnudh.org\/wp-content\/uploads\/2012\/05\/E.C.12.PER_.CO_.2-4_sp.doc\" target=\"_blank\">Comit\u00e9 de Derechos Econ\u00f3micos, Sociales y Culturales (CESCR)<\/a><\/td><td class=\"column-2\">2012<\/td>\n<\/tr>\n<tr class=\"row-12\">\n\t<td class=\"column-1\"><a href=\"http:\/\/acnudh.org\/wp-content\/uploads\/2012\/06\/CRPD-2012.pdf\">Descargar PDF<\/a> <a href=\"http:\/\/acnudh.org\/?p=14350\" target=\"_blank\">Comit\u00e9 sobre los Derechos de las Personas con Discapacidad (CRPD)<\/a><\/td><td class=\"column-2\">2012<\/td>\n<\/tr>\n<tr class=\"row-13\">\n\t<td class=\"column-1\"><a href=\"http:\/\/acnudh.org\/wp-content\/uploads\/2010\/12\/CERD-2009-Per%C3%BA.pdf\" target=\"_blank\">Comit\u00e9 para la Eliminaci\u00f3n de la Discriminaci\u00f3n Racial (CERD)<\/a><\/td><td class=\"column-2\">2009<\/td>\n<\/tr>\n<tr class=\"row-14\">\n\t<td class=\"column-1\"><a href=\"http:\/\/acnudh.org\/wp-content\/uploads\/2010\/12\/N0724413.pdf\" target=\"_blank\">Comit\u00e9 para la Eliminaci\u00f3n de la Discriminaci\u00f3n contra la Mujer (CEDAW)<\/a><\/td><td class=\"column-2\">2007<\/td>\n<\/tr>\n<tr class=\"row-15\">\n\t<td class=\"column-1\"><a href=\"http:\/\/www.unhchr.ch\/tbs\/doc.nsf\/898586b1dc7b4043c1256a450044f331\/8d7cc2aad25b4150c12571cd0058ff47\/$FILE\/G0643249.pdf\" target=\"_blank\">Comit\u00e9 contra la Tortura (CAT)<\/a><\/td><td class=\"column-2\">2006<\/td>\n<\/tr>\n<tr class=\"row-16\">\n\t<td class=\"column-1\"><a href=\"http:\/\/acnudh.org\/wp-content\/uploads\/2006\/03\/CRC-Per%C3%BA-2006.pdf\" target=\"_blank\">Comit\u00e9 de Derechos del Ni\u00f1o (CRC)<\/a><\/td><td class=\"column-2\">2006<\/td>\n<\/tr>\n<tr class=\"row-17\">\n\t<td class=\"column-1\"><a href=\"http:\/\/www.unhchr.ch\/tbs\/doc.nsf\/(Symbol)\/CCPR.CO.70.PER.Sp?Opendocument\" target=\"_blank\">Comit\u00e9 de Derechos Humanos (CCPR)<\/a><\/td><td class=\"column-2\">2000<\/td>\n<\/tr>\n<tr class=\"row-18\">\n\t<td class=\"column-1\"><a href=\"http:\/\/www.unhchr.ch\/tbs\/doc.nsf\/(Symbol)\/E.C.12.1.Add.14.Sp?Opendocument\" target=\"_blank\">Comit\u00e9 de Derechos Econ\u00f3micos, Sociales y Culturales (CESCR)<\/a><\/td><td class=\"column-2\">1997<\/td>\n<\/tr>\n<\/tbody>\n<\/table>\n<!-- #tablepress-per-org from cache --><\/div>\n\t\t\t\t<\/div>\n\t\t\t\t<\/div>\n\t\t\t\t\t\t<\/div>\n\t\t\t<\/div>\n\t\t<\/div>\n\t\t\t\t<div class=\"elementor-element elementor-element-4cba37e1 elementor-column elementor-col-33 elementor-inner-column\" data-id=\"4cba37e1\" data-element_type=\"column\">\n\t\t\t<div class=\"elementor-column-wrap  elementor-element-populated\">\n\t\t\t\t\t<div class=\"elementor-widget-wrap\">\n\t\t\t\t<div class=\"elementor-element elementor-element-1fca962d elementor-widget elementor-widget-heading\" data-id=\"1fca962d\" data-element_type=\"widget\" data-settings=\"{&quot;sticky&quot;:&quot;top&quot;,&quot;sticky_on&quot;:[&quot;desktop&quot;],&quot;sticky_offset&quot;:105,&quot;sticky_effects_offset&quot;:0}\" data-widget_type=\"heading.default\">\n\t\t\t\t<div class=\"elementor-widget-container\">\n\t\t\t<h4 class=\"elementor-heading-title elementor-size-default\">Procedimientos Especiais<\/h4>\t\t<\/div>\n\t\t\t\t<\/div>\n\t\t\t\t<div class=\"elementor-element elementor-element-5eb1d067 elementor-widget elementor-widget-shortcode\" data-id=\"5eb1d067\" data-element_type=\"widget\" data-widget_type=\"shortcode.default\">\n\t\t\t\t<div class=\"elementor-widget-container\">\n\t\t\t\t\t<div class=\"elementor-shortcode\">\n<table id=\"tablepress-per-rel\" class=\"tablepress tablepress-id-per-rel\">\n<thead>\n<tr class=\"row-1\">\n\t<th class=\"column-1\">Documento<\/th><th class=\"column-2\">A\u00f1o<\/th>\n<\/tr>\n<\/thead>\n<tbody class=\"row-striping row-hover\">\n<tr class=\"row-2\">\n\t<td class=\"column-1\"><a href=\"http:\/\/acnudh.org\/wp-content\/uploads\/2018\/08\/G1812919.pdf\" target=\"_blank\">Informe del Grupo de Trabajo sobre derechos humanos y empresas - Misi\u00f3n a Per\u00fa<\/a><\/td><td class=\"column-2\">2018<\/td>\n<\/tr>\n<tr class=\"row-3\">\n\t<td class=\"column-1\"><a href=\"http:\/\/acnudh.org\/wp-content\/uploads\/2016\/12\/G1614672.pdf\" target=\"_blank\">Informe del Grupo de Trabajo sobre las Desapariciones Forzadas o Involuntarias - Misi\u00f3n a Per\u00fa<\/a><\/td><td class=\"column-2\">2016<\/td>\n<\/tr>\n<tr class=\"row-4\">\n\t<td class=\"column-1\"><a href=\"http:\/\/acnudh.org\/wp-content\/uploads\/2016\/05\/A_HRC_29_40_Add.2_AUV.pdf\" target=\"_blank\">Informe del Grupo de Trabajo sobre la cuesti\u00f3n de la discriminaci\u00f3n contra la mujer en la legislaci\u00f3n y en la pr\u00e1ctica \u2013 Misi\u00f3n a Per\u00fa<\/a><\/td><td class=\"column-2\">2015<\/td>\n<\/tr>\n<tr class=\"row-5\">\n\t<td class=\"column-1\"><a href=\"http:\/\/acnudh.org\/wp-content\/uploads\/2016\/05\/A-HRC-27-52-Add3_en.pdf\" target=\"_blank\">Informe del Relator Especial sobre los Derechos de los Pueblos Ind\u00edgenas \u2013 La situaci\u00f3n de los derechos de los pueblos ind\u00edgenas en Per\u00fa en relaci\u00f3n a las industrias extractivas<\/a><\/td><td class=\"column-2\">2014<\/td>\n<\/tr>\n<tr class=\"row-6\">\n\t<td class=\"column-1\"><a href=\"http:\/\/acnudh.org\/wp-content\/uploads\/2011\/09\/Informe-de-relatora-sobre-esclavitud-mision-al-Per\u00fa-2011.pdf\" target=\"_blank\">Informe de la Relatora Especial sobre formas contempor\u00e1neas de esclavitud - Misi\u00f3n a Per\u00fa<\/a><\/td><td class=\"column-2\">2011<\/td>\n<\/tr>\n<tr class=\"row-7\">\n\t<td class=\"column-1\"><a href=\"http:\/\/acnudh.org\/wp-content\/uploads\/2011\/08\/relator-terrorismo-2010.pdf\" target=\"_blank\">Informe del Relator Especial sobre la promoci\u00f3n y protecci\u00f3n de los derechos humanos y las libertades fundamentales en la lucha contra el terrorismo<\/a><\/td><td class=\"column-2\">2010<\/td>\n<\/tr>\n<tr class=\"row-8\">\n\t<td class=\"column-1\"><a href=\"http:\/\/acnudh.org\/wp-content\/uploads\/2010\/12\/2-2009.pdf\" target=\"_blank\">Observaciones del relator sobre la situaci\u00f3n de los pueblos ind\u00edgenas de la Amazon\u00eda y los sucesos del 5 de junio y d\u00edas posteriores en las Provincias de Bagua y Utcubamba <\/a><\/td><td class=\"column-2\">2009<\/td>\n<\/tr>\n<tr class=\"row-9\">\n\t<td class=\"column-1\"><a href=\"http:\/\/acnudh.org\/wp-content\/uploads\/2010\/12\/3-2009.pdf\" target=\"_blank\">Informe del Relator Especial sobre vivienda adecuada como parte del derecho a un adecuado est\u00e1ndar de vida, y sobre el derecho de no discriminaci\u00f3n en este contexto<\/a><\/td><td class=\"column-2\">2009<\/td>\n<\/tr>\n<tr class=\"row-10\">\n\t<td class=\"column-1\"><a href=\"http:\/\/acnudh.org\/wp-content\/uploads\/2010\/12\/G0810422.pdf\" target=\"_blank\">Informe del Grupo de Trabajo sobre la utilizaci\u00f3n de mercenarios como medio de violar los derechos humanos y obstaculizar el ejercicio del derecho de los pueblos a la libre determinaci\u00f3n<\/a><\/td><td class=\"column-2\">2008<\/td>\n<\/tr>\n<tr class=\"row-11\">\n\t<td class=\"column-1\"><a href=\"http:\/\/acnudh.org\/wp-content\/uploads\/2005\/02\/Informe-relator-sobre-disfrute-salud-f\u00edsica-y-mental-misi\u00f3n-al-Per\u00fa-febrero-2005.pdf\" target=\"_blank\">Informe del Relator Especial sobre el derecho de toda persona al disfrute del m\u00e1s alto nivel posible de salud f\u00edsica y mental<\/a><\/td><td class=\"column-2\">2005<\/td>\n<\/tr>\n<tr class=\"row-12\">\n\t<td class=\"column-1\"><a href=\"http:\/\/acnudh.org\/wp-content\/uploads\/2011\/02\/Informe-relatora-sobre-migrantes-visita-enero-2005.pdf\" target=\"_blank\">Informe de la Relatora Especial sobre los derechos humanos de los migrantes<\/a><\/td><td class=\"column-2\">2005<\/td>\n<\/tr>\n<tr class=\"row-13\">\n\t<td class=\"column-1\"><a href=\"http:\/\/acnudh.org\/wp-content\/uploads\/2011\/08\/relator-vivienda-adecuada-2004.pdf\" target=\"_blank\">Informe del Relator Especial sobre vivienda adecuada como parte del derecho a un adecuado est\u00e1ndar de vida, y sobre el derecho de no discriminaci\u00f3n en este contexto<\/a><\/td><td class=\"column-2\">2004<\/td>\n<\/tr>\n<\/tbody>\n<\/table>\n<!-- #tablepress-per-rel from cache --><\/div>\n\t\t\t\t<\/div>\n\t\t\t\t<\/div>\n\t\t\t\t\t\t<\/div>\n\t\t\t<\/div>\n\t\t<\/div>\n\t\t\t\t<div class=\"elementor-element elementor-element-29710bc6 elementor-column elementor-col-33 elementor-inner-column\" data-id=\"29710bc6\" data-element_type=\"column\">\n\t\t\t<div class=\"elementor-column-wrap  elementor-element-populated\">\n\t\t\t\t\t<div class=\"elementor-widget-wrap\">\n\t\t\t\t<div class=\"elementor-element elementor-element-45fd1e1b elementor-widget elementor-widget-heading\" data-id=\"45fd1e1b\" data-element_type=\"widget\" data-settings=\"{&quot;sticky&quot;:&quot;top&quot;,&quot;sticky_on&quot;:[&quot;desktop&quot;],&quot;sticky_offset&quot;:105,&quot;sticky_effects_offset&quot;:0}\" data-widget_type=\"heading.default\">\n\t\t\t\t<div class=\"elementor-widget-container\">\n\t\t\t<h4 class=\"elementor-heading-title elementor-size-default\">Revis\u00e3o Peri\u00f3dica Universal<\/h4>\t\t<\/div>\n\t\t\t\t<\/div>\n\t\t\t\t<div class=\"elementor-element elementor-element-6d41741d elementor-widget elementor-widget-shortcode\" data-id=\"6d41741d\" data-element_type=\"widget\" data-widget_type=\"shortcode.default\">\n\t\t\t\t<div class=\"elementor-widget-container\">\n\t\t\t\t\t<div class=\"elementor-shortcode\">\n<table id=\"tablepress-per-epu\" class=\"tablepress tablepress-id-per-epu\">\n<thead>\n<tr class=\"row-1\">\n\t<th class=\"column-1\">Documento<\/th><th class=\"column-2\">A\u00f1o<\/th>\n<\/tr>\n<\/thead>\n<tbody class=\"row-striping row-hover\">\n<tr class=\"row-2\">\n\t<td class=\"column-1\"><a href=\"http:\/\/acnudh.org\/wp-content\/uploads\/2018\/03\/G1736826.pdf\" rel=\"noopener\" target=\"_blank\">EPU (3er Ciclo)<\/a><\/td><td class=\"column-2\">2017<\/td>\n<\/tr>\n<tr class=\"row-3\">\n\t<td class=\"column-1\"><a href=\"http:\/\/acnudh.org\/wp-content\/uploads\/2014\/07\/UPR-2nd-cycle-PER.pdf\" rel=\"noopener\" target=\"_blank\">EPU (2do Ciclo)<\/a><\/td><td class=\"column-2\">2012<\/td>\n<\/tr>\n<tr class=\"row-4\">\n\t<td class=\"column-1\"><a href=\"http:\/\/acnudh.org\/wp-content\/uploads\/2010\/12\/A_HRC_8_37_Peru_S.pdf\" rel=\"noopener\" target=\"_blank\">EPU (1er Ciclo)<\/a><\/td><td class=\"column-2\">2008<\/td>\n<\/tr>\n<\/tbody>\n<\/table>\n<!-- #tablepress-per-epu from cache --><\/div>\n\t\t\t\t<\/div>\n\t\t\t\t<\/div>\n\t\t\t\t<div class=\"elementor-element elementor-element-65262650 elementor-widget elementor-widget-text-editor\" data-id=\"65262650\" data-element_type=\"widget\" data-widget_type=\"text-editor.default\">\n\t\t\t\t<div class=\"elementor-widget-container\">\n\t\t\t\t\t<div class=\"elementor-text-editor elementor-clearfix\"><p><em><strong>Informa\u00e7\u00f5es sobre o Peru no site oficial da UPR: <a href=\"http:\/\/www.ohchr.org\/en\/HRBodies\/UPR\/Pages\/PEindex.aspx\">http:\/\/www.ohchr.org\/en\/HRBodies\/UPR\/Pages\/PEindex.aspx<\/a><\/strong><\/em><\/p>\n<\/div>\n\t\t\t\t<\/div>\n\t\t\t\t<\/div>\n\t\t\t\t\t\t<\/div>\n\t\t\t<\/div>\n\t\t<\/div>\n\t\t\t\t\t\t<\/div>\n\t\t\t<\/div>\n\t\t<\/section>\n\t\t\t\t\t\t<\/div>\n\t\t\t<\/div>\n\t\t<\/div>\n\t\t\t\t\t\t<\/div>\n\t\t\t<\/div>\n\t\t<\/section>\n\t\t\t\t\t\t<\/div>\n\t\t\t<\/div>\n\t\t<\/div>\n\t\t","protected":false},"excerpt":{"rendered":"<p>Mecanismo de Direitos Humanos: Estados de Relat\u00f3riosPeru Clique nos t\u00edtulos para acessar os documentos digitais \u00d3rg\u00e3os de Tratados Procedimientos Especiais Revis\u00e3o Peri\u00f3dica Universal Informa\u00e7\u00f5es sobre o Peru no site oficial da UPR: http:\/\/www.ohchr.org\/en\/HRBodies\/UPR\/Pages\/PEindex.aspx<\/p>\n","protected":false},"author":1,"featured_media":0,"parent":55983,"menu_order":0,"comment_status":"closed","ping_status":"closed","template":"","meta":{"_uag_custom_page_level_css":"","site-sidebar-layout":"no-sidebar","site-content-layout":"page-builder","ast-site-content-layout":"","site-content-style":"default","site-sidebar-style":"default","ast-global-header-display":"","ast-banner-title-visibility":"","ast-main-header-display":"","ast-hfb-above-header-display":"","ast-hfb-below-header-display":"","ast-hfb-mobile-header-display":"","site-post-title":"","ast-breadcrumbs-content":"","ast-featured-img":"disabled","footer-sml-layout":"","theme-transparent-header-meta":"","adv-header-id-meta":"","stick-header-meta":"","header-above-stick-meta":"","header-main-stick-meta":"","header-below-stick-meta":"","astra-migrate-meta-layouts":"default","ast-page-background-enabled":"default","ast-page-background-meta":{"desktop":{"background-color":"","background-image":"","background-repeat":"repeat","background-position":"center center","background-size":"auto","background-attachment":"scroll","background-type":"","background-media":"","overlay-type":"","overlay-color":"","overlay-opacity":"","overlay-gradient":""},"tablet":{"background-color":"","background-image":"","background-repeat":"repeat","background-position":"center center","background-size":"auto","background-attachment":"scroll","background-type":"","background-media":"","overlay-type":"","overlay-color":"","overlay-opacity":"","overlay-gradient":""},"mobile":{"background-color":"","background-image":"","background-repeat":"repeat","background-position":"center center","background-size":"auto","background-attachment":"scroll","background-type":"","background-media":"","overlay-type":"","overlay-color":"","overlay-opacity":"","overlay-gradient":""}},"ast-content-background-meta":{"desktop":{"background-color":"var(--ast-global-color-5)","background-image":"","background-repeat":"repeat","background-position":"center center","background-size":"auto","background-attachment":"scroll","background-type":"","background-media":"","overlay-type":"","overlay-color":"","overlay-opacity":"","overlay-gradient":""},"tablet":{"background-color":"var(--ast-global-color-5)","background-image":"","background-repeat":"repeat","background-position":"center center","background-size":"auto","background-attachment":"scroll","background-type":"","background-media":"","overlay-type":"","overlay-color":"","overlay-opacity":"","overlay-gradient":""},"mobile":{"background-color":"var(--ast-global-color-5)","background-image":"","background-repeat":"repeat","background-position":"center center","background-size":"auto","background-attachment":"scroll","background-type":"","background-media":"","overlay-type":"","overlay-color":"","overlay-opacity":"","overlay-gradient":""}},"footnotes":""},"class_list":["post-55895","page","type-page","status-publish","hentry"],"uagb_featured_image_src":{"full":false,"thumbnail":false,"medium":false,"medium_large":false,"large":false,"1536x1536":false,"2048x2048":false},"uagb_author_info":{"display_name":"acnudh","author_link":"https:\/\/acnudh.org\/pt-br\/author\/acnudh\/"},"uagb_comment_info":0,"uagb_excerpt":"Mecanismo de Direitos Humanos: Estados de Relat\u00f3riosPeru Clique nos t\u00edtulos para acessar os documentos digitais \u00d3rg\u00e3os de Tratados Procedimientos Especiais Revis\u00e3o Peri\u00f3dica Universal Informa\u00e7\u00f5es sobre o Peru no site oficial da UPR: http:\/\/www.ohchr.org\/en\/HRBodies\/UPR\/Pages\/PEindex.aspx","_links":{"self":[{"href":"https:\/\/acnudh.org\/pt-br\/wp-json\/wp\/v2\/pages\/55895","targetHints":{"allow":["GET"]}}],"collection":[{"href":"https:\/\/acnudh.org\/pt-br\/wp-json\/wp\/v2\/pages"}],"about":[{"href":"https:\/\/acnudh.org\/pt-br\/wp-json\/wp\/v2\/types\/page"}],"author":[{"embeddable":true,"href":"https:\/\/acnudh.org\/pt-br\/wp-json\/wp\/v2\/users\/1"}],"replies":[{"embeddable":true,"href":"https:\/\/acnudh.org\/pt-br\/wp-json\/wp\/v2\/comments?post=55895"}],"version-history":[{"count":1,"href":"https:\/\/acnudh.org\/pt-br\/wp-json\/wp\/v2\/pages\/55895\/revisions"}],"predecessor-version":[{"id":55896,"href":"https:\/\/acnudh.org\/pt-br\/wp-json\/wp\/v2\/pages\/55895\/revisions\/55896"}],"up":[{"embeddable":true,"href":"https:\/\/acnudh.org\/pt-br\/wp-json\/wp\/v2\/pages\/55983"}],"wp:attachment":[{"href":"https:\/\/acnudh.org\/pt-br\/wp-json\/wp\/v2\/media?parent=55895"}],"curies":[{"name":"wp","href":"https:\/\/api.w.org\/{rel}","templated":true}]}}