{"id":55887,"date":"2019-06-12T11:17:11","date_gmt":"2019-06-12T15:17:11","guid":{"rendered":"http:\/\/acnudh.org\/estado-dos-relatorios-aos-mecanismos-de-direitos-humanos-brasil\/"},"modified":"2019-06-12T11:17:12","modified_gmt":"2019-06-12T15:17:12","slug":"estado-dos-relatorios-aos-mecanismos-de-direitos-humanos-brasil","status":"publish","type":"page","link":"https:\/\/acnudh.org\/pt-br\/brasil-2\/estado-dos-relatorios-aos-mecanismos-de-direitos-humanos-brasil\/","title":{"rendered":"Estado dos Relat\u00f3rios aos Mecanismos de Direitos Humanos &#8211; Brasil"},"content":{"rendered":"\t\t<div data-elementor-type=\"wp-post\" data-elementor-id=\"55887\" class=\"elementor elementor-55887 elementor-38352\" data-elementor-settings=\"[]\">\n\t\t\t<div class=\"elementor-inner\">\n\t\t\t\t<div class=\"elementor-section-wrap\">\n\t\t\t\t\t\t\t<section class=\"elementor-element elementor-element-26a012b4 elementor-section-full_width elementor-section-height-default elementor-section-height-default elementor-section elementor-top-section\" data-id=\"26a012b4\" data-element_type=\"section\">\n\t\t\t\t\t\t<div class=\"elementor-container elementor-column-gap-default\">\n\t\t\t\t<div class=\"elementor-row\">\n\t\t\t\t<div class=\"elementor-element elementor-element-483588a0 elementor-column elementor-col-100 elementor-top-column\" data-id=\"483588a0\" data-element_type=\"column\">\n\t\t\t<div class=\"elementor-column-wrap  elementor-element-populated\">\n\t\t\t\t\t<div class=\"elementor-widget-wrap\">\n\t\t\t\t<div class=\"elementor-element elementor-element-71055996 uael-stack-desktop-no uael-heading-stack-none elementor-widget elementor-widget-uael-dual-color-heading\" data-id=\"71055996\" data-element_type=\"widget\" data-widget_type=\"uael-dual-color-heading.default\">\n\t\t\t\t<div class=\"elementor-widget-container\">\n\t\t\t\t\t\t\t<div class=\"uael-module-content uael-dual-color-heading\">\r\n\t\t\t<h3>\r\n\t\t\t\t\t\t\t\t\t\t\t\t\t\t\t\t<span class=\"uael-before-heading\"><span class=\"elementor-inline-editing uael-dual-heading-text uael-first-text\" data-elementor-setting-key=\"before_heading_text\" data-elementor-inline-editing-toolbar=\"basic\">Mecanismos de Direitos Humanos: Relat\u00f3rios de Estados de<\/span><\/span><span class=\"uael-adv-heading-stack\"><span class=\"elementor-inline-editing uael-dual-heading-text uael-highlight-text\" data-elementor-setting-key=\"second_heading_text\" data-elementor-inline-editing-toolbar=\"basic\">Brasil<\/span><\/span>\t\t\t\t\t\t\t\t\t\t\t\t\t<\/h3>\r\n\t\t<\/div>\r\n\t\t\t\t<\/div>\n\t\t\t\t<\/div>\n\t\t\t\t<div class=\"elementor-element elementor-element-768996a7 elementor-widget elementor-widget-text-editor\" data-id=\"768996a7\" data-element_type=\"widget\" data-widget_type=\"text-editor.default\">\n\t\t\t\t<div class=\"elementor-widget-container\">\n\t\t\t\t\t<div class=\"elementor-text-editor elementor-clearfix\"><p><em>Clique nos t\u00edtulos para acessar os documentos digitais<\/em><\/p>\n<\/div>\n\t\t\t\t<\/div>\n\t\t\t\t<\/div>\n\t\t\t\t<section class=\"elementor-element elementor-element-6c11346d elementor-section-full_width elementor-section-height-default elementor-section-height-default elementor-section elementor-inner-section\" data-id=\"6c11346d\" data-element_type=\"section\">\n\t\t\t\t\t\t<div class=\"elementor-container elementor-column-gap-default\">\n\t\t\t\t<div class=\"elementor-row\">\n\t\t\t\t<div class=\"elementor-element elementor-element-7679d1c0 elementor-column elementor-col-33 elementor-inner-column\" data-id=\"7679d1c0\" data-element_type=\"column\">\n\t\t\t<div class=\"elementor-column-wrap  elementor-element-populated\">\n\t\t\t\t\t<div class=\"elementor-widget-wrap\">\n\t\t\t\t<div class=\"elementor-element elementor-element-72e0620 elementor-widget elementor-widget-heading\" data-id=\"72e0620\" data-element_type=\"widget\" data-settings=\"{&quot;sticky&quot;:&quot;top&quot;,&quot;sticky_on&quot;:[&quot;desktop&quot;],&quot;sticky_offset&quot;:105,&quot;sticky_effects_offset&quot;:0}\" data-widget_type=\"heading.default\">\n\t\t\t\t<div class=\"elementor-widget-container\">\n\t\t\t<h4 class=\"elementor-heading-title elementor-size-default\">\u00d3rg\u00e3os de Tratados<\/h4>\t\t<\/div>\n\t\t\t\t<\/div>\n\t\t\t\t<div class=\"elementor-element elementor-element-7ca0f008 elementor-widget elementor-widget-shortcode\" data-id=\"7ca0f008\" data-element_type=\"widget\" data-widget_type=\"shortcode.default\">\n\t\t\t\t<div class=\"elementor-widget-container\">\n\t\t\t\t\t<div class=\"elementor-shortcode\">\n<table id=\"tablepress-bra-org\" class=\"tablepress tablepress-id-bra-org\">\n<thead>\n<tr class=\"row-1\">\n\t<th class=\"column-1\">Documento<\/th><th class=\"column-2\">A\u00f1o<\/th>\n<\/tr>\n<\/thead>\n<tbody class=\"row-striping row-hover\">\n<tr class=\"row-2\">\n\t<td class=\"column-1\"><a href=\"http:\/\/acnudh.org\/wp-content\/uploads\/2015\/10\/G1524832.pdf\" target=\"_blank\">Comit\u00e9 sobre los Derechos del Ni\u00f1o (CRC)<\/a><\/td><td class=\"column-2\">2015<\/td>\n<\/tr>\n<tr class=\"row-3\">\n\t<td class=\"column-1\"><a href=\"http:\/\/acnudh.org\/wp-content\/uploads\/2015\/09\/CRPD_C_BRA_CO_1_21604_E.pdf\" target=\"_blank\">Comit\u00e9 sobre los Derechos de las Personas con Discapacidad (CRPD)<\/a><\/td><td class=\"column-2\">2015<\/td>\n<\/tr>\n<tr class=\"row-4\">\n\t<td class=\"column-1\"><a href=\"http:\/\/acnudh.org\/wp-content\/uploads\/2012\/03\/CEDAW-Brasil-2012-Espa\u00f1ol.pdf\" target=\"_blank\">Comit\u00e9 para la Eliminaci\u00f3n de la Discriminaci\u00f3n contra la Mujer (CEDAW)<\/a><\/td><td class=\"column-2\">2012<\/td>\n<\/tr>\n<tr class=\"row-5\">\n\t<td class=\"column-1\"><a href=\"http:\/\/acnudh.org\/wp-content\/uploads\/2012\/09\/OPCAT-Brasil1.pdf\" target=\"_blank\">Subcomit\u00e9 para la Prevenci\u00f3n de la Tortura y Otros Tratos o Penas Crueles, Inhumanos o Degradantes (OPCAT)<\/a><\/td><td class=\"column-2\">2012<\/td>\n<\/tr>\n<tr class=\"row-6\">\n\t<td class=\"column-1\"><a href=\"http:\/\/acnudh.org\/wp-content\/uploads\/2010\/12\/CESCR-BRASIL-2009.pdf\" target=\"_blank\">Comit\u00e9 de Derechos Econ\u00f3micos, Sociales y Culturales (CESCR)<\/a><\/td><td class=\"column-2\">2009<\/td>\n<\/tr>\n<tr class=\"row-7\">\n\t<td class=\"column-1\"><a href=\"http:\/\/acnudh.org\/wp-content\/uploads\/2010\/12\/CEDAW-BRASIL-2007.pdf\" target=\"_blank\">Comit\u00e9 para la Eliminaci\u00f3n de la Discriminaci\u00f3n contra la Mujer (CEDAW)<\/a><\/td><td class=\"column-2\">2007<\/td>\n<\/tr>\n<tr class=\"row-8\">\n\t<td class=\"column-1\"><a href=\"http:\/\/acnudh.org\/wp-content\/uploads\/2010\/12\/G0545347.pdf\" target=\"_blank\">Comit\u00e9 de Derechos Humanos (CCPR)<\/a><\/td><td class=\"column-2\">2005<\/td>\n<\/tr>\n<tr class=\"row-9\">\n\t<td class=\"column-1\"><a href=\"http:\/\/acnudh.org\/wp-content\/uploads\/2010\/12\/G0441076.pdf\" target=\"_blank\">Comit\u00e9 para la Eliminaci\u00f3n de la Discriminaci\u00f3n Racial (CERD)<\/a><\/td><td class=\"column-2\">2004<\/td>\n<\/tr>\n<tr class=\"row-10\">\n\t<td class=\"column-1\"><a href=\"http:\/\/acnudh.org\/wp-content\/uploads\/2010\/12\/CRC-BRASIL-2004.pdf\" target=\"_blank\">Comit\u00e9 de Derechos del Ni\u00f1o (CRC)<\/a><\/td><td class=\"column-2\">2004<\/td>\n<\/tr>\n<tr class=\"row-11\">\n\t<td class=\"column-1\"><a href=\"http:\/\/www.unhchr.ch\/tbs\/doc.nsf\/(Symbol)\/A.56.44,paras.115-120.Sp?Opendocument\" target=\"_blank\">Comit\u00e9 contra la Tortura (CAT)<\/a><\/td><td class=\"column-2\">2001<\/td>\n<\/tr>\n<\/tbody>\n<\/table>\n<\/div>\n\t\t\t\t<\/div>\n\t\t\t\t<\/div>\n\t\t\t\t\t\t<\/div>\n\t\t\t<\/div>\n\t\t<\/div>\n\t\t\t\t<div class=\"elementor-element elementor-element-7b4a6773 elementor-column elementor-col-33 elementor-inner-column\" data-id=\"7b4a6773\" data-element_type=\"column\">\n\t\t\t<div class=\"elementor-column-wrap  elementor-element-populated\">\n\t\t\t\t\t<div class=\"elementor-widget-wrap\">\n\t\t\t\t<div class=\"elementor-element elementor-element-49c9bd04 elementor-widget elementor-widget-heading\" data-id=\"49c9bd04\" data-element_type=\"widget\" data-settings=\"{&quot;sticky&quot;:&quot;top&quot;,&quot;sticky_on&quot;:[&quot;desktop&quot;],&quot;sticky_offset&quot;:105,&quot;sticky_effects_offset&quot;:0}\" data-widget_type=\"heading.default\">\n\t\t\t\t<div class=\"elementor-widget-container\">\n\t\t\t<h4 class=\"elementor-heading-title elementor-size-default\">Procedimientos Especiais<\/h4>\t\t<\/div>\n\t\t\t\t<\/div>\n\t\t\t\t<div class=\"elementor-element elementor-element-78826760 elementor-widget elementor-widget-shortcode\" data-id=\"78826760\" data-element_type=\"widget\" data-widget_type=\"shortcode.default\">\n\t\t\t\t<div class=\"elementor-widget-container\">\n\t\t\t\t\t<div class=\"elementor-shortcode\">\n<table id=\"tablepress-bra-rel\" class=\"tablepress tablepress-id-bra-rel\">\n<thead>\n<tr class=\"row-1\">\n\t<th class=\"column-1\">Documento<\/th><th class=\"column-2\">A\u00f1o<\/th>\n<\/tr>\n<\/thead>\n<tbody class=\"row-striping row-hover\">\n<tr class=\"row-2\">\n\t<td class=\"column-1\"><a href=\"http:\/\/acnudh.org\/wp-content\/uploads\/2017\/02\/Informe-de-la-Relatora-Especial-sobre-los-derechos-de-los-pueblos-ind%C3%ADgenas-relativo-a-su-misi%C3%B3n-al-Brasil.pdf\" target=\"_blank\">Informe de la Relatora Especial sobre los derechos de los pueblos ind\u00edgenas \u2013 Misi\u00f3n al Brasil<\/a><\/td><td class=\"column-2\">2016<\/td>\n<\/tr>\n<tr class=\"row-3\">\n\t<td class=\"column-1\"><a href=\"http:\/\/acnudh.org\/wp-content\/uploads\/2016\/05\/G1601416.pdf\" target=\"_blank\">Informe del Grupo de Trabajo sobre la cuesti\u00f3n de los derechos humanos y las empresas transnacionales y otras empresas \u2013 Misi\u00f3n al Brasil<\/a><\/td><td class=\"column-2\">2016<\/td>\n<\/tr>\n<tr class=\"row-4\">\n\t<td class=\"column-1\"><a href=\"http:\/\/acnudh.org\/wp-content\/uploads\/2016\/05\/G1601416.pdf\" target=\"_blank\">Informe del Relator Especial sobre la tortura y otros tratos o penas crueles, inhumanos o degradantes - Misi\u00f3n a Brasil<\/a><\/td><td class=\"column-2\">2016<\/td>\n<\/tr>\n<tr class=\"row-5\">\n\t<td class=\"column-1\"><a href=\"http:\/\/acnudh.org\/wp-content\/uploads\/2015\/01\/Brasil-Afrodescendientes.pdf\" target=\"_blank\">Informe del Grupo de Trabajo de Expertos sobre los Afrodescendientes - Misi\u00f3n a Brasil<\/a><\/td><td class=\"column-2\">2014<\/td>\n<\/tr>\n<tr class=\"row-6\">\n\t<td class=\"column-1\"><a href=\"http:\/\/acnudh.org\/wp-content\/uploads\/2015\/01\/Brasil-Detenci%C3%B3n-Arbitraria.pdf\" target=\"_blank\">Informe del Grupo de Trabajo sobre la Detenci\u00f3n Arbitraria - Misi\u00f3n a Brasil<\/a><\/td><td class=\"column-2\">2014<\/td>\n<\/tr>\n<tr class=\"row-7\">\n\t<td class=\"column-1\"><a href=\"http:\/\/acnudh.org\/wp-content\/uploads\/2015\/01\/Brasil-Derecho-al-agua.pdf\" target=\"_blank\">Informe de la Relatora Especial sobre el derecho humano al agua potable y el saneamiento \u2013 Misi\u00f3n a Brasil<\/a><\/td><td class=\"column-2\">2014<\/td>\n<\/tr>\n<tr class=\"row-8\">\n\t<td class=\"column-1\"><a href=\"http:\/\/acnudh.org\/wp-content\/uploads\/2015\/01\/Brasil-Informe-de-la-Experta-independiente-sobre-los-derechos-humanos-y-la-solidaridad-internacional.pdf\" target=\"_blank\">Informe de la Experta independiente sobre los derechos humanos y la solidaridad internacional \u2013 Misi\u00f3n a Brasil<\/a><\/td><td class=\"column-2\">2013<\/td>\n<\/tr>\n<tr class=\"row-9\">\n\t<td class=\"column-1\"><a href=\"http:\/\/www2.ohchr.org\/english\/bodies\/hrcouncil\/docs\/15session\/A.HRC.15.20..Add.4_en.pdf\" target=\"_blank\">Report of the Special Rapporteur on Contemporary Slavery Mission to Brazil<\/a><\/td><td class=\"column-2\">2010<\/td>\n<\/tr>\n<tr class=\"row-10\">\n\t<td class=\"column-1\"><a href=\"http:\/\/acnudh.org\/wp-content\/uploads\/2010\/12\/G0915113.pdf\" target=\"_blank\">Informe del Relator Especial sobre Pueblos Ind\u00edgenas <\/a><\/td><td class=\"column-2\">2010<\/td>\n<\/tr>\n<tr class=\"row-11\">\n\t<td class=\"column-1\"><a href=\"http:\/\/acnudh.org\/wp-content\/uploads\/2010\/12\/G0912625.pdf\" target=\"_blank\">Informe del Relator Especial sobre ejecuciones extrajudiciales, suma rias o arbitrarias - Misi\u00f3n a Brasil<\/a><\/td><td class=\"column-2\">2009<\/td>\n<\/tr>\n<\/tbody>\n<\/table>\n<\/div>\n\t\t\t\t<\/div>\n\t\t\t\t<\/div>\n\t\t\t\t\t\t<\/div>\n\t\t\t<\/div>\n\t\t<\/div>\n\t\t\t\t<div class=\"elementor-element elementor-element-7305422 elementor-column elementor-col-33 elementor-inner-column\" data-id=\"7305422\" data-element_type=\"column\">\n\t\t\t<div class=\"elementor-column-wrap  elementor-element-populated\">\n\t\t\t\t\t<div class=\"elementor-widget-wrap\">\n\t\t\t\t<div class=\"elementor-element elementor-element-68c8028c elementor-widget elementor-widget-heading\" data-id=\"68c8028c\" data-element_type=\"widget\" data-settings=\"{&quot;sticky&quot;:&quot;top&quot;,&quot;sticky_on&quot;:[&quot;desktop&quot;],&quot;sticky_offset&quot;:105,&quot;sticky_effects_offset&quot;:0}\" data-widget_type=\"heading.default\">\n\t\t\t\t<div class=\"elementor-widget-container\">\n\t\t\t<h4 class=\"elementor-heading-title elementor-size-default\">Revis\u00e3o Peri\u00f3dica Universal<\/h4>\t\t<\/div>\n\t\t\t\t<\/div>\n\t\t\t\t<div class=\"elementor-element elementor-element-44e8025b elementor-widget elementor-widget-shortcode\" data-id=\"44e8025b\" data-element_type=\"widget\" data-widget_type=\"shortcode.default\">\n\t\t\t\t<div class=\"elementor-widget-container\">\n\t\t\t\t\t<div class=\"elementor-shortcode\">\n<table id=\"tablepress-bra-epu\" class=\"tablepress tablepress-id-bra-epu\">\n<thead>\n<tr class=\"row-1\">\n\t<th class=\"column-1\">Documento<\/th><th class=\"column-2\">A\u00f1o<\/th>\n<\/tr>\n<\/thead>\n<tbody class=\"row-striping row-hover\">\n<tr class=\"row-2\">\n\t<td class=\"column-1\"><a href=\"http:\/\/acnudh.org\/wp-content\/uploads\/2018\/03\/G1719418.pdf\" rel=\"noopener\" target=\"_blank\">EPU (3er Ciclo)<\/a><\/td><td class=\"column-2\">2017<\/td>\n<\/tr>\n<tr class=\"row-3\">\n\t<td class=\"column-1\"><a href=\"http:\/\/acnudh.org\/paraguay\/publicaciones-de-paraguay\/\" rel=\"noopener\" target=\"_blank\">EPU (2do Ciclo)<\/a><\/td><td class=\"column-2\">2012<\/td>\n<\/tr>\n<tr class=\"row-4\">\n\t<td class=\"column-1\"><a href=\"http:\/\/acnudh.org\/wp-content\/uploads\/2010\/12\/A_HRC_8_27_brazil_S.pdf\" rel=\"noopener\" target=\"_blank\">EPU (1er Ciclo)<\/a><\/td><td class=\"column-2\">2008<\/td>\n<\/tr>\n<\/tbody>\n<\/table>\n<\/div>\n\t\t\t\t<\/div>\n\t\t\t\t<\/div>\n\t\t\t\t<div class=\"elementor-element elementor-element-588d7cea elementor-widget elementor-widget-text-editor\" data-id=\"588d7cea\" data-element_type=\"widget\" data-widget_type=\"text-editor.default\">\n\t\t\t\t<div class=\"elementor-widget-container\">\n\t\t\t\t\t<div class=\"elementor-text-editor elementor-clearfix\"><p><em><strong>Informa\u00e7\u00f5es sobre o Brasil no site oficial da UPR: <a href=\"http:\/\/www.ohchr.org\/en\/HRBodies\/UPR\/Pages\/BRindex.aspx\">http:\/\/www.ohchr.org\/en\/HRBodies\/UPR\/Pages\/BRindex.aspx<\/a><\/strong><\/em><\/p>\n<\/div>\n\t\t\t\t<\/div>\n\t\t\t\t<\/div>\n\t\t\t\t\t\t<\/div>\n\t\t\t<\/div>\n\t\t<\/div>\n\t\t\t\t\t\t<\/div>\n\t\t\t<\/div>\n\t\t<\/section>\n\t\t\t\t\t\t<\/div>\n\t\t\t<\/div>\n\t\t<\/div>\n\t\t\t\t\t\t<\/div>\n\t\t\t<\/div>\n\t\t<\/section>\n\t\t\t\t\t\t<\/div>\n\t\t\t<\/div>\n\t\t<\/div>\n\t\t","protected":false},"excerpt":{"rendered":"<p>Mecanismos de Direitos Humanos: Relat\u00f3rios de Estados deBrasil Clique nos t\u00edtulos para acessar os documentos digitais \u00d3rg\u00e3os de Tratados Procedimientos Especiais Revis\u00e3o Peri\u00f3dica Universal Informa\u00e7\u00f5es sobre o Brasil no site oficial da UPR: http:\/\/www.ohchr.org\/en\/HRBodies\/UPR\/Pages\/BRindex.aspx<\/p>\n","protected":false},"author":1,"featured_media":0,"parent":55943,"menu_order":0,"comment_status":"closed","ping_status":"closed","template":"","meta":{"_uag_custom_page_level_css":"","site-sidebar-layout":"no-sidebar","site-content-layout":"page-builder","ast-site-content-layout":"","site-content-style":"default","site-sidebar-style":"default","ast-global-header-display":"","ast-banner-title-visibility":"","ast-main-header-display":"","ast-hfb-above-header-display":"","ast-hfb-below-header-display":"","ast-hfb-mobile-header-display":"","site-post-title":"","ast-breadcrumbs-content":"","ast-featured-img":"disabled","footer-sml-layout":"","theme-transparent-header-meta":"","adv-header-id-meta":"","stick-header-meta":"","header-above-stick-meta":"","header-main-stick-meta":"","header-below-stick-meta":"","astra-migrate-meta-layouts":"default","ast-page-background-enabled":"default","ast-page-background-meta":{"desktop":{"background-color":"","background-image":"","background-repeat":"repeat","background-position":"center center","background-size":"auto","background-attachment":"scroll","background-type":"","background-media":"","overlay-type":"","overlay-color":"","overlay-opacity":"","overlay-gradient":""},"tablet":{"background-color":"","background-image":"","background-repeat":"repeat","background-position":"center center","background-size":"auto","background-attachment":"scroll","background-type":"","background-media":"","overlay-type":"","overlay-color":"","overlay-opacity":"","overlay-gradient":""},"mobile":{"background-color":"","background-image":"","background-repeat":"repeat","background-position":"center center","background-size":"auto","background-attachment":"scroll","background-type":"","background-media":"","overlay-type":"","overlay-color":"","overlay-opacity":"","overlay-gradient":""}},"ast-content-background-meta":{"desktop":{"background-color":"var(--ast-global-color-5)","background-image":"","background-repeat":"repeat","background-position":"center center","background-size":"auto","background-attachment":"scroll","background-type":"","background-media":"","overlay-type":"","overlay-color":"","overlay-opacity":"","overlay-gradient":""},"tablet":{"background-color":"var(--ast-global-color-5)","background-image":"","background-repeat":"repeat","background-position":"center center","background-size":"auto","background-attachment":"scroll","background-type":"","background-media":"","overlay-type":"","overlay-color":"","overlay-opacity":"","overlay-gradient":""},"mobile":{"background-color":"var(--ast-global-color-5)","background-image":"","background-repeat":"repeat","background-position":"center center","background-size":"auto","background-attachment":"scroll","background-type":"","background-media":"","overlay-type":"","overlay-color":"","overlay-opacity":"","overlay-gradient":""}},"footnotes":""},"class_list":["post-55887","page","type-page","status-publish","hentry"],"uagb_featured_image_src":{"full":false,"thumbnail":false,"medium":false,"medium_large":false,"large":false,"1536x1536":false,"2048x2048":false},"uagb_author_info":{"display_name":"acnudh","author_link":"https:\/\/acnudh.org\/pt-br\/author\/acnudh\/"},"uagb_comment_info":0,"uagb_excerpt":"Mecanismos de Direitos Humanos: Relat\u00f3rios de Estados deBrasil Clique nos t\u00edtulos para acessar os documentos digitais \u00d3rg\u00e3os de Tratados Procedimientos Especiais Revis\u00e3o Peri\u00f3dica Universal Informa\u00e7\u00f5es sobre o Brasil no site oficial da UPR: http:\/\/www.ohchr.org\/en\/HRBodies\/UPR\/Pages\/BRindex.aspx","_links":{"self":[{"href":"https:\/\/acnudh.org\/pt-br\/wp-json\/wp\/v2\/pages\/55887","targetHints":{"allow":["GET"]}}],"collection":[{"href":"https:\/\/acnudh.org\/pt-br\/wp-json\/wp\/v2\/pages"}],"about":[{"href":"https:\/\/acnudh.org\/pt-br\/wp-json\/wp\/v2\/types\/page"}],"author":[{"embeddable":true,"href":"https:\/\/acnudh.org\/pt-br\/wp-json\/wp\/v2\/users\/1"}],"replies":[{"embeddable":true,"href":"https:\/\/acnudh.org\/pt-br\/wp-json\/wp\/v2\/comments?post=55887"}],"version-history":[{"count":1,"href":"https:\/\/acnudh.org\/pt-br\/wp-json\/wp\/v2\/pages\/55887\/revisions"}],"predecessor-version":[{"id":55888,"href":"https:\/\/acnudh.org\/pt-br\/wp-json\/wp\/v2\/pages\/55887\/revisions\/55888"}],"up":[{"embeddable":true,"href":"https:\/\/acnudh.org\/pt-br\/wp-json\/wp\/v2\/pages\/55943"}],"wp:attachment":[{"href":"https:\/\/acnudh.org\/pt-br\/wp-json\/wp\/v2\/media?parent=55887"}],"curies":[{"name":"wp","href":"https:\/\/api.w.org\/{rel}","templated":true}]}}