{"id":55885,"date":"2019-06-12T11:14:20","date_gmt":"2019-06-12T15:14:20","guid":{"rendered":"http:\/\/acnudh.org\/estado-dos-relatorios-aos-mecanismos-de-direitos-humanos-equador\/"},"modified":"2019-06-12T11:14:21","modified_gmt":"2019-06-12T15:14:21","slug":"estado-dos-relatorios-aos-mecanismos-de-direitos-humanos-equador","status":"publish","type":"page","link":"https:\/\/acnudh.org\/pt-br\/equador\/estado-dos-relatorios-aos-mecanismos-de-direitos-humanos-equador\/","title":{"rendered":"Estado dos Relat\u00f3rios aos Mecanismos de Direitos Humanos &#8211; Equador"},"content":{"rendered":"\t\t<div data-elementor-type=\"wp-post\" data-elementor-id=\"55885\" class=\"elementor elementor-55885 elementor-38370\" data-elementor-settings=\"[]\">\n\t\t\t<div class=\"elementor-inner\">\n\t\t\t\t<div class=\"elementor-section-wrap\">\n\t\t\t\t\t\t\t<section class=\"elementor-element elementor-element-717afcc6 elementor-section-full_width elementor-section-height-default elementor-section-height-default elementor-section elementor-top-section\" data-id=\"717afcc6\" data-element_type=\"section\">\n\t\t\t\t\t\t<div class=\"elementor-container elementor-column-gap-default\">\n\t\t\t\t<div class=\"elementor-row\">\n\t\t\t\t<div class=\"elementor-element elementor-element-1a26582e elementor-column elementor-col-100 elementor-top-column\" data-id=\"1a26582e\" data-element_type=\"column\">\n\t\t\t<div class=\"elementor-column-wrap  elementor-element-populated\">\n\t\t\t\t\t<div class=\"elementor-widget-wrap\">\n\t\t\t\t<div class=\"elementor-element elementor-element-84a9399 uael-stack-desktop-no uael-heading-stack-none elementor-widget elementor-widget-uael-dual-color-heading\" data-id=\"84a9399\" data-element_type=\"widget\" data-widget_type=\"uael-dual-color-heading.default\">\n\t\t\t\t<div class=\"elementor-widget-container\">\n\t\t\t\t\t\t\t<div class=\"uael-module-content uael-dual-color-heading\">\r\n\t\t\t<h3>\r\n\t\t\t\t\t\t\t\t\t\t\t\t\t\t\t\t<span class=\"uael-before-heading\"><span class=\"elementor-inline-editing uael-dual-heading-text uael-first-text\" data-elementor-setting-key=\"before_heading_text\" data-elementor-inline-editing-toolbar=\"basic\">Mecanismo de Direitos Humanos: Estados de Relat\u00f3rios<\/span><\/span><span class=\"uael-adv-heading-stack\"><span class=\"elementor-inline-editing uael-dual-heading-text uael-highlight-text\" data-elementor-setting-key=\"second_heading_text\" data-elementor-inline-editing-toolbar=\"basic\">Equador<\/span><\/span>\t\t\t\t\t\t\t\t\t\t\t\t\t<\/h3>\r\n\t\t<\/div>\r\n\t\t\t\t<\/div>\n\t\t\t\t<\/div>\n\t\t\t\t<div class=\"elementor-element elementor-element-5ee9295a elementor-widget elementor-widget-text-editor\" data-id=\"5ee9295a\" data-element_type=\"widget\" data-widget_type=\"text-editor.default\">\n\t\t\t\t<div class=\"elementor-widget-container\">\n\t\t\t\t\t<div class=\"elementor-text-editor elementor-clearfix\"><p><em>Clique nos t\u00edtulos para acessar os documentos digitais<\/em><\/p>\n<\/div>\n\t\t\t\t<\/div>\n\t\t\t\t<\/div>\n\t\t\t\t<section class=\"elementor-element elementor-element-5f23a67 elementor-section-full_width elementor-section-height-default elementor-section-height-default elementor-section elementor-inner-section\" data-id=\"5f23a67\" data-element_type=\"section\">\n\t\t\t\t\t\t<div class=\"elementor-container elementor-column-gap-default\">\n\t\t\t\t<div class=\"elementor-row\">\n\t\t\t\t<div class=\"elementor-element elementor-element-6277bd3b elementor-column elementor-col-33 elementor-inner-column\" data-id=\"6277bd3b\" data-element_type=\"column\">\n\t\t\t<div class=\"elementor-column-wrap  elementor-element-populated\">\n\t\t\t\t\t<div class=\"elementor-widget-wrap\">\n\t\t\t\t<div class=\"elementor-element elementor-element-6b87cf87 elementor-widget elementor-widget-heading\" data-id=\"6b87cf87\" data-element_type=\"widget\" data-settings=\"{&quot;sticky&quot;:&quot;top&quot;,&quot;sticky_on&quot;:[&quot;desktop&quot;],&quot;sticky_offset&quot;:105,&quot;sticky_effects_offset&quot;:0}\" data-widget_type=\"heading.default\">\n\t\t\t\t<div class=\"elementor-widget-container\">\n\t\t\t<h4 class=\"elementor-heading-title elementor-size-default\">\u00d3rg\u00e3os de Tratados<\/h4>\t\t<\/div>\n\t\t\t\t<\/div>\n\t\t\t\t<div class=\"elementor-element elementor-element-7439d7 elementor-widget elementor-widget-shortcode\" data-id=\"7439d7\" data-element_type=\"widget\" data-widget_type=\"shortcode.default\">\n\t\t\t\t<div class=\"elementor-widget-container\">\n\t\t\t\t\t<div class=\"elementor-shortcode\">\n<table id=\"tablepress-ecu-org\" class=\"tablepress tablepress-id-ecu-org\">\n<thead>\n<tr class=\"row-1\">\n\t<th class=\"column-1\">Documento<\/th><th class=\"column-2\">A\u00f1o<\/th>\n<\/tr>\n<\/thead>\n<tbody class=\"row-striping row-hover\">\n<tr class=\"row-2\">\n\t<td class=\"column-1\"><a href=\"http:\/\/docstore.ohchr.org\/SelfServices\/FilesHandler.ashx?enc=4slQ6QSmlBEDzFEovLCuW20%2bcOfdvJEUdqkza02UbxazKNyMi%2fruleeTZAtZO5G2lYiDPlwFndzCBj%2fKdd2EaUK2XCGFmyouVStuepKYPoc6Wf2euCQ%2bR79OtcigapfA\" target=\"_blank\">Comit\u00e9 de Derechos Econ\u00f3micos, Sociales y Culturales (CESCR)<\/a><\/td><td class=\"column-2\">2019<\/td>\n<\/tr>\n<tr class=\"row-3\">\n\t<td class=\"column-1\"><a href=\"http:\/\/docstore.ohchr.org\/SelfServices\/FilesHandler.ashx?enc=6QkG1d%2fPPRiCAqhKb7yhsocXytluzOs83fWWVlzUSPUeRixOoUBVQ5lGpy1Wg5fVzxEDKHk%2f4orEepyXm5GZTeDDJf5eflzooIHYNQZXBivBO7J5PE%2bE16sMy%2fwjllya\" target=\"_blank\">Comit\u00e9 sobre los Derechos de las Personas con Discapacidad (CRPD)<\/a><\/td><td class=\"column-2\">2019<\/td>\n<\/tr>\n<tr class=\"row-4\">\n\t<td class=\"column-1\"><a href=\"http:\/\/acnudh.org\/wp-content\/uploads\/2017\/10\/G1732795.pdf\" target=\"_blank\">Comit\u00e9 sobre los Derechos del Ni\u00f1o (CRC)<\/a><\/td><td class=\"column-2\">2017<\/td>\n<\/tr>\n<tr class=\"row-5\">\n\t<td class=\"column-1\"><a href=\"http:\/\/acnudh.org\/wp-content\/uploads\/2018\/03\/G1726998.pdf\" target=\"_blank\">Comit\u00e9 para la Eliminaci\u00f3n de la Discriminaci\u00f3n Racial (CERD)<\/a><\/td><td class=\"column-2\">2017<\/td>\n<\/tr>\n<tr class=\"row-6\">\n\t<td class=\"column-1\"><a href=\"http:\/\/acnudh.org\/wp-content\/uploads\/2018\/03\/G1729167.pdf\" target=\"_blank\">Comit\u00e9 sobre los derechos de todos los trabajadores migratorios y de sus familiares (CMW)<\/a><\/td><td class=\"column-2\">2017<\/td>\n<\/tr>\n<tr class=\"row-7\">\n\t<td class=\"column-1\"><a href=\"http:\/\/acnudh.org\/wp-content\/uploads\/2018\/03\/G1709563.pdf\" target=\"_blank\">Comit\u00e9 sobre Desapariciones Forzadas (CED)<\/a><\/td><td class=\"column-2\">2017<\/td>\n<\/tr>\n<tr class=\"row-8\">\n\t<td class=\"column-1\"><a href=\"http:\/\/acnudh.org\/wp-content\/uploads\/2017\/02\/G1700419.pdf\" target=\"_blank\">Comit\u00e9 contra la Tortura (CAT)<\/a><\/td><td class=\"column-2\">2017<\/td>\n<\/tr>\n<tr class=\"row-9\">\n\t<td class=\"column-1\"><a href=\"http:\/\/acnudh.org\/wp-content\/uploads\/2016\/12\/ccpr.pdf\" target=\"_blank\">Comit\u00e9 de Derechos Humanos (CCPR)<\/a><\/td><td class=\"column-2\">2016<\/td>\n<\/tr>\n<tr class=\"row-10\">\n\t<td class=\"column-1\"><a href=\"http:\/\/acnudh.org\/wp-content\/uploads\/2016\/12\/cedaw.pdf\" target=\"_blank\">Comit\u00e9 para la Eliminaci\u00f3n de la Discriminaci\u00f3n contra la Mujer (CEDAW)<\/a><\/td><td class=\"column-2\">2015<\/td>\n<\/tr>\n<tr class=\"row-11\">\n\t<td class=\"column-1\"><a href=\"http:\/\/acnudh.org\/wp-content\/uploads\/2016\/12\/CRPD.pdf\" target=\"_blank\">Comit\u00e9 sobre los Derechos de las Personas con Discapacidad (CRPD)<\/a><\/td><td class=\"column-2\">2014<\/td>\n<\/tr>\n<tr class=\"row-12\">\n\t<td class=\"column-1\"><a href=\"http:\/\/acnudh.org\/wp-content\/uploads\/2016\/12\/CESCR-1.pdf\" target=\"_blank\">Comit\u00e9 de Derechos Econ\u00f3micos, Sociales y Culturales (CESCR)<\/a><\/td><td class=\"column-2\">2012<\/td>\n<\/tr>\n<tr class=\"row-13\">\n\t<td class=\"column-1\"><a href=\"http:\/\/acnudh.org\/wp-content\/uploads\/2016\/12\/cerd.pdf\" target=\"_blank\">Comit\u00e9 para la Eliminaci\u00f3n de la Discriminaci\u00f3n Racial (CERD)<\/a><\/td><td class=\"column-2\">2012<\/td>\n<\/tr>\n<tr class=\"row-14\">\n\t<td class=\"column-1\"><a href=\"http:\/\/acnudh.org\/wp-content\/uploads\/2016\/12\/cmw.pdf\" target=\"_blank\">Comit\u00e9 sobre los derechos de todos los trabajadores migratorios y de sus familiares (CMW)<\/a><\/td><td class=\"column-2\">2010<\/td>\n<\/tr>\n<tr class=\"row-15\">\n\t<td class=\"column-1\"><a href=\"http:\/\/acnudh.org\/wp-content\/uploads\/2016\/12\/crc.pdf\" target=\"_blank\">Comit\u00e9 sobre los Derechos del Ni\u00f1o (CRC)<\/a><\/td><td class=\"column-2\">2010<\/td>\n<\/tr>\n<\/tbody>\n<\/table>\n<!-- #tablepress-ecu-org from cache --><\/div>\n\t\t\t\t<\/div>\n\t\t\t\t<\/div>\n\t\t\t\t\t\t<\/div>\n\t\t\t<\/div>\n\t\t<\/div>\n\t\t\t\t<div class=\"elementor-element elementor-element-28f7709a elementor-column elementor-col-33 elementor-inner-column\" data-id=\"28f7709a\" data-element_type=\"column\">\n\t\t\t<div class=\"elementor-column-wrap  elementor-element-populated\">\n\t\t\t\t\t<div class=\"elementor-widget-wrap\">\n\t\t\t\t<div class=\"elementor-element elementor-element-2bc8d42d elementor-widget elementor-widget-heading\" data-id=\"2bc8d42d\" data-element_type=\"widget\" data-settings=\"{&quot;sticky&quot;:&quot;top&quot;,&quot;sticky_on&quot;:[&quot;desktop&quot;],&quot;sticky_offset&quot;:105,&quot;sticky_effects_offset&quot;:0}\" data-widget_type=\"heading.default\">\n\t\t\t\t<div class=\"elementor-widget-container\">\n\t\t\t<h4 class=\"elementor-heading-title elementor-size-default\">Procedimientos Especiais<\/h4>\t\t<\/div>\n\t\t\t\t<\/div>\n\t\t\t\t<div class=\"elementor-element elementor-element-16c855ee elementor-widget elementor-widget-shortcode\" data-id=\"16c855ee\" data-element_type=\"widget\" data-widget_type=\"shortcode.default\">\n\t\t\t\t<div class=\"elementor-widget-container\">\n\t\t\t\t\t<div class=\"elementor-shortcode\">\n<table id=\"tablepress-ecu-rel\" class=\"tablepress tablepress-id-ecu-rel\">\n<thead>\n<tr class=\"row-1\">\n\t<th class=\"column-1\">Documento<\/th><th class=\"column-2\">A\u00f1o<\/th>\n<\/tr>\n<\/thead>\n<tbody class=\"row-striping row-hover\">\n<tr class=\"row-2\">\n\t<td class=\"column-1\"><a href=\"http:\/\/acnudh.org\/wp-content\/uploads\/2016\/12\/afrodescendants.pdf\" target=\"_blank\">Informe del Relator Especial sobre la promoci\u00f3n y protecci\u00f3n<br \/>\ndel derecho a la libertad de opini\u00f3n y de expresi\u00f3n - Visita a Ecuador<\/a><\/td><td class=\"column-2\">2019<\/td>\n<\/tr>\n<tr class=\"row-3\">\n\t<td class=\"column-1\"><a href=\"http:\/\/acnudh.org\/wp-content\/uploads\/2016\/12\/education.pdf\" target=\"_blank\">Informe del Relator Especial sobre el derecho a la educaci\u00f3n - Misi\u00f3n a Ecuador<\/a><\/td><td class=\"column-2\">2013<\/td>\n<\/tr>\n<tr class=\"row-4\">\n\t<td class=\"column-1\"><a href=\"http:\/\/acnudh.org\/wp-content\/uploads\/2016\/12\/extrajudicial.pdf\" target=\"_blank\">Informe del Relator Especial sobre las ejecuciones extrajudiciales, sumarias o arbitrarias - Misi\u00f3n a Ecuador<\/a><\/td><td class=\"column-2\">2011<\/td>\n<\/tr>\n<tr class=\"row-5\">\n\t<td class=\"column-1\"><a href=\"http:\/\/acnudh.org\/wp-content\/uploads\/2016\/12\/afrodescendants.pdf\" target=\"_blank\">Informe del Grupo de Trabajo de Expertos sobre los Afrodescendientes - Visita al Ecuador<\/a><\/td><td class=\"column-2\">2010<\/td>\n<\/tr>\n<\/tbody>\n<\/table>\n<!-- #tablepress-ecu-rel from cache --><\/div>\n\t\t\t\t<\/div>\n\t\t\t\t<\/div>\n\t\t\t\t\t\t<\/div>\n\t\t\t<\/div>\n\t\t<\/div>\n\t\t\t\t<div class=\"elementor-element elementor-element-72bab681 elementor-column elementor-col-33 elementor-inner-column\" data-id=\"72bab681\" data-element_type=\"column\">\n\t\t\t<div class=\"elementor-column-wrap  elementor-element-populated\">\n\t\t\t\t\t<div class=\"elementor-widget-wrap\">\n\t\t\t\t<div class=\"elementor-element elementor-element-1d0861bd elementor-widget elementor-widget-heading\" data-id=\"1d0861bd\" data-element_type=\"widget\" data-settings=\"{&quot;sticky&quot;:&quot;top&quot;,&quot;sticky_on&quot;:[&quot;desktop&quot;],&quot;sticky_offset&quot;:105,&quot;sticky_effects_offset&quot;:0}\" data-widget_type=\"heading.default\">\n\t\t\t\t<div class=\"elementor-widget-container\">\n\t\t\t<h4 class=\"elementor-heading-title elementor-size-default\">Revis\u00e3o Peri\u00f3dica Universal<\/h4>\t\t<\/div>\n\t\t\t\t<\/div>\n\t\t\t\t<div class=\"elementor-element elementor-element-375fdfb5 elementor-widget elementor-widget-shortcode\" data-id=\"375fdfb5\" data-element_type=\"widget\" data-widget_type=\"shortcode.default\">\n\t\t\t\t<div class=\"elementor-widget-container\">\n\t\t\t\t\t<div class=\"elementor-shortcode\">\n<table id=\"tablepress-ecu-epu\" class=\"tablepress tablepress-id-ecu-epu\">\n<thead>\n<tr class=\"row-1\">\n\t<th class=\"column-1\">Documento<\/th><th class=\"column-2\">A\u00f1o<\/th>\n<\/tr>\n<\/thead>\n<tbody class=\"row-striping row-hover\">\n<tr class=\"row-2\">\n\t<td class=\"column-1\"><a href=\"http:\/\/acnudh.org\/wp-content\/uploads\/2016\/12\/EPU-2.pdf\" rel=\"noopener\" target=\"_blank\">EPU (2do Ciclo)<\/a><\/td><td class=\"column-2\">2012<\/td>\n<\/tr>\n<tr class=\"row-3\">\n\t<td class=\"column-1\"><a href=\"http:\/\/acnudh.org\/wp-content\/uploads\/2016\/12\/EPU.pdf\" rel=\"noopener\" target=\"_blank\">EPU (1er Ciclo)<\/a><\/td><td class=\"column-2\">2008<\/td>\n<\/tr>\n<\/tbody>\n<\/table>\n<!-- #tablepress-ecu-epu from cache --><\/div>\n\t\t\t\t<\/div>\n\t\t\t\t<\/div>\n\t\t\t\t<div class=\"elementor-element elementor-element-58150eb6 elementor-widget elementor-widget-text-editor\" data-id=\"58150eb6\" data-element_type=\"widget\" data-widget_type=\"text-editor.default\">\n\t\t\t\t<div class=\"elementor-widget-container\">\n\t\t\t\t\t<div class=\"elementor-text-editor elementor-clearfix\"><p><em><strong>Informa\u00e7\u00f5es sobre o Equador no site oficial da UPR: <a href=\"http:\/\/www.ohchr.org\/en\/HRBodies\/UPR\/Pages\/ECindex.aspx\">http:\/\/www.ohchr.org\/en\/HRBodies\/UPR\/Pages\/ECindex.aspx<\/a><\/strong><\/em><\/p>\n<\/div>\n\t\t\t\t<\/div>\n\t\t\t\t<\/div>\n\t\t\t\t\t\t<\/div>\n\t\t\t<\/div>\n\t\t<\/div>\n\t\t\t\t\t\t<\/div>\n\t\t\t<\/div>\n\t\t<\/section>\n\t\t\t\t\t\t<\/div>\n\t\t\t<\/div>\n\t\t<\/div>\n\t\t\t\t\t\t<\/div>\n\t\t\t<\/div>\n\t\t<\/section>\n\t\t\t\t\t\t<\/div>\n\t\t\t<\/div>\n\t\t<\/div>\n\t\t","protected":false},"excerpt":{"rendered":"<p>Mecanismo de Direitos Humanos: Estados de Relat\u00f3riosEquador Clique nos t\u00edtulos para acessar os documentos digitais \u00d3rg\u00e3os de Tratados Procedimientos Especiais Revis\u00e3o Peri\u00f3dica Universal Informa\u00e7\u00f5es sobre o Equador no site oficial da UPR: http:\/\/www.ohchr.org\/en\/HRBodies\/UPR\/Pages\/ECindex.aspx<\/p>\n","protected":false},"author":1,"featured_media":0,"parent":55947,"menu_order":0,"comment_status":"closed","ping_status":"closed","template":"","meta":{"_uag_custom_page_level_css":"","site-sidebar-layout":"no-sidebar","site-content-layout":"page-builder","ast-site-content-layout":"","site-content-style":"default","site-sidebar-style":"default","ast-global-header-display":"","ast-banner-title-visibility":"","ast-main-header-display":"","ast-hfb-above-header-display":"","ast-hfb-below-header-display":"","ast-hfb-mobile-header-display":"","site-post-title":"","ast-breadcrumbs-content":"","ast-featured-img":"disabled","footer-sml-layout":"","theme-transparent-header-meta":"","adv-header-id-meta":"","stick-header-meta":"","header-above-stick-meta":"","header-main-stick-meta":"","header-below-stick-meta":"","astra-migrate-meta-layouts":"default","ast-page-background-enabled":"default","ast-page-background-meta":{"desktop":{"background-color":"","background-image":"","background-repeat":"repeat","background-position":"center center","background-size":"auto","background-attachment":"scroll","background-type":"","background-media":"","overlay-type":"","overlay-color":"","overlay-opacity":"","overlay-gradient":""},"tablet":{"background-color":"","background-image":"","background-repeat":"repeat","background-position":"center center","background-size":"auto","background-attachment":"scroll","background-type":"","background-media":"","overlay-type":"","overlay-color":"","overlay-opacity":"","overlay-gradient":""},"mobile":{"background-color":"","background-image":"","background-repeat":"repeat","background-position":"center center","background-size":"auto","background-attachment":"scroll","background-type":"","background-media":"","overlay-type":"","overlay-color":"","overlay-opacity":"","overlay-gradient":""}},"ast-content-background-meta":{"desktop":{"background-color":"var(--ast-global-color-5)","background-image":"","background-repeat":"repeat","background-position":"center center","background-size":"auto","background-attachment":"scroll","background-type":"","background-media":"","overlay-type":"","overlay-color":"","overlay-opacity":"","overlay-gradient":""},"tablet":{"background-color":"var(--ast-global-color-5)","background-image":"","background-repeat":"repeat","background-position":"center center","background-size":"auto","background-attachment":"scroll","background-type":"","background-media":"","overlay-type":"","overlay-color":"","overlay-opacity":"","overlay-gradient":""},"mobile":{"background-color":"var(--ast-global-color-5)","background-image":"","background-repeat":"repeat","background-position":"center center","background-size":"auto","background-attachment":"scroll","background-type":"","background-media":"","overlay-type":"","overlay-color":"","overlay-opacity":"","overlay-gradient":""}},"footnotes":""},"class_list":["post-55885","page","type-page","status-publish","hentry"],"uagb_featured_image_src":{"full":false,"thumbnail":false,"medium":false,"medium_large":false,"large":false,"1536x1536":false,"2048x2048":false},"uagb_author_info":{"display_name":"acnudh","author_link":"https:\/\/acnudh.org\/pt-br\/author\/acnudh\/"},"uagb_comment_info":0,"uagb_excerpt":"Mecanismo de Direitos Humanos: Estados de Relat\u00f3riosEquador Clique nos t\u00edtulos para acessar os documentos digitais \u00d3rg\u00e3os de Tratados Procedimientos Especiais Revis\u00e3o Peri\u00f3dica Universal Informa\u00e7\u00f5es sobre o Equador no site oficial da UPR: http:\/\/www.ohchr.org\/en\/HRBodies\/UPR\/Pages\/ECindex.aspx","_links":{"self":[{"href":"https:\/\/acnudh.org\/pt-br\/wp-json\/wp\/v2\/pages\/55885","targetHints":{"allow":["GET"]}}],"collection":[{"href":"https:\/\/acnudh.org\/pt-br\/wp-json\/wp\/v2\/pages"}],"about":[{"href":"https:\/\/acnudh.org\/pt-br\/wp-json\/wp\/v2\/types\/page"}],"author":[{"embeddable":true,"href":"https:\/\/acnudh.org\/pt-br\/wp-json\/wp\/v2\/users\/1"}],"replies":[{"embeddable":true,"href":"https:\/\/acnudh.org\/pt-br\/wp-json\/wp\/v2\/comments?post=55885"}],"version-history":[{"count":1,"href":"https:\/\/acnudh.org\/pt-br\/wp-json\/wp\/v2\/pages\/55885\/revisions"}],"predecessor-version":[{"id":55886,"href":"https:\/\/acnudh.org\/pt-br\/wp-json\/wp\/v2\/pages\/55885\/revisions\/55886"}],"up":[{"embeddable":true,"href":"https:\/\/acnudh.org\/pt-br\/wp-json\/wp\/v2\/pages\/55947"}],"wp:attachment":[{"href":"https:\/\/acnudh.org\/pt-br\/wp-json\/wp\/v2\/media?parent=55885"}],"curies":[{"name":"wp","href":"https:\/\/api.w.org\/{rel}","templated":true}]}}