{"id":55883,"date":"2019-04-25T16:50:14","date_gmt":"2019-04-25T19:50:14","guid":{"rendered":"http:\/\/acnudh.org\/estado-dos-relatorios-aos-mecanismos-de-direitos-humanos-argentina\/"},"modified":"2019-07-15T14:06:34","modified_gmt":"2019-07-15T18:06:34","slug":"estado-dos-relatorios-aos-mecanismos-de-direitos-humanos-argentina","status":"publish","type":"page","link":"https:\/\/acnudh.org\/pt-br\/argentina\/estado-dos-relatorios-aos-mecanismos-de-direitos-humanos-argentina\/","title":{"rendered":"Estado dos Relat\u00f3rios aos Mecanismos de Direitos Humanos &#8211; Argentina"},"content":{"rendered":"\t\t<div data-elementor-type=\"wp-post\" data-elementor-id=\"55883\" class=\"elementor elementor-55883 elementor-38170\" data-elementor-settings=\"[]\">\n\t\t\t<div class=\"elementor-inner\">\n\t\t\t\t<div class=\"elementor-section-wrap\">\n\t\t\t\t\t\t\t<section class=\"elementor-element elementor-element-bd36af6 elementor-section-full_width elementor-section-height-default elementor-section-height-default elementor-section elementor-top-section\" data-id=\"bd36af6\" data-element_type=\"section\">\n\t\t\t\t\t\t<div class=\"elementor-container elementor-column-gap-default\">\n\t\t\t\t<div class=\"elementor-row\">\n\t\t\t\t<div class=\"elementor-element elementor-element-631e557 elementor-column elementor-col-100 elementor-top-column\" data-id=\"631e557\" data-element_type=\"column\">\n\t\t\t<div class=\"elementor-column-wrap  elementor-element-populated\">\n\t\t\t\t\t<div class=\"elementor-widget-wrap\">\n\t\t\t\t<div class=\"elementor-element elementor-element-5dbe39b uael-stack-desktop-no uael-heading-stack-none elementor-widget elementor-widget-uael-dual-color-heading\" data-id=\"5dbe39b\" data-element_type=\"widget\" data-widget_type=\"uael-dual-color-heading.default\">\n\t\t\t\t<div class=\"elementor-widget-container\">\n\t\t\t\t\t\t\t<div class=\"uael-module-content uael-dual-color-heading\">\r\n\t\t\t<h3>\r\n\t\t\t\t\t\t\t\t\t\t\t\t\t\t\t\t<span class=\"uael-before-heading\"><span class=\"elementor-inline-editing uael-dual-heading-text uael-first-text\" data-elementor-setting-key=\"before_heading_text\" data-elementor-inline-editing-toolbar=\"basic\">Mecanismo de Direitos Humanos: Estados de Relat\u00f3rios<\/span><\/span><span class=\"uael-adv-heading-stack\"><span class=\"elementor-inline-editing uael-dual-heading-text uael-highlight-text\" data-elementor-setting-key=\"second_heading_text\" data-elementor-inline-editing-toolbar=\"basic\"> Argentina<\/span><\/span>\t\t\t\t\t\t\t\t\t\t\t\t\t<\/h3>\r\n\t\t<\/div>\r\n\t\t\t\t<\/div>\n\t\t\t\t<\/div>\n\t\t\t\t<div class=\"elementor-element elementor-element-b74c2bb elementor-widget elementor-widget-text-editor\" data-id=\"b74c2bb\" data-element_type=\"widget\" data-widget_type=\"text-editor.default\">\n\t\t\t\t<div class=\"elementor-widget-container\">\n\t\t\t\t\t<div class=\"elementor-text-editor elementor-clearfix\"><p>Clique nos t\u00edtulos para acessar os documentos digitais<\/p>\n<\/div>\n\t\t\t\t<\/div>\n\t\t\t\t<\/div>\n\t\t\t\t<section class=\"elementor-element elementor-element-71a4620 elementor-section-full_width elementor-section-height-default elementor-section-height-default elementor-section elementor-inner-section\" data-id=\"71a4620\" data-element_type=\"section\">\n\t\t\t\t\t\t<div class=\"elementor-container elementor-column-gap-default\">\n\t\t\t\t<div class=\"elementor-row\">\n\t\t\t\t<div class=\"elementor-element elementor-element-e922373 elementor-column elementor-col-33 elementor-inner-column\" data-id=\"e922373\" data-element_type=\"column\">\n\t\t\t<div class=\"elementor-column-wrap  elementor-element-populated\">\n\t\t\t\t\t<div class=\"elementor-widget-wrap\">\n\t\t\t\t<div class=\"elementor-element elementor-element-a11bdfc elementor-widget elementor-widget-heading\" data-id=\"a11bdfc\" data-element_type=\"widget\" data-settings=\"{&quot;sticky&quot;:&quot;top&quot;,&quot;sticky_on&quot;:[&quot;desktop&quot;],&quot;sticky_offset&quot;:105,&quot;sticky_effects_offset&quot;:0}\" data-widget_type=\"heading.default\">\n\t\t\t\t<div class=\"elementor-widget-container\">\n\t\t\t<h4 class=\"elementor-heading-title elementor-size-default\">\u00d3rg\u00e3os de Tratados<\/h4>\t\t<\/div>\n\t\t\t\t<\/div>\n\t\t\t\t<div class=\"elementor-element elementor-element-ce32a1e elementor-widget elementor-widget-shortcode\" data-id=\"ce32a1e\" data-element_type=\"widget\" data-widget_type=\"shortcode.default\">\n\t\t\t\t<div class=\"elementor-widget-container\">\n\t\t\t\t\t<div class=\"elementor-shortcode\">\n<table id=\"tablepress-arg-org\" class=\"tablepress tablepress-id-arg-org\">\n<thead>\n<tr class=\"row-1\">\n\t<th class=\"column-1\">Documento<\/th><th class=\"column-2\">A\u00f1o<\/th>\n<\/tr>\n<\/thead>\n<tbody class=\"row-striping row-hover\">\n<tr class=\"row-2\">\n\t<td class=\"column-1\"><a href=\"http:\/\/docstore.ohchr.org\/SelfServices\/FilesHandler.ashx?enc=6QkG1d%2fPPRiCAqhKb7yhsmZh886bo4a4Xtk2VOCOZARc3bM%2fhb3bWkfXQPah8okMnY71mfIzPd7cP6jlbw4vMbvvCwYJid1ConCwvukiW2dJ51CqjUjfcEKuDx7OtDx4\" target=\"_blank\">Comit\u00e9 de Protecci\u00f3n de los Derechos de Todos los Trabajadores Migratorios y de sus Familiares (CMW)<\/a><\/td><td class=\"column-2\">2020<\/td>\n<\/tr>\n<tr class=\"row-3\">\n\t<td class=\"column-1\"><a href=\"http:\/\/docstore.ohchr.org\/SelfServices\/FilesHandler.ashx?enc=4slQ6QSmlBEDzFEovLCuW0fp9m5PoYHYLH3qkguQgxz%2fAJxQn2BXMTHAKMg%2fr3LmfCC4TnS8uD0169hTPFbrLd3tWn0fNQfV%2fwTfCNquztd145kCYGs%2fA7pAutImBR3j\">Comit\u00e9 de Derechos Econ\u00f3micos, Sociales y Culturales (CESCR)<\/a><\/td><td class=\"column-2\">2018<\/td>\n<\/tr>\n<tr class=\"row-4\">\n\t<td class=\"column-1\"><a href=\"http:\/\/docstore.ohchr.org\/SelfServices\/FilesHandler.ashx?enc=6QkG1d%2fPPRiCAqhKb7yhslwvqis5RMG7jra4gAQREZIUXCc9unQ%2bu8qN4hhLEGoWHAlZ1hsgqAlayoD4c0oifDmT0efRBpTH4pNXOu6nvEJfnMNXsAJiCcEPG7yw6sxa\">Comit\u00e9 de Derechos del Ni\u00f1o (CRC)<\/a><\/td><td class=\"column-2\">2018<\/td>\n<\/tr>\n<tr class=\"row-5\">\n\t<td class=\"column-1\"><a href=\"http:\/\/acnudh.org\/wp-content\/uploads\/2017\/08\/CAT.pdf\" target=\"_blank\">Comit\u00e9 contra la Tortura (CAT)<\/a><\/td><td class=\"column-2\">2017<\/td>\n<\/tr>\n<tr class=\"row-6\">\n\t<td class=\"column-1\"><a href=\"http:\/\/acnudh.org\/wp-content\/uploads\/2017\/08\/CERD.pdf\" target=\"_blank\">Comit\u00e9 para la Eliminaci\u00f3n de la Discriminaci\u00f3n Racial (CERD)<\/a><\/td><td class=\"column-2\">2017<\/td>\n<\/tr>\n<tr class=\"row-7\">\n\t<td class=\"column-1\"><a href=\"http:\/\/acnudh.org\/wp-content\/uploads\/2016\/12\/CEDAW_C_ARG_CO_7_25088_E.pdf\" target=\"_blank\">Comit\u00e9 para la Eliminaci\u00f3n de la Discriminaci\u00f3n contra la Mujer (CEDAW)<\/a><\/td><td class=\"column-2\">2016<\/td>\n<\/tr>\n<tr class=\"row-8\">\n\t<td class=\"column-1\"><a href=\"http:\/\/acnudh.org\/wp-content\/uploads\/2016\/12\/CCPR_C_ARG_CO_5_24580_S-2.pdf\" target=\"_blank\">Comit\u00e9 de Derechos Humanos (CCPR)<\/a><\/td><td class=\"column-2\">2016<\/td>\n<\/tr>\n<tr class=\"row-9\">\n\t<td class=\"column-1\"><a href=\"http:\/\/acnudh.org\/wp-content\/uploads\/2013\/11\/CED-2013.pdf\" target=\"_blank\">Comit\u00e9 contra la Desaparici\u00f3n Forzada (CED)<\/a><\/td><td class=\"column-2\">2014<\/td>\n<\/tr>\n<tr class=\"row-10\">\n\t<td class=\"column-1\"><a href=\"http:\/\/acnudh.org\/wp-content\/uploads\/2014\/10\/CRPD-2012.pdf\" target=\"_blank\">Comit\u00e9 sobre los Derechos de las Personas con Discapacidad (CRPD)<\/a><\/td><td class=\"column-2\">2012<\/td>\n<\/tr>\n<tr class=\"row-11\">\n\t<td class=\"column-1\"><a href=\"http:\/\/www2.ohchr.org\/english\/bodies\/cmw\/docs\/CMW.C.ARG.CO.1-S.pdf\" target=\"_blank\">Comit\u00e9 de Protecci\u00f3n de los Derechos de Todos los Trabajadores Migratorios y de sus Familiares (CMW)<\/a><\/td><td class=\"column-2\">2011<\/td>\n<\/tr>\n<tr class=\"row-12\">\n\t<td class=\"column-1\"><a href=\"http:\/\/acnudh.org\/2011\/12\/comite-de-derechos-economicos-sociales-y-culturales-cescr-argentina-2011\/\" target=\"_blank\">Comit\u00e9 de Derechos Econ\u00f3micos, Sociales y Culturales (CESCR)<\/a><\/td><td class=\"column-2\">2011<\/td>\n<\/tr>\n<tr class=\"row-13\">\n\t<td class=\"column-1\"><a href=\"http:\/\/www2.ohchr.org\/english\/bodies\/crc\/docs\/co\/CRC.C.ARG.CO.3-4_sp.pdf\" target=\"_blank\">Comit\u00e9 de Derechos del Ni\u00f1o (CRC)<\/a><\/td><td class=\"column-2\">2010<\/td>\n<\/tr>\n<tr class=\"row-14\">\n\t<td class=\"column-1\"><a href=\"http:\/\/acnudh.org\/wp-content\/uploads\/2010\/07\/Examen-Informe-Comit%C3%A9-CEDAW-julio-20104.pdf\" target=\"_blank\">Comit\u00e9 para la Eliminaci\u00f3n de la Discriminaci\u00f3n contra la Mujer (CEDAW)<\/a><\/td><td class=\"column-2\">2010<\/td>\n<\/tr>\n<tr class=\"row-15\">\n\t<td class=\"column-1\"><a href=\"http:\/\/www2.ohchr.org\/english\/bodies\/hrc\/docs\/CCPR.C.ARG.CO.4_S.pdf\" target=\"_blank\">Comit\u00e9 de Derechos Humanos (CCPR)<\/a><\/td><td class=\"column-2\">2010<\/td>\n<\/tr>\n<tr class=\"row-16\">\n\t<td class=\"column-1\"><a href=\"http:\/\/www2.ohchr.org\/english\/bodies\/cerd\/docs\/co\/CERD-C-ARG-CO-19_20_sp.doc\" target=\"_blank\">Comit\u00e9 para la Eliminaci\u00f3n de la Discriminaci\u00f3n Racial (CERD)<\/a><\/td><td class=\"column-2\">2010<\/td>\n<\/tr>\n<tr class=\"row-17\">\n\t<td class=\"column-1\"><a href=\"http:\/\/www.unhchr.ch\/tbs\/doc.nsf\/898586b1dc7b4043c1256a450044f331\/f108a48c31739d62c1257140003e982f\/$FILE\/G0641048.pdf\" target=\"_blank\">Comit\u00e9 contra la Tortura (CAT)<\/a><\/td><td class=\"column-2\">2006<\/td>\n<\/tr>\n<tr class=\"row-18\">\n\t<td class=\"column-1\"><a href=\"http:\/\/www.unhchr.ch\/tbs\/doc.nsf\/(Symbol)\/E.C.12.1.Add.38.Sp?Opendocument\" target=\"_blank\">Comit\u00e9 de Derechos Econ\u00f3micos, Sociales y Culturales (CESCR)<\/a><\/td><td class=\"column-2\">1999<\/td>\n<\/tr>\n<\/tbody>\n<\/table>\n<!-- #tablepress-arg-org from cache --><\/div>\n\t\t\t\t<\/div>\n\t\t\t\t<\/div>\n\t\t\t\t\t\t<\/div>\n\t\t\t<\/div>\n\t\t<\/div>\n\t\t\t\t<div class=\"elementor-element elementor-element-d107ee1 elementor-column elementor-col-33 elementor-inner-column\" data-id=\"d107ee1\" data-element_type=\"column\">\n\t\t\t<div class=\"elementor-column-wrap  elementor-element-populated\">\n\t\t\t\t\t<div class=\"elementor-widget-wrap\">\n\t\t\t\t<div class=\"elementor-element elementor-element-04365d3 elementor-widget elementor-widget-heading\" data-id=\"04365d3\" data-element_type=\"widget\" data-settings=\"{&quot;sticky&quot;:&quot;top&quot;,&quot;sticky_on&quot;:[&quot;desktop&quot;],&quot;sticky_offset&quot;:105,&quot;sticky_effects_offset&quot;:0}\" data-widget_type=\"heading.default\">\n\t\t\t\t<div class=\"elementor-widget-container\">\n\t\t\t<h4 class=\"elementor-heading-title elementor-size-default\">Procedimientos Especiais<\/h4>\t\t<\/div>\n\t\t\t\t<\/div>\n\t\t\t\t<div class=\"elementor-element elementor-element-8bf2f59 elementor-widget elementor-widget-shortcode\" data-id=\"8bf2f59\" data-element_type=\"widget\" data-widget_type=\"shortcode.default\">\n\t\t\t\t<div class=\"elementor-widget-container\">\n\t\t\t\t\t<div class=\"elementor-shortcode\">\n<table id=\"tablepress-arg-rel\" class=\"tablepress tablepress-id-arg-rel\">\n<thead>\n<tr class=\"row-1\">\n\t<th class=\"column-1\">Documento<\/th><th class=\"column-2\">A\u00f1o<\/th>\n<\/tr>\n<\/thead>\n<tbody class=\"row-striping row-hover\">\n<tr class=\"row-2\">\n\t<td class=\"column-1\"><a href=\"http:\/\/daccess-ods.un.org\/access.nsf\/Get?Open&amp;DS=A\/HRC\/40\/56\/Add.3&amp;Lang=S\">       Informe de la Relatora Especial sobre el derecho a la alimentaci\u00f3n - Misi\u00f3n a Argentina<br \/>\n<\/a><\/td><td class=\"column-2\">2019<\/td>\n<\/tr>\n<tr class=\"row-3\">\n\t<td class=\"column-1\"><a href=\"http:\/\/daccess-ods.un.org\/access.nsf\/Get?Open&amp;DS=A\/HRC\/39\/45\/Add.1&amp;Lang=S\">       Informe del Grupo de Trabajo sobre la Detenci\u00f3n Arbitraria \u2013 Misi\u00f3n a Argentina<br \/>\n<\/a><\/td><td class=\"column-2\">2018<\/td>\n<\/tr>\n<tr class=\"row-4\">\n\t<td class=\"column-1\"><a href=\"http:\/\/acnudh.org\/wp-content\/uploads\/2017\/08\/racismo.pdf\" target=\"_blank\">Informe del Relator Especial sobre las formas contempor\u00e1neas de racismo, discriminaci\u00f3n racial, xenofobia y formas conexas de intolerancia \u2013 Misi\u00f3n a Argentina<\/a><\/td><td class=\"column-2\">2017<\/td>\n<\/tr>\n<tr class=\"row-5\">\n\t<td class=\"column-1\"><a href=\"http:\/\/acnudh.org\/wp-content\/uploads\/2018\/07\/G1809713.pdf\" target=\"_blank\">Informe del Experto Independiente sobre orientaci\u00f3n sexual o identidad de g\u00e9nero \u2013 Misi\u00f3n a Argentina<br \/>\n<\/a><\/td><td class=\"column-2\">2018<\/td>\n<\/tr>\n<tr class=\"row-6\">\n\t<td class=\"column-1\"><a href=\"http:\/\/acnudh.org\/wp-content\/uploads\/2017\/08\/mujer.pdf\" target=\"_blank\">Informe de la Relatora Especial sobre la violencia contra la mujer, sus causas y consecuencias \u2013 Misi\u00f3n a Argentina<\/a><\/td><td class=\"column-2\">2017<\/td>\n<\/tr>\n<tr class=\"row-7\">\n\t<td class=\"column-1\"><a href=\"http:\/\/acnudh.org\/wp-content\/uploads\/2015\/01\/Argentina-Relator-deuda-externa.pdf\" target=\"_blank\">Informe del Experto independiente sobre las consecuencias de la deuda externa y derechos humanos \u2013 Misi\u00f3n a Argentina<\/a><\/td><td class=\"column-2\">2014<\/td>\n<\/tr>\n<tr class=\"row-8\">\n\t<td class=\"column-1\"><a href='http:\/\/acnudh.org\/wp-content\/uploads\/2012\/09\/Informe-del-Relator-sobre-derechos-de-pueblos-ind\u00edgenas-misi\u00f3n-a-Argentina-2012.pdf' target=\"_blank\">Informe del Relator especial sobre derechos de los pueblos ind\u00edgenas - Misi\u00f3n a Argentina<\/a><\/td><td class=\"column-2\">2012<\/td>\n<\/tr>\n<tr class=\"row-9\">\n\t<td class=\"column-1\"><a href=\"http:\/\/acnudh.org\/wp-content\/uploads\/2011\/07\/Report-of-the-SR-on-human-trafficking-Argentina-2011.pdf\" target=\"_blank\">Informe de la Relatora sobre la trata de personas, especialmente mujeres y ni\u00f1os - Misi\u00f3n a Argentina<\/a><\/td><td class=\"column-2\">2011<\/td>\n<\/tr>\n<tr class=\"row-10\">\n\t<td class=\"column-1\"><a href=\"http:\/\/acnudh.org\/wp-content\/uploads\/2012\/03\/Informe-Relatora-sobre-vivienda-adecuada-misi\u00f3n-a-Argentina-2011.pdf\" target=\"_blank\">Informe de la Relatora Especial sobre vivienda adecuada - Misi\u00f3n a Argentina<\/a><\/td><td class=\"column-2\">2011<\/td>\n<\/tr>\n<tr class=\"row-11\">\n\t<td class=\"column-1\"><a href=\"http:\/\/acnudh.org\/wp-content\/uploads\/2010\/12\/Informe-GdT-Desapariciones-Forzadas-visita-Argentina-2008.pdf\" target=\"_blank\">Informe del Grupo de Trabajo sobre las Desapariciones Forzadas o Involuntarias<\/a><\/td><td class=\"column-2\">2009<\/td>\n<\/tr>\n<tr class=\"row-12\">\n\t<td class=\"column-1\"><a href=\"http:\/\/acnudh.org\/wp-content\/uploads\/2010\/12\/Grupo-de-Trabajo-sobre-el-derecho-al-d-esarrollo-Estudios-por-pa\u00edses-sobre-el-derecho-al-desarrollo-la-Argentina-Chile-y-el-Brasil-enero-de-2004.pdf\" target=\"_blank\">Grupo de Trabajo sobre el derecho al desarrollo: Estudios por pa\u00edses sobre el derecho al desarrollo - la Argentina, Chile y el Brasil<\/a><\/td><td class=\"column-2\">2004<\/td>\n<\/tr>\n<tr class=\"row-13\">\n\t<td class=\"column-1\"><a href=\"http:\/\/acnudh.org\/wp-content\/uploads\/2010\/12\/Informe-del-GdT-sobre-la-Detencion-Arbitraria-Visita-a-Argentina-2003.pdf\" target=\"_blank\">Informe del Grupo de Trabajo sobre la Detenci\u00f3n Arbitraria - Visita a Argentina<\/a><\/td><td class=\"column-2\">2003<\/td>\n<\/tr>\n<\/tbody>\n<\/table>\n<!-- #tablepress-arg-rel from cache --><\/div>\n\t\t\t\t<\/div>\n\t\t\t\t<\/div>\n\t\t\t\t\t\t<\/div>\n\t\t\t<\/div>\n\t\t<\/div>\n\t\t\t\t<div class=\"elementor-element elementor-element-a993d06 elementor-column elementor-col-33 elementor-inner-column\" data-id=\"a993d06\" data-element_type=\"column\">\n\t\t\t<div class=\"elementor-column-wrap  elementor-element-populated\">\n\t\t\t\t\t<div class=\"elementor-widget-wrap\">\n\t\t\t\t<div class=\"elementor-element elementor-element-213be60 elementor-widget elementor-widget-heading\" data-id=\"213be60\" data-element_type=\"widget\" data-settings=\"{&quot;sticky&quot;:&quot;top&quot;,&quot;sticky_on&quot;:[&quot;desktop&quot;],&quot;sticky_offset&quot;:105,&quot;sticky_effects_offset&quot;:0}\" data-widget_type=\"heading.default\">\n\t\t\t\t<div class=\"elementor-widget-container\">\n\t\t\t<h4 class=\"elementor-heading-title elementor-size-default\">Revis\u00e3o Peri\u00f3dica Universal<\/h4>\t\t<\/div>\n\t\t\t\t<\/div>\n\t\t\t\t<div class=\"elementor-element elementor-element-b5d80ff elementor-widget elementor-widget-shortcode\" data-id=\"b5d80ff\" data-element_type=\"widget\" data-widget_type=\"shortcode.default\">\n\t\t\t\t<div class=\"elementor-widget-container\">\n\t\t\t\t\t<div class=\"elementor-shortcode\">\n<table id=\"tablepress-arg-epu\" class=\"tablepress tablepress-id-arg-epu\">\n<thead>\n<tr class=\"row-1\">\n\t<th class=\"column-1\">Documento<\/th><th class=\"column-2\">A\u00f1o<\/th>\n<\/tr>\n<\/thead>\n<tbody class=\"row-striping row-hover\">\n<tr class=\"row-2\">\n\t<td class=\"column-1\"><a href=\"http:\/\/acnudh.org\/wp-content\/uploads\/2018\/03\/G1736721.pdf\" target=\"_blank\">EPU (3er Ciclo)<\/a><\/td><td class=\"column-2\">2018<\/td>\n<\/tr>\n<tr class=\"row-3\">\n\t<td class=\"column-1\"><a href=\"http:\/\/acnudh.org\/wp-content\/uploads\/2014\/07\/UPR-2nd-cycle-ARG.pdf\" target=\"_blank\">EPU (2do Ciclo)<\/a><\/td><td class=\"column-2\">2012<\/td>\n<\/tr>\n<tr class=\"row-4\">\n\t<td class=\"column-1\"><a href=\"https:\/\/lib.ohchr.org\/HRBodies\/UPR\/Documents\/Session1\/AR\/A_HRC_8_34_Argentina_S.pdf\" target=\"_blank\">EPU (1er Ciclo)<\/a><\/td><td class=\"column-2\">2008<\/td>\n<\/tr>\n<\/tbody>\n<\/table>\n<!-- #tablepress-arg-epu from cache --><\/div>\n\t\t\t\t<\/div>\n\t\t\t\t<\/div>\n\t\t\t\t<div class=\"elementor-element elementor-element-6f79d4d elementor-widget elementor-widget-text-editor\" data-id=\"6f79d4d\" data-element_type=\"widget\" data-widget_type=\"text-editor.default\">\n\t\t\t\t<div class=\"elementor-widget-container\">\n\t\t\t\t\t<div class=\"elementor-text-editor elementor-clearfix\"><p><em><strong>Informa\u00e7\u00f5es sobre a Argentina no site oficial da UPR:<\/strong> <a href=\"http:\/\/www.ohchr.org\/en\/HRBodies\/UPR\/Pages\/ARindex.aspx\"><strong>http:\/\/www.ohchr.org\/en\/HRBodies\/UPR\/Pages\/ARindex.aspx<\/strong><\/a><\/em><\/p>\n<\/div>\n\t\t\t\t<\/div>\n\t\t\t\t<\/div>\n\t\t\t\t\t\t<\/div>\n\t\t\t<\/div>\n\t\t<\/div>\n\t\t\t\t\t\t<\/div>\n\t\t\t<\/div>\n\t\t<\/section>\n\t\t\t\t\t\t<\/div>\n\t\t\t<\/div>\n\t\t<\/div>\n\t\t\t\t\t\t<\/div>\n\t\t\t<\/div>\n\t\t<\/section>\n\t\t\t\t\t\t<\/div>\n\t\t\t<\/div>\n\t\t<\/div>\n\t\t","protected":false},"excerpt":{"rendered":"<p>Mecanismo de Direitos Humanos: Estados de Relat\u00f3rios Argentina Clique nos t\u00edtulos para acessar os documentos digitais \u00d3rg\u00e3os de Tratados Procedimientos Especiais Revis\u00e3o Peri\u00f3dica Universal Informa\u00e7\u00f5es sobre a Argentina no site oficial da UPR: http:\/\/www.ohchr.org\/en\/HRBodies\/UPR\/Pages\/ARindex.aspx<\/p>\n","protected":false},"author":1,"featured_media":0,"parent":55922,"menu_order":0,"comment_status":"closed","ping_status":"closed","template":"","meta":{"_uag_custom_page_level_css":"","site-sidebar-layout":"no-sidebar","site-content-layout":"page-builder","ast-site-content-layout":"","site-content-style":"default","site-sidebar-style":"default","ast-global-header-display":"","ast-banner-title-visibility":"","ast-main-header-display":"","ast-hfb-above-header-display":"","ast-hfb-below-header-display":"","ast-hfb-mobile-header-display":"","site-post-title":"disabled","ast-breadcrumbs-content":"","ast-featured-img":"disabled","footer-sml-layout":"","theme-transparent-header-meta":"","adv-header-id-meta":"","stick-header-meta":"","header-above-stick-meta":"","header-main-stick-meta":"","header-below-stick-meta":"","astra-migrate-meta-layouts":"default","ast-page-background-enabled":"default","ast-page-background-meta":{"desktop":{"background-color":"","background-image":"","background-repeat":"repeat","background-position":"center center","background-size":"auto","background-attachment":"scroll","background-type":"","background-media":"","overlay-type":"","overlay-color":"","overlay-opacity":"","overlay-gradient":""},"tablet":{"background-color":"","background-image":"","background-repeat":"repeat","background-position":"center center","background-size":"auto","background-attachment":"scroll","background-type":"","background-media":"","overlay-type":"","overlay-color":"","overlay-opacity":"","overlay-gradient":""},"mobile":{"background-color":"","background-image":"","background-repeat":"repeat","background-position":"center center","background-size":"auto","background-attachment":"scroll","background-type":"","background-media":"","overlay-type":"","overlay-color":"","overlay-opacity":"","overlay-gradient":""}},"ast-content-background-meta":{"desktop":{"background-color":"var(--ast-global-color-5)","background-image":"","background-repeat":"repeat","background-position":"center center","background-size":"auto","background-attachment":"scroll","background-type":"","background-media":"","overlay-type":"","overlay-color":"","overlay-opacity":"","overlay-gradient":""},"tablet":{"background-color":"var(--ast-global-color-5)","background-image":"","background-repeat":"repeat","background-position":"center center","background-size":"auto","background-attachment":"scroll","background-type":"","background-media":"","overlay-type":"","overlay-color":"","overlay-opacity":"","overlay-gradient":""},"mobile":{"background-color":"var(--ast-global-color-5)","background-image":"","background-repeat":"repeat","background-position":"center center","background-size":"auto","background-attachment":"scroll","background-type":"","background-media":"","overlay-type":"","overlay-color":"","overlay-opacity":"","overlay-gradient":""}},"footnotes":""},"class_list":["post-55883","page","type-page","status-publish","hentry"],"uagb_featured_image_src":{"full":false,"thumbnail":false,"medium":false,"medium_large":false,"large":false,"1536x1536":false,"2048x2048":false},"uagb_author_info":{"display_name":"acnudh","author_link":"https:\/\/acnudh.org\/pt-br\/author\/acnudh\/"},"uagb_comment_info":0,"uagb_excerpt":"Mecanismo de Direitos Humanos: Estados de Relat\u00f3rios Argentina Clique nos t\u00edtulos para acessar os documentos digitais \u00d3rg\u00e3os de Tratados Procedimientos Especiais Revis\u00e3o Peri\u00f3dica Universal Informa\u00e7\u00f5es sobre a Argentina no site oficial da UPR: http:\/\/www.ohchr.org\/en\/HRBodies\/UPR\/Pages\/ARindex.aspx","_links":{"self":[{"href":"https:\/\/acnudh.org\/pt-br\/wp-json\/wp\/v2\/pages\/55883","targetHints":{"allow":["GET"]}}],"collection":[{"href":"https:\/\/acnudh.org\/pt-br\/wp-json\/wp\/v2\/pages"}],"about":[{"href":"https:\/\/acnudh.org\/pt-br\/wp-json\/wp\/v2\/types\/page"}],"author":[{"embeddable":true,"href":"https:\/\/acnudh.org\/pt-br\/wp-json\/wp\/v2\/users\/1"}],"replies":[{"embeddable":true,"href":"https:\/\/acnudh.org\/pt-br\/wp-json\/wp\/v2\/comments?post=55883"}],"version-history":[{"count":3,"href":"https:\/\/acnudh.org\/pt-br\/wp-json\/wp\/v2\/pages\/55883\/revisions"}],"predecessor-version":[{"id":56696,"href":"https:\/\/acnudh.org\/pt-br\/wp-json\/wp\/v2\/pages\/55883\/revisions\/56696"}],"up":[{"embeddable":true,"href":"https:\/\/acnudh.org\/pt-br\/wp-json\/wp\/v2\/pages\/55922"}],"wp:attachment":[{"href":"https:\/\/acnudh.org\/pt-br\/wp-json\/wp\/v2\/media?parent=55883"}],"curies":[{"name":"wp","href":"https:\/\/api.w.org\/{rel}","templated":true}]}}