{"id":49594,"date":"2019-04-04T13:13:01","date_gmt":"2019-04-04T16:13:01","guid":{"rendered":"http:\/\/acnudh.org\/atividades-2\/"},"modified":"2019-07-24T14:59:18","modified_gmt":"2019-07-24T18:59:18","slug":"atividades-2","status":"publish","type":"page","link":"https:\/\/acnudh.org\/pt-br\/atividades-2\/","title":{"rendered":"Atividades"},"content":{"rendered":"\t\t<div data-elementor-type=\"wp-post\" data-elementor-id=\"49594\" class=\"elementor elementor-49594 elementor-37346\" data-elementor-settings=\"[]\">\n\t\t\t<div class=\"elementor-inner\">\n\t\t\t\t<div class=\"elementor-section-wrap\">\n\t\t\t\t\t\t\t<section class=\"elementor-element elementor-element-665d0b5 elementor-section-height-min-height elementor-section-boxed elementor-section-height-default elementor-section-items-middle elementor-section elementor-top-section\" data-id=\"665d0b5\" data-element_type=\"section\" data-settings=\"{&quot;background_background&quot;:&quot;video&quot;,&quot;background_video_link&quot;:&quot;https:\\\/\\\/youtu.be\\\/oF60nAzdYns&quot;}\">\n\t\t\t\t\t\t\t\t<div class=\"elementor-background-video-container elementor-hidden-phone\">\n\t\t\t\t\t\t\t\t\t\t\t\t\t<div class=\"elementor-background-video-embed\"><\/div>\n\t\t\t\t\t\t\t\t\t\t\t\t<\/div>\n\t\t\t\t\t\t\t\t\t<div class=\"elementor-background-overlay\"><\/div>\n\t\t\t\t\t\t\t<div class=\"elementor-container elementor-column-gap-default\">\n\t\t\t\t<div class=\"elementor-row\">\n\t\t\t\t<div class=\"elementor-element elementor-element-8ba2814 elementor-column elementor-col-100 elementor-top-column\" data-id=\"8ba2814\" data-element_type=\"column\">\n\t\t\t<div class=\"elementor-column-wrap  elementor-element-populated\">\n\t\t\t\t\t<div class=\"elementor-widget-wrap\">\n\t\t\t\t<div class=\"elementor-element elementor-element-7dc1c32 elementor-widget elementor-widget-heading\" data-id=\"7dc1c32\" data-element_type=\"widget\" data-widget_type=\"heading.default\">\n\t\t\t\t<div class=\"elementor-widget-container\">\n\t\t\t<h3 class=\"elementor-heading-title elementor-size-large\">Atividades<\/h3>\t\t<\/div>\n\t\t\t\t<\/div>\n\t\t\t\t<div class=\"elementor-element elementor-element-c2e5a46 elementor-view-default elementor-widget elementor-widget-icon\" data-id=\"c2e5a46\" data-element_type=\"widget\" data-widget_type=\"icon.default\">\n\t\t\t\t<div class=\"elementor-widget-container\">\n\t\t\t\t\t<div class=\"elementor-icon-wrapper\">\n\t\t\t<div class=\"elementor-icon\">\n\t\t\t\t\t\t\t<i class=\"fa fa-arrow-down\" aria-hidden=\"true\"><\/i>\n\t\t\t\t\t\t<\/div>\n\t\t<\/div>\n\t\t\t\t<\/div>\n\t\t\t\t<\/div>\n\t\t\t\t\t\t<\/div>\n\t\t\t<\/div>\n\t\t<\/div>\n\t\t\t\t\t\t<\/div>\n\t\t\t<\/div>\n\t\t<\/section>\n\t\t\t\t<section class=\"elementor-element elementor-element-4dd1283 elementor-section-boxed elementor-section-height-default elementor-section-height-default elementor-section elementor-top-section\" data-id=\"4dd1283\" data-element_type=\"section\">\n\t\t\t\t\t\t<div class=\"elementor-container elementor-column-gap-default\">\n\t\t\t\t<div class=\"elementor-row\">\n\t\t\t\t<div class=\"elementor-element elementor-element-9966d68 elementor-column elementor-col-100 elementor-top-column\" data-id=\"9966d68\" data-element_type=\"column\">\n\t\t\t<div class=\"elementor-column-wrap  elementor-element-populated\">\n\t\t\t\t\t<div class=\"elementor-widget-wrap\">\n\t\t\t\t<div class=\"elementor-element elementor-element-68259ce uael-post__link-complete-yes uael-equal__height-yes uael-post__filter-align-center elementor-widget elementor-widget-uael-posts\" data-id=\"68259ce\" data-element_type=\"widget\" data-widget_type=\"uael-posts.classic\">\n\t\t\t\t<div class=\"elementor-widget-container\">\n\t\t\t\t\t<div class=\"uael-post__header\">\r\n\t\t\t\t\t<div class=\"uael-post__header-filters-wrap uael-posts-tabs-dropdown\">\r\n\t\t\t<ul class=\"uael-post__header-filters\">\r\n\t\t\t\t<li class=\"uael-post__header-filter uael-filter__current\" data-filter=\"*\">Todas<\/li>\r\n\t\t\t\t\t\t\t<\/ul>\r\n\r\n\t\t\t\t\t\t\t<div class=\"uael-filters-dropdown\">\r\n\t\t\t\t\t<div class=\"uael-filters-dropdown-button\">Todas<i class=\"fa fa-angle-down\"><\/i><\/div>\r\n\r\n\t\t\t\t\t<ul class=\"uael-filters-dropdown-list uael-post__header-filters\">\r\n\t\t\t\t\t\t<li class=\"uael-filters-dropdown-item uael-post__header-filter uael-filter__current\" data-filter=\"*\">Todas<\/li>\r\n\t\t\t\t\t\t\t\t\t\t\t<\/ul>\r\n\t\t\t\t<\/div>\r\n\t\t\t\t\t<\/div>\r\n\t\t\t\t<\/div>\r\n\t\t<div class=\"uael-post__body\">\r\n\t\t\t\r\n\t\t\r\n\t\t<div class=\"uael-blog-terms-position- uael-post-image-top uael-post-grid uael-posts\" data-query-type=\"custom\" data-structure=\"normal\" data-layout=\"\" data-page=\"49594\" data-skin=\"classic\" >\r\n\r\n\t\t\t\t\t\t\t<div class=\"uael-post-grid__inner uael-post__columns-4 uael-post__columns-tablet-2 uael-post__columns-mobile-1 uael-post-infinite-scroll uael-post-infinite__event-scroll\">\r\n\t\t\t\n\n<div class=\"uael-post-wrapper brasil-pt-br \">\n\t<div class=\"uael-post__bg-wrap\">\n\n\t\t\t\t\t<a href=\"https:\/\/acnudh.org\/pt-br\/brasil-escritorio-recebeu-liderancas-do-povo-pataxo-para-dialogar-sobre-conflitos-por-terras\/\" target=\"_self\" class=\"uael-post__complete-box-overlay\"><\/a>\n\t\t\t\t\n\t\t<div class=\"uael-post__inner-wrap\">\n\n\t\t\t\t<div class=\"uael-post__thumbnail\">\r\n\t\t\t<a target=\"_self\" href=\"https:\/\/acnudh.org\/pt-br\/brasil-escritorio-recebeu-liderancas-do-povo-pataxo-para-dialogar-sobre-conflitos-por-terras\/\" title=\"Escrit\u00f3rio recebeu lideran\u00e7as do povo Patax\u00f3 para dialogar sobre conflitos por terras\"><img loading=\"lazy\" decoding=\"async\" width=\"1600\" height=\"1200\" src=\"https:\/\/acnudh.org\/wp-content\/uploads\/2026\/03\/reuniao-pataxo.jpeg\" class=\"attachment-full size-full\" alt=\"\" srcset=\"https:\/\/acnudh.org\/wp-content\/uploads\/2026\/03\/reuniao-pataxo.jpeg 1600w, https:\/\/acnudh.org\/wp-content\/uploads\/2026\/03\/reuniao-pataxo-400x300.jpeg 400w, https:\/\/acnudh.org\/wp-content\/uploads\/2026\/03\/reuniao-pataxo-580x435.jpeg 580w, https:\/\/acnudh.org\/wp-content\/uploads\/2026\/03\/reuniao-pataxo-1536x1152.jpeg 1536w\" sizes=\"auto, (max-width: 1600px) 100vw, 1600px\" \/><\/a>\r\n\t\t\t\t\t<\/div>\r\n\t\t\n\t\t\t\n\t\t\t<div class=\"uael-post__content-wrap\">\n\t\t\t\t\t<h3 class=\"uael-post__title\">\r\n\r\n\t\t\r\n\t\t\t\t\t\t<a href=\"https:\/\/acnudh.org\/pt-br\/brasil-escritorio-recebeu-liderancas-do-povo-pataxo-para-dialogar-sobre-conflitos-por-terras\/\" target=\"_self\">\r\n\t\t\t\tEscrit\u00f3rio recebeu lideran\u00e7as do povo Patax\u00f3 para dialogar sobre conflitos por terras\t\t\t<\/a>\r\n\r\n\t\t\t\t<\/h3>\r\n\t\t\t\t\t<div class=\"uael-post__meta-data\">\r\n\t\t\t\t\t<span class=\"uael-post__date\">\r\n\t\t\t\t\t\t16 de mar\u00e7o de 2026\t\t<\/span>\r\n\t\t\t\t<\/div>\r\n\t\t\t\t\t<\/div>\n\t\t\t\n\t\t<\/div>\n\t\t\n\t<\/div>\n\n<\/div>\n\n\n<div class=\"uael-post-wrapper brasil-pt-br \">\n\t<div class=\"uael-post__bg-wrap\">\n\n\t\t\t\t\t<a href=\"https:\/\/acnudh.org\/pt-br\/brasil-escritorio-recebeu-delegacao-indigena-no-contexto-dos-protestos-contra-a-possivel-privatizacao-de-hidrovias-na-amazonia\/\" target=\"_self\" class=\"uael-post__complete-box-overlay\"><\/a>\n\t\t\t\t\n\t\t<div class=\"uael-post__inner-wrap\">\n\n\t\t\t\t<div class=\"uael-post__thumbnail\">\r\n\t\t\t<a target=\"_self\" href=\"https:\/\/acnudh.org\/pt-br\/brasil-escritorio-recebeu-delegacao-indigena-no-contexto-dos-protestos-contra-a-possivel-privatizacao-de-hidrovias-na-amazonia\/\" title=\"Escrit\u00f3rio recebeu delega\u00e7\u00e3o ind\u00edgena no contexto dos protestos por hidrovias na Amaz\u00f4nia\"><img loading=\"lazy\" decoding=\"async\" width=\"1600\" height=\"1066\" src=\"https:\/\/acnudh.org\/wp-content\/uploads\/2026\/02\/b9f6a0e0-1182-4167-b190-d7c7690a92a0.jpeg\" class=\"attachment-full size-full\" alt=\"\" srcset=\"https:\/\/acnudh.org\/wp-content\/uploads\/2026\/02\/b9f6a0e0-1182-4167-b190-d7c7690a92a0.jpeg 1600w, https:\/\/acnudh.org\/wp-content\/uploads\/2026\/02\/b9f6a0e0-1182-4167-b190-d7c7690a92a0-400x267.jpeg 400w, https:\/\/acnudh.org\/wp-content\/uploads\/2026\/02\/b9f6a0e0-1182-4167-b190-d7c7690a92a0-580x386.jpeg 580w, https:\/\/acnudh.org\/wp-content\/uploads\/2026\/02\/b9f6a0e0-1182-4167-b190-d7c7690a92a0-1536x1023.jpeg 1536w\" sizes=\"auto, (max-width: 1600px) 100vw, 1600px\" \/><\/a>\r\n\t\t\t\t\t<\/div>\r\n\t\t\n\t\t\t\n\t\t\t<div class=\"uael-post__content-wrap\">\n\t\t\t\t\t<h3 class=\"uael-post__title\">\r\n\r\n\t\t\r\n\t\t\t\t\t\t<a href=\"https:\/\/acnudh.org\/pt-br\/brasil-escritorio-recebeu-delegacao-indigena-no-contexto-dos-protestos-contra-a-possivel-privatizacao-de-hidrovias-na-amazonia\/\" target=\"_self\">\r\n\t\t\t\tEscrit\u00f3rio recebeu delega\u00e7\u00e3o ind\u00edgena no contexto dos protestos por hidrovias na Amaz\u00f4nia\t\t\t<\/a>\r\n\r\n\t\t\t\t<\/h3>\r\n\t\t\t\t\t<div class=\"uael-post__meta-data\">\r\n\t\t\t\t\t<span class=\"uael-post__date\">\r\n\t\t\t\t\t\t24 de fevereiro de 2026\t\t<\/span>\r\n\t\t\t\t<\/div>\r\n\t\t\t\t\t<\/div>\n\t\t\t\n\t\t<\/div>\n\t\t\n\t<\/div>\n\n<\/div>\n\n\n<div class=\"uael-post-wrapper brasil-pt-br ods-16-pt-br \">\n\t<div class=\"uael-post__bg-wrap\">\n\n\t\t\t\t\t<a href=\"https:\/\/acnudh.org\/pt-br\/oficina-em-brasilia-discutiu-papel-de-instituicoes-nacionais-de-direitos-humanos\/\" target=\"_self\" class=\"uael-post__complete-box-overlay\"><\/a>\n\t\t\t\t\n\t\t<div class=\"uael-post__inner-wrap\">\n\n\t\t\t\t<div class=\"uael-post__thumbnail\">\r\n\t\t\t<a target=\"_self\" href=\"https:\/\/acnudh.org\/pt-br\/oficina-em-brasilia-discutiu-papel-de-instituicoes-nacionais-de-direitos-humanos\/\" title=\"Oficina em Bras\u00edlia discutiu papel de institui\u00e7\u00f5es nacionais de direitos humanos\"><img loading=\"lazy\" decoding=\"async\" width=\"2420\" height=\"1816\" src=\"https:\/\/acnudh.org\/wp-content\/uploads\/2025\/10\/processed-27506D07-8061-4A82-A15D-855342CC38E0-e1760458536306.jpeg\" class=\"attachment-full size-full\" alt=\"Foto: ONU Brasil\" \/><\/a>\r\n\t\t\t\t\t<\/div>\r\n\t\t\n\t\t\t\n\t\t\t<div class=\"uael-post__content-wrap\">\n\t\t\t\t\t<h3 class=\"uael-post__title\">\r\n\r\n\t\t\r\n\t\t\t\t\t\t<a href=\"https:\/\/acnudh.org\/pt-br\/oficina-em-brasilia-discutiu-papel-de-instituicoes-nacionais-de-direitos-humanos\/\" target=\"_self\">\r\n\t\t\t\tOficina em Bras\u00edlia discutiu papel de institui\u00e7\u00f5es nacionais de direitos humanos\t\t\t<\/a>\r\n\r\n\t\t\t\t<\/h3>\r\n\t\t\t\t\t<div class=\"uael-post__meta-data\">\r\n\t\t\t\t\t<span class=\"uael-post__date\">\r\n\t\t\t\t\t\t14 de outubro de 2025\t\t<\/span>\r\n\t\t\t\t<\/div>\r\n\t\t\t\t\t<\/div>\n\t\t\t\n\t\t<\/div>\n\t\t\n\t<\/div>\n\n<\/div>\n\n\n<div class=\"uael-post-wrapper regiao \">\n\t<div class=\"uael-post__bg-wrap\">\n\n\t\t\t\t\t<a href=\"https:\/\/acnudh.org\/pt-br\/com-evento-regional-o-escritorio-lancou-a-segunda-decada-para-afrodescendentes-da-onu\/\" target=\"_self\" class=\"uael-post__complete-box-overlay\"><\/a>\n\t\t\t\t\n\t\t<div class=\"uael-post__inner-wrap\">\n\n\t\t\t\t<div class=\"uael-post__thumbnail\">\r\n\t\t\t<a target=\"_self\" href=\"https:\/\/acnudh.org\/pt-br\/com-evento-regional-o-escritorio-lancou-a-segunda-decada-para-afrodescendentes-da-onu\/\" title=\"Com evento regional, o Escrit\u00f3rio lan\u00e7ou a Segunda D\u00e9cada para Afrodescendentes da ONU\"><img loading=\"lazy\" decoding=\"async\" width=\"1080\" height=\"566\" src=\"https:\/\/acnudh.org\/wp-content\/uploads\/2025\/08\/Webinario-Segundo-Decenio.jpg\" class=\"attachment-full size-full\" alt=\"\" srcset=\"https:\/\/acnudh.org\/wp-content\/uploads\/2025\/08\/Webinario-Segundo-Decenio.jpg 1080w, https:\/\/acnudh.org\/wp-content\/uploads\/2025\/08\/Webinario-Segundo-Decenio-400x210.jpg 400w, https:\/\/acnudh.org\/wp-content\/uploads\/2025\/08\/Webinario-Segundo-Decenio-580x304.jpg 580w\" sizes=\"auto, (max-width: 1080px) 100vw, 1080px\" \/><\/a>\r\n\t\t\t\t\t<\/div>\r\n\t\t\n\t\t\t\n\t\t\t<div class=\"uael-post__content-wrap\">\n\t\t\t\t\t<h3 class=\"uael-post__title\">\r\n\r\n\t\t\r\n\t\t\t\t\t\t<a href=\"https:\/\/acnudh.org\/pt-br\/com-evento-regional-o-escritorio-lancou-a-segunda-decada-para-afrodescendentes-da-onu\/\" target=\"_self\">\r\n\t\t\t\tCom evento regional, o Escrit\u00f3rio lan\u00e7ou a Segunda D\u00e9cada para Afrodescendentes da ONU\t\t\t<\/a>\r\n\r\n\t\t\t\t<\/h3>\r\n\t\t\t\t\t<div class=\"uael-post__meta-data\">\r\n\t\t\t\t\t<span class=\"uael-post__date\">\r\n\t\t\t\t\t\t28 de agosto de 2025\t\t<\/span>\r\n\t\t\t\t<\/div>\r\n\t\t\t\t\t<\/div>\n\t\t\t\n\t\t<\/div>\n\t\t\n\t<\/div>\n\n<\/div>\n\n\n<div class=\"uael-post-wrapper brasil-pt-br \">\n\t<div class=\"uael-post__bg-wrap\">\n\n\t\t\t\t\t<a href=\"https:\/\/acnudh.org\/pt-br\/brasil-representante-expressou-preocupacao-por-impacto-de-nova-lei-de-licenciamento-ambiental\/\" target=\"_self\" class=\"uael-post__complete-box-overlay\"><\/a>\n\t\t\t\t\n\t\t<div class=\"uael-post__inner-wrap\">\n\n\t\t\t\t<div class=\"uael-post__thumbnail\">\r\n\t\t\t<a target=\"_self\" href=\"https:\/\/acnudh.org\/pt-br\/brasil-representante-expressou-preocupacao-por-impacto-de-nova-lei-de-licenciamento-ambiental\/\" title=\"Representante expressou preocupa\u00e7\u00e3o por impacto de nova lei de licenciamento ambiental no Brasil\"><img loading=\"lazy\" decoding=\"async\" width=\"1280\" height=\"724\" src=\"https:\/\/acnudh.org\/wp-content\/uploads\/2025\/06\/JJ-Audiencia-CNDH-Image.jpeg\" class=\"attachment-full size-full\" alt=\"\" srcset=\"https:\/\/acnudh.org\/wp-content\/uploads\/2025\/06\/JJ-Audiencia-CNDH-Image.jpeg 1280w, https:\/\/acnudh.org\/wp-content\/uploads\/2025\/06\/JJ-Audiencia-CNDH-Image-400x226.jpeg 400w, https:\/\/acnudh.org\/wp-content\/uploads\/2025\/06\/JJ-Audiencia-CNDH-Image-580x328.jpeg 580w\" sizes=\"auto, (max-width: 1280px) 100vw, 1280px\" \/><\/a>\r\n\t\t\t\t\t<\/div>\r\n\t\t\n\t\t\t\n\t\t\t<div class=\"uael-post__content-wrap\">\n\t\t\t\t\t<h3 class=\"uael-post__title\">\r\n\r\n\t\t\r\n\t\t\t\t\t\t<a href=\"https:\/\/acnudh.org\/pt-br\/brasil-representante-expressou-preocupacao-por-impacto-de-nova-lei-de-licenciamento-ambiental\/\" target=\"_self\">\r\n\t\t\t\tRepresentante expressou preocupa\u00e7\u00e3o por impacto de nova lei de licenciamento ambiental no Brasil\t\t\t<\/a>\r\n\r\n\t\t\t\t<\/h3>\r\n\t\t\t\t\t<div class=\"uael-post__meta-data\">\r\n\t\t\t\t\t<span class=\"uael-post__date\">\r\n\t\t\t\t\t\t27 de junho de 2025\t\t<\/span>\r\n\t\t\t\t<\/div>\r\n\t\t\t\t\t<\/div>\n\t\t\t\n\t\t<\/div>\n\t\t\n\t<\/div>\n\n<\/div>\n\n\n<div class=\"uael-post-wrapper brasil-pt-br ods-16-pt-br \">\n\t<div class=\"uael-post__bg-wrap\">\n\n\t\t\t\t\t<a href=\"https:\/\/acnudh.org\/pt-br\/brasil-escritorio-conduziu-dialogo-sobre-direitos-humanos-em-emergencias-humanitarias-em-encontro-de-procuradores\/\" target=\"_self\" class=\"uael-post__complete-box-overlay\"><\/a>\n\t\t\t\t\n\t\t<div class=\"uael-post__inner-wrap\">\n\n\t\t\t\t<div class=\"uael-post__thumbnail\">\r\n\t\t\t<a target=\"_self\" href=\"https:\/\/acnudh.org\/pt-br\/brasil-escritorio-conduziu-dialogo-sobre-direitos-humanos-em-emergencias-humanitarias-em-encontro-de-procuradores\/\" title=\"Brasil: Escrit\u00f3rio conduziu di\u00e1logo sobre direitos humanos em emerg\u00eancias humanit\u00e1rias em encontro de procuradores\"><img loading=\"lazy\" decoding=\"async\" width=\"1280\" height=\"960\" src=\"https:\/\/acnudh.org\/wp-content\/uploads\/2025\/06\/Image-2025-06-18-MA.jpg\" class=\"attachment-full size-full\" alt=\"\" srcset=\"https:\/\/acnudh.org\/wp-content\/uploads\/2025\/06\/Image-2025-06-18-MA.jpg 1280w, https:\/\/acnudh.org\/wp-content\/uploads\/2025\/06\/Image-2025-06-18-MA-400x300.jpg 400w, https:\/\/acnudh.org\/wp-content\/uploads\/2025\/06\/Image-2025-06-18-MA-580x435.jpg 580w\" sizes=\"auto, (max-width: 1280px) 100vw, 1280px\" \/><\/a>\r\n\t\t\t\t\t<\/div>\r\n\t\t\n\t\t\t\n\t\t\t<div class=\"uael-post__content-wrap\">\n\t\t\t\t\t<h3 class=\"uael-post__title\">\r\n\r\n\t\t\r\n\t\t\t\t\t\t<a href=\"https:\/\/acnudh.org\/pt-br\/brasil-escritorio-conduziu-dialogo-sobre-direitos-humanos-em-emergencias-humanitarias-em-encontro-de-procuradores\/\" target=\"_self\">\r\n\t\t\t\tBrasil: Escrit\u00f3rio conduziu di\u00e1logo sobre direitos humanos em emerg\u00eancias humanit\u00e1rias em encontro de procuradores\t\t\t<\/a>\r\n\r\n\t\t\t\t<\/h3>\r\n\t\t\t\t\t<div class=\"uael-post__meta-data\">\r\n\t\t\t\t\t<span class=\"uael-post__date\">\r\n\t\t\t\t\t\t24 de junho de 2025\t\t<\/span>\r\n\t\t\t\t<\/div>\r\n\t\t\t\t\t<\/div>\n\t\t\t\n\t\t<\/div>\n\t\t\n\t<\/div>\n\n<\/div>\n\n\n<div class=\"uael-post-wrapper brasil-pt-br \">\n\t<div class=\"uael-post__bg-wrap\">\n\n\t\t\t\t\t<a href=\"https:\/\/acnudh.org\/pt-br\/no-brasil-representante-se-reuniu-com-autoridades-e-reforcou-compromisso-com-direitos-dos-povos-indigenas\/\" target=\"_self\" class=\"uael-post__complete-box-overlay\"><\/a>\n\t\t\t\t\n\t\t<div class=\"uael-post__inner-wrap\">\n\n\t\t\t\t<div class=\"uael-post__thumbnail\">\r\n\t\t\t<a target=\"_self\" href=\"https:\/\/acnudh.org\/pt-br\/no-brasil-representante-se-reuniu-com-autoridades-e-reforcou-compromisso-com-direitos-dos-povos-indigenas\/\" title=\"No Brasil, Representante se reuniu com autoridades e refor\u00e7ou compromisso com direitos dos Povos Ind\u00edgenas\"><img loading=\"lazy\" decoding=\"async\" width=\"2048\" height=\"1365\" src=\"https:\/\/acnudh.org\/wp-content\/uploads\/2025\/05\/54553748517_7b95a11c0d_k.jpg\" class=\"attachment-full size-full\" alt=\"\" srcset=\"https:\/\/acnudh.org\/wp-content\/uploads\/2025\/05\/54553748517_7b95a11c0d_k.jpg 2048w, https:\/\/acnudh.org\/wp-content\/uploads\/2025\/05\/54553748517_7b95a11c0d_k-400x267.jpg 400w, https:\/\/acnudh.org\/wp-content\/uploads\/2025\/05\/54553748517_7b95a11c0d_k-580x387.jpg 580w, https:\/\/acnudh.org\/wp-content\/uploads\/2025\/05\/54553748517_7b95a11c0d_k-1536x1024.jpg 1536w\" sizes=\"auto, (max-width: 2048px) 100vw, 2048px\" \/><\/a>\r\n\t\t\t\t\t<\/div>\r\n\t\t\n\t\t\t\n\t\t\t<div class=\"uael-post__content-wrap\">\n\t\t\t\t\t<h3 class=\"uael-post__title\">\r\n\r\n\t\t\r\n\t\t\t\t\t\t<a href=\"https:\/\/acnudh.org\/pt-br\/no-brasil-representante-se-reuniu-com-autoridades-e-reforcou-compromisso-com-direitos-dos-povos-indigenas\/\" target=\"_self\">\r\n\t\t\t\tNo Brasil, Representante se reuniu com autoridades e refor\u00e7ou compromisso com direitos dos Povos Ind\u00edgenas\t\t\t<\/a>\r\n\r\n\t\t\t\t<\/h3>\r\n\t\t\t\t\t<div class=\"uael-post__meta-data\">\r\n\t\t\t\t\t<span class=\"uael-post__date\">\r\n\t\t\t\t\t\t30 de maio de 2025\t\t<\/span>\r\n\t\t\t\t<\/div>\r\n\t\t\t\t\t<\/div>\n\t\t\t\n\t\t<\/div>\n\t\t\n\t<\/div>\n\n<\/div>\n\n\n<div class=\"uael-post-wrapper brasil-pt-br \">\n\t<div class=\"uael-post__bg-wrap\">\n\n\t\t\t\t\t<a href=\"https:\/\/acnudh.org\/pt-br\/onu-direitos-humanos-e-dpu-organizaram-reuniao-tecnica-sobre-legislacao-de-antidiscriminacao\/\" target=\"_self\" class=\"uael-post__complete-box-overlay\"><\/a>\n\t\t\t\t\n\t\t<div class=\"uael-post__inner-wrap\">\n\n\t\t\t\t<div class=\"uael-post__thumbnail\">\r\n\t\t\t<a target=\"_self\" href=\"https:\/\/acnudh.org\/pt-br\/onu-direitos-humanos-e-dpu-organizaram-reuniao-tecnica-sobre-legislacao-de-antidiscriminacao\/\" title=\"ONU Direitos Humanos e DPU organizaram reuni\u00e3o t\u00e9cnica sobre legisla\u00e7\u00e3o de antidiscrimina\u00e7\u00e3o\"><img loading=\"lazy\" decoding=\"async\" width=\"2560\" height=\"1707\" src=\"https:\/\/acnudh.org\/wp-content\/uploads\/2025\/05\/54515125810_23e22827ba_o.jpg\" class=\"attachment-full size-full\" alt=\"\" srcset=\"https:\/\/acnudh.org\/wp-content\/uploads\/2025\/05\/54515125810_23e22827ba_o.jpg 2560w, https:\/\/acnudh.org\/wp-content\/uploads\/2025\/05\/54515125810_23e22827ba_o-400x267.jpg 400w, https:\/\/acnudh.org\/wp-content\/uploads\/2025\/05\/54515125810_23e22827ba_o-580x387.jpg 580w, https:\/\/acnudh.org\/wp-content\/uploads\/2025\/05\/54515125810_23e22827ba_o-1536x1024.jpg 1536w, https:\/\/acnudh.org\/wp-content\/uploads\/2025\/05\/54515125810_23e22827ba_o-2048x1366.jpg 2048w\" sizes=\"auto, (max-width: 2560px) 100vw, 2560px\" \/><\/a>\r\n\t\t\t\t\t<\/div>\r\n\t\t\n\t\t\t\n\t\t\t<div class=\"uael-post__content-wrap\">\n\t\t\t\t\t<h3 class=\"uael-post__title\">\r\n\r\n\t\t\r\n\t\t\t\t\t\t<a href=\"https:\/\/acnudh.org\/pt-br\/onu-direitos-humanos-e-dpu-organizaram-reuniao-tecnica-sobre-legislacao-de-antidiscriminacao\/\" target=\"_self\">\r\n\t\t\t\tONU Direitos Humanos e DPU organizaram reuni\u00e3o t\u00e9cnica sobre legisla\u00e7\u00e3o de antidiscrimina\u00e7\u00e3o\t\t\t<\/a>\r\n\r\n\t\t\t\t<\/h3>\r\n\t\t\t\t\t<div class=\"uael-post__meta-data\">\r\n\t\t\t\t\t<span class=\"uael-post__date\">\r\n\t\t\t\t\t\t14 de maio de 2025\t\t<\/span>\r\n\t\t\t\t<\/div>\r\n\t\t\t\t\t<\/div>\n\t\t\t\n\t\t<\/div>\n\t\t\n\t<\/div>\n\n<\/div>\n\t\t\t\t<\/div>\r\n\t\t\t\t\t\t<div class=\"uael-post-inf-loader\">\r\n\t\t\t\t<div class=\"uael-post-loader-1\"><\/div>\r\n\t\t\t\t<div class=\"uael-post-loader-2\"><\/div>\r\n\t\t\t\t<div class=\"uael-post-loader-3\"><\/div>\r\n\t\t\t<\/div>\r\n\t\t\t\t\t\t\r\n\t\t<\/div>\r\n\r\n\t\t\t\t\t\t<\/div>\r\n\t\t<div class=\"uael-post__footer\">\r\n\t\t\t\t\t\t<nav class=\"uael-grid-pagination\" style=\"display:none;\" role=\"navigation\" aria-label=\"Pagination\" data-total=\"8\">\r\n\t\t\t\t<span aria-current=\"page\" class=\"page-numbers current\">1<\/span>\n<a class=\"page-numbers\" href=\"https:\/\/acnudh.org\/pt-br\/wp-json\/wp\/v2\/pages\/49594\/page\/2\/\">2<\/a>\n<a class=\"page-numbers\" href=\"https:\/\/acnudh.org\/pt-br\/wp-json\/wp\/v2\/pages\/49594\/page\/3\/\">3<\/a>\n<span class=\"page-numbers dots\">&hellip;<\/span>\n<a class=\"page-numbers\" href=\"https:\/\/acnudh.org\/pt-br\/wp-json\/wp\/v2\/pages\/49594\/page\/8\/\">8<\/a>\n<a class=\"next page-numbers\" href=\"https:\/\/acnudh.org\/pt-br\/wp-json\/wp\/v2\/pages\/49594\/page\/2\/\">Pr\u00f3ximo &raquo;<\/a>\t\t\t<\/nav>\r\n\t\t\t\t\t<\/div>\r\n\t\t\t\t<\/div>\n\t\t\t\t<\/div>\n\t\t\t\t\t\t<\/div>\n\t\t\t<\/div>\n\t\t<\/div>\n\t\t\t\t\t\t<\/div>\n\t\t\t<\/div>\n\t\t<\/section>\n\t\t\t\t\t\t<\/div>\n\t\t\t<\/div>\n\t\t<\/div>\n\t\t","protected":false},"excerpt":{"rendered":"<p>Atividades Todas &#8211; Mundo &#8211; &#8211; Regi\u00f3n &#8211; . Argentina . . Bolivia . . Brasil . . Chile . . Ecuador . . Paraguay . . Per\u00fa . . Uruguay . . Venezuela . Todas Todas &#8211; Mundo &#8211; &#8211; Regi\u00f3n &#8211; . Argentina . . Bolivia . . Brasil . . Chile . [&hellip;]<\/p>\n","protected":false},"author":1,"featured_media":0,"parent":0,"menu_order":0,"comment_status":"closed","ping_status":"closed","template":"","meta":{"_uag_custom_page_level_css":"","site-sidebar-layout":"no-sidebar","site-content-layout":"page-builder","ast-site-content-layout":"","site-content-style":"default","site-sidebar-style":"default","ast-global-header-display":"","ast-banner-title-visibility":"","ast-main-header-display":"","ast-hfb-above-header-display":"","ast-hfb-below-header-display":"","ast-hfb-mobile-header-display":"","site-post-title":"disabled","ast-breadcrumbs-content":"","ast-featured-img":"disabled","footer-sml-layout":"","theme-transparent-header-meta":"default","adv-header-id-meta":"","stick-header-meta":"default","header-above-stick-meta":"","header-main-stick-meta":"","header-below-stick-meta":"","astra-migrate-meta-layouts":"default","ast-page-background-enabled":"default","ast-page-background-meta":{"desktop":{"background-color":"","background-image":"","background-repeat":"repeat","background-position":"center center","background-size":"auto","background-attachment":"scroll","background-type":"","background-media":"","overlay-type":"","overlay-color":"","overlay-opacity":"","overlay-gradient":""},"tablet":{"background-color":"","background-image":"","background-repeat":"repeat","background-position":"center center","background-size":"auto","background-attachment":"scroll","background-type":"","background-media":"","overlay-type":"","overlay-color":"","overlay-opacity":"","overlay-gradient":""},"mobile":{"background-color":"","background-image":"","background-repeat":"repeat","background-position":"center center","background-size":"auto","background-attachment":"scroll","background-type":"","background-media":"","overlay-type":"","overlay-color":"","overlay-opacity":"","overlay-gradient":""}},"ast-content-background-meta":{"desktop":{"background-color":"var(--ast-global-color-5)","background-image":"","background-repeat":"repeat","background-position":"center center","background-size":"auto","background-attachment":"scroll","background-type":"","background-media":"","overlay-type":"","overlay-color":"","overlay-opacity":"","overlay-gradient":""},"tablet":{"background-color":"var(--ast-global-color-5)","background-image":"","background-repeat":"repeat","background-position":"center center","background-size":"auto","background-attachment":"scroll","background-type":"","background-media":"","overlay-type":"","overlay-color":"","overlay-opacity":"","overlay-gradient":""},"mobile":{"background-color":"var(--ast-global-color-5)","background-image":"","background-repeat":"repeat","background-position":"center center","background-size":"auto","background-attachment":"scroll","background-type":"","background-media":"","overlay-type":"","overlay-color":"","overlay-opacity":"","overlay-gradient":""}},"footnotes":""},"class_list":["post-49594","page","type-page","status-publish","hentry"],"uagb_featured_image_src":{"full":false,"thumbnail":false,"medium":false,"medium_large":false,"large":false,"1536x1536":false,"2048x2048":false},"uagb_author_info":{"display_name":"acnudh","author_link":"https:\/\/acnudh.org\/pt-br\/author\/acnudh\/"},"uagb_comment_info":0,"uagb_excerpt":"Atividades Todas &#8211; Mundo &#8211; &#8211; Regi\u00f3n &#8211; . Argentina . . Bolivia . . Brasil . . Chile . . Ecuador . . Paraguay . . Per\u00fa . . Uruguay . . Venezuela . Todas Todas &#8211; Mundo &#8211; &#8211; Regi\u00f3n &#8211; . Argentina . . Bolivia . . Brasil . . Chile .&hellip;","_links":{"self":[{"href":"https:\/\/acnudh.org\/pt-br\/wp-json\/wp\/v2\/pages\/49594","targetHints":{"allow":["GET"]}}],"collection":[{"href":"https:\/\/acnudh.org\/pt-br\/wp-json\/wp\/v2\/pages"}],"about":[{"href":"https:\/\/acnudh.org\/pt-br\/wp-json\/wp\/v2\/types\/page"}],"author":[{"embeddable":true,"href":"https:\/\/acnudh.org\/pt-br\/wp-json\/wp\/v2\/users\/1"}],"replies":[{"embeddable":true,"href":"https:\/\/acnudh.org\/pt-br\/wp-json\/wp\/v2\/comments?post=49594"}],"version-history":[{"count":8,"href":"https:\/\/acnudh.org\/pt-br\/wp-json\/wp\/v2\/pages\/49594\/revisions"}],"predecessor-version":[{"id":58811,"href":"https:\/\/acnudh.org\/pt-br\/wp-json\/wp\/v2\/pages\/49594\/revisions\/58811"}],"wp:attachment":[{"href":"https:\/\/acnudh.org\/pt-br\/wp-json\/wp\/v2\/media?parent=49594"}],"curies":[{"name":"wp","href":"https:\/\/api.w.org\/{rel}","templated":true}]}}