{"id":49592,"date":"2019-04-04T13:13:01","date_gmt":"2019-04-04T16:13:01","guid":{"rendered":"http:\/\/acnudh.org\/biblioteca\/"},"modified":"2019-08-09T14:48:32","modified_gmt":"2019-08-09T18:48:32","slug":"biblioteca","status":"publish","type":"page","link":"https:\/\/acnudh.org\/pt-br\/biblioteca\/","title":{"rendered":"Biblioteca"},"content":{"rendered":"\t\t<div data-elementor-type=\"wp-post\" data-elementor-id=\"49592\" class=\"elementor elementor-49592 elementor-37349\" data-elementor-settings=\"[]\">\n\t\t\t<div class=\"elementor-inner\">\n\t\t\t\t<div class=\"elementor-section-wrap\">\n\t\t\t\t\t\t\t<section class=\"elementor-element elementor-element-766b204 elementor-section-height-full elementor-section-boxed elementor-section-height-default elementor-section-items-middle elementor-section elementor-top-section\" data-id=\"766b204\" data-element_type=\"section\" data-settings=\"{&quot;background_background&quot;:&quot;classic&quot;}\">\n\t\t\t\t\t\t\t<div class=\"elementor-background-overlay\"><\/div>\n\t\t\t\t\t\t\t<div class=\"elementor-container elementor-column-gap-default\">\n\t\t\t\t<div class=\"elementor-row\">\n\t\t\t\t<div class=\"elementor-element elementor-element-fa7ba34 elementor-column elementor-col-100 elementor-top-column\" data-id=\"fa7ba34\" data-element_type=\"column\">\n\t\t\t<div class=\"elementor-column-wrap  elementor-element-populated\">\n\t\t\t\t\t<div class=\"elementor-widget-wrap\">\n\t\t\t\t<div class=\"elementor-element elementor-element-1237edc elementor-widget elementor-widget-heading\" data-id=\"1237edc\" data-element_type=\"widget\" data-widget_type=\"heading.default\">\n\t\t\t\t<div class=\"elementor-widget-container\">\n\t\t\t<h2 class=\"elementor-heading-title elementor-size-large\">Biblioteca<\/h2>\t\t<\/div>\n\t\t\t\t<\/div>\n\t\t\t\t<section class=\"elementor-element elementor-element-47103e2 elementor-section-boxed elementor-section-height-default elementor-section-height-default elementor-section elementor-inner-section\" data-id=\"47103e2\" data-element_type=\"section\">\n\t\t\t\t\t\t<div class=\"elementor-container elementor-column-gap-wide\">\n\t\t\t\t<div class=\"elementor-row\">\n\t\t\t\t<div class=\"elementor-element elementor-element-b282f56 elementor-column elementor-col-20 elementor-inner-column\" data-id=\"b282f56\" data-element_type=\"column\">\n\t\t\t<div class=\"elementor-column-wrap  elementor-element-populated\">\n\t\t\t\t\t<div class=\"elementor-widget-wrap\">\n\t\t\t\t<div class=\"elementor-element elementor-element-184586b elementor-view-framed elementor-widget-mobile__width-inherit elementor-shape-circle elementor-position-top elementor-vertical-align-top elementor-widget elementor-widget-icon-box\" data-id=\"184586b\" data-element_type=\"widget\" data-widget_type=\"icon-box.default\">\n\t\t\t\t<div class=\"elementor-widget-container\">\n\t\t\t\t\t<div class=\"elementor-icon-box-wrapper\">\n\t\t\t\t\t\t<div class=\"elementor-icon-box-icon\">\n\t\t\t\t<a class=\"elementor-icon elementor-animation-grow\" href=\"http:\/\/acnudh.org\/pt-br\/publicacoes\/\">\n\t\t\t\t<i aria-hidden=\"true\" class=\"fas fa-file\"><\/i>\t\t\t\t<\/a>\n\t\t\t<\/div>\n\t\t\t\t\t\t<div class=\"elementor-icon-box-content\">\n\t\t\t\t<h3 class=\"elementor-icon-box-title\">\n\t\t\t\t\t<a href=\"http:\/\/acnudh.org\/pt-br\/publicacoes\/\">Publica\u00e7\u00f5es<\/a>\n\t\t\t\t<\/h3>\n\t\t\t\t\t\t\t<\/div>\n\t\t<\/div>\n\t\t\t\t<\/div>\n\t\t\t\t<\/div>\n\t\t\t\t\t\t<\/div>\n\t\t\t<\/div>\n\t\t<\/div>\n\t\t\t\t<div class=\"elementor-element elementor-element-7aa4a46 elementor-column elementor-col-20 elementor-inner-column\" data-id=\"7aa4a46\" data-element_type=\"column\">\n\t\t\t<div class=\"elementor-column-wrap  elementor-element-populated\">\n\t\t\t\t\t<div class=\"elementor-widget-wrap\">\n\t\t\t\t<div class=\"elementor-element elementor-element-e8af34d elementor-view-framed elementor-widget-mobile__width-inherit elementor-shape-circle elementor-position-top elementor-vertical-align-top elementor-widget elementor-widget-icon-box\" data-id=\"e8af34d\" data-element_type=\"widget\" data-widget_type=\"icon-box.default\">\n\t\t\t\t<div class=\"elementor-widget-container\">\n\t\t\t\t\t<div class=\"elementor-icon-box-wrapper\">\n\t\t\t\t\t\t<div class=\"elementor-icon-box-icon\">\n\t\t\t\t<a class=\"elementor-icon elementor-animation-grow\" href=\"http:\/\/acnudh.org\/pt-br\/tratados-internacionais-sobre-direitos-humanos\/\">\n\t\t\t\t<i class=\"fa fa-pencil-square-o\" aria-hidden=\"true\"><\/i>\t\t\t\t<\/a>\n\t\t\t<\/div>\n\t\t\t\t\t\t<div class=\"elementor-icon-box-content\">\n\t\t\t\t<h3 class=\"elementor-icon-box-title\">\n\t\t\t\t\t<a href=\"http:\/\/acnudh.org\/pt-br\/tratados-internacionais-sobre-direitos-humanos\/\">Tratados Internacionais sobre Direitos Humanos<\/a>\n\t\t\t\t<\/h3>\n\t\t\t\t\t\t\t<\/div>\n\t\t<\/div>\n\t\t\t\t<\/div>\n\t\t\t\t<\/div>\n\t\t\t\t\t\t<\/div>\n\t\t\t<\/div>\n\t\t<\/div>\n\t\t\t\t<div class=\"elementor-element elementor-element-a830f87 elementor-column elementor-col-20 elementor-inner-column\" data-id=\"a830f87\" data-element_type=\"column\">\n\t\t\t<div class=\"elementor-column-wrap  elementor-element-populated\">\n\t\t\t\t\t<div class=\"elementor-widget-wrap\">\n\t\t\t\t<div class=\"elementor-element elementor-element-2050af0 elementor-view-framed elementor-widget-mobile__width-inherit elementor-shape-circle elementor-position-top elementor-vertical-align-top elementor-widget elementor-widget-icon-box\" data-id=\"2050af0\" data-element_type=\"widget\" data-widget_type=\"icon-box.default\">\n\t\t\t\t<div class=\"elementor-widget-container\">\n\t\t\t\t\t<div class=\"elementor-icon-box-wrapper\">\n\t\t\t\t\t\t<div class=\"elementor-icon-box-icon\">\n\t\t\t\t<a class=\"elementor-icon elementor-animation-grow\" href=\"http:\/\/acnudh.org\/pt-br\/biblioteca\/relatorios-tematicos\/\">\n\t\t\t\t<i aria-hidden=\"true\" class=\"fas fa-file-signature\"><\/i>\t\t\t\t<\/a>\n\t\t\t<\/div>\n\t\t\t\t\t\t<div class=\"elementor-icon-box-content\">\n\t\t\t\t<h3 class=\"elementor-icon-box-title\">\n\t\t\t\t\t<a href=\"http:\/\/acnudh.org\/pt-br\/biblioteca\/relatorios-tematicos\/\">Relat\u00f3rios tem\u00e1ticos<\/a>\n\t\t\t\t<\/h3>\n\t\t\t\t\t\t\t<\/div>\n\t\t<\/div>\n\t\t\t\t<\/div>\n\t\t\t\t<\/div>\n\t\t\t\t\t\t<\/div>\n\t\t\t<\/div>\n\t\t<\/div>\n\t\t\t\t<div class=\"elementor-element elementor-element-645e60b elementor-column elementor-col-20 elementor-inner-column\" data-id=\"645e60b\" data-element_type=\"column\">\n\t\t\t<div class=\"elementor-column-wrap  elementor-element-populated\">\n\t\t\t\t\t<div class=\"elementor-widget-wrap\">\n\t\t\t\t<div class=\"elementor-element elementor-element-fdcab41 elementor-view-framed elementor-widget-mobile__width-inherit elementor-shape-circle elementor-position-top elementor-vertical-align-top elementor-widget elementor-widget-icon-box\" data-id=\"fdcab41\" data-element_type=\"widget\" data-widget_type=\"icon-box.default\">\n\t\t\t\t<div class=\"elementor-widget-container\">\n\t\t\t\t\t<div class=\"elementor-icon-box-wrapper\">\n\t\t\t\t\t\t<div class=\"elementor-icon-box-icon\">\n\t\t\t\t<a class=\"elementor-icon elementor-animation-grow\" href=\"http:\/\/acnudh.org\/pt-br\/multimidia-2\/\">\n\t\t\t\t<i aria-hidden=\"true\" class=\"fas fa-video\"><\/i>\t\t\t\t<\/a>\n\t\t\t<\/div>\n\t\t\t\t\t\t<div class=\"elementor-icon-box-content\">\n\t\t\t\t<h3 class=\"elementor-icon-box-title\">\n\t\t\t\t\t<a href=\"http:\/\/acnudh.org\/pt-br\/multimidia-2\/\">Multim\u00eddia<\/a>\n\t\t\t\t<\/h3>\n\t\t\t\t\t\t\t<\/div>\n\t\t<\/div>\n\t\t\t\t<\/div>\n\t\t\t\t<\/div>\n\t\t\t\t\t\t<\/div>\n\t\t\t<\/div>\n\t\t<\/div>\n\t\t\t\t<div class=\"elementor-element elementor-element-b1c94ba elementor-column elementor-col-20 elementor-inner-column\" data-id=\"b1c94ba\" data-element_type=\"column\">\n\t\t\t<div class=\"elementor-column-wrap  elementor-element-populated\">\n\t\t\t\t\t<div class=\"elementor-widget-wrap\">\n\t\t\t\t<div class=\"elementor-element elementor-element-d0d405d elementor-view-framed elementor-widget-mobile__width-inherit elementor-shape-circle elementor-position-top elementor-vertical-align-top elementor-widget elementor-widget-icon-box\" data-id=\"d0d405d\" data-element_type=\"widget\" data-widget_type=\"icon-box.default\">\n\t\t\t\t<div class=\"elementor-widget-container\">\n\t\t\t\t\t<div class=\"elementor-icon-box-wrapper\">\n\t\t\t\t\t\t<div class=\"elementor-icon-box-icon\">\n\t\t\t\t<a class=\"elementor-icon elementor-animation-grow\" href=\"https:\/\/www.ohchr.org\/SP\/PublicationsResources\/Pages\/databases.aspx\" target=\"_blank\">\n\t\t\t\t<i aria-hidden=\"true\" class=\"fas fa-database\"><\/i>\t\t\t\t<\/a>\n\t\t\t<\/div>\n\t\t\t\t\t\t<div class=\"elementor-icon-box-content\">\n\t\t\t\t<h3 class=\"elementor-icon-box-title\">\n\t\t\t\t\t<a href=\"https:\/\/www.ohchr.org\/SP\/PublicationsResources\/Pages\/databases.aspx\" target=\"_blank\">Bases de dados<\/a>\n\t\t\t\t<\/h3>\n\t\t\t\t\t\t\t<\/div>\n\t\t<\/div>\n\t\t\t\t<\/div>\n\t\t\t\t<\/div>\n\t\t\t\t\t\t<\/div>\n\t\t\t<\/div>\n\t\t<\/div>\n\t\t\t\t\t\t<\/div>\n\t\t\t<\/div>\n\t\t<\/section>\n\t\t\t\t\t\t<\/div>\n\t\t\t<\/div>\n\t\t<\/div>\n\t\t\t\t\t\t<\/div>\n\t\t\t<\/div>\n\t\t<\/section>\n\t\t\t\t\t\t<\/div>\n\t\t\t<\/div>\n\t\t<\/div>\n\t\t","protected":false},"excerpt":{"rendered":"<p>Biblioteca Publica\u00e7\u00f5es Tratados Internacionais sobre Direitos Humanos Relat\u00f3rios tem\u00e1ticos Multim\u00eddia Bases de dados<\/p>\n","protected":false},"author":1,"featured_media":0,"parent":0,"menu_order":0,"comment_status":"closed","ping_status":"closed","template":"","meta":{"_uag_custom_page_level_css":"","site-sidebar-layout":"no-sidebar","site-content-layout":"page-builder","ast-site-content-layout":"","site-content-style":"default","site-sidebar-style":"default","ast-global-header-display":"","ast-banner-title-visibility":"","ast-main-header-display":"","ast-hfb-above-header-display":"","ast-hfb-below-header-display":"","ast-hfb-mobile-header-display":"","site-post-title":"disabled","ast-breadcrumbs-content":"","ast-featured-img":"disabled","footer-sml-layout":"","theme-transparent-header-meta":"default","adv-header-id-meta":"","stick-header-meta":"default","header-above-stick-meta":"","header-main-stick-meta":"","header-below-stick-meta":"","astra-migrate-meta-layouts":"default","ast-page-background-enabled":"default","ast-page-background-meta":{"desktop":{"background-color":"","background-image":"","background-repeat":"repeat","background-position":"center center","background-size":"auto","background-attachment":"scroll","background-type":"","background-media":"","overlay-type":"","overlay-color":"","overlay-opacity":"","overlay-gradient":""},"tablet":{"background-color":"","background-image":"","background-repeat":"repeat","background-position":"center center","background-size":"auto","background-attachment":"scroll","background-type":"","background-media":"","overlay-type":"","overlay-color":"","overlay-opacity":"","overlay-gradient":""},"mobile":{"background-color":"","background-image":"","background-repeat":"repeat","background-position":"center center","background-size":"auto","background-attachment":"scroll","background-type":"","background-media":"","overlay-type":"","overlay-color":"","overlay-opacity":"","overlay-gradient":""}},"ast-content-background-meta":{"desktop":{"background-color":"var(--ast-global-color-5)","background-image":"","background-repeat":"repeat","background-position":"center center","background-size":"auto","background-attachment":"scroll","background-type":"","background-media":"","overlay-type":"","overlay-color":"","overlay-opacity":"","overlay-gradient":""},"tablet":{"background-color":"var(--ast-global-color-5)","background-image":"","background-repeat":"repeat","background-position":"center center","background-size":"auto","background-attachment":"scroll","background-type":"","background-media":"","overlay-type":"","overlay-color":"","overlay-opacity":"","overlay-gradient":""},"mobile":{"background-color":"var(--ast-global-color-5)","background-image":"","background-repeat":"repeat","background-position":"center center","background-size":"auto","background-attachment":"scroll","background-type":"","background-media":"","overlay-type":"","overlay-color":"","overlay-opacity":"","overlay-gradient":""}},"footnotes":""},"class_list":["post-49592","page","type-page","status-publish","hentry"],"uagb_featured_image_src":{"full":false,"thumbnail":false,"medium":false,"medium_large":false,"large":false,"1536x1536":false,"2048x2048":false},"uagb_author_info":{"display_name":"acnudh","author_link":"https:\/\/acnudh.org\/pt-br\/author\/acnudh\/"},"uagb_comment_info":0,"uagb_excerpt":"Biblioteca Publica\u00e7\u00f5es Tratados Internacionais sobre Direitos Humanos Relat\u00f3rios tem\u00e1ticos Multim\u00eddia Bases de dados","_links":{"self":[{"href":"https:\/\/acnudh.org\/pt-br\/wp-json\/wp\/v2\/pages\/49592","targetHints":{"allow":["GET"]}}],"collection":[{"href":"https:\/\/acnudh.org\/pt-br\/wp-json\/wp\/v2\/pages"}],"about":[{"href":"https:\/\/acnudh.org\/pt-br\/wp-json\/wp\/v2\/types\/page"}],"author":[{"embeddable":true,"href":"https:\/\/acnudh.org\/pt-br\/wp-json\/wp\/v2\/users\/1"}],"replies":[{"embeddable":true,"href":"https:\/\/acnudh.org\/pt-br\/wp-json\/wp\/v2\/comments?post=49592"}],"version-history":[{"count":11,"href":"https:\/\/acnudh.org\/pt-br\/wp-json\/wp\/v2\/pages\/49592\/revisions"}],"predecessor-version":[{"id":59474,"href":"https:\/\/acnudh.org\/pt-br\/wp-json\/wp\/v2\/pages\/49592\/revisions\/59474"}],"wp:attachment":[{"href":"https:\/\/acnudh.org\/pt-br\/wp-json\/wp\/v2\/media?parent=49592"}],"curies":[{"name":"wp","href":"https:\/\/api.w.org\/{rel}","templated":true}]}}