{"id":49579,"date":"2019-04-04T14:19:26","date_gmt":"2019-04-04T17:19:26","guid":{"rendered":"http:\/\/acnudh.org\/o-escritorio\/"},"modified":"2024-05-31T10:38:29","modified_gmt":"2024-05-31T14:38:29","slug":"o-escritorio","status":"publish","type":"page","link":"https:\/\/acnudh.org\/pt-br\/o-escritorio\/","title":{"rendered":"O Escrit\u00f3rio"},"content":{"rendered":"\t\t<div data-elementor-type=\"wp-post\" data-elementor-id=\"49579\" class=\"elementor elementor-49579 elementor-37440\" data-elementor-settings=\"[]\">\n\t\t\t<div class=\"elementor-inner\">\n\t\t\t\t<div class=\"elementor-section-wrap\">\n\t\t\t\t\t\t\t<section class=\"elementor-element elementor-element-9e595a8 elementor-section-height-min-height elementor-section-items-stretch elementor-section-boxed elementor-section-height-default elementor-invisible elementor-section elementor-top-section\" data-id=\"9e595a8\" data-element_type=\"section\" data-settings=\"{&quot;background_background&quot;:&quot;classic&quot;,&quot;shape_divider_bottom&quot;:&quot;opacity-tilt&quot;,&quot;animation&quot;:&quot;fadeIn&quot;,&quot;animation_delay&quot;:100}\">\n\t\t\t\t\t\t\t<div class=\"elementor-background-overlay\"><\/div>\n\t\t\t\t\t\t<div class=\"elementor-shape elementor-shape-bottom\" data-negative=\"false\">\n\t\t\t<svg xmlns=\"http:\/\/www.w3.org\/2000\/svg\" viewBox=\"0 0 2600 131.1\" preserveAspectRatio=\"none\">\n\t<path class=\"elementor-shape-fill\" d=\"M0 0L2600 0 2600 69.1 0 0z\"\/>\n\t<path class=\"elementor-shape-fill\" style=\"opacity:0.5\" d=\"M0 0L2600 0 2600 69.1 0 69.1z\"\/>\n\t<path class=\"elementor-shape-fill\" style=\"opacity:0.25\" d=\"M2600 0L0 0 0 130.1 2600 69.1z\"\/>\n<\/svg>\t\t<\/div>\n\t\t\t\t\t<div class=\"elementor-container elementor-column-gap-default\">\n\t\t\t\t<div class=\"elementor-row\">\n\t\t\t\t<div class=\"elementor-element elementor-element-937da06 elementor-column elementor-col-100 elementor-top-column\" data-id=\"937da06\" data-element_type=\"column\">\n\t\t\t<div class=\"elementor-column-wrap  elementor-element-populated\">\n\t\t\t\t\t<div class=\"elementor-widget-wrap\">\n\t\t\t\t<div class=\"elementor-element elementor-element-d579557 elementor-invisible elementor-widget elementor-widget-heading\" data-id=\"d579557\" data-element_type=\"widget\" data-settings=\"{&quot;_animation_mobile&quot;:&quot;fadeIn&quot;,&quot;_animation&quot;:&quot;fadeIn&quot;}\" data-widget_type=\"heading.default\">\n\t\t\t\t<div class=\"elementor-widget-container\">\n\t\t\t<h1 class=\"elementor-heading-title elementor-size-default\">Escrit\u00f3rio do Alto Comissariado para os Direitos Humanos<\/h1>\t\t<\/div>\n\t\t\t\t<\/div>\n\t\t\t\t<div class=\"elementor-element elementor-element-58a72dd animated-slow elementor-invisible elementor-widget elementor-widget-text-editor\" data-id=\"58a72dd\" data-element_type=\"widget\" data-settings=\"{&quot;_animation&quot;:&quot;fadeIn&quot;,&quot;_animation_mobile&quot;:&quot;fadeIn&quot;}\" data-widget_type=\"text-editor.default\">\n\t\t\t\t<div class=\"elementor-widget-container\">\n\t\t\t\t\t<div class=\"elementor-text-editor elementor-clearfix\"><p>O Escrit\u00f3rio do Alto Comissariado das Na\u00e7\u00f5es Unidas para os Direitos Humanos (<a href=\"https:\/\/www.ohchr.org\/SP\/Pages\/Home.aspx\">ACNUDH<\/a>) faz parte do <a href=\"https:\/\/www.un.org\/es\/sections\/about-un\/secretariat\/\">Secretariado das Na\u00e7\u00f5es Unidas<\/a> e lidera os esfor\u00e7os da organiza\u00e7\u00e3o para promover e proteger os direitos humanos em todo o mundo. \u00c9 chefiado pela figura do Alto Comiss\u00e1rio, principal funcion\u00e1rio das Na\u00e7\u00f5es Unidas para os direitos humanos, quem \u00e9 nomeado pelo Secret\u00e1rio-Geral.<\/p><p>O ACNUDH tem presen\u00e7as em mais de 60 pa\u00edses, cumprindo com seu mandato (estabelecido com a resolu\u00e7\u00e3o 48\/141 da Assembl\u00e9ia Geral, de 20 de dezembro de 1993) para apoiar a promo\u00e7\u00e3o e prote\u00e7\u00e3o de todos os direitos humanos universalmente reconhecidos. O mandato do Escrit\u00f3rio inclui apoio ao trabalho dos <a href=\"https:\/\/www.ohchr.org\/SP\/HRBodies\/Pages\/HumanRightsBodies.aspx\">mecanismos internacionais de direitos humanos<\/a>.<\/p><p>O Alto Comiss\u00e1rio das Na\u00e7\u00f5es Unidas para os Direitos Humanos \u00e9 o sr.\u00a0<a href=\"https:\/\/www.ohchr.org\/es\/about-us\/high-commissioner\/volker-turk\" target=\"_blank\" rel=\"noopener\"><strong>Volker T\u00fcrk<\/strong><\/a>, da \u00c1ustria.<\/p><\/div>\n\t\t\t\t<\/div>\n\t\t\t\t<\/div>\n\t\t\t\t\t\t<\/div>\n\t\t\t<\/div>\n\t\t<\/div>\n\t\t\t\t\t\t<\/div>\n\t\t\t<\/div>\n\t\t<\/section>\n\t\t\t\t<section class=\"elementor-element elementor-element-641cf6f elementor-section-height-min-height elementor-section-items-stretch elementor-section-boxed elementor-section-height-default elementor-invisible elementor-section elementor-top-section\" data-id=\"641cf6f\" data-element_type=\"section\" data-settings=\"{&quot;background_background&quot;:&quot;classic&quot;,&quot;shape_divider_bottom&quot;:&quot;opacity-tilt&quot;,&quot;shape_divider_top&quot;:&quot;opacity-tilt&quot;,&quot;animation&quot;:&quot;fadeIn&quot;,&quot;animation_delay&quot;:100}\">\n\t\t\t\t\t\t\t<div class=\"elementor-background-overlay\"><\/div>\n\t\t\t\t\t\t<div class=\"elementor-shape elementor-shape-top\" data-negative=\"false\">\n\t\t\t<svg xmlns=\"http:\/\/www.w3.org\/2000\/svg\" viewBox=\"0 0 2600 131.1\" preserveAspectRatio=\"none\">\n\t<path class=\"elementor-shape-fill\" d=\"M0 0L2600 0 2600 69.1 0 0z\"\/>\n\t<path class=\"elementor-shape-fill\" style=\"opacity:0.5\" d=\"M0 0L2600 0 2600 69.1 0 69.1z\"\/>\n\t<path class=\"elementor-shape-fill\" style=\"opacity:0.25\" d=\"M2600 0L0 0 0 130.1 2600 69.1z\"\/>\n<\/svg>\t\t<\/div>\n\t\t\t\t<div class=\"elementor-shape elementor-shape-bottom\" data-negative=\"false\">\n\t\t\t<svg xmlns=\"http:\/\/www.w3.org\/2000\/svg\" viewBox=\"0 0 2600 131.1\" preserveAspectRatio=\"none\">\n\t<path class=\"elementor-shape-fill\" d=\"M0 0L2600 0 2600 69.1 0 0z\"\/>\n\t<path class=\"elementor-shape-fill\" style=\"opacity:0.5\" d=\"M0 0L2600 0 2600 69.1 0 69.1z\"\/>\n\t<path class=\"elementor-shape-fill\" style=\"opacity:0.25\" d=\"M2600 0L0 0 0 130.1 2600 69.1z\"\/>\n<\/svg>\t\t<\/div>\n\t\t\t\t\t<div class=\"elementor-container elementor-column-gap-default\">\n\t\t\t\t<div class=\"elementor-row\">\n\t\t\t\t<div class=\"elementor-element elementor-element-5416b9b elementor-column elementor-col-100 elementor-top-column\" data-id=\"5416b9b\" data-element_type=\"column\" data-settings=\"{&quot;background_background&quot;:&quot;classic&quot;}\">\n\t\t\t<div class=\"elementor-column-wrap  elementor-element-populated\">\n\t\t\t\t\t<div class=\"elementor-widget-wrap\">\n\t\t\t\t<div class=\"elementor-element elementor-element-cab02a4 elementor-invisible elementor-widget elementor-widget-heading\" data-id=\"cab02a4\" data-element_type=\"widget\" data-settings=\"{&quot;_animation&quot;:&quot;fadeIn&quot;}\" data-widget_type=\"heading.default\">\n\t\t\t\t<div class=\"elementor-widget-container\">\n\t\t\t<h1 class=\"elementor-heading-title elementor-size-default\">O Escrit\u00f3rio Regional<br> para a Am\u00e9rica do Sul<\/h1>\t\t<\/div>\n\t\t\t\t<\/div>\n\t\t\t\t<div class=\"elementor-element elementor-element-db0a2ed animated-slow elementor-invisible elementor-widget elementor-widget-text-editor\" data-id=\"db0a2ed\" data-element_type=\"widget\" data-settings=\"{&quot;_animation&quot;:&quot;fadeIn&quot;}\" data-widget_type=\"text-editor.default\">\n\t\t\t\t<div class=\"elementor-widget-container\">\n\t\t\t\t\t<div class=\"elementor-text-editor elementor-clearfix\"><p>Com sede em Santiago do Chile, o Escrit\u00f3rio Regional para a Am\u00e9rica do Sul do ACNUDH tem o papel de apoiar os Estados, a sociedade civil, as organiza\u00e7\u00f5es intergovernamentais e o sistema das Na\u00e7\u00f5es Unidas na promo\u00e7\u00e3o e prote\u00e7\u00e3o dos direitos humanos nos seguintes pa\u00edses da regi\u00e3o:&nbsp;<strong>Argentina, Bol\u00edvia, Brasil, Chile, Equador, Paraguai e Uruguai.<\/strong><\/p>\n<p>Para este fim, o Escrit\u00f3rio Regional do ACNUDH para a Am\u00e9rica do Sul conta com <strong>assessoras<\/strong> e assessores de direitos humanos que atuam nos Escrit\u00f3rios de Coordena\u00e7\u00e3o das Na\u00e7\u00f5es Unidas nos pa\u00edses sob seu mandato.<\/p>\n<p>O Representante Regional do ACNUDH na Am\u00e9rica do Sul \u00e9&nbsp;<a href=\"http:\/\/acnudh.org\/pt-br\/nuevo-representante-de-onu-derechos-humanos-en-america-del-sur\/\" target=\"_blank\" rel=\"noopener\"><b>Jan Jarab<\/b><\/a>.<\/p>\n<p><\/p><\/div>\n\t\t\t\t<\/div>\n\t\t\t\t<\/div>\n\t\t\t\t\t\t<\/div>\n\t\t\t<\/div>\n\t\t<\/div>\n\t\t\t\t\t\t<\/div>\n\t\t\t<\/div>\n\t\t<\/section>\n\t\t\t\t<section class=\"elementor-element elementor-element-823a36f elementor-section-height-min-height elementor-section-items-stretch elementor-section-boxed elementor-section-height-default elementor-invisible elementor-section elementor-top-section\" data-id=\"823a36f\" data-element_type=\"section\" data-settings=\"{&quot;background_background&quot;:&quot;classic&quot;,&quot;shape_divider_bottom&quot;:&quot;opacity-tilt&quot;,&quot;shape_divider_top&quot;:&quot;opacity-tilt&quot;,&quot;animation&quot;:&quot;fadeIn&quot;,&quot;animation_delay&quot;:100}\">\n\t\t\t\t\t<div class=\"elementor-shape elementor-shape-top\" data-negative=\"false\">\n\t\t\t<svg xmlns=\"http:\/\/www.w3.org\/2000\/svg\" viewBox=\"0 0 2600 131.1\" preserveAspectRatio=\"none\">\n\t<path class=\"elementor-shape-fill\" d=\"M0 0L2600 0 2600 69.1 0 0z\"\/>\n\t<path class=\"elementor-shape-fill\" style=\"opacity:0.5\" d=\"M0 0L2600 0 2600 69.1 0 69.1z\"\/>\n\t<path class=\"elementor-shape-fill\" style=\"opacity:0.25\" d=\"M2600 0L0 0 0 130.1 2600 69.1z\"\/>\n<\/svg>\t\t<\/div>\n\t\t\t\t<div class=\"elementor-shape elementor-shape-bottom\" data-negative=\"false\">\n\t\t\t<svg xmlns=\"http:\/\/www.w3.org\/2000\/svg\" viewBox=\"0 0 2600 131.1\" preserveAspectRatio=\"none\">\n\t<path class=\"elementor-shape-fill\" d=\"M0 0L2600 0 2600 69.1 0 0z\"\/>\n\t<path class=\"elementor-shape-fill\" style=\"opacity:0.5\" d=\"M0 0L2600 0 2600 69.1 0 69.1z\"\/>\n\t<path class=\"elementor-shape-fill\" style=\"opacity:0.25\" d=\"M2600 0L0 0 0 130.1 2600 69.1z\"\/>\n<\/svg>\t\t<\/div>\n\t\t\t\t\t<div class=\"elementor-container elementor-column-gap-default\">\n\t\t\t\t<div class=\"elementor-row\">\n\t\t\t\t<div class=\"elementor-element elementor-element-475ba32 elementor-column elementor-col-100 elementor-top-column\" data-id=\"475ba32\" data-element_type=\"column\" data-settings=\"{&quot;background_background&quot;:&quot;classic&quot;,&quot;background_motion_fx_motion_fx_scrolling&quot;:&quot;yes&quot;,&quot;background_motion_fx_opacity_effect&quot;:&quot;yes&quot;,&quot;background_motion_fx_opacity_range&quot;:{&quot;unit&quot;:&quot;%&quot;,&quot;size&quot;:&quot;&quot;,&quot;sizes&quot;:{&quot;start&quot;:30,&quot;end&quot;:45}},&quot;background_motion_fx_opacity_direction&quot;:&quot;out-in&quot;,&quot;background_motion_fx_opacity_level&quot;:{&quot;unit&quot;:&quot;px&quot;,&quot;size&quot;:10,&quot;sizes&quot;:[]},&quot;background_motion_fx_devices&quot;:[&quot;desktop&quot;,&quot;tablet&quot;,&quot;mobile&quot;]}\">\n\t\t\t<div class=\"elementor-column-wrap  elementor-element-populated\">\n\t\t\t\t\t<div class=\"elementor-widget-wrap\">\n\t\t\t\t<div class=\"elementor-element elementor-element-684a475 elementor-invisible elementor-widget elementor-widget-heading\" data-id=\"684a475\" data-element_type=\"widget\" data-settings=\"{&quot;_animation&quot;:&quot;fadeIn&quot;}\" data-widget_type=\"heading.default\">\n\t\t\t\t<div class=\"elementor-widget-container\">\n\t\t\t<h1 class=\"elementor-heading-title elementor-size-default\">O nosso Trabalho<\/h1>\t\t<\/div>\n\t\t\t\t<\/div>\n\t\t\t\t<section class=\"elementor-element elementor-element-88c8e8d elementor-section-content-middle elementor-section-boxed elementor-section-height-default elementor-section-height-default elementor-section elementor-inner-section\" data-id=\"88c8e8d\" data-element_type=\"section\">\n\t\t\t\t\t\t<div class=\"elementor-container elementor-column-gap-default\">\n\t\t\t\t<div class=\"elementor-row\">\n\t\t\t\t<div class=\"elementor-element elementor-element-8ca40f7 elementor-column elementor-col-50 elementor-inner-column\" data-id=\"8ca40f7\" data-element_type=\"column\">\n\t\t\t<div class=\"elementor-column-wrap  elementor-element-populated\">\n\t\t\t\t\t<div class=\"elementor-widget-wrap\">\n\t\t\t\t<div class=\"elementor-element elementor-element-93ba8dc animated-slow elementor-invisible elementor-widget elementor-widget-text-editor\" data-id=\"93ba8dc\" data-element_type=\"widget\" data-settings=\"{&quot;_animation&quot;:&quot;fadeIn&quot;}\" data-widget_type=\"text-editor.default\">\n\t\t\t\t<div class=\"elementor-widget-container\">\n\t\t\t\t\t<div class=\"elementor-text-editor elementor-clearfix\"><p>O ACNUDH <a href=\"https:\/\/www.ohchr.org\/SP\/AboutUs\/Pages\/WhatWeDo.aspx\">presta assist\u00eancia t\u00e9cnica<\/a> e dialoga com governos e os outros poderes do Estado, institui\u00e7\u00f5es nacionais de direitos humanos, organiza\u00e7\u00f5es da sociedade civil e com as ag\u00eancias, fundos e programas do Sistema das Na\u00e7\u00f5es Unidas.<\/p>\n<p>Apoiamos o trabalho dos mecanismos de direitos humanos da Organiza\u00e7\u00e3o das Na\u00e7\u00f5es Unidas (ONU), que monitoram e cooperam com o cumprimento das obriga\u00e7\u00f5es e compromissos aceitos pelos Estados membros, derivados tanto da Carta das Na\u00e7\u00f5es Unidas como dos tratados e outros instrumentos internacionais de direitos humanos.<\/p>\n<p>Tamb\u00e9m promovemos o direito ao desenvolvimento e a abordagem de direitos humanos em programas de desenvolvimento sustent\u00e1vel, principalmente no cumprimento de normas de direitos humanos universalmente reconhecidas no contexto da Agenda 2030 e seus Objetivos de Desenvolvimento Sustent\u00e1vel (ODS).<\/p>\n<p>Saiba mais sobre o <a href=\"https:\/\/www.ohchr.org\/SP\/AboutUs\/Pages\/WhoWeAre.aspx\">mandato global do OHCHR.<\/a><\/p>\n<\/div>\n\t\t\t\t<\/div>\n\t\t\t\t<\/div>\n\t\t\t\t\t\t<\/div>\n\t\t\t<\/div>\n\t\t<\/div>\n\t\t\t\t<div class=\"elementor-element elementor-element-c44e78f elementor-invisible elementor-column elementor-col-50 elementor-inner-column\" data-id=\"c44e78f\" data-element_type=\"column\" data-settings=\"{&quot;animation&quot;:&quot;fadeIn&quot;}\">\n\t\t\t<div class=\"elementor-column-wrap  elementor-element-populated\">\n\t\t\t\t\t<div class=\"elementor-widget-wrap\">\n\t\t\t\t<div class=\"elementor-element elementor-element-96605ff elementor-widget elementor-widget-heading\" data-id=\"96605ff\" data-element_type=\"widget\" data-widget_type=\"heading.default\">\n\t\t\t\t<div class=\"elementor-widget-container\">\n\t\t\t<h2 class=\"elementor-heading-title elementor-size-default\">Gest\u00e3o estrat\u00e9gica<\/h2>\t\t<\/div>\n\t\t\t\t<\/div>\n\t\t\t\t<div class=\"elementor-element elementor-element-162b4b3 elementor-widget elementor-widget-text-editor\" data-id=\"162b4b3\" data-element_type=\"widget\" data-widget_type=\"text-editor.default\">\n\t\t\t\t<div class=\"elementor-widget-container\">\n\t\t\t\t\t<div class=\"elementor-text-editor elementor-clearfix\"><p>O Escrit\u00f3rio Regional para a Am\u00e9rica do Sul definiu seu programa estrat\u00e9gico para 2018-2023 com foco nas seguintes \u00e1reas tem\u00e1ticas:<\/p><ul><li>Estado de direito e mecanismos de presta\u00e7\u00e3o de contas por viola\u00e7\u00f5es dos direitos humanos;<\/li><li>espa\u00e7o c\u00edvico e participa\u00e7\u00e3o no \u00e2mbito da defesa dos direitos humanos;<\/li><li>desenvolvimento sustent\u00e1vel com uma abordagem de direitos humanos;<\/li><li>igualdade e n\u00e3o discrimina\u00e7\u00e3o;<\/li><li>uso de mecanismos regionais e internacionais de direitos humanos.<\/li><\/ul><p><a href=\"https:\/\/www.ohchr.org\/Documents\/Publications\/OHCHRManagementPlan2018-2021_SP.pdf\">Conhe\u00e7a o plano geral de gest\u00e3o do ACNUDH para 2018-2023<\/a><\/p><\/div>\n\t\t\t\t<\/div>\n\t\t\t\t<\/div>\n\t\t\t\t\t\t<\/div>\n\t\t\t<\/div>\n\t\t<\/div>\n\t\t\t\t\t\t<\/div>\n\t\t\t<\/div>\n\t\t<\/section>\n\t\t\t\t\t\t<\/div>\n\t\t\t<\/div>\n\t\t<\/div>\n\t\t\t\t\t\t<\/div>\n\t\t\t<\/div>\n\t\t<\/section>\n\t\t\t\t\t\t<\/div>\n\t\t\t<\/div>\n\t\t<\/div>\n\t\t","protected":false},"excerpt":{"rendered":"<p>Escrit\u00f3rio do Alto Comissariado para os Direitos Humanos O Escrit\u00f3rio do Alto Comissariado das Na\u00e7\u00f5es Unidas para os Direitos Humanos (ACNUDH) faz parte do Secretariado das Na\u00e7\u00f5es Unidas e lidera os esfor\u00e7os da organiza\u00e7\u00e3o para promover e proteger os direitos humanos em todo o mundo. \u00c9 chefiado pela figura do Alto Comiss\u00e1rio, principal funcion\u00e1rio das [&hellip;]<\/p>\n","protected":false},"author":1,"featured_media":0,"parent":0,"menu_order":0,"comment_status":"closed","ping_status":"closed","template":"","meta":{"_uag_custom_page_level_css":"","site-sidebar-layout":"no-sidebar","site-content-layout":"page-builder","ast-site-content-layout":"full-width-container","site-content-style":"unboxed","site-sidebar-style":"unboxed","ast-global-header-display":"","ast-banner-title-visibility":"","ast-main-header-display":"","ast-hfb-above-header-display":"","ast-hfb-below-header-display":"","ast-hfb-mobile-header-display":"","site-post-title":"disabled","ast-breadcrumbs-content":"","ast-featured-img":"disabled","footer-sml-layout":"","theme-transparent-header-meta":"default","adv-header-id-meta":"","stick-header-meta":"default","header-above-stick-meta":"","header-main-stick-meta":"","header-below-stick-meta":"","astra-migrate-meta-layouts":"set","ast-page-background-enabled":"default","ast-page-background-meta":{"desktop":{"background-color":"","background-image":"","background-repeat":"repeat","background-position":"center center","background-size":"auto","background-attachment":"scroll","background-type":"","background-media":"","overlay-type":"","overlay-color":"","overlay-opacity":"","overlay-gradient":""},"tablet":{"background-color":"","background-image":"","background-repeat":"repeat","background-position":"center center","background-size":"auto","background-attachment":"scroll","background-type":"","background-media":"","overlay-type":"","overlay-color":"","overlay-opacity":"","overlay-gradient":""},"mobile":{"background-color":"","background-image":"","background-repeat":"repeat","background-position":"center center","background-size":"auto","background-attachment":"scroll","background-type":"","background-media":"","overlay-type":"","overlay-color":"","overlay-opacity":"","overlay-gradient":""}},"ast-content-background-meta":{"desktop":{"background-color":"var(--ast-global-color-5)","background-image":"","background-repeat":"repeat","background-position":"center center","background-size":"auto","background-attachment":"scroll","background-type":"","background-media":"","overlay-type":"","overlay-color":"","overlay-opacity":"","overlay-gradient":""},"tablet":{"background-color":"var(--ast-global-color-5)","background-image":"","background-repeat":"repeat","background-position":"center center","background-size":"auto","background-attachment":"scroll","background-type":"","background-media":"","overlay-type":"","overlay-color":"","overlay-opacity":"","overlay-gradient":""},"mobile":{"background-color":"var(--ast-global-color-5)","background-image":"","background-repeat":"repeat","background-position":"center center","background-size":"auto","background-attachment":"scroll","background-type":"","background-media":"","overlay-type":"","overlay-color":"","overlay-opacity":"","overlay-gradient":""}},"footnotes":""},"class_list":["post-49579","page","type-page","status-publish","hentry"],"uagb_featured_image_src":{"full":false,"thumbnail":false,"medium":false,"medium_large":false,"large":false,"1536x1536":false,"2048x2048":false},"uagb_author_info":{"display_name":"acnudh","author_link":"https:\/\/acnudh.org\/pt-br\/author\/acnudh\/"},"uagb_comment_info":0,"uagb_excerpt":"Escrit\u00f3rio do Alto Comissariado para os Direitos Humanos O Escrit\u00f3rio do Alto Comissariado das Na\u00e7\u00f5es Unidas para os Direitos Humanos (ACNUDH) faz parte do Secretariado das Na\u00e7\u00f5es Unidas e lidera os esfor\u00e7os da organiza\u00e7\u00e3o para promover e proteger os direitos humanos em todo o mundo. \u00c9 chefiado pela figura do Alto Comiss\u00e1rio, principal funcion\u00e1rio das&hellip;","_links":{"self":[{"href":"https:\/\/acnudh.org\/pt-br\/wp-json\/wp\/v2\/pages\/49579","targetHints":{"allow":["GET"]}}],"collection":[{"href":"https:\/\/acnudh.org\/pt-br\/wp-json\/wp\/v2\/pages"}],"about":[{"href":"https:\/\/acnudh.org\/pt-br\/wp-json\/wp\/v2\/types\/page"}],"author":[{"embeddable":true,"href":"https:\/\/acnudh.org\/pt-br\/wp-json\/wp\/v2\/users\/1"}],"replies":[{"embeddable":true,"href":"https:\/\/acnudh.org\/pt-br\/wp-json\/wp\/v2\/comments?post=49579"}],"version-history":[{"count":10,"href":"https:\/\/acnudh.org\/pt-br\/wp-json\/wp\/v2\/pages\/49579\/revisions"}],"predecessor-version":[{"id":73022,"href":"https:\/\/acnudh.org\/pt-br\/wp-json\/wp\/v2\/pages\/49579\/revisions\/73022"}],"wp:attachment":[{"href":"https:\/\/acnudh.org\/pt-br\/wp-json\/wp\/v2\/media?parent=49579"}],"curies":[{"name":"wp","href":"https:\/\/api.w.org\/{rel}","templated":true}]}}